{"id":4,"date":"2015-04-23T08:32:34","date_gmt":"2015-04-23T11:32:34","guid":{"rendered":"https:\/\/wp.ufpel.edu.br\/fentransporte\/?page_id=4"},"modified":"2020-07-17T19:04:43","modified_gmt":"2020-07-17T22:04:43","slug":"gdispen-2","status":"publish","type":"page","link":"https:\/\/wp.ufpel.edu.br\/fentransporte\/gdispen-2\/","title":{"rendered":"GDISPEN"},"content":{"rendered":"<p><strong>Grupo de Dispers\u00e3o de Poluentes &amp; Engenharia Nuclear (GDISPEN)\u00a0<\/strong><\/p>\n<p style=\"text-align: justify\">Este grupo de pesquisa faz parte da linha de pesquisa de Fen\u00f4menos de Transporte, do Programa de P\u00f3s-Gradua\u00e7\u00e3o em Modelagem Matem\u00e1tica da UFPel. Esta linha \u00e9 voltada ao tratamento de problemas de transporte e difus\u00e3o, onde se destacam a abordagem \u00e0 problemas diretos e inversos, problemas multidimensionais, lineares e n\u00e3o lineares, estacion\u00e1rios e dependentes do tempo. Nesta linha temos a consolida\u00e7\u00e3o e constru\u00e7\u00e3o de ferramentas de simula\u00e7\u00e3o computacional baseadas em metodologias h\u00edbridas num\u00e9rico-anal\u00edticas para problemas aplicados \u00e0s ci\u00eancias exatas e da terra e engenharias.\u00a0 Como exemplos podemos citar: No t\u00f3pico de fen\u00f4menos de transporte,\u00a0 s\u00e3o desenvolvidas metodologias para o tratamento de problemas associados a equa\u00e7\u00e3o de transporte de part\u00edculas em diferentes aplica\u00e7\u00f5es tais como f\u00edsica de reatores e transfer\u00eancia radiativa. Em problemas difusivos destacam-se os problemas de simula\u00e7\u00e3o da dispers\u00e3o de poluentes na camada limite atmosf\u00e9rica bem como em rios e canais,\u00a0 e meios porosos, utilizando abordagens com representa\u00e7\u00e3o anal\u00edtica. Em transfer\u00eancia de calor e massa, s\u00e3o de interesse problemas relacionados ao aquecimento de fachadas em pr\u00e9dios, bem como o conforto t\u00e9rmico de ambientes. Em modelagem num\u00e9rica de processos atmosf\u00e9ricos s\u00e3o inclu\u00eddos problemas de previs\u00e3o do tempo e monitoramento do meio ambiental. Tais estudos s\u00e3o relacionados com o desenvolvimento de modelos f\u00edsicos, constru\u00e7\u00e3o da condi\u00e7\u00e3o inicial (assimila\u00e7\u00e3o de dados e inicializa\u00e7\u00e3o), investiga\u00e7\u00e3o de propriedades matem\u00e1ticas destes modelos, tratamento estat\u00edstico e din\u00e2mico de dados de observa\u00e7\u00f5es atrav\u00e9s de t\u00e9cnicas convencionais e de intelig\u00eancia artificial, tal como redes neurais. Em cin\u00e9tica qu\u00edmica,\u00a0 \u00e9 utilizado uma an\u00e1lise assint\u00f3tica para verifica\u00e7\u00e3o de mecanismos reduzidos de rea\u00e7\u00f5es qu\u00edmicas para a combust\u00e3o de biocombust\u00edveis. Na modelagem de epidemias, os modelos da literatura s\u00e3o aplicados para o controle de sistemas populacionais e na epidemiologia.<\/p>\n<p>&nbsp;<\/p>\n","protected":false},"excerpt":{"rendered":"<p>Grupo de Dispers\u00e3o de Poluentes &amp; Engenharia Nuclear (GDISPEN)\u00a0 Este grupo de pesquisa faz parte da linha de pesquisa de Fen\u00f4menos de Transporte, do Programa de P\u00f3s-Gradua\u00e7\u00e3o em Modelagem Matem\u00e1tica da UFPel. Esta linha \u00e9 voltada ao tratamento de problemas de transporte e difus\u00e3o, onde se destacam a abordagem \u00e0 problemas diretos e inversos, problemas &hellip; <\/p>\n<p><a class=\"more-link btn\" href=\"https:\/\/wp.ufpel.edu.br\/fentransporte\/gdispen-2\/\">Continue lendo<\/a><\/p>\n","protected":false},"author":516,"featured_media":0,"parent":0,"menu_order":0,"comment_status":"closed","ping_status":"closed","template":"","meta":{"footnotes":""},"class_list":["post-4","page","type-page","status-publish","hentry","nodate","item-wrap"],"jetpack_sharing_enabled":true,"_links":{"self":[{"href":"https:\/\/wp.ufpel.edu.br\/fentransporte\/wp-json\/wp\/v2\/pages\/4","targetHints":{"allow":["GET"]}}],"collection":[{"href":"https:\/\/wp.ufpel.edu.br\/fentransporte\/wp-json\/wp\/v2\/pages"}],"about":[{"href":"https:\/\/wp.ufpel.edu.br\/fentransporte\/wp-json\/wp\/v2\/types\/page"}],"author":[{"embeddable":true,"href":"https:\/\/wp.ufpel.edu.br\/fentransporte\/wp-json\/wp\/v2\/users\/516"}],"replies":[{"embeddable":true,"href":"https:\/\/wp.ufpel.edu.br\/fentransporte\/wp-json\/wp\/v2\/comments?post=4"}],"version-history":[{"count":16,"href":"https:\/\/wp.ufpel.edu.br\/fentransporte\/wp-json\/wp\/v2\/pages\/4\/revisions"}],"predecessor-version":[{"id":914,"href":"https:\/\/wp.ufpel.edu.br\/fentransporte\/wp-json\/wp\/v2\/pages\/4\/revisions\/914"}],"wp:attachment":[{"href":"https:\/\/wp.ufpel.edu.br\/fentransporte\/wp-json\/wp\/v2\/media?parent=4"}],"curies":[{"name":"wp","href":"https:\/\/api.w.org\/{rel}","templated":true}]}}