{"id":2469,"date":"2023-11-28T23:16:26","date_gmt":"2023-11-29T02:16:26","guid":{"rendered":"https:\/\/wp.ufpel.edu.br\/fentransporte\/?page_id=2469"},"modified":"2023-11-28T23:26:46","modified_gmt":"2023-11-29T02:26:46","slug":"na-midia-comite-covid-ufpel","status":"publish","type":"page","link":"https:\/\/wp.ufpel.edu.br\/fentransporte\/na-midia-comite-covid-ufpel\/","title":{"rendered":"Na m\u00eddia &#8211; notas t\u00e9cnicas"},"content":{"rendered":"<p>Como uma forma de manter o registro hist\u00f3rico das publica\u00e7\u00f5es da qual o GDISPEN participou enquanto integrante do Comit\u00ea COVID UFPel sobre a pandemia de COVID-19, seguem abaixo os links das atualiza\u00e7\u00f5es publicadas nos meios de comunica\u00e7\u00e3o (externos a esta p\u00e1gina).<\/p>\n<p>&nbsp;<\/p>\n<p>NOTAS T\u00c9CNICAS \u2013 COMIT\u00ca CIENT\u00cdFICO<\/p>\n<p>&nbsp;<\/p>\n<p>NOTAS T\u00c9CNICAS DO GDISPEN:<\/p>\n<ol>\n<li>19 DE DEZEMBRO DE 2022: <a href=\"https:\/\/wp.ufpel.edu.br\/fentransporte\/2022\/12\/19\/1000-dias-de-covid-19-em-pelotas-rs\/\">https:\/\/wp.ufpel.edu.br\/fentransporte\/2022\/12\/19\/1000-dias-de-covid-19-em-pelotas-rs\/<\/a><\/li>\n<\/ol>\n<p>2. 09 DE ABRIL DE 2021: <a href=\"https:\/\/ccs2.ufpel.edu.br\/wp\/2021\/04\/09\/covid-grupo-da-ufpel-apresenta-projecoes-de-obitos\/\">https:\/\/ccs2.ufpel.edu.br\/wp\/2021\/04\/09\/covid-grupo-da-ufpel-apresenta-projecoes-de-obitos\/<\/a><\/p>\n<p>3. 01 DE ABRIL DE 2021: <a href=\"https:\/\/ccs2.ufpel.edu.br\/wp\/2021\/04\/01\/grupo-da-ufpel-apresenta-analise-da-pandemia-em-pelotas\/\">https:\/\/ccs2.ufpel.edu.br\/wp\/2021\/04\/01\/grupo-da-ufpel-apresenta-analise-da-pandemia-em-pelotas\/<\/a><\/p>\n<p>4. 11 DE MAR\u00c7O DE 2021: <a href=\"https:\/\/ccs2.ufpel.edu.br\/wp\/2021\/03\/11\/covid-19-grupo-de-pesquisa-da-ufpel-analisa-dados-da-ultima-semana-em-pelotas\/\">https:\/\/ccs2.ufpel.edu.br\/wp\/2021\/03\/11\/covid-19-grupo-de-pesquisa-da-ufpel-analisa-dados-da-ultima-semana-em-pelotas\/<\/a><\/p>\n<p>5. 12 DE JANEIRO DE 2021: <a href=\"https:\/\/ccs2.ufpel.edu.br\/wp\/2021\/01\/12\/pelotas-supera-a-marca-de-300-obitos-por-covid-19\/\">https:\/\/ccs2.ufpel.edu.br\/wp\/2021\/01\/12\/pelotas-supera-a-marca-de-300-obitos-por-covid-19\/<\/a><\/p>\n<p>6. 05 DE JANEIRO DE 2021: <a href=\"https:\/\/ccs2.ufpel.edu.br\/wp\/2021\/01\/05\/pesquisa-analisa-covid-em-pelotas-nos-ultimos-65-dias\/\">https:\/\/ccs2.ufpel.edu.br\/wp\/2021\/01\/05\/pesquisa-analisa-covid-em-pelotas-nos-ultimos-65-dias\/<\/a><\/p>\n<p>7. 22 DE DEZEMBRO DE 2020: <a href=\"https:\/\/ccs2.ufpel.edu.br\/wp\/2020\/12\/22\/evolucao-da-covid-19-nos-ultimos-45-dias-na-cidade-de-pelotas\/\">https:\/\/ccs2.ufpel.edu.br\/wp\/2020\/12\/22\/evolucao-da-covid-19-nos-ultimos-45-dias-na-cidade-de-pelotas\/<\/a><\/p>\n<p>8. 11 DE DEZEMBRO DE 2020: <a href=\"https:\/\/ccs2.ufpel.edu.br\/wp\/2020\/12\/11\/pelotas-supera-a-marca-de-200-obitos-por-covid-19\/\">https:\/\/ccs2.ufpel.edu.br\/wp\/2020\/12\/11\/pelotas-supera-a-marca-de-200-obitos-por-covid-19\/<\/a><\/p>\n<p>9. 01 DE DEZEMBRO DE 2020: <a href=\"https:\/\/ccs2.ufpel.edu.br\/wp\/2020\/12\/01\/uma-analise-dos-8-meses-da-covid-19-em-pelotas\/\">https:\/\/ccs2.ufpel.edu.br\/wp\/2020\/12\/01\/uma-analise-dos-8-meses-da-covid-19-em-pelotas\/<\/a><\/p>\n<p>&nbsp;<\/p>\n<p>NOTAS T\u00c9CNICAS DO COMIT\u00ca COVID UFPEL:<\/p>\n<ol>\n<li>31 de maio de 2022: <a href=\"https:\/\/ccs2.ufpel.edu.br\/wp\/2022\/05\/31\/nota-tecnica-do-comite-covid-alerta-para-piora-do-quadro-sanitario-no-municipio\/\">https:\/\/ccs2.ufpel.edu.br\/wp\/2022\/05\/31\/nota-tecnica-do-comite-covid-alerta-para-piora-do-quadro-sanitario-no-municipio\/<\/a><\/li>\n<li>06 de maio de 2022: <a href=\"https:\/\/ccs2.ufpel.edu.br\/wp\/2022\/05\/06\/comite-covid-19-ufpel-alerta-para-retorno-de-alta-transmissibilidade-em-pelotas\/\">https:\/\/ccs2.ufpel.edu.br\/wp\/2022\/05\/06\/comite-covid-19-ufpel-alerta-para-retorno-de-alta-transmissibilidade-em-pelotas\/<\/a><\/li>\n<li>28 de abril de 2022: <a href=\"https:\/\/ccs2.ufpel.edu.br\/wp\/2022\/04\/28\/nota-tecnica-do-comite-ufpel-covid-19-sinaliza-melhora-do-cenario-da-epidemia-em-pelotas\/\">https:\/\/ccs2.ufpel.edu.br\/wp\/2022\/04\/28\/nota-tecnica-do-comite-ufpel-covid-19-sinaliza-melhora-do-cenario-da-epidemia-em-pelotas\/<\/a><\/li>\n<li>09 de mar\u00e7o 2022: <a style=\"background-color: #ffffff;\" href=\"https:\/\/ccs2.ufpel.edu.br\/wp\/2022\/03\/09\/nota-tecnica-do-comite-covid-aborda-melhora-do-quadro-sanitario-e-manutencao-de-medidas-preventivas\/\">https:\/\/ccs2.ufpel.edu.br\/wp\/2022\/03\/09\/nota-tecnica-do-comite-covid-aborda-melhora-do-quadro-sanitario-e-manutencao-de-medidas-preventivas\/<\/a><\/li>\n<li>26 de janeiro 2022: <a href=\"https:\/\/ccs2.ufpel.edu.br\/wp\/2022\/01\/26\/nota-tecnica-do-comite-covid-aumento-do-numero-de-casos-pressiona-o-sistema-de-saude\/\">https:\/\/ccs2.ufpel.edu.br\/wp\/2022\/01\/26\/nota-tecnica-do-comite-covid-aumento-do-numero-de-casos-pressiona-o-sistema-de-saude\/<\/a><\/li>\n<li>29 de novembro de 2021: <a href=\"https:\/\/ccs2.ufpel.edu.br\/wp\/2021\/11\/29\/comite-covid-lanca-nota-tecnica-sobre-melhora-no-cenario-e-traz-informacoes-sobre-a-variante-omicron\/\">https:\/\/ccs2.ufpel.edu.br\/wp\/2021\/11\/29\/comite-covid-lanca-nota-tecnica-sobre-melhora-no-cenario-e-traz-informacoes-sobre-a-variante-omicron\/<\/a><\/li>\n<li>19 novembro 2021: <a href=\"https:\/\/ccs2.ufpel.edu.br\/wp\/2021\/11\/19\/comite-covid-19-publica-nota-tecnica-e-alerta-a-pandemia-nao-acabou\/\">https:\/\/ccs2.ufpel.edu.br\/wp\/2021\/11\/19\/comite-covid-19-publica-nota-tecnica-e-alerta-a-pandemia-nao-acabou\/<\/a><\/li>\n<li>26 de outubro de 2021: <a href=\"https:\/\/ccs2.ufpel.edu.br\/wp\/2021\/10\/26\/comite-covid-19-alerta-para-mudanca-de-cenario-da-pandemia-em-pelotas\/\">https:\/\/ccs2.ufpel.edu.br\/wp\/2021\/10\/26\/comite-covid-19-alerta-para-mudanca-de-cenario-da-pandemia-em-pelotas\/<\/a><\/li>\n<li>01 de outubro de 2021: <a href=\"https:\/\/ccs2.ufpel.edu.br\/wp\/2021\/10\/01\/comite-ufpel-covid-19-lanca-nota-tecnica-2\/\">https:\/\/ccs2.ufpel.edu.br\/wp\/2021\/10\/01\/comite-ufpel-covid-19-lanca-nota-tecnica-2\/<\/a><\/li>\n<li>21 de setembro de 2021: <a href=\"https:\/\/ccs2.ufpel.edu.br\/wp\/2021\/09\/21\/covid-19-nota-tecnica-aponta-estabilizacao-de-casos-apos-queda\/\">https:\/\/ccs2.ufpel.edu.br\/wp\/2021\/09\/21\/covid-19-nota-tecnica-aponta-estabilizacao-de-casos-apos-queda\/<\/a><\/li>\n<li>20 de agosto de 2021: <a href=\"https:\/\/ccs2.ufpel.edu.br\/wp\/2021\/08\/20\/comite-ufpel-covid-19-lanca-nota-tecnica\/\">https:\/\/ccs2.ufpel.edu.br\/wp\/2021\/08\/20\/comite-ufpel-covid-19-lanca-nota-tecnica\/<\/a><\/li>\n<li>30 de julho de 2021: <a href=\"https:\/\/ccs2.ufpel.edu.br\/wp\/2021\/07\/30\/comite-ufpel-covid-19-lanca-nota-tecnica-sobre-o-cenario-da-covid-19-em-pelotas\/\">https:\/\/ccs2.ufpel.edu.br\/wp\/2021\/07\/30\/comite-ufpel-covid-19-lanca-nota-tecnica-sobre-o-cenario-da-covid-19-em-pelotas\/<\/a><\/li>\n<li>15 de julho de 2021: <a href=\"https:\/\/ccs2.ufpel.edu.br\/wp\/2021\/07\/15\/comite-ufpel-covid-19-lanca-nota-tecnica-alertando-para-a-interrupcao-da-reducao-de-casos\/\">https:\/\/ccs2.ufpel.edu.br\/wp\/2021\/07\/15\/comite-ufpel-covid-19-lanca-nota-tecnica-alertando-para-a-interrupcao-da-reducao-de-casos\/<\/a><\/li>\n<li>07 de julho de 2021: <a href=\"https:\/\/ccs2.ufpel.edu.br\/wp\/2021\/07\/07\/comite-lanca-nota-tecnica-sobre-o-cenario-da-epidemia-em-pelotas\/\">https:\/\/ccs2.ufpel.edu.br\/wp\/2021\/07\/07\/comite-lanca-nota-tecnica-sobre-o-cenario-da-epidemia-em-pelotas\/<\/a><\/li>\n<li>01 de julho de 2021: <a href=\"https:\/\/ccs2.ufpel.edu.br\/wp\/2021\/07\/01\/comite-ufpel-covid-19-lanca-nota-tecnica-sobre-o-cenario-da-epidemia-em-pelotas\/\">https:\/\/ccs2.ufpel.edu.br\/wp\/2021\/07\/01\/comite-ufpel-covid-19-lanca-nota-tecnica-sobre-o-cenario-da-epidemia-em-pelotas\/<\/a><\/li>\n<li>17 de junho de 2021: <a href=\"https:\/\/ccs2.ufpel.edu.br\/wp\/2021\/06\/17\/comite-covid-19-emite-nota-tecnica-sobre-o-cenario-da-covid-19-em-pelotas\/\">https:\/\/ccs2.ufpel.edu.br\/wp\/2021\/06\/17\/comite-covid-19-emite-nota-tecnica-sobre-o-cenario-da-covid-19-em-pelotas\/<\/a><\/li>\n<li>07 de junho de 2021: <a href=\"https:\/\/ccs2.ufpel.edu.br\/wp\/2021\/06\/07\/comite-covid-19-emite-nota-tecnica-sobre-efeito-do-lockdown-no-combate-a-epidemia\/\">https:\/\/ccs2.ufpel.edu.br\/wp\/2021\/06\/07\/comite-covid-19-emite-nota-tecnica-sobre-efeito-do-lockdown-no-combate-a-epidemia\/<\/a><\/li>\n<li>31 de maio de 2021: <a href=\"https:\/\/ccs2.ufpel.edu.br\/wp\/2021\/05\/31\/comite-covid-ufpel-emite-nota-tecnica-sobre-medidas-contra-pandemia\/\">https:\/\/ccs2.ufpel.edu.br\/wp\/2021\/05\/31\/comite-covid-ufpel-emite-nota-tecnica-sobre-medidas-contra-pandemia\/<\/a><\/li>\n<li>26 de maio de 2021: <a href=\"https:\/\/ccs2.ufpel.edu.br\/wp\/2021\/05\/26\/comite-covid-19-lanca-nota-tecnica\/\">https:\/\/ccs2.ufpel.edu.br\/wp\/2021\/05\/26\/comite-covid-19-lanca-nota-tecnica\/<\/a><\/li>\n<li>06 de maio de 2021: <a href=\"https:\/\/ccs2.ufpel.edu.br\/wp\/2021\/05\/06\/comite-covid-19-lanca-nota-tecnica-sobre-o-cenario-da-doenca-em-pelotas\/\">https:\/\/ccs2.ufpel.edu.br\/wp\/2021\/05\/06\/comite-covid-19-lanca-nota-tecnica-sobre-o-cenario-da-doenca-em-pelotas\/<\/a><\/li>\n<li>28 de abril de 2021: <a href=\"https:\/\/ccs2.ufpel.edu.br\/wp\/2021\/04\/28\/comite-covid-posiciona-se-contra-volta-as-aulas\/\">https:\/\/ccs2.ufpel.edu.br\/wp\/2021\/04\/28\/comite-covid-posiciona-se-contra-volta-as-aulas\/<\/a><\/li>\n<li>14 de abril de 2021: <a href=\"https:\/\/ccs2.ufpel.edu.br\/wp\/2021\/04\/14\/comite-covid-19-volta-da-cogestao-apresenta-perigo-para-contagio\/\">https:\/\/ccs2.ufpel.edu.br\/wp\/2021\/04\/14\/comite-covid-19-volta-da-cogestao-apresenta-perigo-para-contagio\/<\/a><\/li>\n<li>07 de abril de 2021: <a href=\"https:\/\/ccs2.ufpel.edu.br\/wp\/2021\/04\/07\/comite-ufpel-covid-alerta-para-riscos-da-flexibilizacao-precoce-do-distanciamento\/\">https:\/\/ccs2.ufpel.edu.br\/wp\/2021\/04\/07\/comite-ufpel-covid-alerta-para-riscos-da-flexibilizacao-precoce-do-distanciamento\/<\/a><\/li>\n<li>01 de abril de 2021: <a href=\"https:\/\/ccs2.ufpel.edu.br\/wp\/2021\/04\/01\/comite-covid-da-ufpel-alerta-para-necessidade-de-lockdown\/\">https:\/\/ccs2.ufpel.edu.br\/wp\/2021\/04\/01\/comite-covid-da-ufpel-alerta-para-necessidade-de-lockdown\/<\/a><\/li>\n<li>25 de mar\u00e7o de 2021: <a href=\"https:\/\/ccs2.ufpel.edu.br\/wp\/2021\/03\/25\/comite-ufpel-covid-posiciona-se-contra-a-flexibilizacao-de-restricoes\/\">https:\/\/ccs2.ufpel.edu.br\/wp\/2021\/03\/25\/comite-ufpel-covid-posiciona-se-contra-a-flexibilizacao-de-restricoes\/<\/a><\/li>\n<li>18 de mar\u00e7o de 2021: <a href=\"https:\/\/ccs2.ufpel.edu.br\/wp\/2021\/03\/18\/comite-covid-ufpel-alerta-para-aumento-de-casos-internacoes-e-obitos\/\">https:\/\/ccs2.ufpel.edu.br\/wp\/2021\/03\/18\/comite-covid-ufpel-alerta-para-aumento-de-casos-internacoes-e-obitos\/<\/a><\/li>\n<li>15 de mar\u00e7o de 2021: <a href=\"https:\/\/ccs2.ufpel.edu.br\/wp\/2021\/03\/15\/comite-covid-19-lanca-nota-tecnica-sobre-reforco-as-medidas-restritivas\/\">https:\/\/ccs2.ufpel.edu.br\/wp\/2021\/03\/15\/comite-covid-19-lanca-nota-tecnica-sobre-reforco-as-medidas-restritivas\/<\/a><\/li>\n<li>04 de mar\u00e7o de 2021: <a href=\"https:\/\/ccs2.ufpel.edu.br\/wp\/2021\/03\/04\/comite-da-ufpel-alerta-para-possivel-descontrole-da-covid\/\">https:\/\/ccs2.ufpel.edu.br\/wp\/2021\/03\/04\/comite-da-ufpel-alerta-para-possivel-descontrole-da-covid\/<\/a><\/li>\n<li>25 de fevereiro de 2021: <a href=\"https:\/\/ccs2.ufpel.edu.br\/wp\/2021\/02\/25\/comite-covid-19-lanca-nota-tecnica-sobre-a-evolucao-da-pandemia-em-pelotas\/\">https:\/\/ccs2.ufpel.edu.br\/wp\/2021\/02\/25\/comite-covid-19-lanca-nota-tecnica-sobre-a-evolucao-da-pandemia-em-pelotas\/<\/a><\/li>\n<li>10 de dezembro de 2020: <a href=\"https:\/\/ccs2.ufpel.edu.br\/wp\/2020\/12\/10\/comite-covid-emite-nota-tecnica\/\">https:\/\/ccs2.ufpel.edu.br\/wp\/2020\/12\/10\/comite-covid-emite-nota-tecnica\/<\/a><\/li>\n<li>04 de dezembro de 2020: <a href=\"https:\/\/ccs2.ufpel.edu.br\/wp\/2020\/12\/04\/comite-divulga-nota-sobre-a-covid\/\">https:\/\/ccs2.ufpel.edu.br\/wp\/2020\/12\/04\/comite-divulga-nota-sobre-a-covid\/<\/a><\/li>\n<li>26 de novembro de 2020: <a href=\"https:\/\/ccs2.ufpel.edu.br\/wp\/2020\/11\/26\/comite-ufpel-covid-19-lanca-nota-tecnica-sobre-a-evolucao-da-epidemia-em-pelotas-2\/\">https:\/\/ccs2.ufpel.edu.br\/wp\/2020\/11\/26\/comite-ufpel-covid-19-lanca-nota-tecnica-sobre-a-evolucao-da-epidemia-em-pelotas-2\/<\/a><\/li>\n<li>26 de outubro de 2020: <a href=\"https:\/\/ccs2.ufpel.edu.br\/wp\/2021\/10\/26\/comite-covid-19-alerta-para-mudanca-de-cenario-da-pandemia-em-pelotas\/\">https:\/\/ccs2.ufpel.edu.br\/wp\/2021\/10\/26\/comite-covid-19-alerta-para-mudanca-de-cenario-da-pandemia-em-pelotas\/<\/a><\/li>\n<li>21 de setembro de 2020: <a href=\"https:\/\/ccs2.ufpel.edu.br\/wp\/2021\/09\/21\/covid-19-nota-tecnica-aponta-estabilizacao-de-casos-apos-queda\/\">https:\/\/ccs2.ufpel.edu.br\/wp\/2021\/09\/21\/covid-19-nota-tecnica-aponta-estabilizacao-de-casos-apos-queda\/<\/a><\/li>\n<li>01 de setembro de 2020: <a href=\"https:\/\/ccs2.ufpel.edu.br\/wp\/2020\/09\/01\/comite-ufpel-covid-19-lanca-nota-tecnica-sobre-a-evolucao-da-epidemia-em-pelotas\/\">https:\/\/ccs2.ufpel.edu.br\/wp\/2020\/09\/01\/comite-ufpel-covid-19-lanca-nota-tecnica-sobre-a-evolucao-da-epidemia-em-pelotas\/<\/a><\/li>\n<li>320 de agosto de 2020: <a href=\"https:\/\/ccs2.ufpel.edu.br\/wp\/2020\/08\/20\/comite-ufpel-covid-recomenda-aumento-imediato-do-isolamento-social\/\">https:\/\/ccs2.ufpel.edu.br\/wp\/2020\/08\/20\/comite-ufpel-covid-recomenda-aumento-imediato-do-isolamento-social\/<\/a><\/li>\n<li>14 de agosto de 2020: <a href=\"https:\/\/ccs2.ufpel.edu.br\/wp\/2020\/08\/14\/comite-ufpel-covid-19-recomenda-aumento-imediato-de-medidas-de-isolamento-social\/\">https:\/\/ccs2.ufpel.edu.br\/wp\/2020\/08\/14\/comite-ufpel-covid-19-recomenda-aumento-imediato-de-medidas-de-isolamento-social\/<\/a><\/li>\n<li>05 de agosto de 2020: <a href=\"https:\/\/ccs2.ufpel.edu.br\/wp\/2020\/08\/05\/comite-lockdown-deveria-ser-maior\/\">https:\/\/ccs2.ufpel.edu.br\/wp\/2020\/08\/05\/comite-lockdown-deveria-ser-maior\/<\/a><\/li>\n<li>05 de agosto de 2020: <a href=\"https:\/\/ccs2.ufpel.edu.br\/wp\/2020\/08\/05\/lockdown-deveria-ser-maior-segundo-comite\/\">https:\/\/ccs2.ufpel.edu.br\/wp\/2020\/08\/05\/lockdown-deveria-ser-maior-segundo-comite\/<\/a><\/li>\n<li>28 de julho de 2020: <a href=\"https:\/\/ccs2.ufpel.edu.br\/wp\/2020\/07\/28\/comite-covid-retorno-das-aulas-presenciais\/\">https:\/\/ccs2.ufpel.edu.br\/wp\/2020\/07\/28\/comite-covid-retorno-das-aulas-presenciais\/<\/a><\/li>\n<li>28 de julho de 2020: <a href=\"https:\/\/ccs2.ufpel.edu.br\/wp\/2020\/07\/28\/comite-interno-da-covid-emite-nota-sobre-atividades-academicas-presenciais\/\">https:\/\/ccs2.ufpel.edu.br\/wp\/2020\/07\/28\/comite-interno-da-covid-emite-nota-sobre-atividades-academicas-presenciais\/<\/a><\/li>\n<li>20 de julho de 2020: <a href=\"https:\/\/ccs2.ufpel.edu.br\/wp\/2020\/07\/20\/comite-ufpel-covid-19-emite-nota-tecnica-contraria-a-flexibilizacao-das-medidas-de-distanciamento-social-em-pelotas\/\">https:\/\/ccs2.ufpel.edu.br\/wp\/2020\/07\/20\/comite-ufpel-covid-19-emite-nota-tecnica-contraria-a-flexibilizacao-das-medidas-de-distanciamento-social-em-pelotas\/<\/a><\/li>\n<li>14 de julho de 2020: <a href=\"https:\/\/ccs2.ufpel.edu.br\/wp\/2020\/07\/14\/comite-covid-19-da-ufpel-alerta-sobre-uso-de-medicamentos-de-eficacia-nao-comprovada\/\">https:\/\/ccs2.ufpel.edu.br\/wp\/2020\/07\/14\/comite-covid-19-da-ufpel-alerta-sobre-uso-de-medicamentos-de-eficacia-nao-comprovada\/<\/a><\/li>\n<li>09 de julho de 2020: <a href=\"https:\/\/ccs2.ufpel.edu.br\/wp\/2020\/07\/09\/comite-emite-nota-de-apoio-as-medidas-de-distanciamento-social-em-pelotas\/\">https:\/\/ccs2.ufpel.edu.br\/wp\/2020\/07\/09\/comite-emite-nota-de-apoio-as-medidas-de-distanciamento-social-em-pelotas\/<\/a><\/li>\n<li>21 de abril de 2020: <a href=\"https:\/\/ccs2.ufpel.edu.br\/wp\/2020\/04\/21\/nota-sobre-distanciamento-social\/\">https:\/\/ccs2.ufpel.edu.br\/wp\/2020\/04\/21\/nota-sobre-distanciamento-social\/<\/a><\/li>\n<\/ol>\n<p>&nbsp;<\/p>\n<p>&nbsp;<\/p>\n<p>&nbsp;<\/p>\n<p>&nbsp;<\/p>\n<p>&nbsp;<\/p>\n","protected":false},"excerpt":{"rendered":"<p>Como uma forma de manter o registro hist\u00f3rico das publica\u00e7\u00f5es da qual o GDISPEN participou enquanto integrante do Comit\u00ea COVID UFPel sobre a pandemia de COVID-19, seguem abaixo os links das atualiza\u00e7\u00f5es publicadas nos meios de comunica\u00e7\u00e3o (externos a esta p\u00e1gina). &nbsp; NOTAS T\u00c9CNICAS \u2013 COMIT\u00ca CIENT\u00cdFICO &nbsp; NOTAS T\u00c9CNICAS DO GDISPEN: 19 DE DEZEMBRO &hellip; <\/p>\n<p><a class=\"more-link btn\" href=\"https:\/\/wp.ufpel.edu.br\/fentransporte\/na-midia-comite-covid-ufpel\/\">Continue lendo<\/a><\/p>\n","protected":false},"author":516,"featured_media":0,"parent":0,"menu_order":0,"comment_status":"closed","ping_status":"closed","template":"","meta":{"footnotes":""},"class_list":["post-2469","page","type-page","status-publish","hentry","nodate","item-wrap"],"jetpack_sharing_enabled":true,"_links":{"self":[{"href":"https:\/\/wp.ufpel.edu.br\/fentransporte\/wp-json\/wp\/v2\/pages\/2469","targetHints":{"allow":["GET"]}}],"collection":[{"href":"https:\/\/wp.ufpel.edu.br\/fentransporte\/wp-json\/wp\/v2\/pages"}],"about":[{"href":"https:\/\/wp.ufpel.edu.br\/fentransporte\/wp-json\/wp\/v2\/types\/page"}],"author":[{"embeddable":true,"href":"https:\/\/wp.ufpel.edu.br\/fentransporte\/wp-json\/wp\/v2\/users\/516"}],"replies":[{"embeddable":true,"href":"https:\/\/wp.ufpel.edu.br\/fentransporte\/wp-json\/wp\/v2\/comments?post=2469"}],"version-history":[{"count":3,"href":"https:\/\/wp.ufpel.edu.br\/fentransporte\/wp-json\/wp\/v2\/pages\/2469\/revisions"}],"predecessor-version":[{"id":2473,"href":"https:\/\/wp.ufpel.edu.br\/fentransporte\/wp-json\/wp\/v2\/pages\/2469\/revisions\/2473"}],"wp:attachment":[{"href":"https:\/\/wp.ufpel.edu.br\/fentransporte\/wp-json\/wp\/v2\/media?parent=2469"}],"curies":[{"name":"wp","href":"https:\/\/api.w.org\/{rel}","templated":true}]}}