{"id":15,"date":"2015-04-23T08:58:34","date_gmt":"2015-04-23T11:58:34","guid":{"rendered":"https:\/\/wp.ufpel.edu.br\/fentransporte\/?page_id=15"},"modified":"2024-07-01T22:24:50","modified_gmt":"2024-07-02T01:24:50","slug":"equipe","status":"publish","type":"page","link":"https:\/\/wp.ufpel.edu.br\/fentransporte\/equipe\/","title":{"rendered":"Pesquisadores"},"content":{"rendered":"<p><strong>PESQUISADORES:\u00a0<\/strong><\/p>\n<p>Dra. Daniela Buske<\/p>\n<p>Dr. Gl\u00eanio Aguiar Gon\u00e7alves<\/p>\n<p>Dr. R\u00e9gis Sperotto de Quadros<\/p>\n<p>Dr. Claus Hoetinger (prof. visitante PPGMMat)<\/p>\n<p>Dr. Leonidas Arias Baltazar (posdoc)<\/p>\n<p>Dr. Viliam Cardoso da Silveira (posdoc)<\/p>\n<p>Dr. Alexandre Sacco Athayde<\/p>\n<p>Dr. Guilherme Jahnecke Weymar<\/p>\n<p>Dra. Luciana Rossato Piovesan<\/p>\n<p>&nbsp;<\/p>\n<p><strong>COLABORADORES UFPel:<\/strong><\/p>\n<p>Dr. Alexandre Molter<\/p>\n<p>Dra. Angelita dos Reis Gomes<\/p>\n<p>Dra. Bruna da Rosa Curcio<\/p>\n<p>Dr. Cl\u00e1udio Zen Petersen<\/p>\n<p>Dr. Fabr\u00edcio Pereira H\u00e4rter<\/p>\n<p>Dr. Gustavo Maia Souza<\/p>\n<p>Dr. Jairo Val\u00f5es de Alencar Ramalho<\/p>\n<p>Dr. Jonas da Costa Carvalho<\/p>\n<p>Dra. Joseane Porto<\/p>\n<p>Dr. Leslie Darien Fernandez<\/p>\n<p>Dr. Marcelo Schramm<\/p>\n<p>Dra. Ruth da Silva Brum<\/p>\n<p>&nbsp;<\/p>\n<p><strong>COLABORADORES externos:<\/strong><\/p>\n<p>Dr. \u00c1lvaro de Bortoli (UFRGS)<\/p>\n<p>Dr. Ant\u00f4nio Goulart (FURG)<\/p>\n<p>Dr. Armando Miguel Awruch (UFRGS)<\/p>\n<p>Dr. Bardo Bodmann (UFRGS)<\/p>\n<p>Dr. Davidson Martins Moreira (Senai CIMATEC)<\/p>\n<p>Dra. Diomar Cristina Mistro (UFSM)<\/p>\n<p>Dr. Elizaldo dos Santos (FURG)<\/p>\n<p>Dr. Everson Gomes (UNIPAMPA)<\/p>\n<p>Dra. Fernanda Tumelero (FURG)<\/p>\n<p>Dr. Gilberto Fisch (IAE DCTA)<\/p>\n<p>Dr. Igor da Cunha Furtado (IFSul)<\/p>\n<p>Dr. Li\u00e9rcio Isoldi (FURG)<\/p>\n<p>Dr. Luiz Alberto D\u00edaz Rodrigues (UFSM)<\/p>\n<p>Dr. Marco T\u00fallio Menna Barreto de Vilhena (UFRGS)<\/p>\n<p>Dr. Tiziano Tirabassi (It\u00e1lia)<\/p>\n<p>Dra. Vera L\u00facia Duarte Ferreira (UNIPAMPA)<\/p>\n<p>&nbsp;<\/p>\n<p>&nbsp;<\/p>\n<p>&nbsp;<\/p>\n<p>&nbsp;<\/p>\n<p>&nbsp;<\/p>\n<p>&nbsp;<\/p>\n<p>&nbsp;<\/p>\n<p>&nbsp;<\/p>\n<p>&nbsp;<\/p>\n<p>&nbsp;<\/p>\n<p>&nbsp;<\/p>\n<p>&nbsp;<\/p>\n<p>&nbsp;<\/p>\n<p>&nbsp;<\/p>\n","protected":false},"excerpt":{"rendered":"<p>PESQUISADORES:\u00a0 Dra. Daniela Buske Dr. Gl\u00eanio Aguiar Gon\u00e7alves Dr. R\u00e9gis Sperotto de Quadros Dr. Claus Hoetinger (prof. visitante PPGMMat) Dr. Leonidas Arias Baltazar (posdoc) Dr. Viliam Cardoso da Silveira (posdoc) Dr. Alexandre Sacco Athayde Dr. Guilherme Jahnecke Weymar Dra. Luciana Rossato Piovesan &nbsp; COLABORADORES UFPel: Dr. Alexandre Molter Dra. Angelita dos Reis Gomes Dra. Bruna &hellip; <\/p>\n<p><a class=\"more-link btn\" href=\"https:\/\/wp.ufpel.edu.br\/fentransporte\/equipe\/\">Continue lendo<\/a><\/p>\n","protected":false},"author":516,"featured_media":0,"parent":0,"menu_order":0,"comment_status":"closed","ping_status":"closed","template":"","meta":{"footnotes":""},"class_list":["post-15","page","type-page","status-publish","hentry","nodate","item-wrap"],"jetpack_sharing_enabled":true,"_links":{"self":[{"href":"https:\/\/wp.ufpel.edu.br\/fentransporte\/wp-json\/wp\/v2\/pages\/15","targetHints":{"allow":["GET"]}}],"collection":[{"href":"https:\/\/wp.ufpel.edu.br\/fentransporte\/wp-json\/wp\/v2\/pages"}],"about":[{"href":"https:\/\/wp.ufpel.edu.br\/fentransporte\/wp-json\/wp\/v2\/types\/page"}],"author":[{"embeddable":true,"href":"https:\/\/wp.ufpel.edu.br\/fentransporte\/wp-json\/wp\/v2\/users\/516"}],"replies":[{"embeddable":true,"href":"https:\/\/wp.ufpel.edu.br\/fentransporte\/wp-json\/wp\/v2\/comments?post=15"}],"version-history":[{"count":22,"href":"https:\/\/wp.ufpel.edu.br\/fentransporte\/wp-json\/wp\/v2\/pages\/15\/revisions"}],"predecessor-version":[{"id":2514,"href":"https:\/\/wp.ufpel.edu.br\/fentransporte\/wp-json\/wp\/v2\/pages\/15\/revisions\/2514"}],"wp:attachment":[{"href":"https:\/\/wp.ufpel.edu.br\/fentransporte\/wp-json\/wp\/v2\/media?parent=15"}],"curies":[{"name":"wp","href":"https:\/\/api.w.org\/{rel}","templated":true}]}}