{"id":1148,"date":"2020-07-29T20:45:41","date_gmt":"2020-07-29T23:45:41","guid":{"rendered":"https:\/\/wp.ufpel.edu.br\/fentransporte\/?page_id=1148"},"modified":"2023-11-28T23:13:07","modified_gmt":"2023-11-29T02:13:07","slug":"na-midia-covid19","status":"publish","type":"page","link":"https:\/\/wp.ufpel.edu.br\/fentransporte\/na-midia-covid19\/","title":{"rendered":"Na m\u00eddia &#8211; COVID-19"},"content":{"rendered":"<p style=\"text-align: justify;\">Como uma forma de manter o registro hist\u00f3rico das publica\u00e7\u00f5es do GDISPEN sobre a pandemia de COVID-19, seguem abaixo os links das atualiza\u00e7\u00f5es publicadas nos meios de comunica\u00e7\u00e3o (externos a esta p\u00e1gina).<\/p>\n<ul>\n<li><strong>Atualiza\u00e7\u00f5es publicadas no site da UFPEL:<\/strong><\/li>\n<\/ul>\n<ol>\n<li><a href=\"http:\/\/ccs2.ufpel.edu.br\/wp\/2020\/03\/18\/pesquisadores-da-ufpel-desenvolvem-modelagem-da-evolucao-temporal-do-coronavirus\/\">http:\/\/ccs2.ufpel.edu.br\/wp\/2020\/03\/18\/pesquisadores-da-ufpel-desenvolvem-modelagem-da-evolucao-temporal-do-coronavirus\/<\/a><\/li>\n<li><a style=\"background-color: #ffffff;\" href=\"http:\/\/ccs2.ufpel.edu.br\/wp\/2020\/03\/18\/grafico-da-evolucao-temporal-do-coronavirus-atualizacao-de-18-03-2020\/\">http:\/\/ccs2.ufpel.edu.br\/wp\/2020\/03\/18\/grafico-da-evolucao-temporal-do-coronavirus-atualizacao-de-18-03-2020\/<\/a><\/li>\n<li><a style=\"background-color: #ffffff;\" href=\"http:\/\/ccs2.ufpel.edu.br\/wp\/2020\/03\/19\/grafico-da-evolucao-temporal-do-coronavirus-atualizacao-de-19-03-2020\/\">http:\/\/ccs2.ufpel.edu.br\/wp\/2020\/03\/19\/grafico-da-evolucao-temporal-do-coronavirus-atualizacao-de-19-03-2020\/<\/a><\/li>\n<li><a style=\"background-color: #ffffff;\" href=\"http:\/\/ccs2.ufpel.edu.br\/wp\/2020\/03\/21\/grafico-da-evolucao-temporal-do-coronavirus-atualizacao-de-20-03-2020\/\">http:\/\/ccs2.ufpel.edu.br\/wp\/2020\/03\/21\/grafico-da-evolucao-temporal-do-coronavirus-atualizacao-de-20-03-2020\/<\/a><\/li>\n<li><a style=\"background-color: #ffffff;\" href=\"http:\/\/ccs2.ufpel.edu.br\/wp\/2020\/03\/23\/grafico-da-evolucao-temporal-do-coronavirus-atualizacao-de-22-03-2020\/\">http:\/\/ccs2.ufpel.edu.br\/wp\/2020\/03\/23\/grafico-da-evolucao-temporal-do-coronavirus-atualizacao-de-22-03-2020\/<\/a><\/li>\n<li><a style=\"background-color: #ffffff;\" href=\"http:\/\/ccs2.ufpel.edu.br\/wp\/2020\/03\/23\/grafico-da-evolucao-temporal-do-coronavirus-atualizacao-de-23-03-2020\/\">http:\/\/ccs2.ufpel.edu.br\/wp\/2020\/03\/23\/grafico-da-evolucao-temporal-do-coronavirus-atualizacao-de-23-03-2020\/<\/a><\/li>\n<li><a style=\"background-color: #ffffff;\" href=\"http:\/\/ccs2.ufpel.edu.br\/wp\/2020\/03\/25\/grafico-da-evolucao-temporal-do-coronavirus-atualizacao-de-24-03-2020\/\">http:\/\/ccs2.ufpel.edu.br\/wp\/2020\/03\/25\/grafico-da-evolucao-temporal-do-coronavirus-atualizacao-de-24-03-2020\/<\/a><\/li>\n<li><a style=\"background-color: #ffffff;\" href=\"http:\/\/ccs2.ufpel.edu.br\/wp\/2020\/03\/26\/grafico-da-evolucao-temporal-do-coronavirus-atualizacao-de-25-03-2020\/\">http:\/\/ccs2.ufpel.edu.br\/wp\/2020\/03\/26\/grafico-da-evolucao-temporal-do-coronavirus-atualizacao-de-25-03-2020\/<\/a><\/li>\n<li><a style=\"background-color: #ffffff;\" href=\"http:\/\/ccs2.ufpel.edu.br\/wp\/2020\/03\/27\/grafico-da-evolucao-temporal-do-coronavirus-atualizacao-de-26-03-2020\/\">http:\/\/ccs2.ufpel.edu.br\/wp\/2020\/03\/27\/grafico-da-evolucao-temporal-do-coronavirus-atualizacao-de-26-03-2020\/<\/a><\/li>\n<li><a style=\"background-color: #ffffff;\" href=\"http:\/\/ccs2.ufpel.edu.br\/wp\/2020\/03\/31\/grafico-da-evolucao-temporal-do-coronavirus-atualizacao-de-30-03-2020\/\">http:\/\/ccs2.ufpel.edu.br\/wp\/2020\/03\/31\/grafico-da-evolucao-temporal-do-coronavirus-atualizacao-de-30-03-2020\/<\/a><\/li>\n<li><a style=\"background-color: #ffffff;\" href=\"http:\/\/ccs2.ufpel.edu.br\/wp\/2020\/04\/01\/grafico-da-evolucao-temporal-do-coronavirus-atualizacao-de-31-03-2020\/\">http:\/\/ccs2.ufpel.edu.br\/wp\/2020\/04\/01\/grafico-da-evolucao-temporal-do-coronavirus-atualizacao-de-31-03-2020\/<\/a><\/li>\n<li><a style=\"background-color: #ffffff;\" href=\"http:\/\/ccs2.ufpel.edu.br\/wp\/2020\/04\/02\/modelagem-matematica-do-covid-19-atualizacao-de-02-04-2020\/\">http:\/\/ccs2.ufpel.edu.br\/wp\/2020\/04\/02\/modelagem-matematica-do-covid-19-atualizacao-de-02-04-2020\/<\/a><\/li>\n<li><a style=\"background-color: #ffffff;\" href=\"http:\/\/ccs2.ufpel.edu.br\/wp\/2020\/04\/07\/modelagem-matematica-do-covid-19-atualizacao-de-06-04-2020\/\">http:\/\/ccs2.ufpel.edu.br\/wp\/2020\/04\/07\/modelagem-matematica-do-covid-19-atualizacao-de-06-04-2020\/<\/a><\/li>\n<li><a style=\"background-color: #ffffff;\" href=\"https:\/\/wp.ufpel.edu.br\/fentransporte\/2020\/04\/09\/modelagem-matematica-do-covid-19-atualizacao-de-09-04-2020\/\">https:\/\/wp.ufpel.edu.br\/fentransporte\/2020\/04\/09\/modelagem-matematica-do-covid-19-atualizacao-de-09-04-2020\/<\/a><\/li>\n<li><a style=\"background-color: #ffffff;\" href=\"http:\/\/ccs2.ufpel.edu.br\/wp\/2020\/04\/13\/modelagem-matematica-do-covid-19-atualizacao-de-13-04-2020\/\">http:\/\/ccs2.ufpel.edu.br\/wp\/2020\/04\/13\/modelagem-matematica-do-covid-19-atualizacao-de-13-04-2020\/<\/a><\/li>\n<li><a style=\"background-color: #ffffff;\" href=\"http:\/\/ccs2.ufpel.edu.br\/wp\/2020\/04\/17\/modelagem-matematica-do-covid-19-atualizacao-de-17-04-2020\/\">http:\/\/ccs2.ufpel.edu.br\/wp\/2020\/04\/17\/modelagem-matematica-do-covid-19-atualizacao-de-17-04-2020\/\u00a0<\/a><\/li>\n<li><a style=\"background-color: #ffffff;\" href=\"https:\/\/wp.ufpel.edu.br\/fentransporte\/2020\/04\/24\/modelagem-matematica-do-covid-19-atualizacao-de-24-04-2020\/\">https:\/\/wp.ufpel.edu.br\/fentransporte\/2020\/04\/24\/modelagem-matematica-do-covid-19-atualizacao-de-24-04-2020\/<\/a><\/li>\n<li><a style=\"background-color: #ffffff;\" href=\"http:\/\/ccs2.ufpel.edu.br\/wp\/2020\/05\/02\/modelagem-matematica-do-covid-19-atualizacao-de-01-05-2020\/\">http:\/\/ccs2.ufpel.edu.br\/wp\/2020\/05\/02\/modelagem-matematica-do-covid-19-atualizacao-de-01-05-2020\/<\/a><\/li>\n<li><a style=\"background-color: #ffffff;\" href=\"http:\/\/ccs2.ufpel.edu.br\/wp\/2020\/05\/09\/modelagem-matematica-do-covid-19-atualizacao-de-08-05-2020\/\">http:\/\/ccs2.ufpel.edu.br\/wp\/2020\/05\/09\/modelagem-matematica-do-covid-19-atualizacao-de-08-05-2020\/<\/a><\/li>\n<li><a style=\"background-color: #ffffff;\" href=\"http:\/\/ccs2.ufpel.edu.br\/wp\/2020\/05\/18\/modelagem-matematica-do-covid-19\/\">http:\/\/ccs2.ufpel.edu.br\/wp\/2020\/05\/18\/modelagem-matematica-do-covid-19\/\u00a0<\/a><\/li>\n<li><a style=\"background-color: #ffffff;\" href=\"http:\/\/ccs2.ufpel.edu.br\/wp\/2020\/05\/25\/modelagem-matematica-do-covid-19-atualizacao-de-22-05-2020\/\">http:\/\/ccs2.ufpel.edu.br\/wp\/2020\/05\/25\/modelagem-matematica-do-covid-19-atualizacao-de-22-05-2020\/\u00a0<\/a><\/li>\n<li><a style=\"background-color: #ffffff;\" href=\"http:\/\/ccs2.ufpel.edu.br\/wp\/2020\/06\/01\/modelagem-matematica-do-covid-19-ultima-atualizacao\/\">http:\/\/ccs2.ufpel.edu.br\/wp\/2020\/06\/01\/modelagem-matematica-do-covid-19-ultima-atualizacao\/<\/a><\/li>\n<li><a style=\"background-color: #ffffff;\" href=\"http:\/\/ccs2.ufpel.edu.br\/wp\/2020\/06\/08\/modelagem-matematica-do-covid-19-atualizacao-de-05-06-2020-parte-1\/\">http:\/\/ccs2.ufpel.edu.br\/wp\/2020\/06\/08\/modelagem-matematica-do-covid-19-atualizacao-de-05-06-2020-parte-1\/<\/a><\/li>\n<li><a style=\"background-color: #ffffff;\" href=\"http:\/\/ccs2.ufpel.edu.br\/wp\/2020\/06\/08\/modelagem-matematica-do-covid-19-atualizacao-de-05-06-2020-parte-2\/\">http:\/\/ccs2.ufpel.edu.br\/wp\/2020\/06\/08\/modelagem-matematica-do-covid-19-atualizacao-de-05-06-2020-parte-2\/\u00a0<\/a><\/li>\n<li><a style=\"background-color: #ffffff;\" href=\"http:\/\/ccs2.ufpel.edu.br\/wp\/2020\/06\/13\/modelagem-matematica-do-covid-19-atualizacao-de-12-06-2020\/\">http:\/\/ccs2.ufpel.edu.br\/wp\/2020\/06\/13\/modelagem-matematica-do-covid-19-atualizacao-de-12-06-2020\/<\/a><\/li>\n<li><a style=\"background-color: #ffffff;\" href=\"http:\/\/ccs2.ufpel.edu.br\/wp\/2020\/06\/22\/modelagem-matematica-do-covid-19-atualizacao-de-19-06-2020\/\">http:\/\/ccs2.ufpel.edu.br\/wp\/2020\/06\/22\/modelagem-matematica-do-covid-19-atualizacao-de-19-06-2020\/<\/a><\/li>\n<li><a style=\"background-color: #ffffff;\" href=\"http:\/\/ccs2.ufpel.edu.br\/wp\/2020\/06\/27\/modelagem-matematica-do-covid-19-atualizacao-de-26-06-2020\/\">http:\/\/ccs2.ufpel.edu.br\/wp\/2020\/06\/27\/modelagem-matematica-do-covid-19-atualizacao-de-26-06-2020\/<\/a><\/li>\n<li><a style=\"background-color: #ffffff;\" href=\"http:\/\/ccs2.ufpel.edu.br\/wp\/2020\/07\/06\/modelagem-matematica-do-covid-19-atualizacao-de-03-07-2020\/\">http:\/\/ccs2.ufpel.edu.br\/wp\/2020\/07\/06\/modelagem-matematica-do-covid-19-atualizacao-de-03-07-2020\/<\/a><\/li>\n<li><a style=\"background-color: #ffffff;\" href=\"http:\/\/ccs2.ufpel.edu.br\/wp\/2020\/07\/10\/modelagem-matematica-do-covid-19-atualizacao-de-10-07-2020\/\">http:\/\/ccs2.ufpel.edu.br\/wp\/2020\/07\/10\/modelagem-matematica-do-covid-19-atualizacao-de-10-07-2020\/\u00a0<\/a><\/li>\n<li><a style=\"background-color: #ffffff;\" href=\"http:\/\/ccs2.ufpel.edu.br\/wp\/2020\/07\/20\/modelagem-matematica-da-covid-19-ultima-atualizacao\/\">http:\/\/ccs2.ufpel.edu.br\/wp\/2020\/07\/20\/modelagem-matematica-da-covid-19-ultima-atualizacao\/<\/a><\/li>\n<li><a style=\"background-color: #ffffff;\" href=\"https:\/\/ccs2.ufpel.edu.br\/wp\/2020\/07\/20\/gdispen-lanca-pagina-com-graficos-iterativos-com-dados-da-covid-19-no-rs\/\">https:\/\/ccs2.ufpel.edu.br\/wp\/2020\/07\/20\/gdispen-lanca-pagina-com-graficos-iterativos-com-dados-da-covid-19-no-rs\/<\/a><\/li>\n<li><a style=\"background-color: #ffffff;\" href=\"http:\/\/ccs2.ufpel.edu.br\/wp\/2020\/07\/27\/modelagem-matematica-do-covid-19-ultima-atualizacao-2\/\">http:\/\/ccs2.ufpel.edu.br\/wp\/2020\/07\/27\/modelagem-matematica-do-covid-19-ultima-atualizacao-2\/<\/a><\/li>\n<li><a href=\"http:\/\/ccs2.ufpel.edu.br\/wp\/2020\/07\/31\/modelagem-matematica-do-covid-19-atualizacao-de-31-07-2020\/\">http:\/\/ccs2.ufpel.edu.br\/wp\/2020\/07\/31\/modelagem-matematica-do-covid-19-atualizacao-de-31-07-2020\/<\/a><\/li>\n<li><a href=\"http:\/\/ccs2.ufpel.edu.br\/wp\/2020\/08\/10\/modelagem-matematica-do-covid-19-atualizacao-de-07-08-2020\/\">http:\/\/ccs2.ufpel.edu.br\/wp\/2020\/08\/10\/modelagem-matematica-do-covid-19-atualizacao-de-07-08-2020\/<\/a><\/li>\n<li><a href=\"http:\/\/ccs2.ufpel.edu.br\/wp\/2020\/08\/10\/monitoramento-da-covid-19-em-pelotas\/\">http:\/\/ccs2.ufpel.edu.br\/wp\/2020\/08\/10\/monitoramento-da-covid-19-em-pelotas\/<\/a><\/li>\n<li><a href=\"http:\/\/ccs2.ufpel.edu.br\/wp\/2020\/08\/17\/modelagem-matematica-do-covid-19-atualizacao-de-14-08-2020\/\">http:\/\/ccs2.ufpel.edu.br\/wp\/2020\/08\/17\/modelagem-matematica-do-covid-19-atualizacao-de-14-08-2020\/<\/a><\/li>\n<li><a href=\"https:\/\/ccs2.ufpel.edu.br\/wp\/2020\/08\/24\/modelagem-matematica-do-covid-19-atualizacao-de-21-08-2020\/\">https:\/\/ccs2.ufpel.edu.br\/wp\/2020\/08\/24\/modelagem-matematica-do-covid-19-atualizacao-de-21-08-2020\/<\/a><\/li>\n<li><a href=\"http:\/\/ccs2.ufpel.edu.br\/wp\/2020\/08\/31\/modelagem-matematica-do-covid-19-atualizacao-de-28-08-2020\/\">http:\/\/ccs2.ufpel.edu.br\/wp\/2020\/08\/31\/modelagem-matematica-do-covid-19-atualizacao-de-28-08-2020\/<\/a><\/li>\n<li><a href=\"http:\/\/ccs2.ufpel.edu.br\/wp\/2020\/09\/08\/modelagem-matematica-do-covid-19-atualizacao-de-04-09-2020\/\">http:\/\/ccs2.ufpel.edu.br\/wp\/2020\/09\/08\/modelagem-matematica-do-covid-19-atualizacao-de-04-09-2020\/<\/a><\/li>\n<li><a href=\"https:\/\/ccs2.ufpel.edu.br\/wp\/2020\/09\/11\/modelagem-matematica-do-covid-19-atualizacao-de-11-09-2020\/\">https:\/\/ccs2.ufpel.edu.br\/wp\/2020\/09\/11\/modelagem-matematica-do-covid-19-atualizacao-de-11-09-2020\/<\/a><\/li>\n<li><a href=\"https:\/\/wp.ufpel.edu.br\/fentransporte\/2020\/09\/18\/modelagem-matematica-do-covid-19-atualizacao-de-18-09-2020\/\">https:\/\/wp.ufpel.edu.br\/fentransporte\/2020\/09\/18\/modelagem-matematica-do-covid-19-atualizacao-de-18-09-2020\/<\/a><\/li>\n<li><a href=\"https:\/\/ccs2.ufpel.edu.br\/wp\/2020\/09\/28\/modelagem-matematica-do-covid-19-atualizacao-de-25-09-2020\/\">https:\/\/ccs2.ufpel.edu.br\/wp\/2020\/09\/28\/modelagem-matematica-do-covid-19-atualizacao-de-25-09-2020\/<\/a><\/li>\n<li><a href=\"https:\/\/ccs2.ufpel.edu.br\/wp\/2020\/09\/28\/gdispen-apresenta-analise-dos-6-meses-de-covid-19-em-pelotas\/\">https:\/\/ccs2.ufpel.edu.br\/wp\/2020\/09\/28\/gdispen-apresenta-analise-dos-6-meses-de-covid-19-em-pelotas\/<\/a><\/li>\n<li><a href=\"http:\/\/ccs2.ufpel.edu.br\/wp\/2020\/10\/29\/gdispen-realiza-analise-dos-7-meses-de-covid-19-em-pelotas\/\">http:\/\/ccs2.ufpel.edu.br\/wp\/2020\/10\/29\/gdispen-realiza-analise-dos-7-meses-de-covid-19-em-pelotas\/<\/a><\/li>\n<li><a href=\"http:\/\/ccs2.ufpel.edu.br\/wp\/2020\/12\/01\/uma-analise-dos-8-meses-da-covid-19-em-pelotas\/\">http:\/\/ccs2.ufpel.edu.br\/wp\/2020\/12\/01\/uma-analise-dos-8-meses-da-covid-19-em-pelotas\/<\/a><\/li>\n<li><a href=\"http:\/\/ccs2.ufpel.edu.br\/wp\/2020\/12\/11\/pelotas-supera-a-marca-de-200-obitos-por-covid-19\/\">http:\/\/ccs2.ufpel.edu.br\/wp\/2020\/12\/11\/pelotas-supera-a-marca-de-200-obitos-por-covid-19\/<\/a><\/li>\n<li><a href=\"https:\/\/ccs2.ufpel.edu.br\/wp\/2020\/12\/22\/evolucao-da-covid-19-nos-ultimos-45-dias-na-cidade-de-pelotas\/\">https:\/\/ccs2.ufpel.edu.br\/wp\/2020\/12\/22\/evolucao-da-covid-19-nos-ultimos-45-dias-na-cidade-de-pelotas\/<\/a><\/li>\n<li><a href=\"http:\/\/ccs2.ufpel.edu.br\/wp\/2021\/01\/05\/pesquisa-analisa-covid-em-pelotas-nos-ultimos-65-dias\/\">http:\/\/ccs2.ufpel.edu.br\/wp\/2021\/01\/05\/pesquisa-analisa-covid-em-pelotas-nos-ultimos-65-dias\/<\/a><\/li>\n<li><a href=\"https:\/\/ccs2.ufpel.edu.br\/wp\/2021\/01\/12\/pelotas-supera-a-marca-de-300-obitos-por-covid-19\/\">https:\/\/ccs2.ufpel.edu.br\/wp\/2021\/01\/12\/pelotas-supera-a-marca-de-300-obitos-por-covid-19\/<\/a><\/li>\n<li><a href=\"https:\/\/ccs2.ufpel.edu.br\/wp\/2021\/03\/11\/covid-19-grupo-de-pesquisa-da-ufpel-analisa-dados-da-ultima-semana-em-pelotas\/\"> https:\/\/ccs2.ufpel.edu.br\/wp\/2021\/03\/11\/covid-19-grupo-de-pesquisa-da-ufpel-analisa-dados-da-ultima-semana-em-pelotas\/<\/a><\/li>\n<li><a href=\"https:\/\/ccs2.ufpel.edu.br\/wp\/2021\/04\/01\/grupo-da-ufpel-apresenta-analise-da-pandemia-em-pelotas\/\">https:\/\/ccs2.ufpel.edu.br\/wp\/2021\/04\/01\/grupo-da-ufpel-apresenta-analise-da-pandemia-em-pelotas\/<\/a><\/li>\n<\/ol>\n<ul>\n<li><strong>Modelo matem\u00e1tico:<\/strong><\/li>\n<\/ul>\n<ol>\n<li><a href=\"https:\/\/wp.ufpel.edu.br\/fentransporte\/2020\/04\/09\/a-evolucao-epidemica-do-covid-19-modelo-sir\/\">https:\/\/wp.ufpel.edu.br\/fentransporte\/2020\/04\/09\/a-evolucao-epidemica-do-covid-19-modelo-sir\/<\/a><\/li>\n<\/ol>\n<ul>\n<li><strong>Entrevistas:<\/strong><\/li>\n<\/ul>\n<ol>\n<li>\u00a0R\u00e1dio Agudo &#8211; 18\/06\/20 &#8211; <a href=\"https:\/\/radioagudo.com.br\/Noticias\/17413\">https:\/\/radioagudo.com.br\/Noticias\/17413<\/a><\/li>\n<\/ol>\n<ul>\n<li><strong>Palestra na FEEVALE:<\/strong><\/li>\n<\/ul>\n<div class=\"embed-container\"><iframe loading=\"lazy\" title=\"202001 - Presencial - MEDICINA E SOCIEDADE III - 3TD5T5V \/ recording_5\" width=\"750\" height=\"422\" src=\"https:\/\/www.youtube.com\/embed\/-wNsHEwChJY?feature=oembed\" frameborder=\"0\" allow=\"accelerometer; autoplay; clipboard-write; encrypted-media; gyroscope; picture-in-picture; web-share\" allowfullscreen><\/iframe><\/div>\n<ul>\n<li><strong>Outros locais com publica\u00e7\u00e3o dos resultados da pesquisa (alguns):<\/strong><\/li>\n<\/ul>\n<ol>\n<li style=\"text-align: justify;\"><a href=\"https:\/\/gauchazh.clicrbs.com.br\/saude\/noticia\/2020\/05\/quando-o-rs-tera-o-pico-de-coronavirus-especialistas-apontam-variaveis-que-precisam-ser-consideradas-ck9yh6iyj001f015n4xqer1du.html\">https:\/\/gauchazh.clicrbs.com.br\/saude\/noticia\/2020\/05\/quando-o-rs-tera-o-pico-de-coronavirus-especialistas-apontam-variaveis-que-precisam-ser-consideradas-ck9yh6iyj001f015n4xqer1du.html\u00a0<\/a><\/li>\n<li style=\"text-align: justify;\"><a style=\"background-color: #ffffff;\" href=\"https:\/\/wp.ufpel.edu.br\/ppgcamb\/2020\/07\/20\/professores-do-ppgcamb-no-combate-a-covid-19\/\">https:\/\/wp.ufpel.edu.br\/ppgcamb\/2020\/07\/20\/professores-do-ppgcamb-no-combate-a-covid-19\/<\/a><\/li>\n<li style=\"text-align: justify;\"><a href=\"https:\/\/wp.ufpel.edu.br\/ppgmmat\/2020\/05\/18\/pesquisadores-da-ufpel-desenvolvem-modelagem-da-evolucao-temporal-do-coronavirus\/\">https:\/\/wp.ufpel.edu.br\/ppgmmat\/2020\/05\/18\/pesquisadores-da-ufpel-desenvolvem-modelagem-da-evolucao-temporal-do-coronavirus\/<\/a><\/li>\n<li><a href=\"https:\/\/www.diariopopular.com.br\/geral\/ufpel-atualiza-graficos-de-evolucao-do-coronavirus-149789\/\">https:\/\/www.diariopopular.com.br\/geral\/ufpel-atualiza-graficos-de-evolucao-do-coronavirus-149789\/<\/a><\/li>\n<li style=\"text-align: justify;\"><a href=\"http:\/\/www.adufpel.org.br\/site\/noticias\/as-medidas-pelotenses-para-combater-o-coronavrus\">http:\/\/www.adufpel.org.br\/site\/noticias\/as-medidas-pelotenses-para-combater-o-coronavrus<\/a><\/li>\n<li style=\"text-align: justify;\"><a href=\"https:\/\/sites.unipampa.edu.br\/sigpampa\/covid-19\/outras-pesquisas\/\">https:\/\/sites.unipampa.edu.br\/sigpampa\/covid-19\/outras-pesquisas\/<\/a><\/li>\n<li style=\"text-align: justify;\"><a href=\"https:\/\/www.nativafmpiratini.com.br\/post\/pesquisadores-projetam-avanco-do-coronavirus-no-brasil\">https:\/\/www.nativafmpiratini.com.br\/post\/pesquisadores-projetam-avanco-do-coronavirus-no-brasil<\/a><\/li>\n<li style=\"text-align: justify;\"><a href=\"https:\/\/amigosdepelotas.com.br\/2020\/03\/27\/ufpel-prorroga-suspensao-das-atividades-academicas\/pelotas\/redes-sociais\/\">https:\/\/amigosdepelotas.com.br\/2020\/03\/27\/ufpel-prorroga-suspensao-das-atividades-academicas\/pelotas\/redes-sociais\/<\/a><\/li>\n<li style=\"text-align: justify;\"><a href=\"https:\/\/gauchazh.clicrbs.com.br\/saude\/noticia\/2020\/03\/de-solucoes-simples-de-higiene-a-pesquisas-o-que-universidades-oferecem-para-ajudar-no-combate-ao-coronavirus-ck8aoekeg02fc01rzqcrhy6lw.html\">https:\/\/gauchazh.clicrbs.com.br\/saude\/noticia\/2020\/03\/de-solucoes-simples-de-higiene-a-pesquisas-o-que-universidades-oferecem-para-ajudar-no-combate-ao-coronavirus-ck8aoekeg02fc01rzqcrhy6lw.html<\/a><\/li>\n<li style=\"text-align: justify;\"><a href=\"https:\/\/www.saomateusnews.com.br\/brasil\/grafico-da-evolucao-temporal-do-coronavirus\/\">https:\/\/www.saomateusnews.com.br\/brasil\/grafico-da-evolucao-temporal-do-coronavirus\/<\/a><\/li>\n<li style=\"text-align: justify;\"><a href=\"http:\/\/www.radiocom.org.br\/?p=12521\">http:\/\/www.radiocom.org.br\/?p=12521<\/a><\/li>\n<li style=\"text-align: justify;\"><a href=\"https:\/\/www.acusticafm.com.br\/noticias\/30283\/ufpel-prorroga-suspensao-das-aulas-por-mais-15-dias.html\">https:\/\/www.acusticafm.com.br\/noticias\/30283\/ufpel-prorroga-suspensao-das-aulas-por-mais-15-dias.html<\/a><\/li>\n<li style=\"text-align: justify;\"><a href=\"https:\/\/crfpb.org.br\/index.php?preview=1&amp;option=com_dropfiles&amp;format=&amp;task=frontfile.download&amp;catid=94&amp;id=91&amp;Itemid=1000000000000\">https:\/\/crfpb.org.br\/index.php?preview=1&amp;option=com_dropfiles&amp;format=&amp;task=frontfile.download&amp;catid=94&amp;id=91&amp;Itemid=1000000000000<\/a><\/li>\n<li style=\"text-align: justify;\"><a href=\"http:\/\/www.ces.ufcg.edu.br\/portal\/phocadownload\/userupload\/COVID-19_MODELO_SIR.pdf\">http:\/\/www.ces.ufcg.edu.br\/portal\/phocadownload\/userupload\/COVID-19_MODELO_SIR.pdf<\/a><\/li>\n<li><a href=\"http:\/\/diariodamanhapelotas.com.br\/site\/covid-19-pelotas-contabiliza-1-500-casos-com-41-obitos-e-943-recuperados\/\">http:\/\/diariodamanhapelotas.com.br\/site\/covid-19-pelotas-contabiliza-1-500-casos-com-41-obitos-e-943-recuperados\/<\/a><\/li>\n<li><a href=\"http:\/\/diariodamanhapelotas.com.br\/site\/covid-19-pesquisa-mostra-que-pandemia-continua-crescendo-em-pelotas\/\">http:\/\/diariodamanhapelotas.com.br\/site\/covid-19-pesquisa-mostra-que-pandemia-continua-crescendo-em-pelotas\/<\/a><\/li>\n<li><a href=\"https:\/\/ru.ucpel.edu.br\/2020\/09\/pesquisa-mostra-que-pandemia-continua-em-crescimento-em-pelotas\/\">https:\/\/ru.ucpel.edu.br\/2020\/09\/pesquisa-mostra-que-pandemia-continua-em-crescimento-em-pelotas\/<\/a><\/li>\n<li><a href=\"https:\/\/www.bancariospel.org.br\/2020\/09\/30\/pesquisadores-da-ufpel-revelam-que-pandemia-segue-crescendo-em-pelotas\/\">https:\/\/www.bancariospel.org.br\/2020\/09\/30\/pesquisadores-da-ufpel-revelam-que-pandemia-segue-crescendo-em-pelotas\/<\/a><\/li>\n<li><a href=\"https:\/\/www.diariopopular.com.br\/geral\/gdispen-realiza-analise-dos-7-meses-de-covid-19-em-pelotas-155703\/\">https:\/\/www.diariopopular.com.br\/geral\/gdispen-realiza-analise-dos-7-meses-de-covid-19-em-pelotas-155703\/<\/a><\/li>\n<li><a href=\"https:\/\/jornalggn.com.br\/coronavirus\/brasil-continua-lider-em-mortes-diarias-por-covid-19\/\"> https:\/\/jornalggn.com.br\/coronavirus\/brasil-continua-lider-em-mortes-diarias-por-covid-19\/<\/a><\/li>\n<li><a href=\"https:\/\/theworldnews.net\/br-news\/brasil-continua-lider-em-mortes-diarias-por-covid-19\">https:\/\/theworldnews.net\/br-news\/brasil-continua-lider-em-mortes-diarias-por-covid-19<\/a><\/li>\n<li><a href=\"http:\/\/www.radiocom.org.br\/?p=17020\">http:\/\/www.radiocom.org.br\/?p=17020<\/a><\/li>\n<li><a href=\"https:\/\/amigosdepelotas.com.br\/2020\/12\/11\/pelotas-supera-a-marca-de-200-obitos-por-covid-19\/pelotas\/amigosdaredacao\/\">https:\/\/amigosdepelotas.com.br\/2020\/12\/11\/pelotas-supera-a-marca-de-200-obitos-por-covid-19\/pelotas\/amigosdaredacao\/<\/a><\/li>\n<li><a href=\"http:\/\/www.radiocom.org.br\/?p=17221\">http:\/\/www.radiocom.org.br\/?p=17221<\/a><\/li>\n<li><a href=\"https:\/\/www.facebook.com\/arrepiapelotas\/posts\/182219143597959\">https:\/\/www.facebook.com\/arrepiapelotas\/posts\/182219143597959<\/a><\/li>\n<li><a href=\"http:\/\/www.radiocom.org.br\/?p=17381\">http:\/\/www.radiocom.org.br\/?p=17381<\/a><\/li>\n<li><a href=\"https:\/\/www.diariopopular.com.br\/geral\/pesquisa-analisa-covid-19-em-pelotas-nos-ultimos-65-dias-157381\/\">https:\/\/www.diariopopular.com.br\/geral\/pesquisa-analisa-covid-19-em-pelotas-nos-ultimos-65-dias-157381\/<\/a><\/li>\n<li><a href=\"https:\/\/pelotas13horas.com.br\/pesquisa-analisa-evolucao-da-covid-19-em-pelotas-nos-ultimo-65-dias\/\">https:\/\/pelotas13horas.com.br\/pesquisa-analisa-evolucao-da-covid-19-em-pelotas-nos-ultimo-65-dias\/<\/a><\/li>\n<li><a href=\"http:\/\/ecult.com.br\/educacao-tecnologia-ecologia\/pesquisa-analisa-covid-em-pelotas-nos-ultimos-65-dias\">http:\/\/ecult.com.br\/educacao-tecnologia-ecologia\/pesquisa-analisa-covid-em-pelotas-nos-ultimos-65-dias<\/a><\/li>\n<li><a href=\"https:\/\/www.diariopopular.com.br\/geral\/grupo-de-pesquisa-da-ufpel-analisa-dados-da-ultima-semana-em-pelotas-159093\/\">https:\/\/www.diariopopular.com.br\/geral\/grupo-de-pesquisa-da-ufpel-analisa-dados-da-ultima-semana-em-pelotas-159093\/<\/a><\/li>\n<\/ol>\n<p>&nbsp;<\/p>\n<p>&nbsp;<\/p>\n<p>&nbsp;<\/p>\n","protected":false},"excerpt":{"rendered":"<p>Como uma forma de manter o registro hist\u00f3rico das publica\u00e7\u00f5es do GDISPEN sobre a pandemia de COVID-19, seguem abaixo os links das atualiza\u00e7\u00f5es publicadas nos meios de comunica\u00e7\u00e3o (externos a esta p\u00e1gina). Atualiza\u00e7\u00f5es publicadas no site da UFPEL: http:\/\/ccs2.ufpel.edu.br\/wp\/2020\/03\/18\/pesquisadores-da-ufpel-desenvolvem-modelagem-da-evolucao-temporal-do-coronavirus\/ http:\/\/ccs2.ufpel.edu.br\/wp\/2020\/03\/18\/grafico-da-evolucao-temporal-do-coronavirus-atualizacao-de-18-03-2020\/ http:\/\/ccs2.ufpel.edu.br\/wp\/2020\/03\/19\/grafico-da-evolucao-temporal-do-coronavirus-atualizacao-de-19-03-2020\/ http:\/\/ccs2.ufpel.edu.br\/wp\/2020\/03\/21\/grafico-da-evolucao-temporal-do-coronavirus-atualizacao-de-20-03-2020\/ http:\/\/ccs2.ufpel.edu.br\/wp\/2020\/03\/23\/grafico-da-evolucao-temporal-do-coronavirus-atualizacao-de-22-03-2020\/ http:\/\/ccs2.ufpel.edu.br\/wp\/2020\/03\/23\/grafico-da-evolucao-temporal-do-coronavirus-atualizacao-de-23-03-2020\/ http:\/\/ccs2.ufpel.edu.br\/wp\/2020\/03\/25\/grafico-da-evolucao-temporal-do-coronavirus-atualizacao-de-24-03-2020\/ http:\/\/ccs2.ufpel.edu.br\/wp\/2020\/03\/26\/grafico-da-evolucao-temporal-do-coronavirus-atualizacao-de-25-03-2020\/ http:\/\/ccs2.ufpel.edu.br\/wp\/2020\/03\/27\/grafico-da-evolucao-temporal-do-coronavirus-atualizacao-de-26-03-2020\/ http:\/\/ccs2.ufpel.edu.br\/wp\/2020\/03\/31\/grafico-da-evolucao-temporal-do-coronavirus-atualizacao-de-30-03-2020\/ http:\/\/ccs2.ufpel.edu.br\/wp\/2020\/04\/01\/grafico-da-evolucao-temporal-do-coronavirus-atualizacao-de-31-03-2020\/ http:\/\/ccs2.ufpel.edu.br\/wp\/2020\/04\/02\/modelagem-matematica-do-covid-19-atualizacao-de-02-04-2020\/ http:\/\/ccs2.ufpel.edu.br\/wp\/2020\/04\/07\/modelagem-matematica-do-covid-19-atualizacao-de-06-04-2020\/ https:\/\/wp.ufpel.edu.br\/fentransporte\/2020\/04\/09\/modelagem-matematica-do-covid-19-atualizacao-de-09-04-2020\/ http:\/\/ccs2.ufpel.edu.br\/wp\/2020\/04\/13\/modelagem-matematica-do-covid-19-atualizacao-de-13-04-2020\/ http:\/\/ccs2.ufpel.edu.br\/wp\/2020\/04\/17\/modelagem-matematica-do-covid-19-atualizacao-de-17-04-2020\/\u00a0 https:\/\/wp.ufpel.edu.br\/fentransporte\/2020\/04\/24\/modelagem-matematica-do-covid-19-atualizacao-de-24-04-2020\/ &hellip; <\/p>\n<p><a class=\"more-link btn\" href=\"https:\/\/wp.ufpel.edu.br\/fentransporte\/na-midia-covid19\/\">Continue lendo<\/a><\/p>\n","protected":false},"author":516,"featured_media":0,"parent":0,"menu_order":0,"comment_status":"closed","ping_status":"closed","template":"","meta":{"footnotes":""},"class_list":["post-1148","page","type-page","status-publish","hentry","nodate","item-wrap"],"jetpack_sharing_enabled":true,"_links":{"self":[{"href":"https:\/\/wp.ufpel.edu.br\/fentransporte\/wp-json\/wp\/v2\/pages\/1148","targetHints":{"allow":["GET"]}}],"collection":[{"href":"https:\/\/wp.ufpel.edu.br\/fentransporte\/wp-json\/wp\/v2\/pages"}],"about":[{"href":"https:\/\/wp.ufpel.edu.br\/fentransporte\/wp-json\/wp\/v2\/types\/page"}],"author":[{"embeddable":true,"href":"https:\/\/wp.ufpel.edu.br\/fentransporte\/wp-json\/wp\/v2\/users\/516"}],"replies":[{"embeddable":true,"href":"https:\/\/wp.ufpel.edu.br\/fentransporte\/wp-json\/wp\/v2\/comments?post=1148"}],"version-history":[{"count":32,"href":"https:\/\/wp.ufpel.edu.br\/fentransporte\/wp-json\/wp\/v2\/pages\/1148\/revisions"}],"predecessor-version":[{"id":2468,"href":"https:\/\/wp.ufpel.edu.br\/fentransporte\/wp-json\/wp\/v2\/pages\/1148\/revisions\/2468"}],"wp:attachment":[{"href":"https:\/\/wp.ufpel.edu.br\/fentransporte\/wp-json\/wp\/v2\/media?parent=1148"}],"curies":[{"name":"wp","href":"https:\/\/api.w.org\/{rel}","templated":true}]}}