{"id":108,"date":"2020-04-01T18:15:18","date_gmt":"2020-04-01T21:15:18","guid":{"rendered":"https:\/\/wp.ufpel.edu.br\/fentransporte\/?page_id=108"},"modified":"2024-07-01T22:33:04","modified_gmt":"2024-07-02T01:33:04","slug":"bolsistas","status":"publish","type":"page","link":"https:\/\/wp.ufpel.edu.br\/fentransporte\/bolsistas\/","title":{"rendered":"Pesquisadores j\u00fanior"},"content":{"rendered":"<p><strong>Discentes mestrado 2024:<\/strong><\/p>\n<p>Al\u00e9xia Rodrigues de Faria (Modelos epidemiol\u00f3gicos)<\/p>\n<p>Aline de Souza Muniz (Aplica\u00e7\u00e3o em Veterin\u00e1ria)<\/p>\n<p>Aquiles Almeida Ribeiro (engenharia nuclear)<\/p>\n<p>Ana Maria Bersch Domingues (Trocadores de calor)<\/p>\n<p>Danildo Jos\u00e9 Nhaga (Mudan\u00e7as clim\u00e1ticas)<\/p>\n<p>Fernanda Batista da Silva (Redes neurais)<\/p>\n<p>Jonatan Eduardo M\u00fcnchow (Dispers\u00e3o de poluentes)<\/p>\n<p>Josiane Konradt (Meios Porosos)<\/p>\n<p>Jorge Luiz de Mello Caurio Junior (engenharia nuclear)<\/p>\n<p>Leonardo Ferreira dos Santos (Modelos epidemiol\u00f3gicos)<\/p>\n<p>Maria da Gra\u00e7a da Rosa Farias (Modelos epidemiol\u00f3gicos)<\/p>\n<p>&nbsp;<\/p>\n<p><strong>Discentes gradua\u00e7\u00e3o 2024:\u00a0<\/strong><\/p>\n<p>Jo\u00e3o Gabriel Piraine Bandeira<\/p>\n<p>Vin\u00edcius Ferrucci Taveiros<\/p>\n<p>Felipe Augusto Silva Martins<\/p>\n<p>Linda Romero Gama<\/p>\n<p>Bruna Mendes Vera<\/p>\n<p>&nbsp;<\/p>\n<p><strong>Egressos:<\/strong><\/p>\n<p>Andr\u00e9 Rickes (Dispers\u00e3o de poluentes)<\/p>\n<p>Ant\u00f4nio Marcos de Oliveira dos Santos (Modelos epidemiol\u00f3gicos)<\/p>\n<p>Bianca Kernbeis dos Santos (Mudan\u00e7as clim\u00e1ticas)<\/p>\n<p>Carolina Pinz Medronha (Dispers\u00e3o de poluentes)<\/p>\n<p>Camila F\u00e1vero (Dispers\u00e3o de poluentes)<\/p>\n<p>C\u00e9sar Magno Leite de Oliveira Junior (Energia e\u00f3lica)<\/p>\n<p>Danieli Morales de Lima Martins (Biocombust\u00edveis)<\/p>\n<p>Dominiki Ribas dos Santos (Dispers\u00e3o de poluentes)<\/p>\n<p>Eduardo de S\u00e1 Bueno N\u00f3brega (Teoria construtal)<\/p>\n<p>Evanildo Franco de Jesus (Biocombust\u00edveis)<\/p>\n<p>Felipe Copceski Rossato (Redes neurais)<\/p>\n<p>Fernanda Tumelero (Engenharia Nuclear)<\/p>\n<p>Franciele da Costa Trassante (Trocadores de calor)<\/p>\n<p>Guilherme Lu\u00eds Mello Ribeiro (Assimila\u00e7\u00e3o de dados)<\/p>\n<p>Gustavo Braz Kurz (Modelo de \u00e1guas rasas)<\/p>\n<p>Jaime Conte Zandona (Engenharia nuclear)<\/p>\n<p>Jessica Kanopp dos Reis (Dispers\u00e3o de poluentes)<\/p>\n<p>Jonatas dos Santos Voese (Lan\u00e7amento de foguetes)<\/p>\n<p>Jonathan Ribeiro da Costa (Biocombust\u00edveis)<\/p>\n<p>Jorge Luis Braga Ribes (Dispers\u00e3o de poluentes)<\/p>\n<p>Juliana Avila Contreira (Transfer\u00eancia de calor)<\/p>\n<p>Larri Silveira Pereira (Assimila\u00e7\u00e3o de dados)<\/p>\n<p>Leandro Mesquita (Teoria construtal)<\/p>\n<p>Leonardo Mathias Alves de Leon (Energia e\u00f3lica)<\/p>\n<p>Letiane Ludwig Mielke (Modelos epidemiol\u00f3gicos)<\/p>\n<p>Let\u00edcia Machado Kaufmann (Biocombust\u00edveis)<\/p>\n<p>Lisandra Pitol (Modelos epidemiol\u00f3gicos)<\/p>\n<p>Lorenzo Concei\u00e7\u00e3o Lima Valente\u00a0 (Trocadores de calor)<\/p>\n<p>Luana Lazzari (Engenharia nuclear)<\/p>\n<p>Lucas da Costa Berna (Dispers\u00e3o de poluentes)<\/p>\n<p>Lucas Lucena Ferreira (Trocadores de calor)<\/p>\n<p>Lucas Tadeo (Dispers\u00e3o de poluentes)<\/p>\n<p>Lusianny Pereira Herzog (Engenharia de produ\u00e7\u00e3o)<\/p>\n<p>Marcos Antonio Carraro (Dispers\u00e3o de poluentes)<\/p>\n<p>Marcos Vin\u00edcius Henriques dos Santos (Transfer\u00eancia de calor)<\/p>\n<p>Marcos Burlon Olivera (Teoria construtal)<\/p>\n<p>Matheus Gularte Tavares (Engenharia nuclear)<\/p>\n<p>Michele Soares Netto (Teoria construtal)<\/p>\n<p>Milena Rodrigues Oliveira (Modelos epidemiol\u00f3gicos)<\/p>\n<p>Nat\u00e1lia Barros Schaun (Engenharia nuclear)<\/p>\n<p>Nibia Navarro (Teoria construtal)<\/p>\n<p>N\u00edvea Maria Barreto Nunes Oleques (Energia e\u00f3lica)<\/p>\n<p>No\u00e9 Franco de Jesus (Engenharia nuclear)<\/p>\n<p>Patrick Garcia Machado (Teoria construtal)<\/p>\n<p>P\u00e9tra Thalia de Toni (Transcal)<\/p>\n<p>Rafael Zanovelo Perin (\u00c1guas rasas)<\/p>\n<p>Rafaela Sehnem (Biocombust\u00edveis)<\/p>\n<p>Renata Engr\u00e1cio de Oliveira (Corpos h\u00eddricos)<\/p>\n<p>Rodrigo Zanette (Engenharia nuclear)<\/p>\n<p>Tamires Bojjis da Costa (Engenharia geol\u00f3gica)<\/p>\n<p>Tamires Fonseca de Almeida (Dispers\u00e3o de poluentes)<\/p>\n<p>Silvana Barbosa Costa Garcia (Corpos h\u00eddricos)<\/p>\n<p>&nbsp;<\/p>\n<p>&nbsp;<\/p>\n<p>&nbsp;<\/p>\n<p>&nbsp;<\/p>\n<p>&nbsp;<\/p>\n<p>&nbsp;<\/p>\n<p>&nbsp;<\/p>\n<p>&nbsp;<\/p>\n<p>&nbsp;<\/p>\n<p>&nbsp;<\/p>\n<p>&nbsp;<\/p>\n<p>&nbsp;<\/p>\n<p>&nbsp;<\/p>\n<p>&nbsp;<\/p>\n<p>&nbsp;<\/p>\n","protected":false},"excerpt":{"rendered":"<p>Discentes mestrado 2024: Al\u00e9xia Rodrigues de Faria (Modelos epidemiol\u00f3gicos) Aline de Souza Muniz (Aplica\u00e7\u00e3o em Veterin\u00e1ria) Aquiles Almeida Ribeiro (engenharia nuclear) Ana Maria Bersch Domingues (Trocadores de calor) Danildo Jos\u00e9 Nhaga (Mudan\u00e7as clim\u00e1ticas) Fernanda Batista da Silva (Redes neurais) Jonatan Eduardo M\u00fcnchow (Dispers\u00e3o de poluentes) Josiane Konradt (Meios Porosos) Jorge Luiz de Mello Caurio Junior &hellip; <\/p>\n<p><a class=\"more-link btn\" href=\"https:\/\/wp.ufpel.edu.br\/fentransporte\/bolsistas\/\">Continue lendo<\/a><\/p>\n","protected":false},"author":516,"featured_media":0,"parent":0,"menu_order":0,"comment_status":"closed","ping_status":"closed","template":"","meta":{"footnotes":""},"class_list":["post-108","page","type-page","status-publish","hentry","nodate","item-wrap"],"jetpack_sharing_enabled":true,"_links":{"self":[{"href":"https:\/\/wp.ufpel.edu.br\/fentransporte\/wp-json\/wp\/v2\/pages\/108","targetHints":{"allow":["GET"]}}],"collection":[{"href":"https:\/\/wp.ufpel.edu.br\/fentransporte\/wp-json\/wp\/v2\/pages"}],"about":[{"href":"https:\/\/wp.ufpel.edu.br\/fentransporte\/wp-json\/wp\/v2\/types\/page"}],"author":[{"embeddable":true,"href":"https:\/\/wp.ufpel.edu.br\/fentransporte\/wp-json\/wp\/v2\/users\/516"}],"replies":[{"embeddable":true,"href":"https:\/\/wp.ufpel.edu.br\/fentransporte\/wp-json\/wp\/v2\/comments?post=108"}],"version-history":[{"count":19,"href":"https:\/\/wp.ufpel.edu.br\/fentransporte\/wp-json\/wp\/v2\/pages\/108\/revisions"}],"predecessor-version":[{"id":2537,"href":"https:\/\/wp.ufpel.edu.br\/fentransporte\/wp-json\/wp\/v2\/pages\/108\/revisions\/2537"}],"wp:attachment":[{"href":"https:\/\/wp.ufpel.edu.br\/fentransporte\/wp-json\/wp\/v2\/media?parent=108"}],"curies":[{"name":"wp","href":"https:\/\/api.w.org\/{rel}","templated":true}]}}