{"id":86,"date":"2016-06-29T17:10:35","date_gmt":"2016-06-29T20:10:35","guid":{"rendered":"https:\/\/wp.ufpel.edu.br\/fen\/?page_id=86"},"modified":"2023-03-09T09:54:50","modified_gmt":"2023-03-09T12:54:50","slug":"john","status":"publish","type":"page","link":"https:\/\/wp.ufpel.edu.br\/fen\/manuais-regimentos\/john\/","title":{"rendered":"Dire\u00e7\u00e3o"},"content":{"rendered":"<p>Escrever um breve hist\u00f3rico<\/p>\n","protected":false},"excerpt":{"rendered":"<p>Escrever um breve hist\u00f3rico<\/p>\n","protected":false},"author":621,"featured_media":0,"parent":1477,"menu_order":0,"comment_status":"closed","ping_status":"closed","template":"","meta":{"footnotes":""},"class_list":["post-86","page","type-page","status-publish","hentry"],"_links":{"self":[{"href":"https:\/\/wp.ufpel.edu.br\/fen\/wp-json\/wp\/v2\/pages\/86","targetHints":{"allow":["GET"]}}],"collection":[{"href":"https:\/\/wp.ufpel.edu.br\/fen\/wp-json\/wp\/v2\/pages"}],"about":[{"href":"https:\/\/wp.ufpel.edu.br\/fen\/wp-json\/wp\/v2\/types\/page"}],"author":[{"embeddable":true,"href":"https:\/\/wp.ufpel.edu.br\/fen\/wp-json\/wp\/v2\/users\/621"}],"replies":[{"embeddable":true,"href":"https:\/\/wp.ufpel.edu.br\/fen\/wp-json\/wp\/v2\/comments?post=86"}],"version-history":[{"count":2,"href":"https:\/\/wp.ufpel.edu.br\/fen\/wp-json\/wp\/v2\/pages\/86\/revisions"}],"predecessor-version":[{"id":435,"href":"https:\/\/wp.ufpel.edu.br\/fen\/wp-json\/wp\/v2\/pages\/86\/revisions\/435"}],"up":[{"embeddable":true,"href":"https:\/\/wp.ufpel.edu.br\/fen\/wp-json\/wp\/v2\/pages\/1477"}],"wp:attachment":[{"href":"https:\/\/wp.ufpel.edu.br\/fen\/wp-json\/wp\/v2\/media?parent=86"}],"curies":[{"name":"wp","href":"https:\/\/api.w.org\/{rel}","templated":true}]}}