{"id":502,"date":"2018-10-01T11:07:14","date_gmt":"2018-10-01T14:07:14","guid":{"rendered":"https:\/\/wp.ufpel.edu.br\/fen\/?page_id=502"},"modified":"2018-10-01T11:07:14","modified_gmt":"2018-10-01T14:07:14","slug":"noticias","status":"publish","type":"page","link":"https:\/\/wp.ufpel.edu.br\/fen\/noticias\/","title":{"rendered":"Not\u00edcias"},"content":{"rendered":"<p><strong>Suspens\u00e3o Encerrada<\/strong><\/p>\n<p>Informamos que o CEP UFPEL &#8211; Faculdade de Enfermagem da Universidade Federal de Pelotas teve sua <strong>suspens\u00e3o encerrada<\/strong>. O Comit\u00ea continuar\u00e1 realizando suas atividades atuais por mais dois anos e est\u00e1 liberado para receber novos protocolos para aprecia\u00e7\u00e3o.<\/p>\n<p>Atenciosamente,<\/p>\n<p>&nbsp;<\/p>\n<p>Comit\u00ea de \u00c9tica em Pesquisa &#8211; FEn\/UFPel<\/p>\n","protected":false},"excerpt":{"rendered":"<p>Suspens\u00e3o Encerrada Informamos que o CEP UFPEL &#8211; Faculdade de Enfermagem da Universidade Federal de Pelotas teve sua suspens\u00e3o encerrada. O Comit\u00ea continuar\u00e1 realizando suas atividades atuais por mais dois anos e est\u00e1 liberado para receber novos protocolos para aprecia\u00e7\u00e3o. Atenciosamente, &nbsp; Comit\u00ea de \u00c9tica em Pesquisa &#8211; FEn\/UFPel<\/p>\n","protected":false},"author":621,"featured_media":0,"parent":0,"menu_order":0,"comment_status":"closed","ping_status":"closed","template":"","meta":{"footnotes":""},"class_list":["post-502","page","type-page","status-publish","hentry"],"_links":{"self":[{"href":"https:\/\/wp.ufpel.edu.br\/fen\/wp-json\/wp\/v2\/pages\/502","targetHints":{"allow":["GET"]}}],"collection":[{"href":"https:\/\/wp.ufpel.edu.br\/fen\/wp-json\/wp\/v2\/pages"}],"about":[{"href":"https:\/\/wp.ufpel.edu.br\/fen\/wp-json\/wp\/v2\/types\/page"}],"author":[{"embeddable":true,"href":"https:\/\/wp.ufpel.edu.br\/fen\/wp-json\/wp\/v2\/users\/621"}],"replies":[{"embeddable":true,"href":"https:\/\/wp.ufpel.edu.br\/fen\/wp-json\/wp\/v2\/comments?post=502"}],"version-history":[{"count":1,"href":"https:\/\/wp.ufpel.edu.br\/fen\/wp-json\/wp\/v2\/pages\/502\/revisions"}],"predecessor-version":[{"id":504,"href":"https:\/\/wp.ufpel.edu.br\/fen\/wp-json\/wp\/v2\/pages\/502\/revisions\/504"}],"wp:attachment":[{"href":"https:\/\/wp.ufpel.edu.br\/fen\/wp-json\/wp\/v2\/media?parent=502"}],"curies":[{"name":"wp","href":"https:\/\/api.w.org\/{rel}","templated":true}]}}