{"id":490,"date":"2018-09-28T16:24:08","date_gmt":"2018-09-28T19:24:08","guid":{"rendered":"https:\/\/wp.ufpel.edu.br\/fen\/?page_id=490"},"modified":"2018-09-28T16:24:08","modified_gmt":"2018-09-28T19:24:08","slug":"membros","status":"publish","type":"page","link":"https:\/\/wp.ufpel.edu.br\/fen\/membros\/","title":{"rendered":"Membros"},"content":{"rendered":"<p>COORDENA\u00c7\u00c3O:<\/p>\n<ul>\n<li>Marilu Correa Soares &#8211; Coordenadora<\/li>\n<li>Juliana Graciela Vestena Zillmer \u2013 Vice Coordenadora<\/li>\n<\/ul>\n<p>SECRET\u00c1RIO:<\/p>\n<ul>\n<li>Jonathan Dias Hardt<\/li>\n<\/ul>\n<p>MEMBROS:<\/p>\n<ul>\n<li>Ana Clara Correa Henning &#8211; Representante da Faculdade de Direito.<\/li>\n<li>Ivone da Gra\u00e7a Nunes Homrich (suplente) &#8211; Representante da Faculdade de Direito.<\/li>\n<li>Claudia das Neves Hiss\u00ea &#8211; Representante do Hospital Escola.<\/li>\n<li>Cristina Corr\u00eaa Kaufmann &#8211; Representante da Faculdade de Nutri\u00e7\u00e3o.<\/li>\n<li>Elizabete Helbig (suplente) &#8211; Representante da Faculdade de Nutri\u00e7\u00e3o.<\/li>\n<li>Cec\u00edlia Fernandes Lorea \u2013 Representante da Faculdade de Medicina.<\/li>\n<li>Daniela Lopes Leite &#8211; Representante da Embrapa Clima Temperado.<\/li>\n<li>Evandro Barbosa &#8211; Representante do Instituto de Filosofia, Sociologia e Pol\u00edtica.<\/li>\n<li>\u00c2ngela Tereza Xavier (Titular) &#8211; Representante dos Usu\u00e1rios &#8211; Conselho Municipal de Sa\u00fade.<\/li>\n<li>Ivon Fernandes Lopes (Titular) &#8211; Representante dos Usu\u00e1rios &#8211; Conselho Municipal de Sa\u00fade.<\/li>\n<li>Guilherme Emanuel Weiss Pinheiro (Titular) &#8211; Representante discente do Programa de P\u00f3s-Gradua\u00e7\u00e3o da Faculdade de Enfermagem.<\/li>\n<li>Francielly Zilli (suplente) &#8211; Representante discente do Programa de P\u00f3s-Gradua\u00e7\u00e3o da Faculdade de Enfermagem.<\/li>\n<li>Jana\u00edna Quinzen Willrich (Titular) &#8211; Representante da Faculdade de Enfermagem.<\/li>\n<li>Luiza Hences dos Santos &#8211; Representante discente da Faculdade de Enfermagem.<\/li>\n<li>J\u00falia Lima Grellert (suplente) &#8211; Representante discente da Faculdade de Enfermagem.<\/li>\n<li>S\u00edglia Pimentel H\u00f6her Camargo &#8211; Representante da Faculdade de Educa\u00e7\u00e3o.<\/li>\n<li>Miguel Alfredo Orth (suplente) &#8211; Representante da Faculdade de Educa\u00e7\u00e3o.<\/li>\n<\/ul>\n","protected":false},"excerpt":{"rendered":"<p>COORDENA\u00c7\u00c3O: Marilu Correa Soares &#8211; Coordenadora Juliana Graciela Vestena Zillmer \u2013 Vice Coordenadora SECRET\u00c1RIO: Jonathan Dias Hardt MEMBROS: Ana Clara Correa Henning &#8211; Representante da Faculdade de Direito. Ivone da Gra\u00e7a Nunes Homrich (suplente) &#8211; Representante da Faculdade de Direito. Claudia das Neves Hiss\u00ea &#8211; Representante do Hospital Escola. Cristina Corr\u00eaa Kaufmann &#8211; Representante da [&hellip;]<\/p>\n","protected":false},"author":621,"featured_media":0,"parent":0,"menu_order":0,"comment_status":"closed","ping_status":"closed","template":"","meta":{"footnotes":""},"class_list":["post-490","page","type-page","status-publish","hentry"],"_links":{"self":[{"href":"https:\/\/wp.ufpel.edu.br\/fen\/wp-json\/wp\/v2\/pages\/490","targetHints":{"allow":["GET"]}}],"collection":[{"href":"https:\/\/wp.ufpel.edu.br\/fen\/wp-json\/wp\/v2\/pages"}],"about":[{"href":"https:\/\/wp.ufpel.edu.br\/fen\/wp-json\/wp\/v2\/types\/page"}],"author":[{"embeddable":true,"href":"https:\/\/wp.ufpel.edu.br\/fen\/wp-json\/wp\/v2\/users\/621"}],"replies":[{"embeddable":true,"href":"https:\/\/wp.ufpel.edu.br\/fen\/wp-json\/wp\/v2\/comments?post=490"}],"version-history":[{"count":1,"href":"https:\/\/wp.ufpel.edu.br\/fen\/wp-json\/wp\/v2\/pages\/490\/revisions"}],"predecessor-version":[{"id":492,"href":"https:\/\/wp.ufpel.edu.br\/fen\/wp-json\/wp\/v2\/pages\/490\/revisions\/492"}],"wp:attachment":[{"href":"https:\/\/wp.ufpel.edu.br\/fen\/wp-json\/wp\/v2\/media?parent=490"}],"curies":[{"name":"wp","href":"https:\/\/api.w.org\/{rel}","templated":true}]}}