{"id":468,"date":"2018-09-11T10:41:00","date_gmt":"2018-09-11T13:41:00","guid":{"rendered":"https:\/\/wp.ufpel.edu.br\/fen\/?page_id=468"},"modified":"2020-03-04T09:06:52","modified_gmt":"2020-03-04T12:06:52","slug":"comite-de-etica-em-pesquisa-cep","status":"publish","type":"page","link":"https:\/\/wp.ufpel.edu.br\/fen\/comite-de-etica-em-pesquisa-cep\/","title":{"rendered":"Comit\u00ea de \u00c9tica em Pesquisa &#8211; CEP"},"content":{"rendered":"<p>O Comit\u00ea de \u00c9tica em Pesquisa da Faculdade de Enfermagem da Universidade Federal de Pelotas (CEP_FEN\/UFPel) foi criado em 2008 e credenciado junto a Comiss\u00e3o Nacional de \u00c9tica em Pesquisa (CONEP) do Minist\u00e9rio da Sa\u00fade. \u00c9 um \u00f3rg\u00e3o independente e tem como objetivo avaliar e acompanhar os projetos de pesquisa realizados por pesquisadores, alunos e t\u00e9cnicos da Faculdade de Enfermagem e comunidade.<\/p>\n<p>A estrutura do Comit\u00ea est\u00e1 de acordo com a Resolu\u00e7\u00e3o 466\/2012 referente \u00e0s Diretrizes e Normas de Pesquisa em Seres Humanos do Conselho Nacional de Sa\u00fade. A composi\u00e7\u00e3o do CEP_FEN\/UFPel \u00e9 multiprofissional, contando com bi\u00f3logo, fil\u00f3sofo, psic\u00f3logo, enfermeiro, nutricionista, engenheiro agr\u00f4nomo, advogado, representante discente da gradua\u00e7\u00e3o e da p\u00f3s-gradua\u00e7\u00e3o e representante dos usu\u00e1rios indicado pelo Conselho Municipal de Sa\u00fade.<\/p>\n<p>As REUNI\u00d5ES ORDIN\u00c1RIAS acontecem na 3\u00aa segunda-feira de cada m\u00eas, das 13:45 \u00e0s 16:30, na Sala do Comit\u00ea de \u00c9tica em Pesquisa da Faculdade de Enfermagem da UFPel (Rua Gomes Carneiro N\u00ba 01, 2\u00ba andar, sala 212 A).Os projetos dever\u00e3o ser entregues no m\u00ednimo com 07 dias de anteced\u00eancia \u00e0 data da reuni\u00e3o pelo sistema Plataforma Brasil (plataformabrasil.saude.gov.br).<\/p>\n<p>Maiores informa\u00e7\u00f5es consulte:<\/p>\n<p><a href=\"http:\/\/feo.ufpel.edu.br\/pdf\/Resolucao_466_12.pdf\" target=\"_blank\" rel=\"noopener noreferrer\">Resolu\u00e7\u00e3o 466\/12<\/a><\/p>\n<p>www.conselho.saude.gov.br<\/p>\n<p>www.saude.gov.br\/sisnep<\/p>\n<p><a href=\"https:\/\/wp.ufpel.edu.br\/fen\/files\/2018\/09\/1-Manual-Pesquisador-Versa\u0303o-3.2-1.pdf\">Manual Pesquisador &#8211; Versa\u0303o 3.2<\/a><\/p>\n<p><a href=\"http:\/\/conselho.saude.gov.br\/images\/comissoes\/conep\/documentos\/NORMAS-RESOLUCOES\/Norma_Operacional_n_001-2013_Procedimento_Submisso_de_Projeto.pdf\" data-saferedirecturl=\"https:\/\/www.google.com\/url?q=http:\/\/conselho.saude.gov.br\/images\/comissoes\/conep\/documentos\/NORMAS-RESOLUCOES\/Norma_Operacional_n_001-2013_Procedimento_Submisso_de_Projeto.pdf&amp;source=gmail&amp;ust=1583408744921000&amp;usg=AFQjCNGkENURt3a36KEadYyFRsLK03lR9A\"><strong>Norma Operacional n\u00ba 001\/2013<\/strong><\/a><br \/>\n<a href=\"http:\/\/conselho.saude.gov.br\/images\/comissoes\/conep\/documentos\/NORMAS-RESOLUCOES\/Norma_Operacional_n_001-2013_Procedimento_Submisso_de_Projeto.pdf\" data-saferedirecturl=\"https:\/\/www.google.com\/url?q=http:\/\/conselho.saude.gov.br\/images\/comissoes\/conep\/documentos\/NORMAS-RESOLUCOES\/Norma_Operacional_n_001-2013_Procedimento_Submisso_de_Projeto.pdf&amp;source=gmail&amp;ust=1583408744921000&amp;usg=AFQjCNGkENURt3a36KEadYyFRsLK03lR9A\">Organiza\u00e7\u00e3o e funcionamento do Sistema CEP\/Conep e procedimentos para submiss\u00e3o,<\/a><br \/>\n<a href=\"http:\/\/conselho.saude.gov.br\/images\/comissoes\/conep\/documentos\/NORMAS-RESOLUCOES\/Norma_Operacional_n_001-2013_Procedimento_Submisso_de_Projeto.pdf\" data-saferedirecturl=\"https:\/\/www.google.com\/url?q=http:\/\/conselho.saude.gov.br\/images\/comissoes\/conep\/documentos\/NORMAS-RESOLUCOES\/Norma_Operacional_n_001-2013_Procedimento_Submisso_de_Projeto.pdf&amp;source=gmail&amp;ust=1583408744921000&amp;usg=AFQjCNGkENURt3a36KEadYyFRsLK03lR9A\">avalia\u00e7\u00e3o e acompanhamento do desenvolvimento da pesquisa envolvendo seres humanos no Brasil.<\/a><\/p>\n<p><a href=\"http:\/\/conselho.saude.gov.br\/images\/comissoes\/conep\/documentos\/NORMAS-RESOLUCOES\/Norma_Operacional_n_001-2013_Procedimento_Submisso_de_Projeto.pdf\" data-saferedirecturl=\"https:\/\/www.google.com\/url?q=http:\/\/conselho.saude.gov.br\/images\/comissoes\/conep\/documentos\/NORMAS-RESOLUCOES\/Norma_Operacional_n_001-2013_Procedimento_Submisso_de_Projeto.pdf&amp;source=gmail&amp;ust=1583408744921000&amp;usg=AFQjCNGkENURt3a36KEadYyFRsLK03lR9A\">http:\/\/conselho.saude.gov.br\/images\/comissoes\/conep\/documentos\/NORMAS-RESOLUCOES\/Norma_Operacional_n_001-2013_Procedimento_Submisso_de_Projeto.pdf<\/a><\/p>\n<p>&nbsp;<\/p>\n<p><a href=\"http:\/\/conselho.saude.gov.br\/images\/comissoes\/conep\/documentos\/NORMAS-RESOLUCOES\/Resoluo_n_580_-_2018_-__Pesquisas_Estratgicas_para_SUS.pdf\" data-saferedirecturl=\"https:\/\/www.google.com\/url?q=http:\/\/conselho.saude.gov.br\/images\/comissoes\/conep\/documentos\/NORMAS-RESOLUCOES\/Resoluo_n_580_-_2018_-__Pesquisas_Estratgicas_para_SUS.pdf&amp;source=gmail&amp;ust=1583408744921000&amp;usg=AFQjCNEoGoizst6EuIBj__2WUlmJ4IgfIA\"><strong>Resolu\u00e7\u00e3o n\u00ba 580\/2018<\/strong>\u00a0<\/a><br \/>\n<a href=\"http:\/\/conselho.saude.gov.br\/images\/comissoes\/conep\/documentos\/NORMAS-RESOLUCOES\/Resoluo_n_580_-_2018_-__Pesquisas_Estratgicas_para_SUS.pdf\" data-saferedirecturl=\"https:\/\/www.google.com\/url?q=http:\/\/conselho.saude.gov.br\/images\/comissoes\/conep\/documentos\/NORMAS-RESOLUCOES\/Resoluo_n_580_-_2018_-__Pesquisas_Estratgicas_para_SUS.pdf&amp;source=gmail&amp;ust=1583408744921000&amp;usg=AFQjCNEoGoizst6EuIBj__2WUlmJ4IgfIA\">Pesquisas Estrat\u00e9gicas para SUS.<\/a> <a href=\"http:\/\/conselho.saude.gov.br\/images\/comissoes\/conep\/documentos\/NORMAS-RESOLUCOES\/Resoluo_n_580_-_2018_-__Pesquisas_Estratgicas_para_SUS.pdf\" data-saferedirecturl=\"https:\/\/www.google.com\/url?q=http:\/\/conselho.saude.gov.br\/images\/comissoes\/conep\/documentos\/NORMAS-RESOLUCOES\/Resoluo_n_580_-_2018_-__Pesquisas_Estratgicas_para_SUS.pdf&amp;source=gmail&amp;ust=1583408744921000&amp;usg=AFQjCNEoGoizst6EuIBj__2WUlmJ4IgfIA\">http:\/\/conselho.saude.gov.br\/images\/comissoes\/conep\/documentos\/NORMAS-RESOLUCOES\/Resoluo_n_580_-_2018_-__Pesquisas_Estratgicas_para_SUS.pdf<\/a><\/p>\n<p>&nbsp;<\/p>\n<p><a href=\"http:\/\/conselho.saude.gov.br\/images\/comissoes\/conep\/documentos\/NORMAS-RESOLUCOES\/Resoluo_n_510_-_2016_-_Cincias_Humanas_e_Sociais.pdf\" data-saferedirecturl=\"https:\/\/www.google.com\/url?q=http:\/\/conselho.saude.gov.br\/images\/comissoes\/conep\/documentos\/NORMAS-RESOLUCOES\/Resoluo_n_510_-_2016_-_Cincias_Humanas_e_Sociais.pdf&amp;source=gmail&amp;ust=1583408744921000&amp;usg=AFQjCNESItyuo4VpLf7VfMc0HInFMYQ6Mg\"><strong>Resolu\u00e7\u00e3o n\u00ba 510\/2016<\/strong><\/a><br \/>\n<a href=\"http:\/\/conselho.saude.gov.br\/images\/comissoes\/conep\/documentos\/NORMAS-RESOLUCOES\/Resoluo_n_510_-_2016_-_Cincias_Humanas_e_Sociais.pdf\" data-saferedirecturl=\"https:\/\/www.google.com\/url?q=http:\/\/conselho.saude.gov.br\/images\/comissoes\/conep\/documentos\/NORMAS-RESOLUCOES\/Resoluo_n_510_-_2016_-_Cincias_Humanas_e_Sociais.pdf&amp;source=gmail&amp;ust=1583408744921000&amp;usg=AFQjCNESItyuo4VpLf7VfMc0HInFMYQ6Mg\">Normas aplic\u00e1veis a pesquisas em Ci\u00eancias Humanas e Sociais.<\/a><\/p>\n<p><a href=\"http:\/\/conselho.saude.gov.br\/images\/comissoes\/conep\/documentos\/NORMAS-RESOLUCOES\/Resoluo_n_510_-_2016_-_Cincias_Humanas_e_Sociais.pdf\" data-saferedirecturl=\"https:\/\/www.google.com\/url?q=http:\/\/conselho.saude.gov.br\/images\/comissoes\/conep\/documentos\/NORMAS-RESOLUCOES\/Resoluo_n_510_-_2016_-_Cincias_Humanas_e_Sociais.pdf&amp;source=gmail&amp;ust=1583408744921000&amp;usg=AFQjCNESItyuo4VpLf7VfMc0HInFMYQ6Mg\">http:\/\/conselho.saude.gov.br\/images\/comissoes\/conep\/documentos\/NORMAS-RESOLUCOES\/Resoluo_n_510_-_2016_-_Cincias_Humanas_e_Sociais.pdf<\/a><\/p>\n<p>&nbsp;<\/p>\n<p><a href=\"http:\/\/bvsms.saude.gov.br\/bvs\/saudelegis\/cns\/2013\/res0466_12_12_2012.html\" data-saferedirecturl=\"https:\/\/www.google.com\/url?q=http:\/\/bvsms.saude.gov.br\/bvs\/saudelegis\/cns\/2013\/res0466_12_12_2012.html&amp;source=gmail&amp;ust=1583408744921000&amp;usg=AFQjCNH0u4ApvwgA540-Tv1W9Af48Nrpxg\"><strong>Resolu\u00e7\u00e3o n\u00ba 466\/2012<\/strong><\/a><br \/>\n<a href=\"http:\/\/bvsms.saude.gov.br\/bvs\/saudelegis\/cns\/2013\/res0466_12_12_2012.html\" data-saferedirecturl=\"https:\/\/www.google.com\/url?q=http:\/\/bvsms.saude.gov.br\/bvs\/saudelegis\/cns\/2013\/res0466_12_12_2012.html&amp;source=gmail&amp;ust=1583408744921000&amp;usg=AFQjCNH0u4ApvwgA540-Tv1W9Af48Nrpxg\">Diretrizes e normas regulamentadoras de pesquisas envolvendo seres humanos.<\/a><\/p>\n<p><a href=\"http:\/\/bvsms.saude.gov.br\/bvs\/saudelegis\/cns\/2013\/res0466_12_12_2012.html\" data-saferedirecturl=\"https:\/\/www.google.com\/url?q=http:\/\/bvsms.saude.gov.br\/bvs\/saudelegis\/cns\/2013\/res0466_12_12_2012.html&amp;source=gmail&amp;ust=1583408744921000&amp;usg=AFQjCNH0u4ApvwgA540-Tv1W9Af48Nrpxg\">http:\/\/bvsms.saude.gov.br\/bvs\/saudelegis\/cns\/2013\/res0466_12_12_2012.html<\/a><\/p>\n<p>&nbsp;<\/p>\n<p><a href=\"http:\/\/conselho.saude.gov.br\/images\/comissoes\/conep\/documentos\/NORMAS-RESOLUCOES\/Resoluo_n_346_-_2005__-_Projetos_Multicntricos.pdf\" data-saferedirecturl=\"https:\/\/www.google.com\/url?q=http:\/\/conselho.saude.gov.br\/images\/comissoes\/conep\/documentos\/NORMAS-RESOLUCOES\/Resoluo_n_346_-_2005__-_Projetos_Multicntricos.pdf&amp;source=gmail&amp;ust=1583408744921000&amp;usg=AFQjCNHoA1ItL2DiEi9qZ6KF-VkMI6R9RA\"><strong>Resolu\u00e7\u00e3o n\u00ba 346\/2005<\/strong><\/a><br \/>\n<a href=\"http:\/\/conselho.saude.gov.br\/images\/comissoes\/conep\/documentos\/NORMAS-RESOLUCOES\/Resoluo_n_346_-_2005__-_Projetos_Multicntricos.pdf\" data-saferedirecturl=\"https:\/\/www.google.com\/url?q=http:\/\/conselho.saude.gov.br\/images\/comissoes\/conep\/documentos\/NORMAS-RESOLUCOES\/Resoluo_n_346_-_2005__-_Projetos_Multicntricos.pdf&amp;source=gmail&amp;ust=1583408744921000&amp;usg=AFQjCNHoA1ItL2DiEi9qZ6KF-VkMI6R9RA\">Tramita\u00e7\u00e3o de projetos de pesquisa multic\u00eantricos.<\/a><\/p>\n<p><a href=\"http:\/\/conselho.saude.gov.br\/images\/comissoes\/conep\/documentos\/NORMAS-RESOLUCOES\/Resoluo_n_346_-_2005__-_Projetos_Multicntricos.pdf\" data-saferedirecturl=\"https:\/\/www.google.com\/url?q=http:\/\/conselho.saude.gov.br\/images\/comissoes\/conep\/documentos\/NORMAS-RESOLUCOES\/Resoluo_n_346_-_2005__-_Projetos_Multicntricos.pdf&amp;source=gmail&amp;ust=1583408744921000&amp;usg=AFQjCNHoA1ItL2DiEi9qZ6KF-VkMI6R9RA\">http:\/\/conselho.saude.gov.br\/images\/comissoes\/conep\/documentos\/NORMAS-RESOLUCOES\/Resoluo_n_346_-_2005__-_Projetos_Multicntricos.pdf<\/a><\/p>\n<p>&nbsp;<\/p>\n<p><a href=\"http:\/\/conselho.saude.gov.br\/images\/comissoes\/conep\/documentos\/NORMAS-RESOLUCOES\/06._Resolu%C3%A7%C3%A3o_304_2000_Povos_Ind%C3%ADgenas.PDF\" data-saferedirecturl=\"https:\/\/www.google.com\/url?q=http:\/\/conselho.saude.gov.br\/images\/comissoes\/conep\/documentos\/NORMAS-RESOLUCOES\/06._Resolu%25C3%25A7%25C3%25A3o_304_2000_Povos_Ind%25C3%25ADgenas.PDF&amp;source=gmail&amp;ust=1583408744921000&amp;usg=AFQjCNEiXJZlSromko1MmcW-gJhd6q3k7w\"><strong>Resolu\u00e7\u00e3o n\u00ba 304\/2000<\/strong><\/a><br \/>\n<a href=\"http:\/\/conselho.saude.gov.br\/images\/comissoes\/conep\/documentos\/NORMAS-RESOLUCOES\/06._Resolu%C3%A7%C3%A3o_304_2000_Povos_Ind%C3%ADgenas.PDF\" data-saferedirecturl=\"https:\/\/www.google.com\/url?q=http:\/\/conselho.saude.gov.br\/images\/comissoes\/conep\/documentos\/NORMAS-RESOLUCOES\/06._Resolu%25C3%25A7%25C3%25A3o_304_2000_Povos_Ind%25C3%25ADgenas.PDF&amp;source=gmail&amp;ust=1583408744921000&amp;usg=AFQjCNEiXJZlSromko1MmcW-gJhd6q3k7w\">Normas para pesquisas envolvendo seres humanos \u00e1rea de povos ind\u00edgenas.<\/a><\/p>\n<p><a href=\"http:\/\/conselho.saude.gov.br\/images\/comissoes\/conep\/documentos\/NORMAS-RESOLUCOES\/06._Resolu%C3%A7%C3%A3o_304_2000_Povos_Ind%C3%ADgenas.PDF\" data-saferedirecturl=\"https:\/\/www.google.com\/url?q=http:\/\/conselho.saude.gov.br\/images\/comissoes\/conep\/documentos\/NORMAS-RESOLUCOES\/06._Resolu%25C3%25A7%25C3%25A3o_304_2000_Povos_Ind%25C3%25ADgenas.PDF&amp;source=gmail&amp;ust=1583408744922000&amp;usg=AFQjCNE4QCKXmMVNKFAw5ASfWDjUlXe3hw\">http:\/\/conselho.saude.gov.br\/images\/comissoes\/conep\/documentos\/NORMAS-RESOLUCOES\/06._Resolu%C3%A7%C3%A3o_304_2000_Povos_Ind%C3%ADgenas.PDF<\/a><\/p>\n<p>&nbsp;<\/p>\n","protected":false},"excerpt":{"rendered":"<p>O Comit\u00ea de \u00c9tica em Pesquisa da Faculdade de Enfermagem da Universidade Federal de Pelotas (CEP_FEN\/UFPel) foi criado em 2008 e credenciado junto a Comiss\u00e3o Nacional de \u00c9tica em Pesquisa (CONEP) do Minist\u00e9rio da Sa\u00fade. \u00c9 um \u00f3rg\u00e3o independente e tem como objetivo avaliar e acompanhar os projetos de pesquisa realizados por pesquisadores, alunos e [&hellip;]<\/p>\n","protected":false},"author":621,"featured_media":0,"parent":0,"menu_order":0,"comment_status":"closed","ping_status":"closed","template":"","meta":{"footnotes":""},"class_list":["post-468","page","type-page","status-publish","hentry"],"_links":{"self":[{"href":"https:\/\/wp.ufpel.edu.br\/fen\/wp-json\/wp\/v2\/pages\/468","targetHints":{"allow":["GET"]}}],"collection":[{"href":"https:\/\/wp.ufpel.edu.br\/fen\/wp-json\/wp\/v2\/pages"}],"about":[{"href":"https:\/\/wp.ufpel.edu.br\/fen\/wp-json\/wp\/v2\/types\/page"}],"author":[{"embeddable":true,"href":"https:\/\/wp.ufpel.edu.br\/fen\/wp-json\/wp\/v2\/users\/621"}],"replies":[{"embeddable":true,"href":"https:\/\/wp.ufpel.edu.br\/fen\/wp-json\/wp\/v2\/comments?post=468"}],"version-history":[{"count":7,"href":"https:\/\/wp.ufpel.edu.br\/fen\/wp-json\/wp\/v2\/pages\/468\/revisions"}],"predecessor-version":[{"id":600,"href":"https:\/\/wp.ufpel.edu.br\/fen\/wp-json\/wp\/v2\/pages\/468\/revisions\/600"}],"wp:attachment":[{"href":"https:\/\/wp.ufpel.edu.br\/fen\/wp-json\/wp\/v2\/media?parent=468"}],"curies":[{"name":"wp","href":"https:\/\/api.w.org\/{rel}","templated":true}]}}