{"id":444,"date":"2018-04-03T09:44:41","date_gmt":"2018-04-03T12:44:41","guid":{"rendered":"https:\/\/wp.ufpel.edu.br\/fen\/?page_id=444"},"modified":"2018-04-03T10:14:21","modified_gmt":"2018-04-03T13:14:21","slug":"servidores-tecnico-administrativo-em-educacao","status":"publish","type":"page","link":"https:\/\/wp.ufpel.edu.br\/fen\/servidores-tecnico-administrativo-em-educacao\/","title":{"rendered":"Servidores T\u00e9cnico-Administrativo em Educa\u00e7\u00e3o"},"content":{"rendered":"<table style=\"height: 609px\" width=\"405\">\n<tbody>\n<tr>\n<td width=\"269\">AUGUSTO DOMINGUES ALMEIDA<\/td>\n<\/tr>\n<tr>\n<td width=\"269\">CLAUDIA MEDEIROS CENTENO GALLO<\/td>\n<\/tr>\n<tr>\n<td width=\"269\">DANIELA CORREA PEREIRA<\/td>\n<\/tr>\n<tr>\n<td width=\"269\">EVELYN DE CASTRO ROBALLO<\/td>\n<\/tr>\n<tr>\n<td width=\"269\">GIANI DA CUNHA DUARTE<\/td>\n<\/tr>\n<tr>\n<td width=\"269\">GILMAR GUTERRES ORTIZ<\/td>\n<\/tr>\n<tr>\n<td width=\"269\">JONATHAN DIAS HARDT<\/td>\n<\/tr>\n<tr>\n<td width=\"269\">JULIANA MARTINO ROTH<\/td>\n<\/tr>\n<tr>\n<td width=\"269\">LUCIANO SANTOS GENTILINI<\/td>\n<\/tr>\n<tr>\n<td width=\"269\">ODETE TERESINHA PONCIANO DE ALMEIDA<\/td>\n<\/tr>\n<tr>\n<td width=\"269\">PABLO VIANA STOLZ<\/td>\n<\/tr>\n<tr>\n<td width=\"269\">RENATA CUNHA DA SILVA<\/td>\n<\/tr>\n<tr>\n<td width=\"269\">RITA LILIANA BANDEIRA ALVES<\/td>\n<\/tr>\n<tr>\n<td width=\"269\">RODRIGO DA ROSA OLIVEIRA<\/td>\n<\/tr>\n<tr>\n<td width=\"269\">SUEINE VALADAO DA ROSA<\/td>\n<\/tr>\n<tr>\n<td width=\"269\">TATIANE MACHADO DA SILVA SOARES<\/td>\n<\/tr>\n<tr>\n<td width=\"269\">VINICIUS BOLDT DOS SANTOS<\/td>\n<\/tr>\n<\/tbody>\n<\/table>\n<p>&nbsp;<\/p>\n","protected":false},"excerpt":{"rendered":"<p>AUGUSTO DOMINGUES ALMEIDA CLAUDIA MEDEIROS CENTENO GALLO DANIELA CORREA PEREIRA EVELYN DE CASTRO ROBALLO GIANI DA CUNHA DUARTE GILMAR GUTERRES ORTIZ JONATHAN DIAS HARDT JULIANA MARTINO ROTH LUCIANO SANTOS GENTILINI ODETE TERESINHA PONCIANO DE ALMEIDA PABLO VIANA STOLZ RENATA CUNHA DA SILVA RITA LILIANA BANDEIRA ALVES RODRIGO DA ROSA OLIVEIRA SUEINE VALADAO DA ROSA TATIANE [&hellip;]<\/p>\n","protected":false},"author":621,"featured_media":0,"parent":0,"menu_order":0,"comment_status":"closed","ping_status":"closed","template":"","meta":{"footnotes":""},"class_list":["post-444","page","type-page","status-publish","hentry"],"_links":{"self":[{"href":"https:\/\/wp.ufpel.edu.br\/fen\/wp-json\/wp\/v2\/pages\/444","targetHints":{"allow":["GET"]}}],"collection":[{"href":"https:\/\/wp.ufpel.edu.br\/fen\/wp-json\/wp\/v2\/pages"}],"about":[{"href":"https:\/\/wp.ufpel.edu.br\/fen\/wp-json\/wp\/v2\/types\/page"}],"author":[{"embeddable":true,"href":"https:\/\/wp.ufpel.edu.br\/fen\/wp-json\/wp\/v2\/users\/621"}],"replies":[{"embeddable":true,"href":"https:\/\/wp.ufpel.edu.br\/fen\/wp-json\/wp\/v2\/comments?post=444"}],"version-history":[{"count":2,"href":"https:\/\/wp.ufpel.edu.br\/fen\/wp-json\/wp\/v2\/pages\/444\/revisions"}],"predecessor-version":[{"id":447,"href":"https:\/\/wp.ufpel.edu.br\/fen\/wp-json\/wp\/v2\/pages\/444\/revisions\/447"}],"wp:attachment":[{"href":"https:\/\/wp.ufpel.edu.br\/fen\/wp-json\/wp\/v2\/media?parent=444"}],"curies":[{"name":"wp","href":"https:\/\/api.w.org\/{rel}","templated":true}]}}