{"id":440,"date":"2018-04-03T08:57:15","date_gmt":"2018-04-03T11:57:15","guid":{"rendered":"https:\/\/wp.ufpel.edu.br\/fen\/?page_id=440"},"modified":"2025-06-11T11:28:41","modified_gmt":"2025-06-11T14:28:41","slug":"contato","status":"publish","type":"page","link":"https:\/\/wp.ufpel.edu.br\/fen\/contato\/","title":{"rendered":"Contato"},"content":{"rendered":"<p>Secretaria da Dire\u00e7\u00e3o:\u00a0 (53) 32843820 &#8211; e-mail: feo-dir@ufpel.edu.br<\/p>\n<p>Colegiado de Curso: (53) 32843825 &#8211; e-mail: enfermagemcolegiado@gmail.com<\/p>\n<p>Departamento de Enfermagem em Sa\u00fade Coletiva &#8211; DESC: (53) 32843825<\/p>\n<p>Departamento de Enfermagem Hospitalar na Rede de Aten\u00e7\u00e3o \u00e0 Sa\u00fade &#8211; DEHRAS: (53) 32843825<\/p>\n<p>Laborat\u00f3rios: (53) 32843824<\/p>\n","protected":false},"excerpt":{"rendered":"<p>Secretaria da Dire\u00e7\u00e3o:\u00a0 (53) 32843820 &#8211; e-mail: feo-dir@ufpel.edu.br Colegiado de Curso: (53) 32843825 &#8211; e-mail: enfermagemcolegiado@gmail.com Departamento de Enfermagem em Sa\u00fade Coletiva &#8211; DESC: (53) 32843825 Departamento de Enfermagem Hospitalar na Rede de Aten\u00e7\u00e3o \u00e0 Sa\u00fade &#8211; DEHRAS: (53) 32843825 Laborat\u00f3rios: (53) 32843824<\/p>\n","protected":false},"author":621,"featured_media":0,"parent":0,"menu_order":0,"comment_status":"closed","ping_status":"closed","template":"","meta":{"footnotes":""},"class_list":["post-440","page","type-page","status-publish","hentry"],"_links":{"self":[{"href":"https:\/\/wp.ufpel.edu.br\/fen\/wp-json\/wp\/v2\/pages\/440","targetHints":{"allow":["GET"]}}],"collection":[{"href":"https:\/\/wp.ufpel.edu.br\/fen\/wp-json\/wp\/v2\/pages"}],"about":[{"href":"https:\/\/wp.ufpel.edu.br\/fen\/wp-json\/wp\/v2\/types\/page"}],"author":[{"embeddable":true,"href":"https:\/\/wp.ufpel.edu.br\/fen\/wp-json\/wp\/v2\/users\/621"}],"replies":[{"embeddable":true,"href":"https:\/\/wp.ufpel.edu.br\/fen\/wp-json\/wp\/v2\/comments?post=440"}],"version-history":[{"count":2,"href":"https:\/\/wp.ufpel.edu.br\/fen\/wp-json\/wp\/v2\/pages\/440\/revisions"}],"predecessor-version":[{"id":1961,"href":"https:\/\/wp.ufpel.edu.br\/fen\/wp-json\/wp\/v2\/pages\/440\/revisions\/1961"}],"wp:attachment":[{"href":"https:\/\/wp.ufpel.edu.br\/fen\/wp-json\/wp\/v2\/media?parent=440"}],"curies":[{"name":"wp","href":"https:\/\/api.w.org\/{rel}","templated":true}]}}