{"id":1488,"date":"2023-03-09T10:04:41","date_gmt":"2023-03-09T13:04:41","guid":{"rendered":"https:\/\/wp.ufpel.edu.br\/fen\/?page_id=1488"},"modified":"2023-03-09T10:11:51","modified_gmt":"2023-03-09T13:11:51","slug":"manual-de-plantas-medicinais-na-saude-da-mulher-no-periodo-gravidico-puerperal","status":"publish","type":"page","link":"https:\/\/wp.ufpel.edu.br\/fen\/manual-de-plantas-medicinais-na-saude-da-mulher-no-periodo-gravidico-puerperal\/","title":{"rendered":"Manual de Plantas Medicinais na sa\u00fade da Mulher no per\u00edodo grav\u00eddico-pu\u00e9rperal"},"content":{"rendered":"<p><a href=\"https:\/\/wp.ufpel.edu.br\/fen\/files\/2023\/03\/Manual_Plantas-medicinais-na-sau\u0301de-da-mulher-no-peri\u0301odo-gravi\u0301dico-puerperal.pdf\">Manual_Plantas medicinais na sau\u0301de da mulher no peri\u0301odo gravi\u0301dico-puerperal<\/a><\/p>\n","protected":false},"excerpt":{"rendered":"<p>Manual_Plantas medicinais na sau\u0301de da mulher no peri\u0301odo gravi\u0301dico-puerperal<\/p>\n","protected":false},"author":621,"featured_media":0,"parent":0,"menu_order":0,"comment_status":"closed","ping_status":"closed","template":"","meta":{"footnotes":""},"class_list":["post-1488","page","type-page","status-publish","hentry"],"_links":{"self":[{"href":"https:\/\/wp.ufpel.edu.br\/fen\/wp-json\/wp\/v2\/pages\/1488","targetHints":{"allow":["GET"]}}],"collection":[{"href":"https:\/\/wp.ufpel.edu.br\/fen\/wp-json\/wp\/v2\/pages"}],"about":[{"href":"https:\/\/wp.ufpel.edu.br\/fen\/wp-json\/wp\/v2\/types\/page"}],"author":[{"embeddable":true,"href":"https:\/\/wp.ufpel.edu.br\/fen\/wp-json\/wp\/v2\/users\/621"}],"replies":[{"embeddable":true,"href":"https:\/\/wp.ufpel.edu.br\/fen\/wp-json\/wp\/v2\/comments?post=1488"}],"version-history":[{"count":2,"href":"https:\/\/wp.ufpel.edu.br\/fen\/wp-json\/wp\/v2\/pages\/1488\/revisions"}],"predecessor-version":[{"id":1496,"href":"https:\/\/wp.ufpel.edu.br\/fen\/wp-json\/wp\/v2\/pages\/1488\/revisions\/1496"}],"wp:attachment":[{"href":"https:\/\/wp.ufpel.edu.br\/fen\/wp-json\/wp\/v2\/media?parent=1488"}],"curies":[{"name":"wp","href":"https:\/\/api.w.org\/{rel}","templated":true}]}}