{"id":36,"date":"2017-03-31T14:24:42","date_gmt":"2017-03-31T17:24:42","guid":{"rendered":"https:\/\/wp.ufpel.edu.br\/felinamente\/?page_id=36"},"modified":"2019-01-25T16:01:06","modified_gmt":"2019-01-25T18:01:06","slug":"sites","status":"publish","type":"page","link":"https:\/\/wp.ufpel.edu.br\/felinamente\/sites\/","title":{"rendered":"Internet"},"content":{"rendered":"<p><a href=\"https:\/\/www.facebook.com\/ANDAnews\/\">Ag\u00eancia de Not\u00edcias de Direitos Animais<\/a><\/p>\n<p><a href=\"https:\/\/www.facebook.com\/Alexandreprossi\/\">Alexandre Rossi<\/a><\/p>\n<p><a href=\"https:\/\/www.facebook.com\/amigosdolixao\/\">Amigos do Lix\u00e3o\/Pelotas<\/a><\/p>\n<p><a href=\"https:\/\/www.facebook.com\/arcaoficial\/\">Arca Brasil<\/a><\/p>\n<p><a href=\"https:\/\/www.facebook.com\/cesar.millan\/\">Cesar Millan<\/a><\/p>\n<p><a href=\"http:\/\/www.cfmv.gov.br\">Conselho Federal de Medicina Veterin\u00e1ria<\/a><\/p>\n<p><a href=\"https:\/\/www.facebook.com\/crmvrs\/\">Conselho Regional de Medicina Veterin\u00e1ria\/RS<\/a><\/p>\n<p><a href=\"https:\/\/wp.ufpel.edu.br\/direitosdosanimais\">Direitos dos Animais<\/a><\/p>\n<p><a href=\"https:\/\/www.facebook.com\/InstitutoLuisaMell\/\">Instituto Luisa Mell<\/a><\/p>\n<p><a href=\"http:\/\/portalmedicinafelina.com.br\">Portal Medicina Felina<\/a><\/p>\n<p><a href=\"https:\/\/www.facebook.com\/revistacaesecia\/\">Revista C\u00e3es e Cia<\/a><\/p>\n<p><a href=\"https:\/\/www.facebook.com\/revistapulodogato\/\">Revista Pulo do Gato<\/a><\/p>\n<p><a href=\"https:\/\/www.facebook.com\/sosanimaispelotas\/\">SOS Animais\/Pelotas<\/a><\/p>\n<p><a href=\"https:\/\/www.facebook.com\/ProtecaoAnimalMundial\">World Animal Protection<\/a><\/p>\n","protected":false},"excerpt":{"rendered":"<p>Ag\u00eancia de Not\u00edcias de Direitos Animais Alexandre Rossi Amigos do Lix\u00e3o\/Pelotas Arca Brasil Cesar Millan Conselho Federal de Medicina Veterin\u00e1ria Conselho Regional de Medicina Veterin\u00e1ria\/RS Direitos dos Animais Instituto Luisa Mell Portal Medicina Felina Revista C\u00e3es e Cia Revista Pulo do Gato SOS Animais\/Pelotas World Animal Protection<\/p>\n","protected":false},"author":472,"featured_media":0,"parent":0,"menu_order":5,"comment_status":"closed","ping_status":"closed","template":"","meta":{"footnotes":""},"class_list":["post-36","page","type-page","status-publish","hentry"],"_links":{"self":[{"href":"https:\/\/wp.ufpel.edu.br\/felinamente\/wp-json\/wp\/v2\/pages\/36","targetHints":{"allow":["GET"]}}],"collection":[{"href":"https:\/\/wp.ufpel.edu.br\/felinamente\/wp-json\/wp\/v2\/pages"}],"about":[{"href":"https:\/\/wp.ufpel.edu.br\/felinamente\/wp-json\/wp\/v2\/types\/page"}],"author":[{"embeddable":true,"href":"https:\/\/wp.ufpel.edu.br\/felinamente\/wp-json\/wp\/v2\/users\/472"}],"replies":[{"embeddable":true,"href":"https:\/\/wp.ufpel.edu.br\/felinamente\/wp-json\/wp\/v2\/comments?post=36"}],"version-history":[{"count":12,"href":"https:\/\/wp.ufpel.edu.br\/felinamente\/wp-json\/wp\/v2\/pages\/36\/revisions"}],"predecessor-version":[{"id":468,"href":"https:\/\/wp.ufpel.edu.br\/felinamente\/wp-json\/wp\/v2\/pages\/36\/revisions\/468"}],"wp:attachment":[{"href":"https:\/\/wp.ufpel.edu.br\/felinamente\/wp-json\/wp\/v2\/media?parent=36"}],"curies":[{"name":"wp","href":"https:\/\/api.w.org\/{rel}","templated":true}]}}