{"id":890,"date":"2014-11-27T11:08:59","date_gmt":"2014-11-27T13:08:59","guid":{"rendered":"https:\/\/wp.ufpel.edu.br\/federalfm\/?page_id=890"},"modified":"2014-12-08T18:23:17","modified_gmt":"2014-12-08T20:23:17","slug":"prosa-rural","status":"publish","type":"page","link":"https:\/\/wp.ufpel.edu.br\/federalfm\/programacao\/programacao-local\/prosa-rural\/","title":{"rendered":"Prosa Rural"},"content":{"rendered":"<div id=\"id_5477221f972842274464007\" class=\"text_exposed_root text_exposed\">\n<p>Para levar informa\u00e7\u00f5es sobre tecnologias de baixo custo e de f\u00e1cil aplica\u00e7\u00e3o aos pequenos agricultores e com o objetivo de melhorar a qualidade de vida das pessoas do campo, a EMBRAPA veicula o programa semanal Prosa Rural na R\u00e1dio Federal FM todos os s\u00e1bados a partir das 7h30.<\/p>\n<p>A programa\u00e7\u00e3o atende \u00e0s necessidades locais dos pequenos agricultores, e apresenta quadros de entrevistas com pes<span class=\"text_exposed_show\">quisadores, depoimentos de agricultores, receitas culin\u00e1rias e dicas sobre tecnologias e servi\u00e7os, al\u00e9m de m\u00fasicas, poesias e contos que valorizam a cultura regional. Pelo r\u00e1dio, o produtor fica sabendo como plantar e colher os melhores frutos do seu trabalho no campo.<\/span><\/p>\n<p>&nbsp;<\/p>\n<p><a href=\"https:\/\/wp.ufpel.edu.br\/federalfm\/files\/2014\/11\/PROSA-RURAL-2014-09-11.jpg\"><img class=\"alignnone size-medium wp-image-909\" src=\"https:\/\/wp.ufpel.edu.br\/federalfm\/files\/2014\/11\/PROSA-RURAL-2014-09-11-424x293.jpg\" alt=\"PROSA RURAL 2014 09 11\" width=\"424\" height=\"293\" srcset=\"https:\/\/wp.ufpel.edu.br\/federalfm\/files\/2014\/11\/PROSA-RURAL-2014-09-11-424x293.jpg 424w, https:\/\/wp.ufpel.edu.br\/federalfm\/files\/2014\/11\/PROSA-RURAL-2014-09-11-212x146.jpg 212w, https:\/\/wp.ufpel.edu.br\/federalfm\/files\/2014\/11\/PROSA-RURAL-2014-09-11.jpg 577w\" sizes=\"(max-width: 424px) 100vw, 424px\" \/><\/a><\/p>\n<\/div>\n","protected":false},"excerpt":{"rendered":"<p>Para levar informa\u00e7\u00f5es sobre tecnologias de baixo custo e de f\u00e1cil aplica\u00e7\u00e3o aos pequenos agricultores e com o objetivo de melhorar a qualidade de vida das pessoas do campo, a EMBRAPA veicula o programa semanal Prosa Rural na R\u00e1dio Federal FM todos os s\u00e1bados a partir das 7h30. A programa\u00e7\u00e3o atende \u00e0s necessidades locais dos [&hellip;]<\/p>\n","protected":false},"author":340,"featured_media":0,"parent":226,"menu_order":0,"comment_status":"closed","ping_status":"closed","template":"","meta":{"jetpack_post_was_ever_published":false,"footnotes":""},"class_list":["post-890","page","type-page","status-publish","hentry"],"jetpack_sharing_enabled":true,"jetpack_shortlink":"https:\/\/wp.me\/P6Slcq-em","_links":{"self":[{"href":"https:\/\/wp.ufpel.edu.br\/federalfm\/wp-json\/wp\/v2\/pages\/890","targetHints":{"allow":["GET"]}}],"collection":[{"href":"https:\/\/wp.ufpel.edu.br\/federalfm\/wp-json\/wp\/v2\/pages"}],"about":[{"href":"https:\/\/wp.ufpel.edu.br\/federalfm\/wp-json\/wp\/v2\/types\/page"}],"author":[{"embeddable":true,"href":"https:\/\/wp.ufpel.edu.br\/federalfm\/wp-json\/wp\/v2\/users\/340"}],"replies":[{"embeddable":true,"href":"https:\/\/wp.ufpel.edu.br\/federalfm\/wp-json\/wp\/v2\/comments?post=890"}],"version-history":[{"count":6,"href":"https:\/\/wp.ufpel.edu.br\/federalfm\/wp-json\/wp\/v2\/pages\/890\/revisions"}],"predecessor-version":[{"id":913,"href":"https:\/\/wp.ufpel.edu.br\/federalfm\/wp-json\/wp\/v2\/pages\/890\/revisions\/913"}],"up":[{"embeddable":true,"href":"https:\/\/wp.ufpel.edu.br\/federalfm\/wp-json\/wp\/v2\/pages\/226"}],"wp:attachment":[{"href":"https:\/\/wp.ufpel.edu.br\/federalfm\/wp-json\/wp\/v2\/media?parent=890"}],"curies":[{"name":"wp","href":"https:\/\/api.w.org\/{rel}","templated":true}]}}