{"id":315,"date":"2014-04-04T17:11:46","date_gmt":"2014-04-04T20:11:46","guid":{"rendered":"https:\/\/wp.ufpel.edu.br\/federalfm\/?page_id=315"},"modified":"2014-06-03T11:36:23","modified_gmt":"2014-06-03T14:36:23","slug":"musicaos","status":"publish","type":"page","link":"https:\/\/wp.ufpel.edu.br\/federalfm\/programacao\/programacao-local\/musicaos\/","title":{"rendered":"MusiCaos"},"content":{"rendered":"<h2>HIST\u00d3RICO<\/h2>\n<p>A ideia de um programa de r\u00e1dio nasceu no in\u00edcio de 2008 como projeto de extens\u00e3o vinculado ao Departamento de M\u00fasica e Artes C\u00eanicas do Instituto de Artes e Design (atual Centro de Artes) da Universidade Federal de Pelotas &#8211; UFPel (RS). A estreia ocorreu em maio daquele ano e o programa continua no ar at\u00e9 hoje, inclusive durante f\u00e9rias e recessos escolares. Nossa equipe de professores e alunos cuida de todas as etapas da produ\u00e7\u00e3o, desde a pesquisa de temas at\u00e9 a montagem final, cabendo \u00e0s emissoras associadas apenas retransmiti-los. Desde 2011 o MusiCaos est\u00e1 sediado no Departamento de Artes da UFPR, Curitiba (PR), sob a coordena\u00e7\u00e3o do professor Jos\u00e9 Estevam Gava.<br \/>\nA op\u00e7\u00e3o por transmitir os programas atrav\u00e9s de emissoras de r\u00e1dio tradicionais &#8211; em vez de oferec\u00ea-los por meio das modernas m\u00eddias digitais de acesso instant\u00e2neo ou outras formas \u2013 deu-se por dois motivos. Primeiro, para evitar problemas com direitos autorais (a transmiss\u00e3o por meio de emissoras de r\u00e1dio educativas garante que a finalidade eminentemente cultural, institucional e sem fins lucrativos, seja estabelecida).<br \/>\nSegundo motivo: nunca, na hist\u00f3ria da humanidade, foi t\u00e3o f\u00e1cil ouvir m\u00fasica. Hoje, ela est\u00e1 em todo lugar e a qualquer momento. Por isso, a escuta se tornou fragmentada e superficial. Aspectos extramusicais refor\u00e7ados pelos meios de comunica\u00e7\u00e3o de massa tamb\u00e9m ganharam terreno, muitas vezes suplantando a pr\u00f3pria informa\u00e7\u00e3o sonora. Sem mencionar a padroniza\u00e7\u00e3o de estilos, que afasta tudo o que \u00e9 diferente, genu\u00edno e inovador. Neste cen\u00e1rio habilmente montado pela ind\u00fastria cultural perdeu-se muito da capacidade de ouvir m\u00fasica com aten\u00e7\u00e3o e senso cr\u00edtico.<br \/>\nPor isso, a pr\u00e1tica de ligar o r\u00e1dio ou conectar-se em determinados dias e hor\u00e1rios faz com que especialmente o p\u00fablico mais jovem vivencie uma forma concentrada e consciente de ouvir m\u00fasica; faz com que \u201cresgate\u201d um pouco da antiga m\u00edstica e do prazer est\u00e9tico que a audi\u00e7\u00e3o musical rara e incomum proporcionava. \u00c9 por estes motivos que, neste blog, n\u00e3o h\u00e1 arquivos de \u00e1udio para serem \u201cbaixados\u201d. O Musicaos s\u00f3 pode ser ouvido no momento de sua transmiss\u00e3o. Esta \u00e9 a magia que o nosso programa tenta reavivar.<\/p>\n<h2>MISS\u00c3O<\/h2>\n<p>O objetivo do MusiCaos \u00e9 divulgar g\u00eaneros, estilos, compositores, movimentos, \u00e9pocas e conjuntos musicais que raramente s\u00e3o contemplados por programas radiof\u00f4nicos. Al\u00e9m disso, a cada edi\u00e7\u00e3o o ouvinte recebe informa\u00e7\u00f5es hist\u00f3ricas, biogr\u00e1ficas e est\u00e9ticas acerca dos temas abordados.<br \/>\nOs alunos participantes do projeto MusiCaos pesquisam repert\u00f3rios musicais incomuns, aprimoram a reda\u00e7\u00e3o de textos e praticam comunica\u00e7\u00e3o e express\u00e3o vocal. Tudo isso contribui para sua forma\u00e7\u00e3o pessoal e acad\u00eamica, preparando-os de forma mais abrangente e completa para a atua\u00e7\u00e3o profissional em m\u00fasica, educa\u00e7\u00e3o musical, comunica\u00e7\u00e3o social e \u00e1reas correlatas.<br \/>\nAo p\u00fablico em geral espera-se enriquecer a cultura e experi\u00eancia musical, dando-lhe pequena mostra da enorme diversidade e disponibilidade de acervos musicais, sem qualquer limite cronol\u00f3gico, geogr\u00e1fico ou cultural.\u00a0 O MusiCaos tamb\u00e9m deseja despertar no ouvinte a capacidade de perceber e compreender as diversas formas musicais e o jogo resultante de sua constru\u00e7\u00e3o e expressividade, ressaltando quest\u00f5es est\u00e9ticas e de valor art\u00edstico, hoje t\u00e3o menosprezadas.<\/p>\n<p>&nbsp;<\/p>\n<p>Ou\u00e7a as edi\u00e7\u00f5es do MusiCaos atrav\u00e9s dos links abaixo:<\/p>\n<h2><\/h2>\n<h3>01 Andr\u00e9 Christovam (blues nacional)<\/h3>\n<h3>02 Ag\u00f4! Cantos sagrados de Brasil e Cuba (m\u00fasica ritual)<\/h3>\n<h3>03 New Age (m\u00fasica da nova era)<\/h3>\n<h3>04 Sting visita o passado (m\u00fasica renascentista)<\/h3>\n<h3>05 Os Mulheres Negras (novos rumos na MPB)<\/h3>\n<h3>06 Madredeus (m\u00fasica portuguesa)<\/h3>\n<h3>07 Cl\u00e1ssicos alternativos (cl\u00e1ssicos em novas roupagens)<\/h3>\n<h3>\n08 Vozes da Antiga Gr\u00e9cia (m\u00fasica pr\u00e9-crist\u00e3)<\/h3>\n<h3>09 Blackmore\u2019s Night (pop-rock)<\/h3>\n<h3>10 Assis Valente (ra\u00edzes da MPB)<\/h3>\n<h3>11 Nan\u00e1 Vasconcelos (instrumental brasileiro)<\/h3>\n<h3>12 Elomar Figueira (toada nordestina)<\/h3>\n<h3>13 Grandes viagens do rock (rock cl\u00e1ssico)<\/h3>\n<h3>14 Secos e Molhados (pop-rock nacional)<\/h3>\n<h3>15 MPB-4 (MPB)<\/h3>\n<h3>16 Luiz Gonzaga volta pra curtir (bai\u00e3o)<\/h3>\n<h3>17 Philip Glass (cl\u00e1ssicos do s\u00e9culo XX)<\/h3>\n<h3>18 Banda de Boca (novos rumos na MPB)<\/h3>\n<h3>19 M\u00fasica da Gr\u00e9cia Antiga (m\u00fasica pr\u00e9-crist\u00e3)<\/h3>\n<h3>20 Luis Salinas (instrumental argentino)<\/h3>\n<h3>21 Bola Sete (bossa nova)<\/h3>\n<h3>22 M\u00fasicas do mundo (m\u00fasica \u00e9tnica)<\/h3>\n<h3>23 Roberto Menescal (bossa nova)<\/h3>\n<h3>24 Momento jazz (cl\u00e1ssicos do jazz)<\/h3>\n<h3>25 Chiquinha Gonzaga (ra\u00edzes da MPB)<\/h3>\n<h3>26 Arnaldo Antunes (novos rumos na MPB)<\/h3>\n<h3>27 Movimento Armorial (m\u00fasica \u00e9tnica)<\/h3>\n<h3>28 Philip Glass II (cl\u00e1ssicos do s\u00e9culo XX)<\/h3>\n<h3>29 Carmen Miranda (ra\u00edzes da MPB)<\/h3>\n<h3>30 Agostinho dos Santos (grandes vozes da MPB)<\/h3>\n<h3>31 Uriah Heep (rock cl\u00e1ssico)<\/h3>\n<h3>32 Brazilian Trombone (instrumental brasileiro)<\/h3>\n<h3>33 O caos de Musicaos (pela diversidade musical)<\/h3>\n<h3>34 Laurie Anderson (pop de vanguarda)<\/h3>\n<h3>35 O caos de Musicaos II (pela diversidade musical)<\/h3>\n<h3>36 Momento jazz II (cl\u00e1ssicos do jazz)<\/h3>\n<h3>37 Arnold Shoenberg (cl\u00e1ssicos do s\u00e9culo XX)<\/h3>\n<h3>38 Olivier Messiaen (cl\u00e1ssicos do s\u00e9culo XX)<\/h3>\n<h3>39 Roberto Vict\u00f3rio (vanguardas do s\u00e9culo XX)<\/h3>\n<h3>40 M\u00fasica do s\u00e9culo XX (vanguardas do s\u00e9culo XX)<\/h3>\n<h3>41 The Animals (rock cl\u00e1ssico)<\/h3>\n<h3>42 Tom Z\u00e9 (novos rumos na MPB)<\/h3>\n<h3>43 M\u00fasica computacional (vanguardas do s\u00e9culo XX)<\/h3>\n<h3>44 M\u00fasica do s\u00e9culo XX n.2 (vanguardas do s\u00e9culo XX)<\/h3>\n<h3>45 Pixinguinha (ra\u00edzes da MPB)<\/h3>\n<h3>46 A modinha e o lundu (ra\u00edzes da MPB)<\/h3>\n<h3>47 Kraftwerk (m\u00fasica eletr\u00f4nica)<\/h3>\n<h3>48 Jo\u00e3o Gilberto (bossa nova)<\/h3>\n<h3>49 The Dave Brubeck Quartet (jazz moderno)<\/h3>\n<h3>50 Caiap\u00f3 (m\u00fasica nativa)<\/h3>\n<h3>51 Guarani (m\u00fasica nativa)<\/h3>\n<h3>52 Spyro Gyro (jazz fusion)<\/h3>\n<h3>53 C\u00e9u da Boca (MPB)<\/h3>\n<h3>54 Arrigo Barnab\u00e9 (novos rumos na MPB)<\/h3>\n<h3>55 Lou Reed (rock cl\u00e1ssico)<\/h3>\n<h3>56 John Cage (vanguardas do s\u00e9culo XX)<\/h3>\n<h3>57 Kraftwerk II (m\u00fasica eletr\u00f4nica)<\/h3>\n<h3>58 Kraftwerk III (m\u00fasica eletr\u00f4nica)<\/h3>\n<h3>59 Quinteto Persch (instrumental brasileiro)<\/h3>\n<h3>60 Biscoito fino (MPB)<\/h3>\n<h3>61 Mark Knopfler (rock cl\u00e1ssico)<\/h3>\n<h3>62 Ravi Shankar (m\u00fasicas do mundo)<\/h3>\n<h3>63 Bob Marley e convidados (reggae)<\/h3>\n<h3>64 Sufi (m\u00fasica ritual)<\/h3>\n<h3>65 Jo\u00e3o Donato (precursores da bossa nova)<\/h3>\n<h3>66 Os Cariocas (vocal brasileiro)<\/h3>\n<h3>67 Erik Satie (arautos da modernidade)<\/h3>\n<h3>68 Grupo Rumo (m\u00fasica infanto-juvenil)<\/h3>\n<h3>69 Vangelis &amp; Rosae Novichenko (new age)<\/h3>\n<h3>70 Leandro Maia (palavra cantada e falada)<\/h3>\n<h3>71 Marcos Corr\u00eaa (instrumental brasileiro)<\/h3>\n<h3>72 Erik Satie II (arautos da modernidade)<\/h3>\n<h3>73 Mawaca (m\u00fasicas do mundo)<\/h3>\n<h3>74 O Ter\u00e7o (rock nacional)<\/h3>\n<h3>75 M\u00fasica do s\u00e9culo XX n.3 (vanguardas do s\u00e9culo XX)<\/h3>\n<h3>76 Chet Baker (jazz cl\u00e1ssico)<\/h3>\n<h3>77 Hardcore (punk rock)<\/h3>\n<h3>78 Caravana cigana (m\u00fasicas do mundo)<\/h3>\n<h3>79 Melodias japonesas (m\u00fasicas do mundo)<\/h3>\n<h3>80 Stanley Jordan (jazz moderno)<\/h3>\n<h3>81 Stanley Jordan II (jazz moderno)<\/h3>\n<h3>82 Marlos Nobre (m\u00fasica brasileira do s\u00e9culo XX)<\/h3>\n<h3>83 Marlos Nobre II (m\u00fasica brasileira do s\u00e9culo XX)<\/h3>\n<h3>84 Wim Mertens (minimalismo)<\/h3>\n<h3>85 Wim Mertens II (minimalismo)<\/h3>\n<h3>86 Wim Mertens III (minimalismo)<\/h3>\n<h3>87 Wim Mertens IV (minimalismo)<\/h3>\n<h3>88 Wim Mertens V (minimalismo)<\/h3>\n<h3>89 M\u00fasica eletroac\u00fastica (m\u00fasica brasileira do s\u00e9c.XX)<\/h3>\n<h3>90 M\u00fasica eletroac\u00fastica II (m\u00fasica brasileira do s\u00e9c.XX)<\/h3>\n<h3>91 M\u00fasica eletroac\u00fastica III (m\u00fasica brasileira do s\u00e9c.XX)<\/h3>\n<h3>92 M\u00fasica eletroac\u00fastica IV (m\u00fasica brasileira do s\u00e9c.XX)<\/h3>\n<h3>93 Eric Clapton &amp; Peter Ratzenbeck (pop-rock-folk-blues)<\/h3>\n<h3>94 Renaissance (rock progressivo)<\/h3>\n<h3>95 Renaissance II (rock progressivo)<\/h3>\n<h3>96 Renaissance III (rock progressivo)<\/h3>\n<h3>97 Steve Reich (vanguardas do s\u00e9culo XX)<\/h3>\n<h3>98 Steve Reich II (vanguardas do s\u00e9culo XX)<\/h3>\n<h3>99 Claudio Monteverdi (m\u00fasica antiga)<\/h3>\n<h3>100 Vozes da floresta (m\u00fasica \u00e9tnica)<\/h3>\n<h3>101 Swingle Singers (cl\u00e1ssicos alternativos)<\/h3>\n<h3>102 As Cruzadas (m\u00fasica medieval)<\/h3>\n<h3>103 King Crimson (rock progressivo)<\/h3>\n<h3>104 King Crimson II (rock progressivo)<\/h3>\n<h3>105 Karen Dalton (vozes femininas)<\/h3>\n<h3>106 King Crimson III (rock progressivo)<\/h3>\n<h3>107 King Crimson IV (rock progressivo)<\/h3>\n<h3>108 Billie Holiday (vozes femininas)<\/h3>\n<h3>109 Bandas de apenas um sucesso (mundo pop)<\/h3>\n<h3>110 Tributo aos Beatles (pop-rock cl\u00e1ssico)<\/h3>\n<h3>111 Tributo aos Beatles II (pop-rock cl\u00e1ssico)<\/h3>\n<h3>112 Tributo aos Beatles III (pop-rock cl\u00e1ssico)<\/h3>\n<h3>113 Tributo aos Beatles IV (pop-rock cl\u00e1ssico)<\/h3>\n<h3>114 Tributo aos Beatles V (pop-rock cl\u00e1ssico)<\/h3>\n<h3>115 Tributo aos Beatles VI (pop-rock cl\u00e1ssico)<\/h3>\n<h3>116 Tributo aos Beatles VII (pop-rock cl\u00e1ssico)<\/h3>\n<h3>117 Dickie Landry &amp; Philip Glass (cl\u00e1ssicos do s\u00e9c.XX)<\/h3>\n<h3>118 John Adams &amp; Philip Glass (cl\u00e1ssicos do s\u00e9c.XX)<\/h3>\n<h3>119 Be-bop (jazz moderno)<\/h3>\n<h3>120 Tributo aos Beatles VIII (pop-rock cl\u00e1ssico)<\/h3>\n<h3>121 King Crimson V (rock experimental)<\/h3>\n<h3>122 Jean-Michel Jarre (m\u00fasica eletr\u00f4nica)<\/h3>\n<h3>123 Qual \u00e9 mesmo o nome dessa m\u00fasica? (MPB)<\/h3>\n<h3>124 Hermeto Pascoal (instrumental brasileiro)<\/h3>\n<h3>125 Egberto Gismonti (instrumental brasileiro)<\/h3>\n<h3>126 Bobby Enriquez (jazz cl\u00e1ssico)<\/h3>\n<h3>127 Gustav Holst por Isao Tomita (cl\u00e1ssicos em novas roupagens)<\/h3>\n<h3>128 Peter Michael Hamel (minimalismo &amp; nova simplicidade)<\/h3>\n<h3>129 Var\u00e8se, Schaeffer e Henry (m\u00fasica eletroac\u00fastica)<\/h3>\n<h3>130 Grupo Fato (novos rumos na MPB)<\/h3>\n<h3>131 A can\u00e7\u00e3o norte-americana (pop-rock cl\u00e1ssico)<\/h3>\n<h3>132 Stephane Grappelli (jazz cl\u00e1ssico)<\/h3>\n<h3>133 Andr\u00e9 Christovam II (blues nacional)<\/h3>\n<h3>134 Duetos (MPB)<\/h3>\n<h3>138 Luigi Dallapiccola<\/h3>\n<h3>137 Los Saicos<\/h3>\n<h3>136 King Crimson<\/h3>\n<h3>135 Tributo Beatles<\/h3>\n<h3>139 Juca Chaves e a hist\u00f3ria do Brasil (PMB)<\/h3>\n<h3>140 Uakti (instrumental brasileiro)<\/h3>\n<h3>141 Uakti II (instrumental brasileiro)<\/h3>\n<h3>142 King Crimson VII (rock experimental)<\/h3>\n<h3>143 F\u00e1bulas (m\u00fasicas do cinema e jazz cl\u00e1ssico)<\/h3>\n<h3>145 Bessie Smith e Janis Joplin<\/h3>\n<h3>146 Tributo Beatles X<\/h3>\n<h3>147 Tributo Beatles XI<\/h3>\n","protected":false},"excerpt":{"rendered":"<p>HIST\u00d3RICO A ideia de um programa de r\u00e1dio nasceu no in\u00edcio de 2008 como projeto de extens\u00e3o vinculado ao Departamento de M\u00fasica e Artes C\u00eanicas do Instituto de Artes e Design (atual Centro de Artes) da Universidade Federal de Pelotas &#8211; UFPel (RS). A estreia ocorreu em maio daquele ano e o programa continua no [&hellip;]<\/p>\n","protected":false},"author":340,"featured_media":0,"parent":226,"menu_order":0,"comment_status":"closed","ping_status":"closed","template":"","meta":{"jetpack_post_was_ever_published":false,"footnotes":""},"class_list":["post-315","page","type-page","status-publish","hentry"],"jetpack_sharing_enabled":true,"jetpack_shortlink":"https:\/\/wp.me\/P6Slcq-55","_links":{"self":[{"href":"https:\/\/wp.ufpel.edu.br\/federalfm\/wp-json\/wp\/v2\/pages\/315","targetHints":{"allow":["GET"]}}],"collection":[{"href":"https:\/\/wp.ufpel.edu.br\/federalfm\/wp-json\/wp\/v2\/pages"}],"about":[{"href":"https:\/\/wp.ufpel.edu.br\/federalfm\/wp-json\/wp\/v2\/types\/page"}],"author":[{"embeddable":true,"href":"https:\/\/wp.ufpel.edu.br\/federalfm\/wp-json\/wp\/v2\/users\/340"}],"replies":[{"embeddable":true,"href":"https:\/\/wp.ufpel.edu.br\/federalfm\/wp-json\/wp\/v2\/comments?post=315"}],"version-history":[{"count":26,"href":"https:\/\/wp.ufpel.edu.br\/federalfm\/wp-json\/wp\/v2\/pages\/315\/revisions"}],"predecessor-version":[{"id":644,"href":"https:\/\/wp.ufpel.edu.br\/federalfm\/wp-json\/wp\/v2\/pages\/315\/revisions\/644"}],"up":[{"embeddable":true,"href":"https:\/\/wp.ufpel.edu.br\/federalfm\/wp-json\/wp\/v2\/pages\/226"}],"wp:attachment":[{"href":"https:\/\/wp.ufpel.edu.br\/federalfm\/wp-json\/wp\/v2\/media?parent=315"}],"curies":[{"name":"wp","href":"https:\/\/api.w.org\/{rel}","templated":true}]}}