{"id":313,"date":"2014-04-04T17:11:24","date_gmt":"2014-04-04T20:11:24","guid":{"rendered":"https:\/\/wp.ufpel.edu.br\/federalfm\/?page_id=313"},"modified":"2016-08-15T11:47:51","modified_gmt":"2016-08-15T14:47:51","slug":"na-terra-do-numc","status":"publish","type":"page","link":"https:\/\/wp.ufpel.edu.br\/federalfm\/programacao\/programacao-local\/na-terra-do-numc\/","title":{"rendered":"Na Terra do NuMC"},"content":{"rendered":"<h2>HIST\u00d3RICO<\/h2>\n<h2><\/h2>\n<p>Criado em 2009 no Conservat\u00f3rio de M\u00fasica da Universidade Federal de Pelotas \u2013 UFPel, o NuMC desenvolve um trabalho de pesquisa, cria\u00e7\u00e3o e difus\u00e3o da M\u00fasica Contempor\u00e2nea com o intuito de conciliar a pr\u00e1tica e a reflex\u00e3o musical. Seu objetivo \u00e9 estudar, discutir, praticar, promover e difundir o repert\u00f3rio musical contempor\u00e2neo.<br \/>\nTodas as atividades do n\u00facleo baseiam-se na integra\u00e7\u00e3o entre pesquisa e pr\u00e1ticas musicais, focados na cria\u00e7\u00e3o de textos cient\u00edficos, estr\u00e9ia de obras, realiza\u00e7\u00e3o de concertos e diversos tipos de atividades que possibilitem a produ\u00e7\u00e3o e difus\u00e3o da M\u00fasica Contempor\u00e2nea no contexto nacional e internacional.<br \/>\nEm 2009, em 8 meses de atividade do grupo, o NuMC \u2013 N\u00facleo de M\u00fasica Contempor\u00e2nea da UFPel foi um dos realizadores do VI Festival Contempor\u00e2neo RS, de 12 a 16 de Novembro. A partir do engajamento do NuMC na realiza\u00e7\u00e3o de concertos e na produ\u00e7\u00e3o, o Festival p\u00f4de expandir-se e realizar atividades n\u00e3o somente em Porto Alegre-RS, cidade sede das primeiras edi\u00e7\u00f5es, mas tamb\u00e9m em Pelotas-RS, com repercuss\u00e3o em todo o estado do Rio Grande do Sul e em outras regi\u00f5es do Brasil. As palestras com compositores convidados e int\u00e9rpretes em Pelotas, e as diversas apresenta\u00e7\u00f5es e estr\u00e9ias de obras no Festival em Porto Alegre e Pelotas contribuem para o debate em torno da produ\u00e7\u00e3o contempor\u00e2nea.<br \/>\nDentre as atividades realizadas, destacam-se as estr\u00e9ias de obras de Rog\u00e9rio Constante, Tadeu Tafarello, Marc\u00edlio Onofre; estr\u00e9ias nacionais de Jean-Luc Herv\u00e9 e Alain Bancquart, a apresenta\u00e7\u00e3o da Sonata para dois pianos e percuss\u00e3o de Bela Bartok e da obra Territoires de l\u00b4Oubli de Tristan Murail.<br \/>\nSalienta-se tamb\u00e9m, por convite e realiza\u00e7\u00e3o do NuMC, a vinda da pianista francesa Martine Joste \u00e0 Pelotas e Porto Alegre, difundindo a m\u00fasica contempor\u00e2nea atrav\u00e9s de concertos, palestras e masterclasses.<br \/>\nEm 2010, o NuMC realizou o Cycle de Musique Contemporaine du Br\u00e9sil com uma s\u00e9rie de recitais na Maison du Br\u00e9sil, em Paris, Fran\u00e7a. O panorama dos recitais foi ilustrativo da riqueza e da diversidade da m\u00fasica brasileira atual, contemplando um total de 18 compositores de gera\u00e7\u00f5es e tend\u00eancias est\u00e9ticas variadas.<\/p>\n","protected":false},"excerpt":{"rendered":"<p>HIST\u00d3RICO Criado em 2009 no Conservat\u00f3rio de M\u00fasica da Universidade Federal de Pelotas \u2013 UFPel, o NuMC desenvolve um trabalho de pesquisa, cria\u00e7\u00e3o e difus\u00e3o da M\u00fasica Contempor\u00e2nea com o intuito de conciliar a pr\u00e1tica e a reflex\u00e3o musical. Seu objetivo \u00e9 estudar, discutir, praticar, promover e difundir o repert\u00f3rio musical contempor\u00e2neo. Todas as atividades [&hellip;]<\/p>\n","protected":false},"author":340,"featured_media":0,"parent":226,"menu_order":0,"comment_status":"closed","ping_status":"closed","template":"","meta":{"jetpack_post_was_ever_published":false,"footnotes":""},"class_list":["post-313","page","type-page","status-publish","hentry"],"jetpack_sharing_enabled":true,"jetpack_shortlink":"https:\/\/wp.me\/P6Slcq-53","_links":{"self":[{"href":"https:\/\/wp.ufpel.edu.br\/federalfm\/wp-json\/wp\/v2\/pages\/313","targetHints":{"allow":["GET"]}}],"collection":[{"href":"https:\/\/wp.ufpel.edu.br\/federalfm\/wp-json\/wp\/v2\/pages"}],"about":[{"href":"https:\/\/wp.ufpel.edu.br\/federalfm\/wp-json\/wp\/v2\/types\/page"}],"author":[{"embeddable":true,"href":"https:\/\/wp.ufpel.edu.br\/federalfm\/wp-json\/wp\/v2\/users\/340"}],"replies":[{"embeddable":true,"href":"https:\/\/wp.ufpel.edu.br\/federalfm\/wp-json\/wp\/v2\/comments?post=313"}],"version-history":[{"count":2,"href":"https:\/\/wp.ufpel.edu.br\/federalfm\/wp-json\/wp\/v2\/pages\/313\/revisions"}],"predecessor-version":[{"id":650,"href":"https:\/\/wp.ufpel.edu.br\/federalfm\/wp-json\/wp\/v2\/pages\/313\/revisions\/650"}],"up":[{"embeddable":true,"href":"https:\/\/wp.ufpel.edu.br\/federalfm\/wp-json\/wp\/v2\/pages\/226"}],"wp:attachment":[{"href":"https:\/\/wp.ufpel.edu.br\/federalfm\/wp-json\/wp\/v2\/media?parent=313"}],"curies":[{"name":"wp","href":"https:\/\/api.w.org\/{rel}","templated":true}]}}