{"id":289,"date":"2014-04-04T17:05:42","date_gmt":"2014-04-04T20:05:42","guid":{"rendered":"https:\/\/wp.ufpel.edu.br\/federalfm\/?page_id=289"},"modified":"2016-08-15T12:17:16","modified_gmt":"2016-08-15T15:17:16","slug":"arquivo","status":"publish","type":"page","link":"https:\/\/wp.ufpel.edu.br\/federalfm\/arquivo\/","title":{"rendered":"Arquivo"},"content":{"rendered":"<h2 style=\"padding-left: 60px\"><\/h2>\n<h2 style=\"padding-left: 60px\"><a title=\"Federal Revista\" href=\"https:\/\/wp.ufpel.edu.br\/federalfm\/arquivo\/federal-revista\/\">\u2022 Federal Revista<\/a><\/h2>\n<pre style=\"padding-left: 60px\"><span style=\"font-family: georgia,palatino;font-size: small\">\r\nCultura, m\u00fasica, entretenimento, entrevistas e a agenda de eventos do final de semana.<\/span><\/pre>\n<pre style=\"padding-left: 60px\"><em><span style=\"font-family: georgia,palatino;font-size: small\">\r\nApresenta\u00e7\u00e3o: Estagi\u00e1rios do Curso de Jornalismo.\r\n<\/span><\/em><\/pre>\n<h2 style=\"padding-left: 60px\"><\/h2>\n<h2 style=\"padding-left: 60px\"><\/h2>\n<h2 style=\"padding-left: 60px\"><a title=\"Grito Pampeano\" href=\"https:\/\/wp.ufpel.edu.br\/federalfm\/arquivo\/grito-pampeano\/\">\u2022 Grito Pampeano<\/a><\/h2>\n<pre style=\"padding-left: 60px\"><span style=\"font-family: georgia,palatino;font-size: small\">\r\nA m\u00fasica popular, a cultura e o folclore do cone sul nas ondas do r\u00e1dio, no ar desde 2005 . <\/span><\/pre>\n<pre style=\"padding-left: 60px\"><em><span style=\"font-family: georgia,palatino;font-size: small\">\r\nApresenta\u00e7\u00e3o Bruno Donato e Eric Barreto<\/span>.\r\n<\/em><\/pre>\n<h2 style=\"padding-left: 60px\"><\/h2>\n<h2 style=\"padding-left: 60px\"><a title=\"MusiCaos\" href=\"https:\/\/wp.ufpel.edu.br\/federalfm\/arquivo\/musicaos\/\">\u2022 MusiCaos<\/a><\/h2>\n<pre style=\"padding-left: 60px\"><span style=\"font-family: georgia,palatino;font-size: small\">\r\nA m\u00fasica sem fronteiras. O programa que toca tudo, menos os sucessos da hora.\r\n<\/span><\/pre>\n<pre style=\"padding-left: 60px\"><span style=\"font-family: georgia,palatino;font-size: small\"><em>\r\nApresenta\u00e7\u00e3o Jos\u00e9 Estevam Gava, com a colabora\u00e7\u00e3o de professores e estudantes da UFPR.\r\n<\/em><\/span><\/pre>\n<h2 style=\"padding-left: 60px\"><\/h2>\n<h2 style=\"padding-left: 60px\"><\/h2>\n","protected":false},"excerpt":{"rendered":"<p>\u2022 Federal Revista Cultura, m\u00fasica, entretenimento, entrevistas e a agenda de eventos do final de semana. Apresenta\u00e7\u00e3o: Estagi\u00e1rios do Curso de Jornalismo. \u2022 Grito Pampeano A m\u00fasica popular, a cultura e o folclore do cone sul nas ondas do r\u00e1dio, no ar desde 2005 . Apresenta\u00e7\u00e3o Bruno Donato e Eric Barreto. \u2022 MusiCaos A m\u00fasica [&hellip;]<\/p>\n","protected":false},"author":340,"featured_media":0,"parent":0,"menu_order":0,"comment_status":"closed","ping_status":"closed","template":"","meta":{"jetpack_post_was_ever_published":false,"footnotes":""},"class_list":["post-289","page","type-page","status-publish","hentry"],"jetpack_sharing_enabled":true,"jetpack_shortlink":"https:\/\/wp.me\/P6Slcq-4F","_links":{"self":[{"href":"https:\/\/wp.ufpel.edu.br\/federalfm\/wp-json\/wp\/v2\/pages\/289","targetHints":{"allow":["GET"]}}],"collection":[{"href":"https:\/\/wp.ufpel.edu.br\/federalfm\/wp-json\/wp\/v2\/pages"}],"about":[{"href":"https:\/\/wp.ufpel.edu.br\/federalfm\/wp-json\/wp\/v2\/types\/page"}],"author":[{"embeddable":true,"href":"https:\/\/wp.ufpel.edu.br\/federalfm\/wp-json\/wp\/v2\/users\/340"}],"replies":[{"embeddable":true,"href":"https:\/\/wp.ufpel.edu.br\/federalfm\/wp-json\/wp\/v2\/comments?post=289"}],"version-history":[{"count":51,"href":"https:\/\/wp.ufpel.edu.br\/federalfm\/wp-json\/wp\/v2\/pages\/289\/revisions"}],"predecessor-version":[{"id":1032,"href":"https:\/\/wp.ufpel.edu.br\/federalfm\/wp-json\/wp\/v2\/pages\/289\/revisions\/1032"}],"wp:attachment":[{"href":"https:\/\/wp.ufpel.edu.br\/federalfm\/wp-json\/wp\/v2\/media?parent=289"}],"curies":[{"name":"wp","href":"https:\/\/api.w.org\/{rel}","templated":true}]}}