{"id":2048,"date":"2025-08-04T10:26:44","date_gmt":"2025-08-04T13:26:44","guid":{"rendered":"https:\/\/wp.ufpel.edu.br\/federalfm\/?page_id=2048"},"modified":"2025-08-04T10:28:40","modified_gmt":"2025-08-04T13:28:40","slug":"resultado-selecao-bolsista-radio","status":"publish","type":"page","link":"https:\/\/wp.ufpel.edu.br\/federalfm\/resultado-selecao-bolsista-radio\/","title":{"rendered":"Resultado sele\u00e7\u00e3o bolsista r\u00e1dio 2025\/2"},"content":{"rendered":"<div>\n<div>\n<p align=\"justify\"><span style=\"font-family: Times New Roman, serif;\"><strong><span style=\"color: #000000;\"><img class=\"alignleft size-medium wp-image-1506\" src=\"https:\/\/wp.ufpel.edu.br\/federalfm\/files\/2017\/05\/20170519_154752-1-424x238.jpg\" alt=\"\" width=\"400\" height=\"225\" srcset=\"https:\/\/wp.ufpel.edu.br\/federalfm\/files\/2017\/05\/20170519_154752-1-424x238.jpg 424w, https:\/\/wp.ufpel.edu.br\/federalfm\/files\/2017\/05\/20170519_154752-1-212x119.jpg 212w, https:\/\/wp.ufpel.edu.br\/federalfm\/files\/2017\/05\/20170519_154752-1-768x431.jpg 768w\" sizes=\"(max-width: 400px) 100vw, 400px\" \/>O\u00a0<\/span><\/strong><strong><span style=\"color: #000000;\">CHEFE DO N\u00daCLEO DE DIFUS\u00c3O CULTURAL<\/span><\/strong><strong><span style=\"color: #000000;\">,\u00a0DA\u00a0<\/span><\/strong><strong><span style=\"color: #000000;\">PR\u00d3-REITORIA DE EXTENS\u00c3O E CULTURA DA<\/span><\/strong><strong><span style=\"color: #000000;\">\u00a0UNIVERSIDADE FEDERAL DE PELOTAS<\/span><\/strong><span style=\"color: #000000;\">, no uso de suas atribui\u00e7\u00f5es legais e regulamentares, torna p\u00fablico o resultado do Processo de Sele\u00e7\u00e3o de Bolsas de Desenvolvimento Institucional, regido pelo\u00a0<\/span>Edital 004\/2025<span style=\"color: #000000;\">.<\/span><\/span><\/p>\n<ol>\n<li><span style=\"font-family: Times New Roman, serif;\"><strong><span style=\"color: #000000;\">Classifica\u00e7\u00e3o Final<\/span><\/strong><\/span><\/li>\n<\/ol>\n<p>&nbsp;<\/p>\n<table width=\"605\" cellspacing=\"0\" cellpadding=\"7\">\n<colgroup>\n<col width=\"109\" \/>\n<col width=\"66\" \/>\n<col width=\"88\" \/>\n<col width=\"95\" \/>\n<col width=\"74\" \/>\n<col width=\"87\" \/><\/colgroup>\n<tbody>\n<tr>\n<td colspan=\"6\" valign=\"top\" width=\"589\">\n<p align=\"left\"><span style=\"font-family: Times New Roman, serif;\"><strong>N\u00facleo de Difus\u00e3o Cultural\u00a0<\/strong><strong>&#8211;\u00a0<\/strong><span style=\"color: #000000;\">Ampla Concorr\u00eancia (AC) \u2013\u00a0<\/span><span style=\"color: #000000;\">1 Vaga<\/span><\/span><\/p>\n<\/td>\n<\/tr>\n<tr valign=\"top\">\n<td width=\"109\">\n<p align=\"center\"><span style=\"font-family: Aptos, serif;\">Nome<\/span><\/p>\n<\/td>\n<td bgcolor=\"#dddddd\" width=\"66\">\n<p align=\"center\"><span style=\"font-family: Aptos, serif;\">Hist\u00f3rico Escolar (Peso 5)<\/span><\/p>\n<\/td>\n<td width=\"88\">\n<p align=\"center\"><span style=\"font-family: Aptos, serif;\">Prova Pr\u00e1tica (Avaliador 1)<\/span><\/p>\n<\/td>\n<td width=\"95\">\n<p align=\"center\"><span style=\"font-family: Aptos, serif;\">Prova Pr\u00e1tica (Avaliador 2)<\/span><\/p>\n<\/td>\n<td bgcolor=\"#dddddd\" width=\"74\">\n<p align=\"center\"><span style=\"font-family: Aptos, serif;\">M\u00e9dia Prova Pr\u00e1tica (Peso 5)<\/span><\/p>\n<\/td>\n<td bgcolor=\"#eeeeee\" width=\"87\">\n<p align=\"center\"><span style=\"font-family: Times New Roman, serif;\"><b>Resultado Final<\/b><\/span><\/p>\n<\/td>\n<\/tr>\n<tr valign=\"top\">\n<td width=\"109\">\n<p align=\"center\"><span style=\"font-family: Aptos, serif;\">Henri Porto Dias<\/span><\/p>\n<\/td>\n<td bgcolor=\"#dddddd\" width=\"66\">\n<p align=\"center\"><span style=\"font-family: Aptos, serif;\">8,92<\/span><\/p>\n<\/td>\n<td width=\"88\">\n<p align=\"center\"><span style=\"font-family: Aptos, serif;\">10<\/span><\/p>\n<\/td>\n<td width=\"95\">\n<p align=\"center\"><span style=\"font-family: Aptos, serif;\">9,00<\/span><\/p>\n<\/td>\n<td bgcolor=\"#dddddd\" width=\"74\">\n<p align=\"center\"><span style=\"font-family: Aptos, serif;\">9,50<\/span><\/p>\n<\/td>\n<td bgcolor=\"#eeeeee\" width=\"87\">\n<p align=\"center\"><span style=\"font-family: Times New Roman, serif;\"><b>9,21<\/b><\/span><\/p>\n<p align=\"center\"><span style=\"font-family: Times New Roman, serif;\"><b>Selecionado<\/b><\/span><\/p>\n<p align=\"center\">\n<\/td>\n<\/tr>\n<tr valign=\"top\">\n<td width=\"109\">\n<p align=\"center\"><span style=\"font-family: Aptos, serif;\">Lu\u00edsa Brito da Costa<\/span><\/p>\n<\/td>\n<td bgcolor=\"#dddddd\" width=\"66\">\n<p align=\"center\"><span style=\"font-family: Aptos, serif;\">9,66<\/span><\/p>\n<\/td>\n<td width=\"88\">\n<p align=\"center\"><span style=\"font-family: Aptos, serif;\">8,50<\/span><\/p>\n<\/td>\n<td width=\"95\">\n<p align=\"center\"><span style=\"font-family: Aptos, serif;\">8,50<\/span><\/p>\n<\/td>\n<td bgcolor=\"#dddddd\" width=\"74\">\n<p align=\"center\"><span style=\"font-family: Aptos, serif;\">8,50<\/span><\/p>\n<\/td>\n<td bgcolor=\"#eeeeee\" width=\"87\">\n<p align=\"center\"><span style=\"font-family: Times New Roman, serif;\"><b>9,08<\/b><\/span><\/p>\n<p align=\"center\"><span style=\"font-family: Times New Roman, serif;\"><b>Suplente<\/b><\/span><\/p>\n<\/td>\n<\/tr>\n<\/tbody>\n<\/table>\n<p>&nbsp;<\/p>\n<p>&nbsp;<\/p>\n<p><span style=\"font-family: Times New Roman, serif;\">Michael Kerr<\/span><\/p>\n<p><span style=\"font-family: Times New Roman, serif;\">Chefe do N\u00facleo de Difus\u00e3o Cultural<\/span><\/p>\n<p><span style=\"font-family: Times New Roman, serif;\">Pr\u00f3-Reitoria de Extens\u00e3o e Cultura<\/span><\/p>\n<\/div>\n<\/div>\n<p>&nbsp;<\/p>\n","protected":false},"excerpt":{"rendered":"<p>O\u00a0CHEFE DO N\u00daCLEO DE DIFUS\u00c3O CULTURAL,\u00a0DA\u00a0PR\u00d3-REITORIA DE EXTENS\u00c3O E CULTURA DA\u00a0UNIVERSIDADE FEDERAL DE PELOTAS, no uso de suas atribui\u00e7\u00f5es legais e regulamentares, torna p\u00fablico o resultado do Processo de Sele\u00e7\u00e3o de Bolsas de Desenvolvimento Institucional, regido pelo\u00a0Edital 004\/2025. Classifica\u00e7\u00e3o Final &nbsp; N\u00facleo de Difus\u00e3o Cultural\u00a0&#8211;\u00a0Ampla Concorr\u00eancia (AC) \u2013\u00a01 Vaga Nome Hist\u00f3rico Escolar (Peso 5) Prova [&hellip;]<\/p>\n","protected":false},"author":640,"featured_media":0,"parent":0,"menu_order":0,"comment_status":"closed","ping_status":"closed","template":"","meta":{"jetpack_post_was_ever_published":false,"footnotes":""},"class_list":["post-2048","page","type-page","status-publish","hentry"],"jetpack_sharing_enabled":true,"jetpack_shortlink":"https:\/\/wp.me\/P6Slcq-x2","_links":{"self":[{"href":"https:\/\/wp.ufpel.edu.br\/federalfm\/wp-json\/wp\/v2\/pages\/2048","targetHints":{"allow":["GET"]}}],"collection":[{"href":"https:\/\/wp.ufpel.edu.br\/federalfm\/wp-json\/wp\/v2\/pages"}],"about":[{"href":"https:\/\/wp.ufpel.edu.br\/federalfm\/wp-json\/wp\/v2\/types\/page"}],"author":[{"embeddable":true,"href":"https:\/\/wp.ufpel.edu.br\/federalfm\/wp-json\/wp\/v2\/users\/640"}],"replies":[{"embeddable":true,"href":"https:\/\/wp.ufpel.edu.br\/federalfm\/wp-json\/wp\/v2\/comments?post=2048"}],"version-history":[{"count":3,"href":"https:\/\/wp.ufpel.edu.br\/federalfm\/wp-json\/wp\/v2\/pages\/2048\/revisions"}],"predecessor-version":[{"id":2053,"href":"https:\/\/wp.ufpel.edu.br\/federalfm\/wp-json\/wp\/v2\/pages\/2048\/revisions\/2053"}],"wp:attachment":[{"href":"https:\/\/wp.ufpel.edu.br\/federalfm\/wp-json\/wp\/v2\/media?parent=2048"}],"curies":[{"name":"wp","href":"https:\/\/api.w.org\/{rel}","templated":true}]}}