{"id":132,"date":"2014-01-10T09:38:29","date_gmt":"2014-01-10T11:38:29","guid":{"rendered":"https:\/\/wp.ufpel.edu.br\/federalfm\/?page_id=132"},"modified":"2016-08-15T12:10:02","modified_gmt":"2016-08-15T15:10:02","slug":"composicao","status":"publish","type":"page","link":"https:\/\/wp.ufpel.edu.br\/federalfm\/conselho-de-programacao\/composicao\/","title":{"rendered":"Composi\u00e7\u00e3o"},"content":{"rendered":"<h2 style=\"padding-left: 60px\"><\/h2>\n<h2 style=\"padding-left: 60px\"><\/h2>\n<p style=\"padding-left: 60px\">O Conselho de Programa\u00e7\u00e3o da R\u00e1dio Federal FM encontra-se em fase de constitui\u00e7\u00e3o, e sua composi\u00e7\u00e3o atual reflete a forma que dever\u00e1 assumir em sua vers\u00e3o definitiva. Atualmente, o regimento que constitui o Conselho est\u00e1 em an\u00e1lise pela Procuradoria Seccional da AGU na UFPEL. Ap\u00f3s receber aprova\u00e7\u00e3o e reda\u00e7\u00e3o definitiva, o Regimento do Conselho de Programa\u00e7\u00e3o e sua composi\u00e7\u00e3o estar\u00e3o dispon\u00edveis para consulta nesta p\u00e1gina.<\/p>\n<p style=\"padding-left: 60px\"><strong>Composi\u00e7\u00e3o do Pr\u00e9-conselho de Programa\u00e7\u00e3o da R\u00e1dio Federal FM<\/strong><\/p>\n<p style=\"padding-left: 60px\"><em><strong>Dire\u00e7\u00e3o da R\u00e1dio Federal FM<\/strong><\/em><\/p>\n<p style=\"padding-left: 60px\">Titular: Silvana de Ara\u00fajo Moreira \/\/\/ Suplente:<\/p>\n<p style=\"padding-left: 60px\"><em><strong>Pr\u00f3-reitoria de Extens\u00e3o e Cultura<\/strong><\/em><\/p>\n<p style=\"padding-left: 60px\">Titular: Profa. Denise Marcos Bussolletti \/\/\/ Suplente:<\/p>\n<p style=\"padding-left: 60px\"><em><strong>Colegiado do Curso de Jornalismo &#8211; CLC\/UFPEL<\/strong><\/em><\/p>\n<p style=\"padding-left: 60px\">Titular: Profa. Michele Negrini \/\/\/ Suplente:<\/p>\n<p style=\"padding-left: 60px\"><em><strong>Coordena\u00e7\u00e3o de Comunica\u00e7\u00e3o Social &#8211; CCS\/UFPEL<\/strong><\/em><\/p>\n<p style=\"padding-left: 60px\">Titular: Silvana de Ara\u00fajo Moreira \/\/\/ Suplente: S\u00e9rgio Sarkis Yunes<\/p>\n<p style=\"padding-left: 60px\"><em><strong>Associa\u00e7\u00e3o dos Servidores da UFPEL &#8211; ASUFPEL<\/strong><\/em><\/p>\n<p style=\"padding-left: 60px\">Titular: Ant\u00f4nio Augusto da Silva Azambuja \/\/\/ Suplente: Silvana<\/p>\n<p style=\"padding-left: 60px\"><em><strong>Associa\u00e7\u00e3o dos Docentes da UFPEL &#8211; ADUFPEL<\/strong><\/em><\/p>\n<p style=\"padding-left: 60px\">Titular: Prof. Daniel Furtado \/\/\/ Suplente:<\/p>\n<p style=\"padding-left: 60px\"><em><strong>Diret\u00f3rio Central de Estudantes &#8211; DCE\/UFPEL<\/strong><\/em><\/p>\n<p style=\"padding-left: 60px\">Titular: Luiz Ricardo H\u00fcttner \/\/\/ Suplente:<\/p>\n<p style=\"padding-left: 60px\"><em><strong>Servidores da R\u00e1dio Federal FM<\/strong><\/em><\/p>\n<p style=\"padding-left: 60px\">Titular: Andr\u00e9 Lu\u00eds Ferreira Machado \/\/\/ Suplente:<\/p>\n<p style=\"padding-left: 60px\">Titular: F\u00e1bio Barboza Pinheiro \/\/\/ Suplente<\/p>\n<p style=\"padding-left: 60px\">Titular: Jorge Lu\u00eds Flores \/\/\/ Suplente:<\/p>\n<p style=\"padding-left: 60px\">Titular: Maria Alice Estrella \/\/\/ Suplente:<\/p>\n<p style=\"padding-left: 60px\"><em><strong>Conselho Municipal de Cultura<\/strong><\/em><\/p>\n<p style=\"padding-left: 60px\">Titular: Profa. Clotilde Concei\u00e7\u00e3o Vict\u00f3ria \/\/\/ Suplente:<\/p>\n<p style=\"padding-left: 60px\"><em><strong>Conselho Municipal de Educa\u00e7\u00e3o<\/strong><\/em><\/p>\n<p style=\"padding-left: 60px\">Titular: Profa. Terezinha Fujita \/\/\/ Suplente:<\/p>\n","protected":false},"excerpt":{"rendered":"<p>O Conselho de Programa\u00e7\u00e3o da R\u00e1dio Federal FM encontra-se em fase de constitui\u00e7\u00e3o, e sua composi\u00e7\u00e3o atual reflete a forma que dever\u00e1 assumir em sua vers\u00e3o definitiva. Atualmente, o regimento que constitui o Conselho est\u00e1 em an\u00e1lise pela Procuradoria Seccional da AGU na UFPEL. Ap\u00f3s receber aprova\u00e7\u00e3o e reda\u00e7\u00e3o definitiva, o Regimento do Conselho de [&hellip;]<\/p>\n","protected":false},"author":340,"featured_media":0,"parent":94,"menu_order":0,"comment_status":"closed","ping_status":"closed","template":"","meta":{"jetpack_post_was_ever_published":false,"footnotes":""},"class_list":["post-132","page","type-page","status-publish","hentry"],"jetpack_sharing_enabled":true,"jetpack_shortlink":"https:\/\/wp.me\/P6Slcq-28","_links":{"self":[{"href":"https:\/\/wp.ufpel.edu.br\/federalfm\/wp-json\/wp\/v2\/pages\/132","targetHints":{"allow":["GET"]}}],"collection":[{"href":"https:\/\/wp.ufpel.edu.br\/federalfm\/wp-json\/wp\/v2\/pages"}],"about":[{"href":"https:\/\/wp.ufpel.edu.br\/federalfm\/wp-json\/wp\/v2\/types\/page"}],"author":[{"embeddable":true,"href":"https:\/\/wp.ufpel.edu.br\/federalfm\/wp-json\/wp\/v2\/users\/340"}],"replies":[{"embeddable":true,"href":"https:\/\/wp.ufpel.edu.br\/federalfm\/wp-json\/wp\/v2\/comments?post=132"}],"version-history":[{"count":21,"href":"https:\/\/wp.ufpel.edu.br\/federalfm\/wp-json\/wp\/v2\/pages\/132\/revisions"}],"predecessor-version":[{"id":1030,"href":"https:\/\/wp.ufpel.edu.br\/federalfm\/wp-json\/wp\/v2\/pages\/132\/revisions\/1030"}],"up":[{"embeddable":true,"href":"https:\/\/wp.ufpel.edu.br\/federalfm\/wp-json\/wp\/v2\/pages\/94"}],"wp:attachment":[{"href":"https:\/\/wp.ufpel.edu.br\/federalfm\/wp-json\/wp\/v2\/media?parent=132"}],"curies":[{"name":"wp","href":"https:\/\/api.w.org\/{rel}","templated":true}]}}