{"id":125,"date":"2014-01-10T09:22:43","date_gmt":"2014-01-10T11:22:43","guid":{"rendered":"https:\/\/wp.ufpel.edu.br\/federalfm\/?page_id=125"},"modified":"2022-08-25T10:47:44","modified_gmt":"2022-08-25T13:47:44","slug":"historia","status":"publish","type":"page","link":"https:\/\/wp.ufpel.edu.br\/federalfm\/sobre-a-emissora\/historia\/","title":{"rendered":"Hist\u00f3ria"},"content":{"rendered":"<p style=\"padding-left: 60px\">\u00a0A R\u00e1dio Federal FM \u00e9 um ve\u00edculo de comunica\u00e7\u00e3o de natureza educativa, que tem nas a\u00e7\u00f5es pedag\u00f3gicas se<img class=\"wp-image-1147 alignleft\" src=\"https:\/\/wp.ufpel.edu.br\/federalfm\/files\/2016\/09\/hist\u00f3ria_1.png\" alt=\"historia_1\" width=\"324\" height=\"243\" srcset=\"https:\/\/wp.ufpel.edu.br\/federalfm\/files\/2016\/09\/hist\u00f3ria_1.png 864w, https:\/\/wp.ufpel.edu.br\/federalfm\/files\/2016\/09\/hist\u00f3ria_1-212x159.png 212w, https:\/\/wp.ufpel.edu.br\/federalfm\/files\/2016\/09\/hist\u00f3ria_1-424x318.png 424w, https:\/\/wp.ufpel.edu.br\/federalfm\/files\/2016\/09\/hist\u00f3ria_1-768x576.png 768w\" sizes=\"(max-width: 324px) 100vw, 324px\" \/>u escopo principal. Nesta perspectiva, a R\u00e1dio oferece ao p\u00fablico uma programa\u00e7\u00e3o voltada para a difus\u00e3o da ci\u00eancia, da tecnologia, da inova\u00e7\u00e3o, da arte e da cultura, sempre orientada pela ampla divulga\u00e7\u00e3o dos direitos da cidadania. A promo\u00e7\u00e3o das atividades da UFPEL, atrav\u00e9s de programas produzidos pela emissora ou em colabora\u00e7\u00e3o com membros da comunidade universit\u00e1ria e da comunidade externa \u00e9 um dos principais objetivos da Federal FM.<\/p>\n<p style=\"padding-left: 60px\">Criada atrav\u00e9s da Portaria 953, de 14 de setembro de 1977, pelo Departamento Nacional de Telecomunica\u00e7\u00f5es (Dentel) do Minist\u00e9rio das Comunica\u00e7\u00f5es, com a finalidade de operar o servi\u00e7o de radiodifus\u00e3o sonora em freq\u00fc\u00eancia modulada, a ent\u00e3o R\u00e1dio Cosmos FM iniciou suas transmiss\u00f5es experimentais em agosto de 1980, e teve sua inaugura\u00e7\u00e3o oficial realizada no dia 08 de janeiro de 1981.<\/p>\n<p style=\"padding-left: 60px\">O ato inaugural contou com a presen\u00e7a do reitor Ibsen Wetzel Stephan, do pr\u00f3-reitor de Extens\u00e3o Jos\u00e9 Passos de Magalh\u00e3es e do primeiro diretor da emissora, professor Jos\u00e9 Maria Marques da Cunha, al\u00e9m de diversas\u00a0 autoridades e convidados que prestigiaram o ato. A equipe que iniciou os trabalhos da primeira FM Educativa do Rio Grande do Sul foi composta pelos servidores Cleber Luiz Zurchimitten, Francisco Luis da Silva Magalh\u00e3es, Giovani Mendes da Silva, Luiz Virgilio Lopes Padilha, Paulo de Oliveira Mancini, Roberto Gustavo Engelbrecht e Rudinei Tellier de Freitas.<\/p>\n<p style=\"padding-left: 60px\"><img class=\"wp-image-1144 alignleft\" src=\"https:\/\/wp.ufpel.edu.br\/federalfm\/files\/2016\/09\/hist\u00f3ria_3.png\" alt=\"historia_3\" width=\"324\" height=\"243\" srcset=\"https:\/\/wp.ufpel.edu.br\/federalfm\/files\/2016\/09\/hist\u00f3ria_3.png 864w, https:\/\/wp.ufpel.edu.br\/federalfm\/files\/2016\/09\/hist\u00f3ria_3-212x159.png 212w, https:\/\/wp.ufpel.edu.br\/federalfm\/files\/2016\/09\/hist\u00f3ria_3-424x318.png 424w, https:\/\/wp.ufpel.edu.br\/federalfm\/files\/2016\/09\/hist\u00f3ria_3-768x576.png 768w\" sizes=\"(max-width: 324px) 100vw, 324px\" \/>Pela dire\u00e7\u00e3o da R\u00e1dio Cosmos passaram tamb\u00e9m os professores Sebasti\u00e3o Ribeiro Neto e Jo\u00e3o Manoel dos Santos Cunha, al\u00e9m do jornalista Roberto Gustavo Engelbrecht, servidor que por mais tempo dirigiu a emissora. Em 18 de julho de 1992, proposi\u00e7\u00e3o aprovada por decis\u00e3o do Conselho Universit\u00e1rio da Universidade Federal de Pelotas autorizou a altera\u00e7\u00e3o do nome fantasia da emissora, passando do original &#8220;R\u00e1dio Cosmos FM&#8221; para a atual denomina\u00e7\u00e3o de &#8220;R\u00e1dio Federal FM&#8221;. A mesma sess\u00e3o deliberou pela anexa\u00e7\u00e3o da estrutura administrativa da R\u00e1dio \u00e0 Coordenadoria de Comunica\u00e7\u00e3o Social do Gabinete do Reitor, desvinculando-a da Pr\u00f3-reitoria de Extens\u00e3o e Cultura.<\/p>\n<p style=\"text-align: justify;background: white;vertical-align: baseline;margin: 15.0pt 0cm 15.0pt 0cm\"><span style=\"font-family: 'Georgia','serif'\">Tamb\u00e9m passaram pela dire\u00e7\u00e3o da emissora a servidora Vera Maria de Oliveira Lopes, o Professor Leandro Maia, o professor jornalista Ricardo Zimmerman Fiegenbaum e a servidora jornalista Silvana Moreira. Desde 2017 o chefe do N\u00facleo de radiodifus\u00e3o P\u00fablica \u00e9\u00a0 o servidor publicit\u00e1rio Rafael Fagundes Cavalheiro,\u00a0 Diretor de Produ\u00e7\u00e3o do quadro.<\/span><\/p>\n<p style=\"text-align: justify;background: white;vertical-align: baseline;margin: 15.0pt 0cm 15.0pt 0cm\"><span style=\"font-family: 'Georgia','serif'\">Os transmissores e a torre da antena da R\u00e1dio se localizam nas seguintes coordenadas geogr\u00e1ficas: Latitude 31\u00b046\u201911.76\u2033 S \/ Longitude 52\u00b020\u201907.40\u2033 O. Com outorga para operar com pot\u00eancia de transmiss\u00e3o de 10 kW, a R\u00e1dio Federal FM UFPEL ocupa a frequ\u00eancia 107,9 MHz no dial.<\/span><\/p>\n<p style=\"text-align: justify;background: white;vertical-align: baseline;margin: 15.0pt 0cm 15.0pt 0cm\"><span style=\"font-family: 'Georgia','serif'\">Em janeiro de 2013, a R\u00e1dio inaugurou suas novas instala\u00e7\u00f5es no anexo do Lyceu Rio-grandense, uma das edifica\u00e7\u00f5es de valor hist\u00f3rico e cultural da Universidade, localizado no centro da cidade de Pelotas. Equipada com tr\u00eas est\u00fadios e \u00e1rea administrativa mista, a R\u00e1dio passou a contar com uma infraestrutura f\u00edsica qualificada, projetada e dimensionada para a otimiza\u00e7\u00e3o dos fluxos de produ\u00e7\u00e3o radiof\u00f4nica.<\/span><\/p>\n","protected":false},"excerpt":{"rendered":"<p>\u00a0A R\u00e1dio Federal FM \u00e9 um ve\u00edculo de comunica\u00e7\u00e3o de natureza educativa, que tem nas a\u00e7\u00f5es pedag\u00f3gicas seu escopo principal. Nesta perspectiva, a R\u00e1dio oferece ao p\u00fablico uma programa\u00e7\u00e3o voltada para a difus\u00e3o da ci\u00eancia, da tecnologia, da inova\u00e7\u00e3o, da arte e da cultura, sempre orientada pela ampla divulga\u00e7\u00e3o dos direitos da cidadania. A promo\u00e7\u00e3o [&hellip;]<\/p>\n","protected":false},"author":340,"featured_media":0,"parent":83,"menu_order":0,"comment_status":"closed","ping_status":"closed","template":"","meta":{"jetpack_post_was_ever_published":false,"footnotes":""},"class_list":["post-125","page","type-page","status-publish","hentry"],"jetpack_sharing_enabled":true,"jetpack_shortlink":"https:\/\/wp.me\/P6Slcq-21","_links":{"self":[{"href":"https:\/\/wp.ufpel.edu.br\/federalfm\/wp-json\/wp\/v2\/pages\/125","targetHints":{"allow":["GET"]}}],"collection":[{"href":"https:\/\/wp.ufpel.edu.br\/federalfm\/wp-json\/wp\/v2\/pages"}],"about":[{"href":"https:\/\/wp.ufpel.edu.br\/federalfm\/wp-json\/wp\/v2\/types\/page"}],"author":[{"embeddable":true,"href":"https:\/\/wp.ufpel.edu.br\/federalfm\/wp-json\/wp\/v2\/users\/340"}],"replies":[{"embeddable":true,"href":"https:\/\/wp.ufpel.edu.br\/federalfm\/wp-json\/wp\/v2\/comments?post=125"}],"version-history":[{"count":25,"href":"https:\/\/wp.ufpel.edu.br\/federalfm\/wp-json\/wp\/v2\/pages\/125\/revisions"}],"predecessor-version":[{"id":1931,"href":"https:\/\/wp.ufpel.edu.br\/federalfm\/wp-json\/wp\/v2\/pages\/125\/revisions\/1931"}],"up":[{"embeddable":true,"href":"https:\/\/wp.ufpel.edu.br\/federalfm\/wp-json\/wp\/v2\/pages\/83"}],"wp:attachment":[{"href":"https:\/\/wp.ufpel.edu.br\/federalfm\/wp-json\/wp\/v2\/media?parent=125"}],"curies":[{"name":"wp","href":"https:\/\/api.w.org\/{rel}","templated":true}]}}