{"id":1210,"date":"2016-10-04T10:14:28","date_gmt":"2016-10-04T13:14:28","guid":{"rendered":"https:\/\/wp.ufpel.edu.br\/federalfm\/?page_id=1210"},"modified":"2016-10-04T10:18:45","modified_gmt":"2016-10-04T13:18:45","slug":"edital-de-conteudos","status":"publish","type":"page","link":"https:\/\/wp.ufpel.edu.br\/federalfm\/arquivo\/edital-de-conteudos\/","title":{"rendered":"Edital de conte\u00fados"},"content":{"rendered":"<p><img class=\"alignnone wp-image-1213 alignleft\" src=\"https:\/\/wp.ufpel.edu.br\/federalfm\/files\/2016\/10\/edital-315x318.png\" alt=\"edital\" width=\"280\" height=\"282\" srcset=\"https:\/\/wp.ufpel.edu.br\/federalfm\/files\/2016\/10\/edital-315x318.png 315w, https:\/\/wp.ufpel.edu.br\/federalfm\/files\/2016\/10\/edital-158x159.png 158w, https:\/\/wp.ufpel.edu.br\/federalfm\/files\/2016\/10\/edital-768x775.png 768w, https:\/\/wp.ufpel.edu.br\/federalfm\/files\/2016\/10\/edital.png 1396w\" sizes=\"(max-width: 280px) 100vw, 280px\" \/><\/p>\n<p>A R\u00e1dio Federal FM, emissora de radiodifus\u00e3o com prop\u00f3sito educativo da Universidade Federal de Pelotas, est\u00e1 com edital aberto para a sele\u00e7\u00e3o de novos programas para a sua grade. A ideia \u00e9 que a comunidade acad\u00eamica seja integrada \u00e0 produ\u00e7\u00e3o de conte\u00fado do canal, qualificando e diversificando a programa\u00e7\u00e3o e interligando a r\u00e1dio \u00e0s atividades de ensino, pesquisa e extens\u00e3o da UFPel.<\/p>\n<p>Para participar, \u00e9 necess\u00e1rio que o proponente tenha v\u00ednculo com a Universidade, seja como estudante, professor ou t\u00e9cnico administrativo. No entanto, \u00e9 poss\u00edvel esquematizar parcerias com entidades externas ou pessoas n\u00e3o ligadas \u00e0 UFPel. O programa deve ter conte\u00fado in\u00e9dito e tamb\u00e9m estar enquadrado entre os g\u00eaneros socioeducativos, ficcionais, musicais, culturais e jornal\u00edsticos. A dura\u00e7\u00e3o deve ser entre 30 segundos e 50 minutos.<\/p>\n<p>Mais informa\u00e7\u00f5es podem ser obtidas no texto completo do edital, dispon\u00edvel em anexo.<\/p>\n<p style=\"text-align: center\"><a href=\"https:\/\/wp.ufpel.edu.br\/federalfm\/files\/2016\/10\/Edital-1-2016-Federal-FM-6.doc\">Edital de conte\u00fados<\/a><\/p>\n","protected":false},"excerpt":{"rendered":"<p>A R\u00e1dio Federal FM, emissora de radiodifus\u00e3o com prop\u00f3sito educativo da Universidade Federal de Pelotas, est\u00e1 com edital aberto para a sele\u00e7\u00e3o de novos programas para a sua grade. A ideia \u00e9 que a comunidade acad\u00eamica seja integrada \u00e0 produ\u00e7\u00e3o de conte\u00fado do canal, qualificando e diversificando a programa\u00e7\u00e3o e interligando a r\u00e1dio \u00e0s atividades [&hellip;]<\/p>\n","protected":false},"author":181,"featured_media":0,"parent":289,"menu_order":0,"comment_status":"closed","ping_status":"closed","template":"","meta":{"jetpack_post_was_ever_published":false,"footnotes":""},"class_list":["post-1210","page","type-page","status-publish","hentry"],"jetpack_sharing_enabled":true,"jetpack_shortlink":"https:\/\/wp.me\/P6Slcq-jw","_links":{"self":[{"href":"https:\/\/wp.ufpel.edu.br\/federalfm\/wp-json\/wp\/v2\/pages\/1210","targetHints":{"allow":["GET"]}}],"collection":[{"href":"https:\/\/wp.ufpel.edu.br\/federalfm\/wp-json\/wp\/v2\/pages"}],"about":[{"href":"https:\/\/wp.ufpel.edu.br\/federalfm\/wp-json\/wp\/v2\/types\/page"}],"author":[{"embeddable":true,"href":"https:\/\/wp.ufpel.edu.br\/federalfm\/wp-json\/wp\/v2\/users\/181"}],"replies":[{"embeddable":true,"href":"https:\/\/wp.ufpel.edu.br\/federalfm\/wp-json\/wp\/v2\/comments?post=1210"}],"version-history":[{"count":3,"href":"https:\/\/wp.ufpel.edu.br\/federalfm\/wp-json\/wp\/v2\/pages\/1210\/revisions"}],"predecessor-version":[{"id":1217,"href":"https:\/\/wp.ufpel.edu.br\/federalfm\/wp-json\/wp\/v2\/pages\/1210\/revisions\/1217"}],"up":[{"embeddable":true,"href":"https:\/\/wp.ufpel.edu.br\/federalfm\/wp-json\/wp\/v2\/pages\/289"}],"wp:attachment":[{"href":"https:\/\/wp.ufpel.edu.br\/federalfm\/wp-json\/wp\/v2\/media?parent=1210"}],"curies":[{"name":"wp","href":"https:\/\/api.w.org\/{rel}","templated":true}]}}