{"id":1205,"date":"2016-10-04T10:08:38","date_gmt":"2016-10-04T13:08:38","guid":{"rendered":"https:\/\/wp.ufpel.edu.br\/federalfm\/?page_id=1205"},"modified":"2016-10-04T10:11:09","modified_gmt":"2016-10-04T13:11:09","slug":"pesquisa-sobre-radios-em-pelotas","status":"publish","type":"page","link":"https:\/\/wp.ufpel.edu.br\/federalfm\/arquivo\/pesquisa-sobre-radios-em-pelotas\/","title":{"rendered":"Pesquisa sobre r\u00e1dios em Pelotas"},"content":{"rendered":"<p><img class=\"alignnone wp-image-1203 alignleft\" src=\"https:\/\/wp.ufpel.edu.br\/federalfm\/files\/2016\/10\/bairro-424x301.png\" alt=\"bairro\" width=\"300\" height=\"213\" srcset=\"https:\/\/wp.ufpel.edu.br\/federalfm\/files\/2016\/10\/bairro-424x301.png 424w, https:\/\/wp.ufpel.edu.br\/federalfm\/files\/2016\/10\/bairro-212x151.png 212w, https:\/\/wp.ufpel.edu.br\/federalfm\/files\/2016\/10\/bairro-768x545.png 768w, https:\/\/wp.ufpel.edu.br\/federalfm\/files\/2016\/10\/bairro.png 1680w\" sizes=\"(max-width: 300px) 100vw, 300px\" \/><\/p>\n<p>No final de 2015, a r\u00e1dio Federal FM realizou uma pesquisa quantitativa com os habitantes da cidade de Pelotas para\u00a0Avaliar a programa\u00e7\u00e3o da R\u00e1dio Federal FM e aferir: o\u00a0perfil de audi\u00eancia, conhecer os gostos musicais da audi\u00eancia, delimitar hor\u00e1rios e programa\u00e7\u00e3o conforme dados demogr\u00e1ficos, aferir os gostos da programa\u00e7\u00e3o musical, entre outros.<\/p>\n<p><a href=\"https:\/\/wp.ufpel.edu.br\/federalfm\/files\/2016\/10\/r\u00e1dio-apresenta\u00e7\u00e3o-pesquisa.pdf\">Veja a pesquisa completa<\/a><\/p>\n","protected":false},"excerpt":{"rendered":"<p>No final de 2015, a r\u00e1dio Federal FM realizou uma pesquisa quantitativa com os habitantes da cidade de Pelotas para\u00a0Avaliar a programa\u00e7\u00e3o da R\u00e1dio Federal FM e aferir: o\u00a0perfil de audi\u00eancia, conhecer os gostos musicais da audi\u00eancia, delimitar hor\u00e1rios e programa\u00e7\u00e3o conforme dados demogr\u00e1ficos, aferir os gostos da programa\u00e7\u00e3o musical, entre outros. Veja a pesquisa [&hellip;]<\/p>\n","protected":false},"author":181,"featured_media":0,"parent":289,"menu_order":0,"comment_status":"closed","ping_status":"closed","template":"","meta":{"jetpack_post_was_ever_published":false,"footnotes":""},"class_list":["post-1205","page","type-page","status-publish","hentry"],"jetpack_sharing_enabled":true,"jetpack_shortlink":"https:\/\/wp.me\/P6Slcq-jr","_links":{"self":[{"href":"https:\/\/wp.ufpel.edu.br\/federalfm\/wp-json\/wp\/v2\/pages\/1205","targetHints":{"allow":["GET"]}}],"collection":[{"href":"https:\/\/wp.ufpel.edu.br\/federalfm\/wp-json\/wp\/v2\/pages"}],"about":[{"href":"https:\/\/wp.ufpel.edu.br\/federalfm\/wp-json\/wp\/v2\/types\/page"}],"author":[{"embeddable":true,"href":"https:\/\/wp.ufpel.edu.br\/federalfm\/wp-json\/wp\/v2\/users\/181"}],"replies":[{"embeddable":true,"href":"https:\/\/wp.ufpel.edu.br\/federalfm\/wp-json\/wp\/v2\/comments?post=1205"}],"version-history":[{"count":2,"href":"https:\/\/wp.ufpel.edu.br\/federalfm\/wp-json\/wp\/v2\/pages\/1205\/revisions"}],"predecessor-version":[{"id":1209,"href":"https:\/\/wp.ufpel.edu.br\/federalfm\/wp-json\/wp\/v2\/pages\/1205\/revisions\/1209"}],"up":[{"embeddable":true,"href":"https:\/\/wp.ufpel.edu.br\/federalfm\/wp-json\/wp\/v2\/pages\/289"}],"wp:attachment":[{"href":"https:\/\/wp.ufpel.edu.br\/federalfm\/wp-json\/wp\/v2\/media?parent=1205"}],"curies":[{"name":"wp","href":"https:\/\/api.w.org\/{rel}","templated":true}]}}