{"id":1092,"date":"2016-09-30T08:11:06","date_gmt":"2016-09-30T11:11:06","guid":{"rendered":"https:\/\/wp.ufpel.edu.br\/federalfm\/?page_id=1092"},"modified":"2016-09-30T08:46:45","modified_gmt":"2016-09-30T11:46:45","slug":"proposta","status":"publish","type":"page","link":"https:\/\/wp.ufpel.edu.br\/federalfm\/sobre-a-emissora\/proposta\/","title":{"rendered":"Proposta"},"content":{"rendered":"<p>&nbsp;<\/p>\n<p><strong>Proposta<\/strong><\/p>\n<p><img class=\" wp-image-1100 alignleft\" src=\"https:\/\/wp.ufpel.edu.br\/federalfm\/files\/2016\/09\/microfone.png\" alt=\"microfone\" width=\"348\" height=\"261\" srcset=\"https:\/\/wp.ufpel.edu.br\/federalfm\/files\/2016\/09\/microfone.png 864w, https:\/\/wp.ufpel.edu.br\/federalfm\/files\/2016\/09\/microfone-212x159.png 212w, https:\/\/wp.ufpel.edu.br\/federalfm\/files\/2016\/09\/microfone-424x318.png 424w, https:\/\/wp.ufpel.edu.br\/federalfm\/files\/2016\/09\/microfone-768x576.png 768w\" sizes=\"(max-width: 348px) 100vw, 348px\" \/><\/p>\n<p>&nbsp;<\/p>\n<p>A R\u00e1dio Federal FM \u00e9 um ve\u00edculo de comunica\u00e7\u00e3o de natureza educativa, que tem nas a\u00e7\u00f5es pedag\u00f3gicas seu escopo principal. Nesta perspectiva, a R\u00e1dio oferece ao p\u00fablico uma programa\u00e7\u00e3o voltada para a difus\u00e3o da ci\u00eancia, da tecnologia, da inova\u00e7\u00e3o, da arte e da cultura, sempre orientada pela ampla divulga\u00e7\u00e3o dos direitos da cidadania. A promo\u00e7\u00e3o das atividades da UFPEL, atrav\u00e9s de programas produzidos pela emissora ou em colabora\u00e7\u00e3o com membros da comunidade universit\u00e1ria e da comunidade externa \u00e9 um dos principais objetivos da Federal FM.<\/p>\n<p>&nbsp;<\/p>\n<p><strong>Programa\u00e7\u00e3o<\/strong><\/p>\n<p>&nbsp;<\/p>\n<p>Atrav\u00e9s do conhecimento cient\u00edfico, da extens\u00e3o universit\u00e1ria, da promo\u00e7\u00e3o de a\u00e7\u00f5es jornal\u00edsticas e destinadas ao bem comum e da experimenta\u00e7\u00e3o art\u00edstica e cultural; a programa\u00e7\u00e3o radiof\u00f4nica da Federal FM \u00e9 constitu\u00edda. O trip\u00e9 da R\u00e1dio baseia-se em: m\u00fasica, informa\u00e7\u00e3o\/presta\u00e7\u00e3o de servi\u00e7os e programas culturais\/educativos.\u00a0 Assim, segmentos como: arte, educa\u00e7\u00e3o, cultura, meio-ambiente, sa\u00fade e, at\u00e9 mesmo, recrea\u00e7\u00e3o, apresentam-se como pautas constantes.<\/p>\n<p>&nbsp;<\/p>\n<p><strong>Objetivos<\/strong><\/p>\n<p>&nbsp;<\/p>\n<p>A R\u00e1dio \u00e9 articulada como um importante ve\u00edculo de comunica\u00e7\u00e3o e extens\u00e3o da Universidade Federal de Pelotas. Comprometido com a sociedade, o ve\u00edculo radiof\u00f4nico busca a aproxima\u00e7\u00e3o com a comunidade objetivando atividades de divulga\u00e7\u00e3o educacional, cultural, pedag\u00f3gica e de orienta\u00e7\u00e3o profissional, atrav\u00e9s de uma programa\u00e7\u00e3o com finalidades educativo-culturais.<\/p>\n<p>A R\u00e1dio Federal FM tem como objetivo geral cumprir seu papel de meio de comunica\u00e7\u00e3o p\u00fablica, de acordo e defensor dos princ\u00edpios da universidade p\u00fablica, gratuita e de qualidade, e atuante no movimento de democratiza\u00e7\u00e3o da Comunica\u00e7\u00e3o no Brasil e no mundo. Seus objetivos espec\u00edficos s\u00e3o:<\/p>\n<p>&nbsp;<\/p>\n<p>&#8211; Prestar servi\u00e7os de interesse da sociedade em geral<\/p>\n<p>&#8211; Elevar o n\u00edvel cultural da popula\u00e7\u00e3o<\/p>\n<p>&#8211; Desenvolver uma programa\u00e7\u00e3o informativa focada na responsabilidade p\u00fablica e did\u00e1tica de informar<\/p>\n<p>&#8211; Promover a diversidade cultural, social e pol\u00edtica<\/p>\n<p>&#8211; Divulgar a Universidade Federal de Pelotas<\/p>\n<p>&#8211; Envolver a comunidade de abrang\u00eancia do ve\u00edculo em seu projeto e pr\u00e1tica<\/p>\n<p>&#8211; Possibilitar alternativas que contribuam na forma\u00e7\u00e3o de uma vis\u00e3o ampla da realidade social e que busque a constru\u00e7\u00e3o da cidadania<\/p>\n<p>&#8211; Contribuir para a defesa dos princ\u00edpios democr\u00e1ticos e dos direitos humanos<\/p>\n<p>&#8211; Ser um espa\u00e7o de aprendizado para estudantes e comunidade universit\u00e1ria utilizando-se do seu car\u00e1ter laboratorial<\/p>\n<p>&nbsp;<\/p>\n<p>&nbsp;<\/p>\n<p><strong>O p\u00fablico-alvo<\/strong><\/p>\n<p>&nbsp;<\/p>\n<p>O p\u00fablico-alvo\u00a0 n\u00e3o apresenta distin\u00e7\u00e3o de faixa et\u00e1ria, classe social e outras caracter\u00edsticas psicogr\u00e1ficas e demogr\u00e1ficas. A R\u00e1dio Federal FM segmenta sua programa\u00e7\u00e3o com base geogr\u00e1fica, na regi\u00e3o de atua\u00e7\u00e3o Pelotas. Com isto, busca-se promover a igualdade de acesso \u00e0s express\u00f5es art\u00edsticas e ao conhecimento cient\u00edfico e tecnol\u00f3gico e, consequentemente, contribuir para a diminui\u00e7\u00e3o das diferen\u00e7as sociais.<\/p>\n<p>A proposi\u00e7\u00e3o de um p\u00fablico heterog\u00eaneo coloca um imenso desafio para a R\u00e1dio, o qual se pretende superar permanentemente por meio da constru\u00e7\u00e3o e efetiva\u00e7\u00e3o de uma programa\u00e7\u00e3o consistente e coerente que considera os dados sobre faixas de p\u00fablico em determinados hor\u00e1rios e, ao mesmo tempo, constitui um projeto global de forma\u00e7\u00e3o de p\u00fablico e veicula\u00e7\u00e3o de conte\u00fados \u2013 musicais e informativos \u2013 diversificados.<\/p>\n","protected":false},"excerpt":{"rendered":"<p>&nbsp; Proposta &nbsp; A R\u00e1dio Federal FM \u00e9 um ve\u00edculo de comunica\u00e7\u00e3o de natureza educativa, que tem nas a\u00e7\u00f5es pedag\u00f3gicas seu escopo principal. Nesta perspectiva, a R\u00e1dio oferece ao p\u00fablico uma programa\u00e7\u00e3o voltada para a difus\u00e3o da ci\u00eancia, da tecnologia, da inova\u00e7\u00e3o, da arte e da cultura, sempre orientada pela ampla divulga\u00e7\u00e3o dos direitos da [&hellip;]<\/p>\n","protected":false},"author":181,"featured_media":0,"parent":83,"menu_order":0,"comment_status":"closed","ping_status":"closed","template":"","meta":{"jetpack_post_was_ever_published":false,"footnotes":""},"class_list":["post-1092","page","type-page","status-publish","hentry"],"jetpack_sharing_enabled":true,"jetpack_shortlink":"https:\/\/wp.me\/P6Slcq-hC","_links":{"self":[{"href":"https:\/\/wp.ufpel.edu.br\/federalfm\/wp-json\/wp\/v2\/pages\/1092","targetHints":{"allow":["GET"]}}],"collection":[{"href":"https:\/\/wp.ufpel.edu.br\/federalfm\/wp-json\/wp\/v2\/pages"}],"about":[{"href":"https:\/\/wp.ufpel.edu.br\/federalfm\/wp-json\/wp\/v2\/types\/page"}],"author":[{"embeddable":true,"href":"https:\/\/wp.ufpel.edu.br\/federalfm\/wp-json\/wp\/v2\/users\/181"}],"replies":[{"embeddable":true,"href":"https:\/\/wp.ufpel.edu.br\/federalfm\/wp-json\/wp\/v2\/comments?post=1092"}],"version-history":[{"count":12,"href":"https:\/\/wp.ufpel.edu.br\/federalfm\/wp-json\/wp\/v2\/pages\/1092\/revisions"}],"predecessor-version":[{"id":1107,"href":"https:\/\/wp.ufpel.edu.br\/federalfm\/wp-json\/wp\/v2\/pages\/1092\/revisions\/1107"}],"up":[{"embeddable":true,"href":"https:\/\/wp.ufpel.edu.br\/federalfm\/wp-json\/wp\/v2\/pages\/83"}],"wp:attachment":[{"href":"https:\/\/wp.ufpel.edu.br\/federalfm\/wp-json\/wp\/v2\/media?parent=1092"}],"curies":[{"name":"wp","href":"https:\/\/api.w.org\/{rel}","templated":true}]}}