{"id":31,"date":"2021-05-11T08:06:42","date_gmt":"2021-05-11T11:06:42","guid":{"rendered":"https:\/\/wp.ufpel.edu.br\/faurbnobairro\/?page_id=31"},"modified":"2021-05-13T07:09:17","modified_gmt":"2021-05-13T10:09:17","slug":"o-projeto","status":"publish","type":"page","link":"https:\/\/wp.ufpel.edu.br\/faurbnobairro\/","title":{"rendered":"o projeto"},"content":{"rendered":"<p>&nbsp;<\/p>\n<p><strong>Resumo<\/strong><\/p>\n<p style=\"text-align: justify\">O projeto <strong>&#8220;FAUrb no Bairro: caminhar, ouvir e inscrever-se&#8221; <\/strong>tem o objetivo geral de criar a\u00e7\u00f5es de extens\u00e3o afim de aproximar a Faculdade de Arquitetura e Urbanismo (FAUrb) da UFPel com bairros da cidade de Pelotas, a partir da cartografia sens\u00edvel e dos seguintes procedimentos metodol\u00f3gicos: diagn\u00f3stico e mapeamento do bairro, a caminhada por transurb\u00e2ncia, levantamentos em v\u00eddeo e fotogr\u00e1ficos, encontros no bairro, \u201cpequenos\u201d projetos arquitet\u00f4nicos e\/ou urbanos, execu\u00e7\u00e3o dos projetos e avalia\u00e7\u00e3o da a\u00e7\u00e3o. O planejamento do projeto preve a perman\u00eancia no bairro por um semestre letivo e assim consecutivamente: conhecendo, experimentando e interagindo com os bairros. Dessa forma, esse projeto busca fomentar a interlocu\u00e7\u00e3o entre o fazer-urbano e o saber-urbano, aproximando os diversos agentes que modificam e planejam as cidades.<\/p>\n<p><img loading=\"lazy\" decoding=\"async\" class=\"alignnone wp-image-161\" src=\"https:\/\/wp.ufpel.edu.br\/faurbnobairro\/files\/2021\/05\/caminhar-e1620822516830-400x172.png\" alt=\"\" width=\"765\" height=\"329\" srcset=\"https:\/\/wp.ufpel.edu.br\/faurbnobairro\/files\/2021\/05\/caminhar-e1620822516830-400x172.png 400w, https:\/\/wp.ufpel.edu.br\/faurbnobairro\/files\/2021\/05\/caminhar-e1620822516830-1024x441.png 1024w, https:\/\/wp.ufpel.edu.br\/faurbnobairro\/files\/2021\/05\/caminhar-e1620822516830-768x331.png 768w, https:\/\/wp.ufpel.edu.br\/faurbnobairro\/files\/2021\/05\/caminhar-e1620822516830-619x267.png 619w, https:\/\/wp.ufpel.edu.br\/faurbnobairro\/files\/2021\/05\/caminhar-e1620822516830.png 1398w\" sizes=\"auto, (max-width: 765px) 100vw, 765px\" \/><\/p>\n<p><strong>Objetivo geral<\/strong><\/p>\n<p style=\"text-align: justify\">Aproximar a Faculdade de Arquitetura e Urbanismo, da UFPel, com os bairros da cidade de Pelotas, a fim de praticar a cidade e estar em contato com as ruas, os bairros e as pessoas. O projeto prop\u00f5e criar e fortalecer os v\u00ednculos entre a universidade e as comunidades, propondo atividades relacionadas \u00e0 arquitetura e urbanismo em conjunto com os moradores das \u00e1reas, chamados de \u201cpequenos\u201d projetos (um banco na pra\u00e7a, um brinquedo para as crian\u00e7as, plantar \u00e1rvores, lixeiras, equipamentos etc.).<\/p>\n<p><strong>Justificativa<\/strong><\/p>\n<p style=\"text-align: justify\">Nos \u00faltimos anos a Faculdade de Arquitetura e Urbanismo, da UFPel, vem se afastando das comunidades, deixando de ouvir as vozes das pessoas e dos bairros da cidade de Pelotas. Sabe-se, sobretudo na contemporaneidade, que ir ao encontro com os diversos atores que constituem e moldam a cidade vivida \u00e9 fundamental para desconstruir a universidade e o planejamento homogeneizador. Ir ao encontro com \u00e0s pluralidades que configuram a vida nas cidades \u00e9 um dever \u00e9tico e fundamental para realiza\u00e7\u00e3o da educa\u00e7\u00e3o, tanto no \u00e2mbito da pesquisa, ensino e extens\u00e3o. Dessa forma, esse projeto busca fomentar a interlocu\u00e7\u00e3o entre o fazer-urbano e o saber-urbano, aproximando os diversos agentes que modificam e planejam as cidades.<\/p>\n<p><strong>Metodologia<\/strong><\/p>\n<p style=\"text-align: justify\">A metodologia ser\u00e1 a caminhografia urbana, tendo como origens a cartografia sens\u00edvel, o caminhar por transurb\u00e2ncia e as cartografias sociais. Tudo pensado e realizado na comunidade (na rua, na pra\u00e7a, na escola, etc.), em um encontro semanal, com perman\u00eancia de um semestre letivo da UFPel por bairro. Os procedimentos s\u00e3o: diagn\u00f3stico e mapeamento do bairro, a caminhada por transurb\u00e2ncia, levantamentos em v\u00eddeo e fotogr\u00e1ficos, encontros no bairro, \u201cpequenos\u201d projetos arquitet\u00f4nicos e\/ou urbanos, execu\u00e7\u00e3o dos projetos e avalia\u00e7\u00e3o da a\u00e7\u00e3o.<\/p>\n<p><strong>Indicadores e metas<\/strong><\/p>\n<p style=\"text-align: justify\">Meta 1: diagn\u00f3stico e mapeamento pr\u00e9vio do bairro. Indicador 1: produ\u00e7\u00e3o de mapas com pontos principais e plano de visita.<\/p>\n<p style=\"text-align: justify\">Meta 2: contato pr\u00e9vio com a comunidade e seus referentes. Indicador 2: marcar primeira visita.<\/p>\n<p style=\"text-align: justify\">Meta 3: caminhada explorat\u00f3ria pelo bairro, ouvindo vozes. Indicador 3: anota\u00e7\u00f5es, imagens e mapas feitos durante essa caminhada.<\/p>\n<p style=\"text-align: justify\">Meta 4: cronograma de encontros in loco &#8211; no bairro &#8211; com a presen\u00e7a de referentes da comunidade. Indicador 4: encontros semanais, \u00e0 tarde,<br \/>\ndurante um semestre letivo da UFPel.<\/p>\n<p style=\"text-align: justify\">Meta 5: defini\u00e7\u00e3o de \u201cpequenos\u201d projetos de arquitetura e urbanismo para o bairro. Indicador: lista com prioridades e viabilidade de propostas.<\/p>\n<p style=\"text-align: justify\">Meta 6: planejar uma proposta para o bairro. Indicador 6: desenhos e croquis da proposta.<\/p>\n<p style=\"text-align: justify\">Meta 7: capta\u00e7\u00e3o de recursos e compra\/reciclagem de material. Indicador 7: compra\/reciclagem do material.<\/p>\n<p style=\"text-align: justify\">Meta 8: execu\u00e7\u00e3o do projeto na escala 1&#215;1. Indicador: implanta\u00e7\u00e3o\/constru\u00e7\u00e3o de um projeto no bairro.<\/p>\n<p style=\"text-align: justify\">Meta 9: avalia\u00e7\u00e3o do projeto. Indicador 9: reuni\u00e3o de avalia\u00e7\u00e3o final.<\/p>\n<p><strong>Outras informa\u00e7\u00f5es<\/strong><\/p>\n<p style=\"text-align: justify\">O cronograma de atividades poder\u00e1 sofrer altera\u00e7\u00e3o e\/ou adapta\u00e7\u00f5es devido a amplia\u00e7\u00e3o nas medidas de distanciamento social na epidemia de Covid-19.<\/p>\n","protected":false},"excerpt":{"rendered":"<p>&nbsp; Resumo O projeto &#8220;FAUrb no Bairro: caminhar, ouvir e inscrever-se&#8221; tem o objetivo geral de criar a\u00e7\u00f5es de extens\u00e3o afim de aproximar a Faculdade de Arquitetura e Urbanismo (FAUrb) da UFPel com bairros da cidade de Pelotas, a partir da cartografia sens\u00edvel e dos seguintes procedimentos metodol\u00f3gicos: diagn\u00f3stico e mapeamento do bairro, a caminhada [&hellip;]<\/p>\n","protected":false},"author":851,"featured_media":0,"parent":0,"menu_order":0,"comment_status":"closed","ping_status":"closed","template":"","meta":{"footnotes":""},"class_list":["post-31","page","type-page","status-publish","hentry"],"_links":{"self":[{"href":"https:\/\/wp.ufpel.edu.br\/faurbnobairro\/wp-json\/wp\/v2\/pages\/31","targetHints":{"allow":["GET"]}}],"collection":[{"href":"https:\/\/wp.ufpel.edu.br\/faurbnobairro\/wp-json\/wp\/v2\/pages"}],"about":[{"href":"https:\/\/wp.ufpel.edu.br\/faurbnobairro\/wp-json\/wp\/v2\/types\/page"}],"author":[{"embeddable":true,"href":"https:\/\/wp.ufpel.edu.br\/faurbnobairro\/wp-json\/wp\/v2\/users\/851"}],"replies":[{"embeddable":true,"href":"https:\/\/wp.ufpel.edu.br\/faurbnobairro\/wp-json\/wp\/v2\/comments?post=31"}],"version-history":[{"count":12,"href":"https:\/\/wp.ufpel.edu.br\/faurbnobairro\/wp-json\/wp\/v2\/pages\/31\/revisions"}],"predecessor-version":[{"id":167,"href":"https:\/\/wp.ufpel.edu.br\/faurbnobairro\/wp-json\/wp\/v2\/pages\/31\/revisions\/167"}],"wp:attachment":[{"href":"https:\/\/wp.ufpel.edu.br\/faurbnobairro\/wp-json\/wp\/v2\/media?parent=31"}],"curies":[{"name":"wp","href":"https:\/\/api.w.org\/{rel}","templated":true}]}}