{"id":247,"date":"2022-09-01T11:33:39","date_gmt":"2022-09-01T14:33:39","guid":{"rendered":"https:\/\/wp.ufpel.edu.br\/faurbnobairro\/?page_id=247"},"modified":"2022-09-29T09:39:33","modified_gmt":"2022-09-29T12:39:33","slug":"rce-porto","status":"publish","type":"page","link":"https:\/\/wp.ufpel.edu.br\/faurbnobairro\/rce-porto\/","title":{"rendered":"RCE\/PORTO"},"content":{"rendered":"<p>No semestre de 2022\/1, a turma de RCE do FAUrb no Bairro realizou caminhadas, conversas com habitantes do bairro e registros diversos das observa\u00e7\u00f5es feitas por eles. O levantamento feito est\u00e1 contemplado nos links abaixo.<\/p>\n<p><a href=\"https:\/\/drive.google.com\/drive\/folders\/1FEM6qUAroJmbnS5K0MuTLkYgttmqBTMU?usp=sharing\">Google Drive<\/a><\/p>\n<p><a href=\"https:\/\/wp.ufpel.edu.br\/faurbnobairro\/files\/2022\/09\/RCE.pdf\">RCE &#8211; An\u00e1lise dos materiais<\/a><\/p>\n","protected":false},"excerpt":{"rendered":"<p>No semestre de 2022\/1, a turma de RCE do FAUrb no Bairro realizou caminhadas, conversas com habitantes do bairro e registros diversos das observa\u00e7\u00f5es feitas por eles. O levantamento feito est\u00e1 contemplado nos links abaixo. Google Drive RCE &#8211; An\u00e1lise dos materiais<\/p>\n","protected":false},"author":851,"featured_media":0,"parent":0,"menu_order":0,"comment_status":"closed","ping_status":"closed","template":"","meta":{"footnotes":""},"class_list":["post-247","page","type-page","status-publish","hentry"],"_links":{"self":[{"href":"https:\/\/wp.ufpel.edu.br\/faurbnobairro\/wp-json\/wp\/v2\/pages\/247","targetHints":{"allow":["GET"]}}],"collection":[{"href":"https:\/\/wp.ufpel.edu.br\/faurbnobairro\/wp-json\/wp\/v2\/pages"}],"about":[{"href":"https:\/\/wp.ufpel.edu.br\/faurbnobairro\/wp-json\/wp\/v2\/types\/page"}],"author":[{"embeddable":true,"href":"https:\/\/wp.ufpel.edu.br\/faurbnobairro\/wp-json\/wp\/v2\/users\/851"}],"replies":[{"embeddable":true,"href":"https:\/\/wp.ufpel.edu.br\/faurbnobairro\/wp-json\/wp\/v2\/comments?post=247"}],"version-history":[{"count":4,"href":"https:\/\/wp.ufpel.edu.br\/faurbnobairro\/wp-json\/wp\/v2\/pages\/247\/revisions"}],"predecessor-version":[{"id":307,"href":"https:\/\/wp.ufpel.edu.br\/faurbnobairro\/wp-json\/wp\/v2\/pages\/247\/revisions\/307"}],"wp:attachment":[{"href":"https:\/\/wp.ufpel.edu.br\/faurbnobairro\/wp-json\/wp\/v2\/media?parent=247"}],"curies":[{"name":"wp","href":"https:\/\/api.w.org\/{rel}","templated":true}]}}