{"id":148,"date":"2021-05-11T14:14:45","date_gmt":"2021-05-11T17:14:45","guid":{"rendered":"https:\/\/wp.ufpel.edu.br\/faurbnobairro\/?page_id=148"},"modified":"2023-03-31T07:59:00","modified_gmt":"2023-03-31T10:59:00","slug":"porto","status":"publish","type":"page","link":"https:\/\/wp.ufpel.edu.br\/faurbnobairro\/porto\/","title":{"rendered":"Porto 2022"},"content":{"rendered":"<p>O Porto \u00e9 um bairro, na cidade de Pelotas, uma microzona que faz parte da macrozona da regi\u00e3o centro.<\/p>\n<p><img loading=\"lazy\" decoding=\"async\" class=\"aligncenter size-medium wp-image-205\" src=\"https:\/\/wp.ufpel.edu.br\/faurbnobairro\/files\/2022\/07\/1-400x180.png\" alt=\"\" width=\"400\" height=\"180\" srcset=\"https:\/\/wp.ufpel.edu.br\/faurbnobairro\/files\/2022\/07\/1-400x180.png 400w, https:\/\/wp.ufpel.edu.br\/faurbnobairro\/files\/2022\/07\/1-1024x462.png 1024w, https:\/\/wp.ufpel.edu.br\/faurbnobairro\/files\/2022\/07\/1-768x346.png 768w, https:\/\/wp.ufpel.edu.br\/faurbnobairro\/files\/2022\/07\/1-1536x693.png 1536w, https:\/\/wp.ufpel.edu.br\/faurbnobairro\/files\/2022\/07\/1-619x279.png 619w, https:\/\/wp.ufpel.edu.br\/faurbnobairro\/files\/2022\/07\/1.png 1891w\" sizes=\"auto, (max-width: 400px) 100vw, 400px\" \/><\/p>\n<p>O bairro Porto, no seu desenvolvimento, esteve conectado diretamente a atividade econ\u00f4mica portu\u00e1ria, sendo respons\u00e1vel por receber mat\u00e9rias-primas utilizada pelas ind\u00fastrias de Pelotas e exportar a produ\u00e7\u00e3o das mesmas. Assim, a constru\u00e7\u00e3o do bairro se deu a partir da inser\u00e7\u00e3o de ind\u00fastrias e os subsequentes conjuntos de constru\u00e7\u00f5es habitacionais e de lazer ao redor das ind\u00fastrias ou do pr\u00f3prio porto mar\u00edtimo. O bairro Porto \u00e9, portanto, marcado pela presen\u00e7a de pr\u00e9dios hist\u00f3ricos com estilo dos Anos 30\/40, ecl\u00e9ticos e industriais, que hoje s\u00e3o abandonados ou tiveram seu uso renovado. Ap\u00f3s a crise e a consequente fal\u00eancia de f\u00e1bricas, a Universidade Federal de Pelotas adquiriu pr\u00e9dios industriais trazendo movimento \u00e0 regi\u00e3o.<\/p>\n<table style=\"border-collapse: collapse; width: 100%;\" border=\"1\">\n<tbody>\n<tr style=\"height: 231px;\">\n<td style=\"width: 20%; height: 231px;\">\n<p style=\"text-align: center;\"><img loading=\"lazy\" decoding=\"async\" class=\"aligncenter wp-image-210 size-thumbnail\" src=\"https:\/\/wp.ufpel.edu.br\/faurbnobairro\/files\/2022\/07\/image-4-1-200x200.png\" alt=\"\" width=\"200\" height=\"200\" srcset=\"https:\/\/wp.ufpel.edu.br\/faurbnobairro\/files\/2022\/07\/image-4-1-200x200.png 200w, https:\/\/wp.ufpel.edu.br\/faurbnobairro\/files\/2022\/07\/image-4-1-400x400.png 400w, https:\/\/wp.ufpel.edu.br\/faurbnobairro\/files\/2022\/07\/image-4-1-1024x1024.png 1024w, https:\/\/wp.ufpel.edu.br\/faurbnobairro\/files\/2022\/07\/image-4-1-768x768.png 768w, https:\/\/wp.ufpel.edu.br\/faurbnobairro\/files\/2022\/07\/image-4-1-619x619.png 619w, https:\/\/wp.ufpel.edu.br\/faurbnobairro\/files\/2022\/07\/image-4-1.png 1080w\" sizes=\"auto, (max-width: 200px) 100vw, 200px\" \/><\/p>\n<p style=\"text-align: center;\"><span style=\"font-size: 8pt; font-family: inherit;\">Frigor\u00edfico-&gt;Campus Anglo<\/span><\/p>\n<\/td>\n<td style=\"width: 20%; height: 231px;\">\n<p style=\"text-align: center;\"><img loading=\"lazy\" decoding=\"async\" class=\"aligncenter wp-image-211 size-thumbnail\" src=\"https:\/\/wp.ufpel.edu.br\/faurbnobairro\/files\/2022\/07\/image-10-200x200.png\" alt=\"\" width=\"200\" height=\"200\" srcset=\"https:\/\/wp.ufpel.edu.br\/faurbnobairro\/files\/2022\/07\/image-10-200x200.png 200w, https:\/\/wp.ufpel.edu.br\/faurbnobairro\/files\/2022\/07\/image-10.png 300w\" sizes=\"auto, (max-width: 200px) 100vw, 200px\" \/><\/p>\n<p style=\"text-align: center;\"><span style=\"font-family: inherit; font-size: 8pt;\">Alf\u00e2ndega-&gt;CEng<\/span><\/p>\n<\/td>\n<td style=\"width: 20%; height: 231px;\">\n<p style=\"text-align: center;\"><img loading=\"lazy\" decoding=\"async\" class=\"aligncenter wp-image-207 size-thumbnail\" src=\"https:\/\/wp.ufpel.edu.br\/faurbnobairro\/files\/2022\/07\/image-1-1-200x200.png\" alt=\"\" width=\"200\" height=\"200\" srcset=\"https:\/\/wp.ufpel.edu.br\/faurbnobairro\/files\/2022\/07\/image-1-1-200x200.png 200w, https:\/\/wp.ufpel.edu.br\/faurbnobairro\/files\/2022\/07\/image-1-1-400x400.png 400w, https:\/\/wp.ufpel.edu.br\/faurbnobairro\/files\/2022\/07\/image-1-1.png 480w\" sizes=\"auto, (max-width: 200px) 100vw, 200px\" \/><\/p>\n<p style=\"text-align: center;\"><span style=\"font-size: 8pt;\">F\u00e1brica de l\u00e3-&gt;ICH<\/span><\/p>\n<\/td>\n<td style=\"width: 20%; height: 231px;\"><span style=\"font-size: 8pt;\"><img loading=\"lazy\" decoding=\"async\" class=\"aligncenter wp-image-208 size-thumbnail\" src=\"https:\/\/wp.ufpel.edu.br\/faurbnobairro\/files\/2022\/07\/image-2-1-200x200.png\" alt=\"\" width=\"200\" height=\"200\" srcset=\"https:\/\/wp.ufpel.edu.br\/faurbnobairro\/files\/2022\/07\/image-2-1-200x200.png 200w, https:\/\/wp.ufpel.edu.br\/faurbnobairro\/files\/2022\/07\/image-2-1-400x400.png 400w, https:\/\/wp.ufpel.edu.br\/faurbnobairro\/files\/2022\/07\/image-2-1-1024x1024.png 1024w, https:\/\/wp.ufpel.edu.br\/faurbnobairro\/files\/2022\/07\/image-2-1-768x768.png 768w, https:\/\/wp.ufpel.edu.br\/faurbnobairro\/files\/2022\/07\/image-2-1-619x619.png 619w, https:\/\/wp.ufpel.edu.br\/faurbnobairro\/files\/2022\/07\/image-2-1.png 1080w\" sizes=\"auto, (max-width: 200px) 100vw, 200px\" \/><\/span><\/p>\n<p style=\"text-align: center;\"><span style=\"font-size: 8pt;\">F\u00e1brica de massas e biscoitos-&gt;CEng<\/span><\/p>\n<\/td>\n<td style=\"width: 20%; height: 231px;\"><img loading=\"lazy\" decoding=\"async\" class=\"aligncenter wp-image-209 size-thumbnail\" src=\"https:\/\/wp.ufpel.edu.br\/faurbnobairro\/files\/2022\/07\/image-3-1-200x200.png\" alt=\"\" width=\"200\" height=\"200\" srcset=\"https:\/\/wp.ufpel.edu.br\/faurbnobairro\/files\/2022\/07\/image-3-1-200x200.png 200w, https:\/\/wp.ufpel.edu.br\/faurbnobairro\/files\/2022\/07\/image-3-1-400x400.png 400w, https:\/\/wp.ufpel.edu.br\/faurbnobairro\/files\/2022\/07\/image-3-1-1024x1024.png 1024w, https:\/\/wp.ufpel.edu.br\/faurbnobairro\/files\/2022\/07\/image-3-1-768x768.png 768w, https:\/\/wp.ufpel.edu.br\/faurbnobairro\/files\/2022\/07\/image-3-1-619x619.png 619w, https:\/\/wp.ufpel.edu.br\/faurbnobairro\/files\/2022\/07\/image-3-1.png 1088w\" sizes=\"auto, (max-width: 200px) 100vw, 200px\" \/><\/p>\n<p style=\"text-align: center;\"><span style=\"font-size: 8pt;\">Cervejaria Brahma-&gt;Livraria e Editora<\/span><\/p>\n<\/td>\n<\/tr>\n<\/tbody>\n<\/table>\n<p>Analisando o bairro atualmente, \u00e9 vis\u00edvel que, al\u00e9m dos pr\u00e9dios classificados como patrim\u00f4nio hist\u00f3rico, a arte do grafitti, bombs, tags e pain\u00e9is \u00e9 muito viva e presente nos muros. Ainda, por causa da marcante presen\u00e7a dos pr\u00e9dios universit\u00e1rios, a regi\u00e3o \u00e9 repleta de casas noturnas e pub\u2019s.<\/p>\n<p><img loading=\"lazy\" decoding=\"async\" class=\"aligncenter wp-image-195\" src=\"https:\/\/wp.ufpel.edu.br\/faurbnobairro\/files\/2022\/07\/image-9-400x215.png\" alt=\"\" width=\"318\" height=\"171\" srcset=\"https:\/\/wp.ufpel.edu.br\/faurbnobairro\/files\/2022\/07\/image-9-400x215.png 400w, https:\/\/wp.ufpel.edu.br\/faurbnobairro\/files\/2022\/07\/image-9-619x332.png 619w, https:\/\/wp.ufpel.edu.br\/faurbnobairro\/files\/2022\/07\/image-9.png 680w\" sizes=\"auto, (max-width: 318px) 100vw, 318px\" \/><\/p>\n<p>Em uma vis\u00e3o mais geral do bairro, temos como lugares importantes\/significantes e definidores dele o Quadrado (porto), a Igreja Sagrado Cora\u00e7\u00e3o de Jesus, o Pr\u00e9dio Instituto de Ci\u00eancias Humanas (ICH) -UFPel, o Pr\u00e9dio Centro de Artes \u2013 UFPel, o Pr\u00e9dio Cotada \u2013 UFPel, o Campus Porto \u2013 UFPel, a Escola Municipal Carlos Andr\u00e9 Laquintinie e o Col\u00e9gio Estadual Felix da Cunha. Ademais, tem-se as \u00e1reas verdes, como pra\u00e7as, e unidades p\u00fablicas.<\/p>\n<p><img loading=\"lazy\" decoding=\"async\" class=\"size-medium wp-image-214 aligncenter\" src=\"https:\/\/wp.ufpel.edu.br\/faurbnobairro\/files\/2022\/07\/x_____xtJVhkwQmj5j5PT0S1qmHnQ_x_____x_ags_2f3f3ab1-fba5-11ec-bef7-22000a955d63-1-400x283.jpg\" alt=\"\" width=\"400\" height=\"283\" srcset=\"https:\/\/wp.ufpel.edu.br\/faurbnobairro\/files\/2022\/07\/x_____xtJVhkwQmj5j5PT0S1qmHnQ_x_____x_ags_2f3f3ab1-fba5-11ec-bef7-22000a955d63-1-400x283.jpg 400w, https:\/\/wp.ufpel.edu.br\/faurbnobairro\/files\/2022\/07\/x_____xtJVhkwQmj5j5PT0S1qmHnQ_x_____x_ags_2f3f3ab1-fba5-11ec-bef7-22000a955d63-1-1024x724.jpg 1024w, https:\/\/wp.ufpel.edu.br\/faurbnobairro\/files\/2022\/07\/x_____xtJVhkwQmj5j5PT0S1qmHnQ_x_____x_ags_2f3f3ab1-fba5-11ec-bef7-22000a955d63-1-768x543.jpg 768w, https:\/\/wp.ufpel.edu.br\/faurbnobairro\/files\/2022\/07\/x_____xtJVhkwQmj5j5PT0S1qmHnQ_x_____x_ags_2f3f3ab1-fba5-11ec-bef7-22000a955d63-1-1536x1086.jpg 1536w, https:\/\/wp.ufpel.edu.br\/faurbnobairro\/files\/2022\/07\/x_____xtJVhkwQmj5j5PT0S1qmHnQ_x_____x_ags_2f3f3ab1-fba5-11ec-bef7-22000a955d63-1-2048x1448.jpg 2048w, https:\/\/wp.ufpel.edu.br\/faurbnobairro\/files\/2022\/07\/x_____xtJVhkwQmj5j5PT0S1qmHnQ_x_____x_ags_2f3f3ab1-fba5-11ec-bef7-22000a955d63-1-619x438.jpg 619w\" sizes=\"auto, (max-width: 400px) 100vw, 400px\" \/><\/p>\n","protected":false},"excerpt":{"rendered":"<p>O Porto \u00e9 um bairro, na cidade de Pelotas, uma microzona que faz parte da macrozona da regi\u00e3o centro. O bairro Porto, no seu desenvolvimento, esteve conectado diretamente a atividade econ\u00f4mica portu\u00e1ria, sendo respons\u00e1vel por receber mat\u00e9rias-primas utilizada pelas ind\u00fastrias de Pelotas e exportar a produ\u00e7\u00e3o das mesmas. Assim, a constru\u00e7\u00e3o do bairro se deu [&hellip;]<\/p>\n","protected":false},"author":851,"featured_media":0,"parent":0,"menu_order":0,"comment_status":"closed","ping_status":"closed","template":"","meta":{"footnotes":""},"class_list":["post-148","page","type-page","status-publish","hentry"],"_links":{"self":[{"href":"https:\/\/wp.ufpel.edu.br\/faurbnobairro\/wp-json\/wp\/v2\/pages\/148","targetHints":{"allow":["GET"]}}],"collection":[{"href":"https:\/\/wp.ufpel.edu.br\/faurbnobairro\/wp-json\/wp\/v2\/pages"}],"about":[{"href":"https:\/\/wp.ufpel.edu.br\/faurbnobairro\/wp-json\/wp\/v2\/types\/page"}],"author":[{"embeddable":true,"href":"https:\/\/wp.ufpel.edu.br\/faurbnobairro\/wp-json\/wp\/v2\/users\/851"}],"replies":[{"embeddable":true,"href":"https:\/\/wp.ufpel.edu.br\/faurbnobairro\/wp-json\/wp\/v2\/comments?post=148"}],"version-history":[{"count":10,"href":"https:\/\/wp.ufpel.edu.br\/faurbnobairro\/wp-json\/wp\/v2\/pages\/148\/revisions"}],"predecessor-version":[{"id":377,"href":"https:\/\/wp.ufpel.edu.br\/faurbnobairro\/wp-json\/wp\/v2\/pages\/148\/revisions\/377"}],"wp:attachment":[{"href":"https:\/\/wp.ufpel.edu.br\/faurbnobairro\/wp-json\/wp\/v2\/media?parent=148"}],"curies":[{"name":"wp","href":"https:\/\/api.w.org\/{rel}","templated":true}]}}