{"id":70,"date":"2016-10-07T13:16:09","date_gmt":"2016-10-07T16:16:09","guid":{"rendered":"https:\/\/wp.ufpel.edu.br\/faurb\/?page_id=70"},"modified":"2018-03-26T13:09:50","modified_gmt":"2018-03-26T16:09:50","slug":"contato","status":"publish","type":"page","link":"https:\/\/wp.ufpel.edu.br\/faurb\/contato\/","title":{"rendered":"Contato"},"content":{"rendered":"<p class=\"corpo\">\u00a0<span class=\"Paragrafo2\">Os n\u00fameros telef\u00f4nicos da FAUrb voc\u00ea encontra no link:<\/span> <strong><a class=\"ramais\" href=\"https:\/\/wp.ufpel.edu.br\/faurb\/telefones\/\">Telefones e Ramais<\/a><\/strong><\/p>\n<div id=\"mainContent0\">\n<p class=\"corpo\"><span class=\"Paragrafo2\">Para entrar em contato conosco basta preencher o formul\u00e1rio abaixo:<\/span><\/p>\n<p class=\"corpo\">\n<div class=\"wpcf7 no-js\" id=\"wpcf7-f74-o1\" lang=\"pt-BR\" dir=\"ltr\" data-wpcf7-id=\"74\">\n<div class=\"screen-reader-response\"><p role=\"status\" aria-live=\"polite\" aria-atomic=\"true\"><\/p> <ul><\/ul><\/div>\n<form action=\"\/faurb\/wp-json\/wp\/v2\/pages\/70#wpcf7-f74-o1\" method=\"post\" class=\"wpcf7-form init\" aria-label=\"Formul\u00e1rios de contato\" novalidate=\"novalidate\" data-status=\"init\">\n<fieldset class=\"hidden-fields-container\"><input type=\"hidden\" name=\"_wpcf7\" value=\"74\" \/><input type=\"hidden\" name=\"_wpcf7_version\" value=\"6.1.4\" \/><input type=\"hidden\" name=\"_wpcf7_locale\" value=\"pt_BR\" \/><input type=\"hidden\" name=\"_wpcf7_unit_tag\" value=\"wpcf7-f74-o1\" \/><input type=\"hidden\" name=\"_wpcf7_container_post\" value=\"0\" \/><input type=\"hidden\" name=\"_wpcf7_posted_data_hash\" value=\"\" \/>\n<\/fieldset>\n<p><label> Seu nome (obrigat\u00f3rio)<br \/>\n<span class=\"wpcf7-form-control-wrap\" data-name=\"your-name\"><input size=\"40\" maxlength=\"400\" class=\"wpcf7-form-control wpcf7-text wpcf7-validates-as-required\" aria-required=\"true\" aria-invalid=\"false\" value=\"\" type=\"text\" name=\"your-name\" \/><\/span> <\/label>\n<\/p>\n<p><label> Seu e-mail (obrigat\u00f3rio)<br \/>\n<span class=\"wpcf7-form-control-wrap\" data-name=\"your-email\"><input size=\"40\" maxlength=\"400\" class=\"wpcf7-form-control wpcf7-email wpcf7-validates-as-required wpcf7-text wpcf7-validates-as-email\" aria-required=\"true\" aria-invalid=\"false\" value=\"\" type=\"email\" name=\"your-email\" \/><\/span> <\/label>\n<\/p>\n<p><label> Assunto<br \/>\n<span class=\"wpcf7-form-control-wrap\" data-name=\"your-subject\"><input size=\"40\" maxlength=\"400\" class=\"wpcf7-form-control wpcf7-text\" aria-invalid=\"false\" value=\"\" type=\"text\" name=\"your-subject\" \/><\/span> <\/label>\n<\/p>\n<p><label> Sua mensagem<br \/>\n<span class=\"wpcf7-form-control-wrap\" data-name=\"your-message\"><textarea cols=\"40\" rows=\"10\" maxlength=\"2000\" class=\"wpcf7-form-control wpcf7-textarea\" aria-invalid=\"false\" name=\"your-message\"><\/textarea><\/span> <\/label>\n<\/p>\n<p><input class=\"wpcf7-form-control wpcf7-submit has-spinner\" type=\"submit\" value=\"Enviar\" \/>\n<\/p><p style=\"display: none !important;\" class=\"akismet-fields-container\" data-prefix=\"_wpcf7_ak_\"><label>&#916;<textarea name=\"_wpcf7_ak_hp_textarea\" cols=\"45\" rows=\"8\" maxlength=\"100\"><\/textarea><\/label><input type=\"hidden\" id=\"ak_js_1\" name=\"_wpcf7_ak_js\" value=\"146\"\/><script>document.getElementById( \"ak_js_1\" ).setAttribute( \"value\", ( new Date() ).getTime() );<\/script><\/p><div class=\"wpcf7-response-output\" aria-hidden=\"true\"><\/div>\n<\/form>\n<\/div>\n<\/p>\n<p class=\"corpo\">\n<\/div>\n<p><strong><span class=\"Assinatura\">Faculdade de Arquitetura e Urbanismo<\/span><span class=\"Titulo-2\"><br \/>\n<\/span> <\/strong><span class=\"Titulo-2\">Universidade Federal de Pelotas<br \/>\nCampus Porto<br \/>\n<\/span><span class=\"Assinatura\">Rua Benjamin Constant, n\u00ba 1359<\/span><span class=\"Titulo-2\"><br \/>\nPelotas\/ Rio Grande do Sul\/ Brasil<br \/>\nCep: 96010-020\u00a0\u00a0\u00a0\u00a0\u00a0\u00a0\u00a0\u00a0\u00a0\u00a0\u00a0<\/span><span class=\"Assinatura\"> Telefone: +55 53 <\/span> <strong><span class=\"Assinatura\">3284-5500<\/span><\/strong><\/p>\n","protected":false},"excerpt":{"rendered":"<p>\u00a0Os n\u00fameros telef\u00f4nicos da FAUrb voc\u00ea encontra no link: Telefones e Ramais Para entrar em contato conosco basta preencher o formul\u00e1rio abaixo: Faculdade de Arquitetura e Urbanismo Universidade Federal de Pelotas Campus Porto Rua Benjamin Constant, n\u00ba 1359 Pelotas\/ Rio Grande do Sul\/ Brasil Cep: 96010-020\u00a0\u00a0\u00a0\u00a0\u00a0\u00a0\u00a0\u00a0\u00a0\u00a0\u00a0 Telefone: +55 53 3284-5500<\/p>\n","protected":false},"author":296,"featured_media":0,"parent":0,"menu_order":0,"comment_status":"closed","ping_status":"closed","template":"","meta":{"jetpack_post_was_ever_published":false,"footnotes":""},"class_list":["post-70","page","type-page","status-publish","hentry"],"jetpack_sharing_enabled":true,"jetpack_shortlink":"https:\/\/wp.me\/P7YVy4-18","jetpack-related-posts":[],"_links":{"self":[{"href":"https:\/\/wp.ufpel.edu.br\/faurb\/wp-json\/wp\/v2\/pages\/70","targetHints":{"allow":["GET"]}}],"collection":[{"href":"https:\/\/wp.ufpel.edu.br\/faurb\/wp-json\/wp\/v2\/pages"}],"about":[{"href":"https:\/\/wp.ufpel.edu.br\/faurb\/wp-json\/wp\/v2\/types\/page"}],"author":[{"embeddable":true,"href":"https:\/\/wp.ufpel.edu.br\/faurb\/wp-json\/wp\/v2\/users\/296"}],"replies":[{"embeddable":true,"href":"https:\/\/wp.ufpel.edu.br\/faurb\/wp-json\/wp\/v2\/comments?post=70"}],"version-history":[{"count":4,"href":"https:\/\/wp.ufpel.edu.br\/faurb\/wp-json\/wp\/v2\/pages\/70\/revisions"}],"predecessor-version":[{"id":225,"href":"https:\/\/wp.ufpel.edu.br\/faurb\/wp-json\/wp\/v2\/pages\/70\/revisions\/225"}],"wp:attachment":[{"href":"https:\/\/wp.ufpel.edu.br\/faurb\/wp-json\/wp\/v2\/media?parent=70"}],"curies":[{"name":"wp","href":"https:\/\/api.w.org\/{rel}","templated":true}]}}