{"id":46,"date":"2016-10-07T13:04:00","date_gmt":"2016-10-07T16:04:00","guid":{"rendered":"https:\/\/wp.ufpel.edu.br\/faurb\/?page_id=46"},"modified":"2025-09-29T11:18:58","modified_gmt":"2025-09-29T14:18:58","slug":"corpo-docente","status":"publish","type":"page","link":"https:\/\/wp.ufpel.edu.br\/faurb\/corpo-docente\/","title":{"rendered":"Corpo Docente"},"content":{"rendered":"<table style=\"width: 640px;\" width=\"493\">\n<tbody>\n<tr>\n<td style=\"width: 375px;\">ADRIANA ARAUJO PORTELLA<\/td>\n<td style=\"width: 265px;\">Professor do Magist\u00e9rio Superior<\/td>\n<\/tr>\n<tr>\n<td style=\"width: 375px;\">ADRIANE BORDA ALMEIDA DA SILVA<\/td>\n<td style=\"width: 265px;\">Professor do Magist\u00e9rio Superior<\/td>\n<\/tr>\n<tr>\n<td style=\"width: 375px;\">ALICE RAUBER GONCALVES<\/td>\n<td style=\"width: 265px;\">Professor do Magist\u00e9rio Superior<\/td>\n<\/tr>\n<tr>\n<td style=\"width: 375px;\">ALINE MONTAGNA DA SILVEIRA<\/td>\n<td style=\"width: 265px;\">Professor do Magist\u00e9rio Superior<\/td>\n<\/tr>\n<tr>\n<td style=\"width: 375px;\">ANA PAULA DE ANDREA DAMETTO<\/td>\n<td style=\"width: 265px;\">Professor do Magist\u00e9rio Superior<\/td>\n<\/tr>\n<tr>\n<td style=\"width: 375px;\">ANA PAULA NETO DE FARIA<\/td>\n<td style=\"width: 265px;\">Professor do Magist\u00e9rio Superior<\/td>\n<\/tr>\n<tr>\n<td style=\"width: 375px;\">ANA PAULA POLIDORI ZECHLINSKI<\/td>\n<td style=\"width: 265px;\">Professor do Magist\u00e9rio Superior<\/td>\n<\/tr>\n<tr>\n<td style=\"width: 375px;\">ANDRE TREMPER MINASI<\/td>\n<td style=\"width: 265px;\">Professor do Magist\u00e9rio Superior<\/td>\n<\/tr>\n<tr>\n<td style=\"width: 375px;\">ANTONIO CESAR SILVEIRA BAPTISTA DA SILVA<\/td>\n<td style=\"width: 265px;\">Professor do Magist\u00e9rio Superior<\/td>\n<\/tr>\n<tr>\n<td style=\"width: 375px;\">ARIELA DA SILVA TORRES<\/td>\n<td style=\"width: 265px;\">Professor do Magist\u00e9rio Superior<\/td>\n<\/tr>\n<tr>\n<td style=\"width: 375px;\">CELIA HELENA CASTRO GONSALES<\/td>\n<td style=\"width: 265px;\">Professor do Magist\u00e9rio Superior<\/td>\n<\/tr>\n<tr>\n<td style=\"width: 375px;\">CELINA MARIA BRITTO CORREA<\/td>\n<td style=\"width: 265px;\">Professor do Magist\u00e9rio Superior<\/td>\n<\/tr>\n<tr>\n<td style=\"width: 375px;\">CHARLEI MARCELO PALIGA<\/td>\n<td style=\"width: 265px;\">Professor do Magist\u00e9rio Superior<\/td>\n<\/tr>\n<tr>\n<td style=\"width: 375px;\">CRISTHIAN MOREIRA BRUM<\/td>\n<td style=\"width: 265px;\">Professor do Magist\u00e9rio Superior<\/td>\n<\/tr>\n<tr>\n<td style=\"width: 375px;\">EDUARDO GRALA DA CUNHA<\/td>\n<td style=\"width: 265px;\">Professor do Magist\u00e9rio Superior<\/td>\n<\/tr>\n<tr>\n<td style=\"width: 375px;\">EDUARDO ROCHA<\/td>\n<td style=\"width: 265px;\">Professor do Magist\u00e9rio Superior<\/td>\n<\/tr>\n<tr>\n<td style=\"width: 375px;\">FABIO KELLERMANN SCHRAMM<\/td>\n<td style=\"width: 265px;\">Professor do Magist\u00e9rio Superior<\/td>\n<\/tr>\n<tr>\n<td style=\"width: 375px;\">FABIO SPANIER AMADOR<\/td>\n<td style=\"width: 265px;\">Professor do Magist\u00e9rio Superior<\/td>\n<\/tr>\n<tr>\n<td style=\"width: 375px;\">FELIPE ETCHEGARAY HEIDRICH<\/td>\n<td style=\"width: 265px;\">Professor do Magist\u00e9rio Superior<\/td>\n<\/tr>\n<tr>\n<td style=\"width: 375px;\">FERNANDA TOMIELLO<\/td>\n<td style=\"width: 265px;\">Professor Substituto<\/td>\n<\/tr>\n<tr>\n<td style=\"width: 375px;\">GUSTAVO GARCIA DE OLIVEIRA<\/td>\n<td style=\"width: 265px;\">Professor do Magist\u00e9rio Superior<\/td>\n<\/tr>\n<tr>\n<td style=\"width: 375px;\">ISABELLA KHAUAM MARICATTO<\/td>\n<td style=\"width: 265px;\">Professor Substituto<\/td>\n<\/tr>\n<tr>\n<td style=\"width: 375px;\">ISABEL TOURINHO SALAMONI<\/td>\n<td style=\"width: 265px;\">Professor do Magist\u00e9rio Superior<\/td>\n<\/tr>\n<tr>\n<td style=\"width: 375px;\">JANICE DE FREITAS PIRES<\/td>\n<td style=\"width: 265px;\">Professor do Magist\u00e9rio Superior<\/td>\n<\/tr>\n<tr>\n<td style=\"width: 375px;\">JULIANA AL-ALAM POUEY<\/td>\n<td style=\"width: 265px;\">Professor Substituto<\/td>\n<\/tr>\n<tr>\n<td style=\"width: 375px;\">JULIANA TASCA TISSOT<\/td>\n<td style=\"width: 265px;\">Professor do Magist\u00e9rio Superior<\/td>\n<\/tr>\n<tr>\n<td style=\"width: 375px;\">LAURA LOPES CEZAR<\/td>\n<td style=\"width: 265px;\">Professor do Magist\u00e9rio Superior<\/td>\n<\/tr>\n<tr>\n<td style=\"width: 375px;\">LISANDRA FACHINELLO KREBS<\/td>\n<td style=\"width: 265px;\">Professor do Magist\u00e9rio Superior<\/td>\n<\/tr>\n<tr>\n<td style=\"width: 375px;\">LISI\u00ca KREMER CABRAL<\/td>\n<td style=\"width: 265px;\">Professor Substituto<\/td>\n<\/tr>\n<tr>\n<td style=\"width: 375px;\">LUANA PAVAN DETONI<\/td>\n<td style=\"width: 265px;\">Professor do Magist\u00e9rio Superior<\/td>\n<\/tr>\n<tr>\n<td style=\"width: 375px;\">LUCIANO DE VASCONCELLOS CORREA<\/td>\n<td style=\"width: 265px;\">Professor do Magist\u00e9rio Superior<\/td>\n<\/tr>\n<tr>\n<td style=\"width: 375px;\">LUISA RODRIGUES FELIX DALLA VECCHIA<\/td>\n<td style=\"width: 265px;\">Professor do Magist\u00e9rio Superior<\/td>\n<\/tr>\n<tr>\n<td style=\"width: 375px;\">MAUREN AURICH<\/td>\n<td style=\"width: 265px;\">Professor do Magist\u00e9rio Superior<\/td>\n<\/tr>\n<tr>\n<td style=\"width: 375px;\">NATALIA DOS SANTOS PETRY<\/td>\n<td style=\"width: 265px;\">Professor do Magist\u00e9rio Superior<\/td>\n<\/tr>\n<tr>\n<td style=\"width: 375px;\">NATALIA NAOUMOVA<\/td>\n<td style=\"width: 265px;\">Professor do Magist\u00e9rio Superior<\/td>\n<\/tr>\n<tr>\n<td style=\"width: 375px;\">NIRCE SAFFER MEDVEDOVSKI<\/td>\n<td style=\"width: 265px;\">Professor do Magist\u00e9rio Superior<\/td>\n<\/tr>\n<tr>\n<td style=\"width: 375px;\">OTAVIO MARTINS PERES<\/td>\n<td style=\"width: 265px;\">Professor do Magist\u00e9rio Superior<\/td>\n<\/tr>\n<tr>\n<td style=\"width: 375px;\">RAFAELA BORTOLINI<\/td>\n<td style=\"width: 265px;\">Professor do Magist\u00e9rio Superior<\/td>\n<\/tr>\n<tr>\n<td style=\"width: 375px;\">RICARDO LUIS SAMPAIO PINTADO<\/td>\n<td style=\"width: 265px;\">Professor do Magist\u00e9rio Superior<\/td>\n<\/tr>\n<tr>\n<td style=\"width: 375px;\">ROBERTA MULAZZANI DOLEYS SOARES<\/td>\n<td style=\"width: 265px;\">Professor do Magist\u00e9rio Superior<\/td>\n<\/tr>\n<tr>\n<td style=\"width: 375px;\">ROGERIO PENNA QUINTANILHA<\/td>\n<td style=\"width: 265px;\">Professor do Magist\u00e9rio Superior<\/td>\n<\/tr>\n<tr>\n<td style=\"width: 375px;\">ROSILAINE ANDR\u00c9 ISOLDI<\/td>\n<td style=\"width: 265px;\">Professor do Magist\u00e9rio Superior<\/td>\n<\/tr>\n<tr>\n<td style=\"width: 375px;\">T\u00c1SSIA BORGES DE VASCONSELOS<\/td>\n<td style=\"width: 265px;\">Professor do Magist\u00e9rio Superior<\/td>\n<\/tr>\n<\/tbody>\n<\/table>\n<p>Fonte:<a href=\"https:\/\/institucional.ufpel.edu.br\/cursos\/cod\/1000\"> https:\/\/institucional.ufpel.edu.br\/unidades\/id\/317<\/a><\/p>\n","protected":false},"excerpt":{"rendered":"<p>ADRIANA ARAUJO PORTELLA Professor do Magist\u00e9rio Superior ADRIANE BORDA ALMEIDA DA SILVA Professor do Magist\u00e9rio Superior ALICE RAUBER GONCALVES Professor do Magist\u00e9rio Superior ALINE MONTAGNA DA SILVEIRA Professor do Magist\u00e9rio Superior ANA PAULA DE ANDREA DAMETTO Professor do Magist\u00e9rio Superior ANA PAULA NETO DE FARIA Professor do Magist\u00e9rio Superior ANA PAULA POLIDORI ZECHLINSKI Professor do [&hellip;]<\/p>\n","protected":false},"author":296,"featured_media":0,"parent":0,"menu_order":0,"comment_status":"closed","ping_status":"closed","template":"","meta":{"jetpack_post_was_ever_published":false,"footnotes":""},"class_list":["post-46","page","type-page","status-publish","hentry"],"jetpack_sharing_enabled":true,"jetpack_shortlink":"https:\/\/wp.me\/P7YVy4-K","jetpack-related-posts":[],"_links":{"self":[{"href":"https:\/\/wp.ufpel.edu.br\/faurb\/wp-json\/wp\/v2\/pages\/46","targetHints":{"allow":["GET"]}}],"collection":[{"href":"https:\/\/wp.ufpel.edu.br\/faurb\/wp-json\/wp\/v2\/pages"}],"about":[{"href":"https:\/\/wp.ufpel.edu.br\/faurb\/wp-json\/wp\/v2\/types\/page"}],"author":[{"embeddable":true,"href":"https:\/\/wp.ufpel.edu.br\/faurb\/wp-json\/wp\/v2\/users\/296"}],"replies":[{"embeddable":true,"href":"https:\/\/wp.ufpel.edu.br\/faurb\/wp-json\/wp\/v2\/comments?post=46"}],"version-history":[{"count":5,"href":"https:\/\/wp.ufpel.edu.br\/faurb\/wp-json\/wp\/v2\/pages\/46\/revisions"}],"predecessor-version":[{"id":3696,"href":"https:\/\/wp.ufpel.edu.br\/faurb\/wp-json\/wp\/v2\/pages\/46\/revisions\/3696"}],"wp:attachment":[{"href":"https:\/\/wp.ufpel.edu.br\/faurb\/wp-json\/wp\/v2\/media?parent=46"}],"curies":[{"name":"wp","href":"https:\/\/api.w.org\/{rel}","templated":true}]}}