{"id":3543,"date":"2025-04-17T12:57:25","date_gmt":"2025-04-17T15:57:25","guid":{"rendered":"https:\/\/wp.ufpel.edu.br\/faurb\/?page_id=3543"},"modified":"2025-10-07T16:51:40","modified_gmt":"2025-10-07T19:51:40","slug":"registro-da-estrutura-de-madeira-e-telhas","status":"publish","type":"page","link":"https:\/\/wp.ufpel.edu.br\/faurb\/registro-da-estrutura-de-madeira-e-telhas\/","title":{"rendered":"Registro da estrutura de madeira e telhas"},"content":{"rendered":"<p>O Programa de Educa\u00e7\u00e3o Tutorial da Faculdade de Arquitetura e Urbanismo (PET-FAUrb) est\u00e1 realizando um registro fotogr\u00e1fico da obra em andamento no pr\u00e9dio da FAUrb. As imagens comp\u00f5em um \u201cdi\u00e1rio de obra\u201d dispon\u00edvel ao p\u00fablico no site do grupo.<br \/>\nPara acompanhar as atualiza\u00e7\u00f5es, acesse: <a href=\"https:\/\/wp.ufpel.edu.br\/petarquitetura\/mosaico\/\">Mosaico \u2013 Di\u00e1rio de Obra<\/a><\/p>\n","protected":false},"excerpt":{"rendered":"<p>O Programa de Educa\u00e7\u00e3o Tutorial da Faculdade de Arquitetura e Urbanismo (PET-FAUrb) est\u00e1 realizando um registro fotogr\u00e1fico da obra em andamento no pr\u00e9dio da FAUrb. As imagens comp\u00f5em um \u201cdi\u00e1rio de obra\u201d dispon\u00edvel ao p\u00fablico no site do grupo. Para acompanhar as atualiza\u00e7\u00f5es, acesse: Mosaico \u2013 Di\u00e1rio de Obra<\/p>\n","protected":false},"author":190,"featured_media":0,"parent":0,"menu_order":0,"comment_status":"closed","ping_status":"closed","template":"","meta":{"jetpack_post_was_ever_published":false,"footnotes":""},"class_list":["post-3543","page","type-page","status-publish","hentry"],"jetpack_sharing_enabled":true,"jetpack_shortlink":"https:\/\/wp.me\/P7YVy4-V9","jetpack-related-posts":[],"_links":{"self":[{"href":"https:\/\/wp.ufpel.edu.br\/faurb\/wp-json\/wp\/v2\/pages\/3543","targetHints":{"allow":["GET"]}}],"collection":[{"href":"https:\/\/wp.ufpel.edu.br\/faurb\/wp-json\/wp\/v2\/pages"}],"about":[{"href":"https:\/\/wp.ufpel.edu.br\/faurb\/wp-json\/wp\/v2\/types\/page"}],"author":[{"embeddable":true,"href":"https:\/\/wp.ufpel.edu.br\/faurb\/wp-json\/wp\/v2\/users\/190"}],"replies":[{"embeddable":true,"href":"https:\/\/wp.ufpel.edu.br\/faurb\/wp-json\/wp\/v2\/comments?post=3543"}],"version-history":[{"count":3,"href":"https:\/\/wp.ufpel.edu.br\/faurb\/wp-json\/wp\/v2\/pages\/3543\/revisions"}],"predecessor-version":[{"id":3727,"href":"https:\/\/wp.ufpel.edu.br\/faurb\/wp-json\/wp\/v2\/pages\/3543\/revisions\/3727"}],"wp:attachment":[{"href":"https:\/\/wp.ufpel.edu.br\/faurb\/wp-json\/wp\/v2\/media?parent=3543"}],"curies":[{"name":"wp","href":"https:\/\/api.w.org\/{rel}","templated":true}]}}