{"id":345,"date":"2018-04-06T17:36:33","date_gmt":"2018-04-06T20:36:33","guid":{"rendered":"https:\/\/wp.ufpel.edu.br\/faurb\/?page_id=345"},"modified":"2025-09-29T11:30:52","modified_gmt":"2025-09-29T14:30:52","slug":"cd","status":"publish","type":"page","link":"https:\/\/wp.ufpel.edu.br\/faurb\/cd\/","title":{"rendered":"CD"},"content":{"rendered":"<p><strong><span style=\"font-size: 14pt;\">Conselho Departamental<\/span><\/strong><\/p>\n<p>&nbsp;<\/p>\n<p>Composi\u00e7\u00e3o do Conselho Departamental da Faculdade de Arquitetura e Urbanismo:<\/p>\n<table style=\"width: 584px;\">\n<tbody>\n<tr style=\"height: 45px;\">\n<td style=\"width: 247px; height: 45px;\" width=\"288\"><strong>Cargos <\/strong><\/td>\n<td style=\"width: 412px; height: 45px;\" width=\"288\"><strong>Nomes<\/strong><\/td>\n<\/tr>\n<tr style=\"height: 45px;\">\n<td style=\"width: 247px; height: 45px;\" width=\"288\">Diretor da FAUrb<\/td>\n<td style=\"width: 412px; height: 45px;\" width=\"288\">Prof. Antonio C\u00e9sar Silveira Baptista da Silva<\/td>\n<\/tr>\n<tr style=\"height: 45px;\">\n<td style=\"width: 247px; height: 45px;\" width=\"288\">Vice-Diretor da FAUrb<\/td>\n<td style=\"width: 412px; height: 45px;\" width=\"288\">Prof. Charlei Marcelo Paliga<\/td>\n<\/tr>\n<tr style=\"height: 63px;\">\n<td style=\"width: 247px; height: 63px;\" width=\"288\">Departamento de Arquitetura e Urbanismo<\/td>\n<td style=\"width: 412px; height: 63px;\" width=\"288\">Prof\u00aa Luisa Rodrigues F\u00e9lix Dalla Vecchia (titular)<br \/>\nProf. Ricardo Luis Sampaio Pintado (suplente)<\/td>\n<\/tr>\n<tr style=\"height: 63px;\">\n<td style=\"width: 247px; height: 63px;\" width=\"288\">Departamento de Tecnologia da Constru\u00e7\u00e3o<\/td>\n<td style=\"width: 412px; height: 63px;\" width=\"288\">Prof. F\u00e1bio Kellermann Schramm (titular)<br \/>\nProf. Charlei Marcelo Paliga (suplente)<\/td>\n<\/tr>\n<tr style=\"height: 63px;\">\n<td style=\"width: 247px; height: 63px;\" width=\"288\">Curso de Gradua\u00e7\u00e3o em Arquitetura e Urbanismo<\/td>\n<td style=\"width: 412px; height: 63px;\" width=\"288\">Prof\u00aa Isabel Tourinho Salamoni (titular)<br \/>\nProf\u00aa Ana Paula Polidori Zechlinski (suplente)<\/td>\n<\/tr>\n<tr style=\"height: 63px;\">\n<td style=\"width: 247px; height: 63px;\" width=\"288\">Representante da P\u00f3s-Gradua\u00e7\u00e3o<\/td>\n<td style=\"width: 412px; height: 63px;\" width=\"288\">Prof\u00aa Celina Maria Britto Correa (titular)<br \/>\nProf\u00aa Natalia Naoumova (suplente)<\/td>\n<\/tr>\n<tr style=\"height: 63px;\">\n<td style=\"width: 247px; height: 63px;\">Representante dos Professores Classe D \u2013 Titular<\/td>\n<td style=\"width: 412px; height: 63px;\">Prof\u00aa Celia Helena Castro Gonsales (titular)<br \/>\nProf\u00aa Adriane Borda Almeida da Silva (suplente)<\/td>\n<\/tr>\n<tr style=\"height: 63px;\">\n<td style=\"width: 247px; height: 63px;\">Representante dos Professores Classe C \u2013 Associado<\/td>\n<td style=\"width: 412px; height: 63px;\">Prof\u00aa Ana Paula Neto de Faria (titular)<br \/>\nProf\u00aa Aline Montagna da Silveira (suplente)<\/td>\n<\/tr>\n<tr style=\"height: 63px;\">\n<td style=\"width: 247px; height: 63px;\" width=\"288\">Representante dos Professores Classe B \u2013 Adjunto<\/td>\n<td style=\"width: 412px; height: 63px;\" width=\"288\">Prof\u00aa Lisandra Fachinello Krebs (titular)<br \/>\nProf\u00aa Mauren Aurich (suplente)<\/td>\n<\/tr>\n<tr style=\"height: 10px;\">\n<td style=\"width: 247px; height: 10px;\" width=\"288\">Representante dos Professores Classe A \u2013 Assistente<\/td>\n<td style=\"width: 412px; height: 10px;\" width=\"288\">Prof\u00aa Roberta Mulazzani Doleys Soares (titular)<br \/>\nProf\u00aa Luana Pavan Detoni (suplente)<\/td>\n<\/tr>\n<tr style=\"height: 45px;\">\n<td style=\"width: 247px; height: 45px;\" width=\"288\">Representantes dos Servidores T\u00e9cnico-Administrativos<\/td>\n<td style=\"width: 412px; height: 45px;\" width=\"288\">Assist. Adm. Diego Pacheco Nogueira<br \/>\nAssist. Adm. Cristiane dos Santos Nunes<\/td>\n<\/tr>\n<tr>\n<td style=\"width: 247px;\">Representante Discente<\/td>\n<td style=\"width: 412px;\">Acad. Kayn\u00e3 Faria Echevengu\u00e1 (titular)<br \/>\nAcad. Jonatan Soares Moreira (suplente)<\/td>\n<\/tr>\n<\/tbody>\n<\/table>\n<p>&nbsp;<\/p>\n<p>&nbsp;<\/p>\n","protected":false},"excerpt":{"rendered":"<p>Conselho Departamental &nbsp; Composi\u00e7\u00e3o do Conselho Departamental da Faculdade de Arquitetura e Urbanismo: Cargos Nomes Diretor da FAUrb Prof. Antonio C\u00e9sar Silveira Baptista da Silva Vice-Diretor da FAUrb Prof. Charlei Marcelo Paliga Departamento de Arquitetura e Urbanismo Prof\u00aa Luisa Rodrigues F\u00e9lix Dalla Vecchia (titular) Prof. Ricardo Luis Sampaio Pintado (suplente) Departamento de Tecnologia da Constru\u00e7\u00e3o [&hellip;]<\/p>\n","protected":false},"author":831,"featured_media":0,"parent":0,"menu_order":0,"comment_status":"closed","ping_status":"closed","template":"","meta":{"jetpack_post_was_ever_published":false,"footnotes":""},"class_list":["post-345","page","type-page","status-publish","hentry"],"jetpack_sharing_enabled":true,"jetpack_shortlink":"https:\/\/wp.me\/P7YVy4-5z","jetpack-related-posts":[],"_links":{"self":[{"href":"https:\/\/wp.ufpel.edu.br\/faurb\/wp-json\/wp\/v2\/pages\/345","targetHints":{"allow":["GET"]}}],"collection":[{"href":"https:\/\/wp.ufpel.edu.br\/faurb\/wp-json\/wp\/v2\/pages"}],"about":[{"href":"https:\/\/wp.ufpel.edu.br\/faurb\/wp-json\/wp\/v2\/types\/page"}],"author":[{"embeddable":true,"href":"https:\/\/wp.ufpel.edu.br\/faurb\/wp-json\/wp\/v2\/users\/831"}],"replies":[{"embeddable":true,"href":"https:\/\/wp.ufpel.edu.br\/faurb\/wp-json\/wp\/v2\/comments?post=345"}],"version-history":[{"count":4,"href":"https:\/\/wp.ufpel.edu.br\/faurb\/wp-json\/wp\/v2\/pages\/345\/revisions"}],"predecessor-version":[{"id":3698,"href":"https:\/\/wp.ufpel.edu.br\/faurb\/wp-json\/wp\/v2\/pages\/345\/revisions\/3698"}],"wp:attachment":[{"href":"https:\/\/wp.ufpel.edu.br\/faurb\/wp-json\/wp\/v2\/media?parent=345"}],"curies":[{"name":"wp","href":"https:\/\/api.w.org\/{rel}","templated":true}]}}