{"id":3444,"date":"2025-03-24T09:52:05","date_gmt":"2025-03-24T12:52:05","guid":{"rendered":"https:\/\/wp.ufpel.edu.br\/faurb\/?page_id=3444"},"modified":"2025-10-07T16:52:19","modified_gmt":"2025-10-07T19:52:19","slug":"diario-de-obra","status":"publish","type":"page","link":"https:\/\/wp.ufpel.edu.br\/faurb\/diario-de-obra\/","title":{"rendered":"DI\u00c1RIO DE OBRA"},"content":{"rendered":"<div><b>Mensagem da Dire\u00e7\u00e3o:<\/b><\/div>\n<div><\/div>\n<div>\n<div style=\"text-align: justify;\">&#8220;Prezada comunidade da FAUrb. Inicialmente gostaria de saudar cada um de voc\u00eas. O motivo deste contato \u00e9 esclarecer acerca da reforma do nosso telhado. Estamos criando na p\u00e1gina da FAUrb uma se\u00e7\u00e3o vinculada ao di\u00e1rio da obra esclarecendo o andamento das atividades de reforma. Inicio neste primeiro POST os relatos dos motivos do atraso do in\u00edcio das obras.<\/div>\n<div style=\"text-align: justify;\">Em decorr\u00eancia de atrasos no desenvolvimento do projeto estrutural pela empresa contratada, o in\u00edcio da obra atrasou em torno de 45 dias. O atraso ocorreu em decorr\u00eancia de dois pontos:<\/div>\n<div style=\"text-align: justify;\">1) em decorr\u00eancia da mudan\u00e7a do tipo de telha (fibrocimento para telha met\u00e1lica sandu\u00edche) e do sistema estrutural (madeira para metal), a altura da cumeeira da cobertura foi projetada em um primeiro momento mais baixa. 2) Mas considerando as quest\u00f5es patrimoniais envolvendo a premissa da manuten\u00e7\u00e3o da volumetria original do pr\u00e9dio, houve alguns debates e embates, envolvendo o tema, e acabou atrasando esta etapa do desenvolvimento do contrato. Os fiscais do contrato e o corpo t\u00e9cnico da universidade est\u00e3o aguardando a vers\u00e3o final do projeto para os pr\u00f3ximos dias. \u00c9 importante ressaltar que neste meio tempo houve uma altera\u00e7\u00e3o importante caracterizando um aditivo no contrato, que foi a substitui\u00e7\u00e3o das telhas de fibrocimento (preconizadas no contrato) por telhas met\u00e1licas do tipo sandu\u00edche. O atraso do projeto e o aditivo do contrato geraram este atraso inicial. Cabe-se ressaltar ainda que o casamento do sistema estrutural met\u00e1lico com as telhas met\u00e1licas do tipo sandu\u00edche, al\u00e9m de acabar com os problemas de infiltra\u00e7\u00e3o, impactar\u00e1 fortemente no desempenho t\u00e9rmico da faculdade, aumentando o n\u00edvel de conforto t\u00e9rmico da nossa comunidade, principalmente no segundo andar. Por fim pedimos a nossa comunidade o entendimento das dificuldades inerentes \u00e0 realiza\u00e7\u00e3o de uma reforma em pr\u00e9dio p\u00fablico&#8221;.<\/div>\n<div><\/div>\n<div><em>Eduardo Grala da Cunha<\/em><\/div>\n<\/div>\n","protected":false},"excerpt":{"rendered":"<p>Mensagem da Dire\u00e7\u00e3o: &#8220;Prezada comunidade da FAUrb. Inicialmente gostaria de saudar cada um de voc\u00eas. O motivo deste contato \u00e9 esclarecer acerca da reforma do nosso telhado. Estamos criando na p\u00e1gina da FAUrb uma se\u00e7\u00e3o vinculada ao di\u00e1rio da obra esclarecendo o andamento das atividades de reforma. Inicio neste primeiro POST os relatos dos motivos [&hellip;]<\/p>\n","protected":false},"author":190,"featured_media":0,"parent":0,"menu_order":0,"comment_status":"closed","ping_status":"closed","template":"","meta":{"jetpack_post_was_ever_published":false,"footnotes":""},"class_list":["post-3444","page","type-page","status-publish","hentry"],"jetpack_sharing_enabled":true,"jetpack_shortlink":"https:\/\/wp.me\/P7YVy4-Ty","jetpack-related-posts":[],"_links":{"self":[{"href":"https:\/\/wp.ufpel.edu.br\/faurb\/wp-json\/wp\/v2\/pages\/3444","targetHints":{"allow":["GET"]}}],"collection":[{"href":"https:\/\/wp.ufpel.edu.br\/faurb\/wp-json\/wp\/v2\/pages"}],"about":[{"href":"https:\/\/wp.ufpel.edu.br\/faurb\/wp-json\/wp\/v2\/types\/page"}],"author":[{"embeddable":true,"href":"https:\/\/wp.ufpel.edu.br\/faurb\/wp-json\/wp\/v2\/users\/190"}],"replies":[{"embeddable":true,"href":"https:\/\/wp.ufpel.edu.br\/faurb\/wp-json\/wp\/v2\/comments?post=3444"}],"version-history":[{"count":2,"href":"https:\/\/wp.ufpel.edu.br\/faurb\/wp-json\/wp\/v2\/pages\/3444\/revisions"}],"predecessor-version":[{"id":3728,"href":"https:\/\/wp.ufpel.edu.br\/faurb\/wp-json\/wp\/v2\/pages\/3444\/revisions\/3728"}],"wp:attachment":[{"href":"https:\/\/wp.ufpel.edu.br\/faurb\/wp-json\/wp\/v2\/media?parent=3444"}],"curies":[{"name":"wp","href":"https:\/\/api.w.org\/{rel}","templated":true}]}}