{"id":318,"date":"2018-03-29T16:52:34","date_gmt":"2018-03-29T19:52:34","guid":{"rendered":"https:\/\/wp.ufpel.edu.br\/faurb\/?page_id=318"},"modified":"2023-01-31T09:02:45","modified_gmt":"2023-01-31T12:02:45","slug":"direcao","status":"publish","type":"page","link":"https:\/\/wp.ufpel.edu.br\/faurb\/direcao\/","title":{"rendered":"DIRE\u00c7\u00c3O"},"content":{"rendered":"<p>DIRE\u00c7\u00c3O:<\/p>\n<table style=\"width: 636px;\">\n<tbody>\n<tr>\n<td style=\"width: 170px;\" width=\"284\"><strong>Cargos<\/strong><\/td>\n<td style=\"width: 184px;\" width=\"284\"><strong>Nomes<\/strong><\/td>\n<td style=\"width: 282px;\" width=\"284\"><strong>E-mail<\/strong><\/td>\n<\/tr>\n<tr>\n<td style=\"width: 170px;\" width=\"284\">Diretor da Faurb<\/td>\n<td style=\"width: 184px;\" width=\"284\">Prof.\u00ba Eduardo Grala da Cunha<\/td>\n<td style=\"width: 282px;\" width=\"284\">eduardogralacunha@yahoo.com.br<\/td>\n<\/tr>\n<tr>\n<td style=\"width: 170px;\" width=\"284\">Vice-Diretora da Faurb<\/td>\n<td style=\"width: 184px;\" width=\"284\">Prof.\u00aa Adriana Ara\u00fajo Portella<\/td>\n<td style=\"width: 282px;\" width=\"284\">adrianaportella@yahoo.com.br<\/td>\n<\/tr>\n<\/tbody>\n<\/table>\n<p>&nbsp;<\/p>\n<p>SECRETARIA:<\/p>\n<table>\n<tbody>\n<tr>\n<td width=\"284\"><strong>Cargos<\/strong><\/td>\n<td width=\"284\"><strong>Nomes<\/strong><\/td>\n<td width=\"284\"><strong>E-mail<\/strong><\/td>\n<\/tr>\n<tr>\n<td width=\"284\">Coordenador Administrativo<\/td>\n<td width=\"284\">Nelson Ara\u00fajo Cabelleira<\/td>\n<td width=\"284\">nelsoncabelleira@gmail.com<\/td>\n<\/tr>\n<tr>\n<td width=\"284\">Secret\u00e1rio da Unidade<\/td>\n<td width=\"284\">Diego Pacheco Nogueira<\/td>\n<td width=\"284\">dipnog@gmail.com<\/td>\n<\/tr>\n<tr>\n<td width=\"284\">Assistente Administrativo<\/td>\n<td width=\"284\">R\u00f3ger Chalmes Braga<\/td>\n<td width=\"284\">rogerchalmes@gmail.com<\/td>\n<\/tr>\n<\/tbody>\n<\/table>\n<p>&nbsp;<\/p>\n<p>&nbsp;<\/p>\n<p><span style=\"font-size: 14pt;\"><strong>Contato:<\/strong><\/span><\/p>\n<p>secretaria.faurb@ufpel.edu.br<\/p>\n","protected":false},"excerpt":{"rendered":"<p>DIRE\u00c7\u00c3O: Cargos Nomes E-mail Diretor da Faurb Prof.\u00ba Eduardo Grala da Cunha eduardogralacunha@yahoo.com.br Vice-Diretora da Faurb Prof.\u00aa Adriana Ara\u00fajo Portella adrianaportella@yahoo.com.br &nbsp; SECRETARIA: Cargos Nomes E-mail Coordenador Administrativo Nelson Ara\u00fajo Cabelleira nelsoncabelleira@gmail.com Secret\u00e1rio da Unidade Diego Pacheco Nogueira dipnog@gmail.com Assistente Administrativo R\u00f3ger Chalmes Braga rogerchalmes@gmail.com &nbsp; &nbsp; Contato: secretaria.faurb@ufpel.edu.br<\/p>\n","protected":false},"author":831,"featured_media":0,"parent":0,"menu_order":0,"comment_status":"closed","ping_status":"closed","template":"","meta":{"jetpack_post_was_ever_published":false,"footnotes":""},"class_list":["post-318","page","type-page","status-publish","hentry"],"jetpack_sharing_enabled":true,"jetpack_shortlink":"https:\/\/wp.me\/P7YVy4-58","jetpack-related-posts":[],"_links":{"self":[{"href":"https:\/\/wp.ufpel.edu.br\/faurb\/wp-json\/wp\/v2\/pages\/318","targetHints":{"allow":["GET"]}}],"collection":[{"href":"https:\/\/wp.ufpel.edu.br\/faurb\/wp-json\/wp\/v2\/pages"}],"about":[{"href":"https:\/\/wp.ufpel.edu.br\/faurb\/wp-json\/wp\/v2\/types\/page"}],"author":[{"embeddable":true,"href":"https:\/\/wp.ufpel.edu.br\/faurb\/wp-json\/wp\/v2\/users\/831"}],"replies":[{"embeddable":true,"href":"https:\/\/wp.ufpel.edu.br\/faurb\/wp-json\/wp\/v2\/comments?post=318"}],"version-history":[{"count":7,"href":"https:\/\/wp.ufpel.edu.br\/faurb\/wp-json\/wp\/v2\/pages\/318\/revisions"}],"predecessor-version":[{"id":3046,"href":"https:\/\/wp.ufpel.edu.br\/faurb\/wp-json\/wp\/v2\/pages\/318\/revisions\/3046"}],"wp:attachment":[{"href":"https:\/\/wp.ufpel.edu.br\/faurb\/wp-json\/wp\/v2\/media?parent=318"}],"curies":[{"name":"wp","href":"https:\/\/api.w.org\/{rel}","templated":true}]}}