{"id":187,"date":"2018-03-26T11:08:21","date_gmt":"2018-03-26T14:08:21","guid":{"rendered":"https:\/\/wp.ufpel.edu.br\/faurb\/?page_id=187"},"modified":"2025-10-29T17:38:29","modified_gmt":"2025-10-29T20:38:29","slug":"cargos-e-contato","status":"publish","type":"page","link":"https:\/\/wp.ufpel.edu.br\/faurb\/cargos-e-contato\/","title":{"rendered":"Cargos e Contato"},"content":{"rendered":"<p><strong>COLEGIADO FAUrb<\/strong><\/p>\n<table style=\"height: 247px;\" width=\"732\">\n<tbody>\n<tr style=\"height: 71px;\">\n<td style=\"width: 256px; height: 71px;\" width=\"198\"><strong>Cargo<\/strong><\/td>\n<td style=\"width: 468px; height: 71px;\" width=\"198\"><strong>Nome<\/strong><\/td>\n<\/tr>\n<tr style=\"height: 102px;\">\n<td style=\"width: 256px; height: 67px;\" width=\"198\">Coordenadora do Colegiado<\/td>\n<td style=\"width: 468px; height: 67px;\" width=\"198\">Prof\u00aa. Juliana Tasca Tissot &#8211; julianattissot@gmail.com<\/td>\n<\/tr>\n<tr style=\"height: 43px;\">\n<td style=\"width: 256px; height: 43px;\">Coordenadora Adjunta<\/td>\n<td style=\"width: 468px; height: 43px;\">Prof\u00aa. Natalia Petry<\/td>\n<\/tr>\n<tr style=\"height: 72px;\">\n<td style=\"width: 256px; height: 72px;\" width=\"198\">Secret\u00e1ria<\/td>\n<td style=\"width: 468px; height: 72px;\" width=\"198\">Camila da Cunha Silveira<\/td>\n<\/tr>\n<\/tbody>\n<\/table>\n<p>&nbsp;<\/p>\n<h5><strong>Portaria de Designa\u00e7\u00e3o da Coordena\u00e7\u00e3o e <span style=\"font-size: 14pt;\">Composi\u00e7\u00e3o do Colegiado do Curso da Faculdade de Arquitetura e Urbanismo:<\/span><\/strong><\/h5>\n<p><a href=\"https:\/\/wp.ufpel.edu.br\/faurb\/files\/2025\/10\/Portaria_Interna_3371785.html\">Confira aqui!<\/a><\/p>\n<h5><strong>Composi\u00e7\u00e3o do N\u00facleo Docente Estruturante (NDE):<\/strong><\/h5>\n<p><a href=\"https:\/\/wp.ufpel.edu.br\/faurb\/files\/2025\/10\/Portaria_Interna_3132285.html\">Confira aqui!<\/a><\/p>\n<p><strong>E-MAIL: <\/strong>colegiadofaurb@gmail.com<\/p>\n","protected":false},"excerpt":{"rendered":"<p>COLEGIADO FAUrb Cargo Nome Coordenadora do Colegiado Prof\u00aa. Juliana Tasca Tissot &#8211; julianattissot@gmail.com Coordenadora Adjunta Prof\u00aa. Natalia Petry Secret\u00e1ria Camila da Cunha Silveira &nbsp; Portaria de Designa\u00e7\u00e3o da Coordena\u00e7\u00e3o e Composi\u00e7\u00e3o do Colegiado do Curso da Faculdade de Arquitetura e Urbanismo: Confira aqui! Composi\u00e7\u00e3o do N\u00facleo Docente Estruturante (NDE): Confira aqui! E-MAIL: colegiadofaurb@gmail.com<\/p>\n","protected":false},"author":831,"featured_media":0,"parent":0,"menu_order":0,"comment_status":"closed","ping_status":"closed","template":"","meta":{"jetpack_post_was_ever_published":false,"footnotes":""},"class_list":["post-187","page","type-page","status-publish","hentry"],"jetpack_sharing_enabled":true,"jetpack_shortlink":"https:\/\/wp.me\/P7YVy4-31","jetpack-related-posts":[],"_links":{"self":[{"href":"https:\/\/wp.ufpel.edu.br\/faurb\/wp-json\/wp\/v2\/pages\/187","targetHints":{"allow":["GET"]}}],"collection":[{"href":"https:\/\/wp.ufpel.edu.br\/faurb\/wp-json\/wp\/v2\/pages"}],"about":[{"href":"https:\/\/wp.ufpel.edu.br\/faurb\/wp-json\/wp\/v2\/types\/page"}],"author":[{"embeddable":true,"href":"https:\/\/wp.ufpel.edu.br\/faurb\/wp-json\/wp\/v2\/users\/831"}],"replies":[{"embeddable":true,"href":"https:\/\/wp.ufpel.edu.br\/faurb\/wp-json\/wp\/v2\/comments?post=187"}],"version-history":[{"count":4,"href":"https:\/\/wp.ufpel.edu.br\/faurb\/wp-json\/wp\/v2\/pages\/187\/revisions"}],"predecessor-version":[{"id":3760,"href":"https:\/\/wp.ufpel.edu.br\/faurb\/wp-json\/wp\/v2\/pages\/187\/revisions\/3760"}],"wp:attachment":[{"href":"https:\/\/wp.ufpel.edu.br\/faurb\/wp-json\/wp\/v2\/media?parent=187"}],"curies":[{"name":"wp","href":"https:\/\/api.w.org\/{rel}","templated":true}]}}