{"id":871,"date":"2015-07-10T14:59:07","date_gmt":"2015-07-10T17:59:07","guid":{"rendered":"https:\/\/wp.ufpel.edu.br\/farmacia\/?page_id=871"},"modified":"2023-07-01T13:18:29","modified_gmt":"2023-07-01T16:18:29","slug":"estagios-nao-obrigatorios","status":"publish","type":"page","link":"https:\/\/wp.ufpel.edu.br\/farmacia\/estagios-nao-obrigatorios\/","title":{"rendered":"Est\u00e1gios N\u00e3o Obrigat\u00f3rios"},"content":{"rendered":"<p style=\"text-align: justify;\">Para realiza\u00e7\u00e3o de est\u00e1gios n\u00e3o-obrigat\u00f3rios, ou seja, extracurriculares, entre em contato com a Comiss\u00e3o de Est\u00e1gio e Monografia (CEMFA), que ir\u00e1 lhe repassar todas as orienta\u00e7\u00f5es necess\u00e1rias.<br \/>\n<a href=\"https:\/\/wp.ufpel.edu.br\/farmacia\/cemfa-estagios\/\">Click aqui<\/a> para acessar os contatos e demais informa\u00e7\u00f5es da CEMFA.<\/p>\n<p style=\"text-align: center;\"><strong>Documentos:<\/strong><\/p>\n<ul>\n<li style=\"text-align: justify;\"><a href=\"https:\/\/wp.ufpel.edu.br\/farmacia\/files\/2023\/05\/Fluxograma-para-a-realizacao-dos-estagios.pdf\">Fluxograma para a realiza\u00e7\u00e3o dos est\u00e1gios<\/a><\/li>\n<li style=\"text-align: justify;\"><a href=\"https:\/\/wp.ufpel.edu.br\/farmacia\/files\/2023\/05\/Cadastro-de-usuarios-externos-no-SEI.pdf\">Cadastro de usu\u00e1rios externos no SEI<\/a><\/li>\n<li style=\"text-align: justify;\"><a href=\"https:\/\/wp.ufpel.edu.br\/farmacia\/files\/2022\/05\/Arquivo-3_E1-Plano-de-Estagio.doc\">E1- Plano de Est\u00e1gio;<\/a><\/li>\n<li style=\"text-align: justify;\"><a href=\"https:\/\/wp.ufpel.edu.br\/farmacia\/files\/2020\/02\/E2-LOCAL-DE-EST\u00c1GIO-N\u00c3O-OBRIGAT\u00d3RIO-Termo-de-Compromisso.doc\">E2- LOCAL DE EST\u00c1GIO- Termo de Compromisso;<\/a><\/li>\n<li style=\"text-align: justify;\"><a href=\"https:\/\/wp.ufpel.edu.br\/farmacia\/files\/2015\/07\/E3-Ficha-de-avalia%C3%A7%C3%A3o-do-estagi%C3%A1rio-pelo-Supervisor-LOCAL.doc\">E3- Ficha de avalia\u00e7\u00e3o do estagi\u00e1rio pelo Supervisor LOCAL;<\/a><\/li>\n<li style=\"text-align: justify;\"><a href=\"https:\/\/wp.ufpel.edu.br\/farmacia\/files\/2015\/07\/E4-Freq-atividades-di%C3%A1rias.doc\">E4- Frequ\u00eancia + atividades di\u00e1rias;<\/a><\/li>\n<li style=\"text-align: justify;\"><a href=\"https:\/\/wp.ufpel.edu.br\/farmacia\/files\/2023\/05\/E5-ESTAGIARIO-Termo-Compromisso.doc\">E5- ESTAGI\u00c1RIO- Termo Compromisso_ DATAS e DOCUMENTOS;<\/a><\/li>\n<li style=\"text-align: justify;\"><a href=\"https:\/\/wp.ufpel.edu.br\/farmacia\/files\/2015\/07\/E6-Relat%C3%B3rio_MODELO.doc\">E6- Relat\u00f3rio_MODELO;<\/a><\/li>\n<li style=\"text-align: justify;\"><a href=\"https:\/\/wp.ufpel.edu.br\/farmacia\/files\/2015\/07\/E7-Avalia%C3%A7%C3%A3o-DISCENTE-do-local.doc\">E7- Avalia\u00e7\u00e3o DISCENTE do local;<\/a><\/li>\n<li style=\"text-align: justify;\"><a href=\"https:\/\/wp.ufpel.edu.br\/farmacia\/files\/2015\/07\/E8-Avalia%C3%A7%C3%A3o-DOCENTE-do-relat%C3%B3rio.doc\">E8- Avalia\u00e7\u00e3o DOCENTE do relat\u00f3rio.<\/a><\/li>\n<li><a href=\"https:\/\/wp.ufpel.edu.br\/farmacia\/files\/2023\/07\/TERMO-ADITIVO-AO-TERMO-DE-COMPROMISSO-DE-ESTAGIO.pdf\">E9- TERMO ADITIVO AO TERMO DE COMPROMISSO DE EST\u00c1GIO<\/a><\/li>\n<\/ul>\n","protected":false},"excerpt":{"rendered":"<p>Para realiza\u00e7\u00e3o de est\u00e1gios n\u00e3o-obrigat\u00f3rios, ou seja, extracurriculares, entre em contato com a Comiss\u00e3o de Est\u00e1gio e Monografia (CEMFA), que ir\u00e1 lhe repassar todas as orienta\u00e7\u00f5es necess\u00e1rias. Click aqui para acessar os contatos e demais informa\u00e7\u00f5es da CEMFA. Documentos: Fluxograma para a realiza\u00e7\u00e3o dos est\u00e1gios Cadastro de usu\u00e1rios externos no SEI E1- Plano de Est\u00e1gio; &hellip; <\/p>\n<p><a class=\"more-link btn\" href=\"https:\/\/wp.ufpel.edu.br\/farmacia\/estagios-nao-obrigatorios\/\">Continue lendo<\/a><\/p>\n","protected":false},"author":222,"featured_media":0,"parent":0,"menu_order":0,"comment_status":"closed","ping_status":"closed","template":"","meta":{"jetpack_post_was_ever_published":false,"footnotes":""},"class_list":["post-871","page","type-page","status-publish","hentry","nodate","item-wrap"],"jetpack_sharing_enabled":false,"jetpack_shortlink":"https:\/\/wp.me\/P6QO3Z-e3","_links":{"self":[{"href":"https:\/\/wp.ufpel.edu.br\/farmacia\/wp-json\/wp\/v2\/pages\/871","targetHints":{"allow":["GET"]}}],"collection":[{"href":"https:\/\/wp.ufpel.edu.br\/farmacia\/wp-json\/wp\/v2\/pages"}],"about":[{"href":"https:\/\/wp.ufpel.edu.br\/farmacia\/wp-json\/wp\/v2\/types\/page"}],"author":[{"embeddable":true,"href":"https:\/\/wp.ufpel.edu.br\/farmacia\/wp-json\/wp\/v2\/users\/222"}],"replies":[{"embeddable":true,"href":"https:\/\/wp.ufpel.edu.br\/farmacia\/wp-json\/wp\/v2\/comments?post=871"}],"version-history":[{"count":16,"href":"https:\/\/wp.ufpel.edu.br\/farmacia\/wp-json\/wp\/v2\/pages\/871\/revisions"}],"predecessor-version":[{"id":2983,"href":"https:\/\/wp.ufpel.edu.br\/farmacia\/wp-json\/wp\/v2\/pages\/871\/revisions\/2983"}],"wp:attachment":[{"href":"https:\/\/wp.ufpel.edu.br\/farmacia\/wp-json\/wp\/v2\/media?parent=871"}],"curies":[{"name":"wp","href":"https:\/\/api.w.org\/{rel}","templated":true}]}}