{"id":784,"date":"2015-02-20T14:15:44","date_gmt":"2015-02-20T16:15:44","guid":{"rendered":"https:\/\/wp.ufpel.edu.br\/farmacia\/?page_id=784"},"modified":"2024-06-11T11:23:39","modified_gmt":"2024-06-11T14:23:39","slug":"modelos-e-formularios","status":"publish","type":"page","link":"https:\/\/wp.ufpel.edu.br\/farmacia\/modelos-e-formularios\/","title":{"rendered":"Modelos e Formul\u00e1rios"},"content":{"rendered":"<ul>\n<li><span style=\"color: #000000; font-size: 14pt;\"><strong>Secretaria Acad\u00eamica<\/strong><\/span><br \/>\n<span style=\"color: #ffc933; font-size: 14pt;\"><a style=\"color: #ffc933;\" href=\"https:\/\/wp.ufpel.edu.br\/farmacia\/files\/2015\/02\/Requerimento_Aproveitamento.pdf\" target=\"_blank\" rel=\"noopener\">Formul\u00e1rio para aproveitamento de disciplina.<\/a><\/span><br \/>\n<span style=\"color: #ffc933; font-size: 14pt;\"><a style=\"color: #ffc933;\" href=\"https:\/\/wp.ufpel.edu.br\/farmacia\/files\/2017\/11\/Requerimento-para-entrega-de-atestados-m%C3%A9dicos.docx\" target=\"_blank\" rel=\"noopener\">Requerimento para entrega de atestado m\u00e9dico.<\/a><\/span><br \/>\n<span style=\"color: #ffc933; font-size: 14pt;\"><a style=\"color: #ffc933;\" href=\"https:\/\/wp.ufpel.edu.br\/farmacia\/files\/2020\/01\/Requerimento_Quebra_Pr%C3%A9_Requisito.pdf\" target=\"_blank\" rel=\"noopener\">Formul\u00e1rio para solicita\u00e7\u00e3o de quebra de pr\u00e9-requisito<\/a><\/span><br \/>\n<span style=\"color: #ffc933; font-size: 14pt;\"><a style=\"color: #ffc933;\" href=\"https:\/\/wp.ufpel.edu.br\/farmacia\/files\/2020\/01\/Requerimento-de-regime-concentrado.pdf\" target=\"_blank\" rel=\"noopener\">Formul\u00e1rio para solicita\u00e7\u00e3o de regime concentrado de disciplina <\/a><\/span><\/li>\n<li><a style=\"font-size: 14pt; background-color: #ffffff;\" href=\"https:\/\/wp.ufpel.edu.br\/farmacia\/files\/2024\/06\/Formulario_Pedido_de_Exercicios_Domiciliares.pdf\"><span style=\"color: #ffcc00;\">Formul\u00e1rio para pedido de exerc\u00edcios domiciliares devido \u00e0 calamidade p\u00fablica (preencher e anexar no cobalto)\u00a0<\/span><\/a><\/li>\n<\/ul>\n<p>&nbsp;<\/p>\n<ul>\n<li><span style=\"color: #000000; font-size: 14pt;\"><strong>CTOLC (Atividades Complementares e de Forma\u00e7\u00e3o Livre)<\/strong><\/span><br \/>\n<span style=\"color: #ffc933; font-size: 14pt;\"><a style=\"color: #ffc933;\" href=\"https:\/\/wp.ufpel.edu.br\/farmacia\/files\/2022\/03\/ANEXO-1_Solicitacao-de-averbacao-de-atividades-complementares-1.docx\" target=\"_blank\" rel=\"noopener\">Formul\u00e1rio para averba\u00e7\u00e3o de atividades complementares (anexo 1)<\/a><\/span><br \/>\n<span style=\"color: #ffc933; font-size: 14pt;\"><a style=\"color: #ffc933;\" href=\"https:\/\/wp.ufpel.edu.br\/farmacia\/files\/2019\/06\/ANEXO-2_Solicita%C3%A7%C3%A3o-de-averba%C3%A7%C3%A3o-de-atividades-livres-ou-opcionais.docx\" target=\"_blank\" rel=\"noopener\">Formul\u00e1rio para averba\u00e7\u00e3o de atividades livres (anexo 2)<\/a><\/span><br \/>\n<span style=\"color: #ffc933; font-size: 14pt;\"><a style=\"color: #ffc933;\" href=\"https:\/\/wp.ufpel.edu.br\/farmacia\/files\/2019\/06\/ANEXO-3_Atividades-de-forma%C3%A7%C3%A3o-livre.docx\" target=\"_blank\" rel=\"noopener\">Formul\u00e1rio de atividades livres (anexo 3)<\/a><\/span><br \/>\n<span style=\"color: #ffc933; font-size: 14pt;\"><a style=\"color: #ffc933;\" href=\"https:\/\/wp.ufpel.edu.br\/farmacia\/files\/2022\/03\/GUIA-PREENCHIMENTO.pdf\" target=\"_blank\" rel=\"noopener\">Guia de preenchimento atividades livres e complementares<\/a><\/span><\/li>\n<\/ul>\n","protected":false},"excerpt":{"rendered":"<p>Secretaria Acad\u00eamica Formul\u00e1rio para aproveitamento de disciplina. Requerimento para entrega de atestado m\u00e9dico. Formul\u00e1rio para solicita\u00e7\u00e3o de quebra de pr\u00e9-requisito Formul\u00e1rio para solicita\u00e7\u00e3o de regime concentrado de disciplina Formul\u00e1rio para pedido de exerc\u00edcios domiciliares devido \u00e0 calamidade p\u00fablica (preencher e anexar no cobalto)\u00a0 &nbsp; CTOLC (Atividades Complementares e de Forma\u00e7\u00e3o Livre) Formul\u00e1rio para averba\u00e7\u00e3o de &hellip; <\/p>\n<p><a class=\"more-link btn\" href=\"https:\/\/wp.ufpel.edu.br\/farmacia\/modelos-e-formularios\/\">Continue lendo<\/a><\/p>\n","protected":false},"author":222,"featured_media":2187,"parent":0,"menu_order":0,"comment_status":"closed","ping_status":"closed","template":"","meta":{"jetpack_post_was_ever_published":false,"footnotes":""},"class_list":["post-784","page","type-page","status-publish","has-post-thumbnail","hentry","nodate","item-wrap"],"jetpack_sharing_enabled":false,"jetpack_shortlink":"https:\/\/wp.me\/P6QO3Z-cE","_links":{"self":[{"href":"https:\/\/wp.ufpel.edu.br\/farmacia\/wp-json\/wp\/v2\/pages\/784","targetHints":{"allow":["GET"]}}],"collection":[{"href":"https:\/\/wp.ufpel.edu.br\/farmacia\/wp-json\/wp\/v2\/pages"}],"about":[{"href":"https:\/\/wp.ufpel.edu.br\/farmacia\/wp-json\/wp\/v2\/types\/page"}],"author":[{"embeddable":true,"href":"https:\/\/wp.ufpel.edu.br\/farmacia\/wp-json\/wp\/v2\/users\/222"}],"replies":[{"embeddable":true,"href":"https:\/\/wp.ufpel.edu.br\/farmacia\/wp-json\/wp\/v2\/comments?post=784"}],"version-history":[{"count":30,"href":"https:\/\/wp.ufpel.edu.br\/farmacia\/wp-json\/wp\/v2\/pages\/784\/revisions"}],"predecessor-version":[{"id":3163,"href":"https:\/\/wp.ufpel.edu.br\/farmacia\/wp-json\/wp\/v2\/pages\/784\/revisions\/3163"}],"wp:featuredmedia":[{"embeddable":true,"href":"https:\/\/wp.ufpel.edu.br\/farmacia\/wp-json\/wp\/v2\/media\/2187"}],"wp:attachment":[{"href":"https:\/\/wp.ufpel.edu.br\/farmacia\/wp-json\/wp\/v2\/media?parent=784"}],"curies":[{"name":"wp","href":"https:\/\/api.w.org\/{rel}","templated":true}]}}