{"id":601,"date":"2014-12-02T17:41:38","date_gmt":"2014-12-02T19:41:38","guid":{"rendered":"https:\/\/wp.ufpel.edu.br\/farmacia\/?page_id=601"},"modified":"2023-03-02T14:31:41","modified_gmt":"2023-03-02T17:31:41","slug":"docentes-a-2","status":"publish","type":"page","link":"https:\/\/wp.ufpel.edu.br\/farmacia\/docentes-a-2\/","title":{"rendered":"Docentes &#8220;A&#8221;"},"content":{"rendered":"<p><span style=\"font-family: 'trebuchet ms', geneva, sans-serif; color: #000000;\"><span style=\"font-size: 18pt;\">Adriane Medeiros Nunes\u00a0<\/span><a href=\"http:\/\/lattes.cnpq.br\/2325765304701045 \"><img loading=\"lazy\" decoding=\"async\" class=\"alignnone wp-image-2512\" src=\"https:\/\/wp.ufpel.edu.br\/farmacia\/files\/2023\/03\/curriculo-lattes.png\" alt=\"\" width=\"35\" height=\"35\" \/><\/a><\/span><\/p>\n<p><span style=\"font-family: 'trebuchet ms', geneva, sans-serif; color: #000000;\"><img loading=\"lazy\" decoding=\"async\" class=\"wp-image-2511 alignnone\" src=\"https:\/\/wp.ufpel.edu.br\/farmacia\/files\/2023\/03\/email.png\" alt=\"\" width=\"35\" height=\"35\" \/><span style=\"font-size: 12pt;\"> adriane.mn@hotmail.com<\/span><\/span><\/p>\n<p><span style=\"font-family: 'trebuchet ms', geneva, sans-serif; color: #000000;\"><span style=\"font-size: 18pt;\">Albino Magalh\u00e3es Neto <\/span><a href=\"http:\/\/lattes.cnpq.br\/0271753978565496\"><img loading=\"lazy\" decoding=\"async\" class=\"alignnone wp-image-2512\" src=\"https:\/\/wp.ufpel.edu.br\/farmacia\/files\/2023\/03\/curriculo-lattes.png\" alt=\"\" width=\"35\" height=\"35\" \/><\/a><\/span><\/p>\n<p><span style=\"font-family: 'trebuchet ms', geneva, sans-serif; color: #000000;\"><img loading=\"lazy\" decoding=\"async\" class=\"wp-image-2511 alignnone\" src=\"https:\/\/wp.ufpel.edu.br\/farmacia\/files\/2023\/03\/email.png\" alt=\"\" width=\"35\" height=\"35\" \/><span style=\"font-size: 12pt;\"> albinomn@gmail.com<\/span><\/span><\/p>\n<p><span style=\"font-family: 'trebuchet ms', geneva, sans-serif; color: #000000;\"><span style=\"font-size: 18pt;\">Ana Rita de Assump\u00e7\u00e3o Mazzini <\/span><a href=\"http:\/\/lattes.cnpq.br\/2532411837845241\"><img loading=\"lazy\" decoding=\"async\" class=\"alignnone wp-image-2512\" src=\"https:\/\/wp.ufpel.edu.br\/farmacia\/files\/2023\/03\/curriculo-lattes.png\" alt=\"\" width=\"35\" height=\"35\" \/><\/a><\/span><\/p>\n<p><span style=\"font-family: 'trebuchet ms', geneva, sans-serif; color: #000000;\"><img loading=\"lazy\" decoding=\"async\" class=\"wp-image-2511 alignnone\" src=\"https:\/\/wp.ufpel.edu.br\/farmacia\/files\/2023\/03\/email.png\" alt=\"\" width=\"35\" height=\"35\" \/>anarita.mazzini@gmail.com\u00a0<\/span><\/p>\n<p><span style=\"font-family: 'trebuchet ms', geneva, sans-serif; color: #000000;\"><span style=\"font-size: 18pt;\">Alexandre Sacco Athayde <\/span><a href=\"http:\/\/lattes.cnpq.br\/6501234428150863 \"><img loading=\"lazy\" decoding=\"async\" class=\"alignnone wp-image-2512\" src=\"https:\/\/wp.ufpel.edu.br\/farmacia\/files\/2023\/03\/curriculo-lattes.png\" alt=\"\" width=\"35\" height=\"35\" \/><\/a><\/span><\/p>\n<p><span style=\"font-family: 'trebuchet ms', geneva, sans-serif; color: #000000;\"><img loading=\"lazy\" decoding=\"async\" class=\"wp-image-2511 alignnone\" src=\"https:\/\/wp.ufpel.edu.br\/farmacia\/files\/2023\/03\/email.png\" alt=\"\" width=\"35\" height=\"35\" \/> alexandre.athayde@ufpel.edu.br<\/span><\/p>\n<p><span style=\"font-family: 'trebuchet ms', geneva, sans-serif; color: #000000;\"><span style=\"font-size: 18pt;\">Angelita da Silveira Moreira <\/span><a href=\"http:\/\/lattes.cnpq.br\/0737853446407516\"><img loading=\"lazy\" decoding=\"async\" class=\"alignnone wp-image-2512\" src=\"https:\/\/wp.ufpel.edu.br\/farmacia\/files\/2023\/03\/curriculo-lattes.png\" alt=\"\" width=\"35\" height=\"35\" \/><\/a><\/span><\/p>\n<p><span style=\"font-family: 'trebuchet ms', geneva, sans-serif; color: #000000;\"><img loading=\"lazy\" decoding=\"async\" class=\"wp-image-2511 alignnone\" src=\"https:\/\/wp.ufpel.edu.br\/farmacia\/files\/2023\/03\/email.png\" alt=\"\" width=\"35\" height=\"35\" \/> angelitadasilveiramoreira@gmail.com<\/span><\/p>\n<p><span style=\"font-family: 'trebuchet ms', geneva, sans-serif; color: #000000;\"><span style=\"font-size: 18pt;\">Augusto Schneider<\/span><a href=\"http:\/\/lattes.cnpq.br\/0952566646598843 \"><img loading=\"lazy\" decoding=\"async\" class=\"alignnone wp-image-2512\" src=\"https:\/\/wp.ufpel.edu.br\/farmacia\/files\/2023\/03\/curriculo-lattes.png\" alt=\"\" width=\"35\" height=\"35\" \/><\/a><\/span><\/p>\n<p><span style=\"font-family: 'trebuchet ms', geneva, sans-serif; color: #000000;\"><img loading=\"lazy\" decoding=\"async\" class=\"wp-image-2511 alignnone\" src=\"https:\/\/wp.ufpel.edu.br\/farmacia\/files\/2023\/03\/email.png\" alt=\"\" width=\"35\" height=\"35\" \/> augustoschneider@gmail.com\u00a0<\/span><\/p>\n","protected":false},"excerpt":{"rendered":"<p>Adriane Medeiros Nunes\u00a0 adriane.mn@hotmail.com Albino Magalh\u00e3es Neto albinomn@gmail.com Ana Rita de Assump\u00e7\u00e3o Mazzini anarita.mazzini@gmail.com\u00a0 Alexandre Sacco Athayde alexandre.athayde@ufpel.edu.br Angelita da Silveira Moreira angelitadasilveiramoreira@gmail.com Augusto Schneider augustoschneider@gmail.com\u00a0<\/p>\n","protected":false},"author":222,"featured_media":0,"parent":0,"menu_order":0,"comment_status":"closed","ping_status":"closed","template":"","meta":{"jetpack_post_was_ever_published":false,"footnotes":""},"class_list":["post-601","page","type-page","status-publish","hentry","nodate","item-wrap"],"jetpack_sharing_enabled":false,"jetpack_shortlink":"https:\/\/wp.me\/P6QO3Z-9H","_links":{"self":[{"href":"https:\/\/wp.ufpel.edu.br\/farmacia\/wp-json\/wp\/v2\/pages\/601","targetHints":{"allow":["GET"]}}],"collection":[{"href":"https:\/\/wp.ufpel.edu.br\/farmacia\/wp-json\/wp\/v2\/pages"}],"about":[{"href":"https:\/\/wp.ufpel.edu.br\/farmacia\/wp-json\/wp\/v2\/types\/page"}],"author":[{"embeddable":true,"href":"https:\/\/wp.ufpel.edu.br\/farmacia\/wp-json\/wp\/v2\/users\/222"}],"replies":[{"embeddable":true,"href":"https:\/\/wp.ufpel.edu.br\/farmacia\/wp-json\/wp\/v2\/comments?post=601"}],"version-history":[{"count":17,"href":"https:\/\/wp.ufpel.edu.br\/farmacia\/wp-json\/wp\/v2\/pages\/601\/revisions"}],"predecessor-version":[{"id":2572,"href":"https:\/\/wp.ufpel.edu.br\/farmacia\/wp-json\/wp\/v2\/pages\/601\/revisions\/2572"}],"wp:attachment":[{"href":"https:\/\/wp.ufpel.edu.br\/farmacia\/wp-json\/wp\/v2\/media?parent=601"}],"curies":[{"name":"wp","href":"https:\/\/api.w.org\/{rel}","templated":true}]}}