{"id":390,"date":"2014-10-06T14:29:12","date_gmt":"2014-10-06T17:29:12","guid":{"rendered":"https:\/\/wp.ufpel.edu.br\/farmacia\/?page_id=390"},"modified":"2023-05-27T22:44:06","modified_gmt":"2023-05-28T01:44:06","slug":"ensino","status":"publish","type":"page","link":"https:\/\/wp.ufpel.edu.br\/farmacia\/ensino\/","title":{"rendered":"Ensino"},"content":{"rendered":"<h2 style=\"text-align: center;\"><span style=\"font-family: 'trebuchet ms', geneva, sans-serif; color: #ffc933;\"><strong>Projetos de Ensino<\/strong><\/span><\/h2>\n<p>&nbsp;<\/p>\n<ul>\n<li><span style=\"font-family: 'trebuchet ms', geneva, sans-serif; font-size: 14pt;\"><span style=\"font-size: 12pt;\">M\u00eddias Digitais do Curso de Farm\u00e1cia: ampliando a comunica\u00e7\u00e3o com as comunidades interna e externa<\/span>. <\/span><a href=\"https:\/\/wp.ufpel.edu.br\/farmacia\/midias-digitais-do-curso-de-farmacia-ampliando-a-comunicacao-com-as-comunidades-interna-e-externa\/\" target=\"_blank\" rel=\"noopener\"><img loading=\"lazy\" decoding=\"async\" class=\"alignnone wp-image-2620\" style=\"margin-top: 6px;\" src=\"https:\/\/wp.ufpel.edu.br\/farmacia\/files\/2023\/03\/link-externo-copiar.png\" alt=\"\" width=\"19\" height=\"19\" srcset=\"https:\/\/wp.ufpel.edu.br\/farmacia\/files\/2023\/03\/link-externo-copiar.png 512w, https:\/\/wp.ufpel.edu.br\/farmacia\/files\/2023\/03\/link-externo-copiar-400x400.png 400w, https:\/\/wp.ufpel.edu.br\/farmacia\/files\/2023\/03\/link-externo-copiar-200x200.png 200w\" sizes=\"auto, (max-width: 19px) 100vw, 19px\" \/><\/a><\/li>\n<\/ul>\n<p>&nbsp;<\/p>\n<p style=\"text-align: justify;\"><span style=\"color: #ffc933;\">RECADINHO<\/span>!! Os projetos de ensino que est\u00e3o relacionados acima s\u00e3o coordenados pelos docentes da parte profissionalizante do Curso de Farm\u00e1cia, mas lembramos que h\u00e1 outros in\u00fameros projetos que s\u00e3o desenvolvidos pelos docentes da parte b\u00e1sica. Sempre que poss\u00edvel, iremos divulgar, no Site e no Instagram, os editais de sele\u00e7\u00e3o dos projetos de todos os docentes.<\/p>\n","protected":false},"excerpt":{"rendered":"<p>Projetos de Ensino &nbsp; M\u00eddias Digitais do Curso de Farm\u00e1cia: ampliando a comunica\u00e7\u00e3o com as comunidades interna e externa. &nbsp; RECADINHO!! Os projetos de ensino que est\u00e3o relacionados acima s\u00e3o coordenados pelos docentes da parte profissionalizante do Curso de Farm\u00e1cia, mas lembramos que h\u00e1 outros in\u00fameros projetos que s\u00e3o desenvolvidos pelos docentes da parte b\u00e1sica. &hellip; <\/p>\n<p><a class=\"more-link btn\" href=\"https:\/\/wp.ufpel.edu.br\/farmacia\/ensino\/\">Continue lendo<\/a><\/p>\n","protected":false},"author":222,"featured_media":0,"parent":0,"menu_order":0,"comment_status":"closed","ping_status":"closed","template":"","meta":{"jetpack_post_was_ever_published":false,"footnotes":""},"class_list":["post-390","page","type-page","status-publish","hentry","nodate","item-wrap"],"jetpack_sharing_enabled":false,"jetpack_shortlink":"https:\/\/wp.me\/P6QO3Z-6i","_links":{"self":[{"href":"https:\/\/wp.ufpel.edu.br\/farmacia\/wp-json\/wp\/v2\/pages\/390","targetHints":{"allow":["GET"]}}],"collection":[{"href":"https:\/\/wp.ufpel.edu.br\/farmacia\/wp-json\/wp\/v2\/pages"}],"about":[{"href":"https:\/\/wp.ufpel.edu.br\/farmacia\/wp-json\/wp\/v2\/types\/page"}],"author":[{"embeddable":true,"href":"https:\/\/wp.ufpel.edu.br\/farmacia\/wp-json\/wp\/v2\/users\/222"}],"replies":[{"embeddable":true,"href":"https:\/\/wp.ufpel.edu.br\/farmacia\/wp-json\/wp\/v2\/comments?post=390"}],"version-history":[{"count":14,"href":"https:\/\/wp.ufpel.edu.br\/farmacia\/wp-json\/wp\/v2\/pages\/390\/revisions"}],"predecessor-version":[{"id":2889,"href":"https:\/\/wp.ufpel.edu.br\/farmacia\/wp-json\/wp\/v2\/pages\/390\/revisions\/2889"}],"wp:attachment":[{"href":"https:\/\/wp.ufpel.edu.br\/farmacia\/wp-json\/wp\/v2\/media?parent=390"}],"curies":[{"name":"wp","href":"https:\/\/api.w.org\/{rel}","templated":true}]}}