{"id":3332,"date":"2025-09-10T19:27:30","date_gmt":"2025-09-10T22:27:30","guid":{"rendered":"https:\/\/wp.ufpel.edu.br\/farmacia\/?page_id=3332"},"modified":"2025-09-10T19:27:30","modified_gmt":"2025-09-10T22:27:30","slug":"decisoes-quebra-de-pre-requisito-2025-2","status":"publish","type":"page","link":"https:\/\/wp.ufpel.edu.br\/farmacia\/decisoes-quebra-de-pre-requisito-2025-2\/","title":{"rendered":"Decis\u00f5es quebra de pr\u00e9-requisito 2025\/2"},"content":{"rendered":"<table>\n<tbody>\n<tr>\n<td><strong>Nome:<\/strong><\/td>\n<td><strong>Solicita a quebra do pr\u00e9-requisito da disciplina de:<\/strong><\/td>\n<td><strong>Que possui como pr\u00e9-requisito a disciplina de:<\/strong><\/td>\n<td><strong>resposta<\/strong><\/td>\n<\/tr>\n<tr>\n<td><strong>Lu\u00edsa dos Passos Lafuente<\/strong><\/td>\n<td>Est\u00e1gio Supervisionado III<\/td>\n<td>\n<p>Est\u00e1gio Supervisionado I, Est\u00e1gio Supervisionado II e Controle de Qualidade de<\/p>\n<p>Medicamentos<\/td>\n<td>Indeferido<\/td>\n<\/tr>\n<tr>\n<td><strong>Gleydson de Macedo Sousa<\/strong><\/td>\n<td>Est\u00e1gio Supervisionado I, II e VI<\/td>\n<td>Farmacognosia II<\/td>\n<td>Deferido<\/td>\n<\/tr>\n<tr>\n<td><strong>Moara Daquino<\/strong><\/td>\n<td>Est\u00e1gio Supervisionado III<\/td>\n<td>Controle de Qualidade de Medicamentos<\/td>\n<td>Indeferido<\/td>\n<\/tr>\n<tr>\n<td><strong>Julia Outeiro<\/strong><\/td>\n<td>Est\u00e1gio Supervisionado I e II<\/td>\n<td>Tecnologia Farmac\u00eautica I e An\u00e1lise Bacteriol\u00f3gica<\/td>\n<td>Deferido<\/td>\n<\/tr>\n<tr>\n<td><strong>Gabriel Lhullier<\/strong><\/td>\n<td>Trabalho de Conclus\u00e3o de Curso<\/td>\n<td>Controle de qualidade de medicamentos<\/td>\n<td>Indeferido<\/td>\n<\/tr>\n<tr>\n<td><strong>Ra\u00edssa da Silva Neves Souza<\/strong><\/td>\n<td>Qu\u00edmica Anal\u00edtica<\/td>\n<td>Qu\u00edmica Geral<\/td>\n<td>Indeferido<\/td>\n<\/tr>\n<tr>\n<td><strong>Ra\u00edssa da Silva Neves Souza<\/strong><\/td>\n<td>Qu\u00edmica Org\u00e2nica 1F<\/td>\n<td>Qu\u00edmica Geral<\/td>\n<td>Indeferido<\/td>\n<\/tr>\n<tr>\n<td><strong>Paola De Lima<\/strong><\/td>\n<td>Qu\u00edmica Anal\u00edtica<\/td>\n<td>Qu\u00edmica Geral A<\/td>\n<td>Indeferido<\/td>\n<\/tr>\n<tr>\n<td><strong>Paola De Lima<\/strong><\/td>\n<td>Qu\u00edmica Org\u00e2nica<\/td>\n<td>Qu\u00edmica geral A<\/td>\n<td>Indeferido<\/td>\n<\/tr>\n<tr>\n<td><strong>Paola Souza de Matos<\/strong><\/td>\n<td>Est\u00e1gio Supervisionado I; Est\u00e1gio Supervisionado II; Est\u00e1gio Supervisionado VI<\/td>\n<td>Qu\u00edmica Farmac\u00eautica II<\/td>\n<td>Deferido<\/td>\n<\/tr>\n<tr>\n<td><strong>Julia Dillmann<\/strong><\/td>\n<td>Qu\u00edmica Org\u00e2nica 1F<\/td>\n<td>Qu\u00edmica Geral<\/td>\n<td>Indeferido<\/td>\n<\/tr>\n<tr>\n<td><strong>Julia Dillmann<\/strong><\/td>\n<td>Qu\u00edmica Anal\u00edtica<\/td>\n<td>Qu\u00edmica Geral<\/td>\n<td>Indeferido<\/td>\n<\/tr>\n<tr>\n<td><strong>Luisa Medronha<\/strong><\/td>\n<td>Qu\u00edmica Geral<\/td>\n<td>Qu\u00edmica Org\u00e2nica 1F, Qu\u00edmica Anal\u00edtica<\/td>\n<td>Indeferido<\/td>\n<\/tr>\n<tr>\n<td><strong>Suyane Quintana<\/strong><\/td>\n<td>Biologia Celular<\/td>\n<td>Histologia Geral e de Sistemas, Parasitologia B\u00e1sica<\/td>\n<td>Indeferido<\/td>\n<\/tr>\n<tr>\n<td><strong>Henrique Br\u00e9a Coelho<\/strong><\/td>\n<td>Higiene Seguran\u00e7a na Ind\u00fastria de Alimentos<\/td>\n<td>An\u00e1lise F\u00edsico Qu\u00edmica de Alimentos<\/td>\n<td>Deferido<\/td>\n<\/tr>\n<tr>\n<td><strong>Natally Kriger<\/strong><\/td>\n<td>Higiene Seguran\u00e7a na Ind\u00fastria de Alimentos<\/td>\n<td>An\u00e1lise F\u00edsico Qu\u00edmica de Alimentos<\/td>\n<td>Deferido<\/td>\n<\/tr>\n<tr>\n<td><strong>Vitoria Coppa<\/strong><\/td>\n<td>\n<p>Est\u00e1gio Supervisionado I, Est\u00e1gio Supervisionado II e Est\u00e1gio<\/p>\n<p>Supervisionado VI<\/td>\n<td>Qu\u00edmica Farmac\u00eautica II<\/td>\n<td>Deferido<\/td>\n<\/tr>\n<tr>\n<td><strong>Kauana Lima<\/strong><\/td>\n<td>Imunologia B\u00e1sica<\/td>\n<td>Parasitologia B\u00e1sica, Microbiologia B\u00e1sica<\/td>\n<td>Indeferido<\/td>\n<\/tr>\n<tr>\n<td><strong>Helena Domingues<\/strong><\/td>\n<td>Higiene Seguran\u00e7a na Ind\u00fastria de Alimentos<\/td>\n<td>An\u00e1lise F\u00edsico Qu\u00edmica de Alimentos<\/td>\n<td>Deferido<\/td>\n<\/tr>\n<tr>\n<td><strong>Nathalie Schaun Barboza<\/strong><\/td>\n<td>Est\u00e1gio Supervisionado I, Est\u00e1gio Supervisionado II, Est\u00e1gio Supervisionado VI<\/td>\n<td>\n<p>Qu\u00edmica Farmac\u00eautica II, Processos Industriais e Tecnol\u00f3gicos, Tecnologia<\/p>\n<p>Farmac\u00eautica II<\/td>\n<td>Deferido<\/td>\n<\/tr>\n<tr>\n<td><strong>Lauren Porto Lopes<\/strong><\/td>\n<td>Higiene Seguran\u00e7a na Ind\u00fastria de Alimentos<\/td>\n<td>An\u00e1lise F\u00edsico Qu\u00edmica de Alimentos<\/td>\n<td>Deferido<\/td>\n<\/tr>\n<tr>\n<td><strong>Vit\u00f3ria Borges Duarte<\/strong><\/td>\n<td>Higiene Seguran\u00e7a na Ind\u00fastria de Alimentos<\/td>\n<td>An\u00e1lise F\u00edsico Qu\u00edmica de Alimentos<\/td>\n<td>Deferido<\/td>\n<\/tr>\n<tr>\n<td><strong>Ketlin Novack Klug<\/strong><\/td>\n<td>\n<p>Est\u00e1gio Supervisionado I, Est\u00e1gio Supervisionado II e Est\u00e1gio<\/p>\n<p>Supervisionado VI<\/td>\n<td>Qu\u00edmica Farmac\u00eautica II<\/td>\n<td>Deferido<\/td>\n<\/tr>\n<tr>\n<td><strong>Emilly da Silva Pican\u00e7o<\/strong><\/td>\n<td>Imunologia B\u00e1sica<\/td>\n<td>Parasitologia B\u00e1sica, Microbiologia B\u00e1sica<\/td>\n<td>Indeferido<\/td>\n<\/tr>\n<tr>\n<td><strong>Emilly da Silva Pican\u00e7o<\/strong><\/td>\n<td>Biologia Molecular Aplicada \u00e0 Ci\u00eancia Farmac\u00eautica<\/td>\n<td>Gen\u00e9tica Humana, Bioqu\u00edmica II<\/td>\n<td>Indeferido<\/td>\n<\/tr>\n<tr>\n<td><strong>Larissa Vit\u00f3ria<\/strong><\/td>\n<td>Qu\u00edmica Org\u00e2nica<\/td>\n<td>Qu\u00edmica Geral<\/td>\n<td>Indeferido<\/td>\n<\/tr>\n<tr>\n<td><strong>Larissa Vit\u00f3ria<\/strong><\/td>\n<td>Qu\u00edmica An\u00e1litica<\/td>\n<td>Qu\u00edmica Geral A<\/td>\n<td>Indeferido<\/td>\n<\/tr>\n<tr>\n<td><strong>Camila Rezende Coutinho<\/strong><\/td>\n<td>Microbiologia B\u00e1sica<\/td>\n<td>Sa\u00fade P\u00fablica<\/td>\n<td>Indeferido<\/td>\n<\/tr>\n<tr>\n<td><strong>Camila Rezende Coutinho<\/strong><\/td>\n<td>Microbiologia B\u00e1sica<\/td>\n<td>Imunologia B\u00e1sica<\/td>\n<td>Indeferido<\/td>\n<\/tr>\n<tr>\n<td><strong>Camila Rezende Coutinho<\/strong><\/td>\n<td>Qu\u00edmica Geral<\/td>\n<td>Opera\u00e7\u00f5es Unit\u00e1rias<\/td>\n<td>Indeferido<\/td>\n<\/tr>\n<tr>\n<td><strong>Maria Eduarda Braga Kruger<\/strong><\/td>\n<td>Trabalho de Conclus\u00e3o de Curso<\/td>\n<td>Tecnologia Farmac\u00eautica II<\/td>\n<td>Indeferido<\/td>\n<\/tr>\n<tr>\n<td><strong>Camille Gon\u00e7alves<\/strong><\/td>\n<td>Qu\u00edmica Geral A<\/td>\n<td>Qu\u00edmica Org\u00e2nica 1F, Qu\u00edmica Anal\u00edtica<\/td>\n<td>Indeferido<\/td>\n<\/tr>\n<tr>\n<td><strong>Rafaela Nunes Dos Santos<\/strong><\/td>\n<td>Biologia Celular<\/td>\n<td>Parasitologia B\u00e1sica, Histologia Geral e de Sistemas<\/td>\n<td>Indeferido<\/td>\n<\/tr>\n<tr>\n<td><strong>Manuella Rojas<\/strong><\/td>\n<td>Biologia Celular<\/td>\n<td>Parasitologia B\u00e1sica, Histologia Geral e de Sistemas<\/td>\n<td>Indeferido<\/td>\n<\/tr>\n<tr>\n<td><strong>Amanda Portella Soares<\/strong><\/td>\n<td>Higiene Seguran\u00e7a na Ind\u00fastria de Alimentos<\/td>\n<td>An\u00e1lise F\u00edsico Qu\u00edmica de Alimentos<\/td>\n<td>Deferido<\/td>\n<\/tr>\n<tr>\n<td><strong>Ana J\u00falia Souza<\/strong><\/td>\n<td>Higiene Seguran\u00e7a na Ind\u00fastria de Alimentos<\/td>\n<td>An\u00e1lise F\u00edsico Qu\u00edmica de Alimentos<\/td>\n<td>Deferido<\/td>\n<\/tr>\n<tr>\n<td><strong>Nicoly Schumann Bigliardi<\/strong><\/td>\n<td>Higiene Seguran\u00e7a na Ind\u00fastria de Alimentos<\/td>\n<td>An\u00e1lise F\u00edsico Qu\u00edmica de Alimentos<\/td>\n<td>Deferido<\/td>\n<\/tr>\n<tr>\n<td><strong>Dirceane dos Santos Souza<\/strong><\/td>\n<td>Parasitologia B\u00e1sica<\/td>\n<td>Biologia Celular<\/td>\n<td>Indeferido<\/td>\n<\/tr>\n<tr>\n<td><strong>Dirceane dos Santos Souza<\/strong><\/td>\n<td>Histologia Geral e de Sistemas<\/td>\n<td>Biologia Celular<\/td>\n<td>Indeferido<\/td>\n<\/tr>\n<tr>\n<td><strong>Lyza Fariasleal<\/strong><\/td>\n<td>Farmacot\u00e9cnica e Cosmetologia I<\/td>\n<td>Opera\u00e7\u00f5es unit\u00e1rias e Qu\u00edmica Org\u00e2nica II<\/td>\n<td>Indeferido<\/td>\n<\/tr>\n<tr>\n<td><strong>Emily Valad\u00e3o Rockembach<\/strong><\/td>\n<td>Farmacognosia II<\/td>\n<td>Farmacognosia I<\/td>\n<td>Indeferido<\/td>\n<\/tr>\n<tr>\n<td><strong>Ruany Pinto<\/strong><\/td>\n<td>Farmacot\u00e9cnica e Cosmetologia I<\/td>\n<td>Opera\u00e7\u00f5es unit\u00e1rias<\/td>\n<td>Indeferido<\/td>\n<\/tr>\n<tr>\n<td><strong>\u00c9melem Mathias Leal<\/strong><\/td>\n<td>Est\u00e1gio Supervisionado I<\/td>\n<td>QF2, Toxicologia e an\u00e1lise bacteriol\u00f3gica<\/td>\n<td>Deferido<\/td>\n<\/tr>\n<tr>\n<td><strong>Nataly Rodrigues da Silveira<\/strong><\/td>\n<td>Tecnologia farmac\u00eautica I<\/td>\n<td>Farmacot\u00e9cnica e Cosmetologia I<\/td>\n<td>Indeferido<\/td>\n<\/tr>\n<tr>\n<td><strong>Nataly Rodrigues da Silveira<\/strong><\/td>\n<td>Farmacot\u00e9cnica e Cosmetologia I<\/td>\n<td>Opera\u00e7\u00f5es unit\u00e1rias e Qu\u00edmica Org\u00e2nica II<\/td>\n<td>Indeferido<\/td>\n<\/tr>\n<tr>\n<td><strong>Bruna Godinho<\/strong><\/td>\n<td>Est\u00e1gio supervisionado I e II<\/td>\n<td>Qu\u00edmica Farmac\u00eautica II, Higiene e Seguran\u00e7a na Ind\u00fastria dos Alimentos,<\/td>\n<td>Deferido<\/td>\n<\/tr>\n<tr>\n<td><strong>Samuel Moraes de Souza<\/strong><\/td>\n<td>Qu\u00edmica Geral A<\/td>\n<td>Qu\u00edmica Org\u00e2nica 1F e Qu\u00edmica Anal\u00edtica<\/td>\n<td>Indeferido<\/td>\n<\/tr>\n<tr>\n<td><strong>Artur Gil Alves<\/strong><\/td>\n<td>Qu\u00edmica Geral A<\/td>\n<td>Qu\u00edmica Org\u00e2nica 1F e Qu\u00edmica Anal\u00edtica<\/td>\n<td>Indeferido<\/td>\n<\/tr>\n<tr>\n<td><strong>Taylana Ucker<\/strong><\/td>\n<td>Higiene Seguran\u00e7a na Ind\u00fastria de Alimentos<\/td>\n<td>An\u00e1lise F\u00edsico Qu\u00edmica de Alimentos<\/td>\n<td>Deferido<\/td>\n<\/tr>\n<tr>\n<td><strong>Taylana Ucker<\/strong><\/td>\n<td>Toxicologia<\/td>\n<td>Farmacodin\u00e2mica II<\/td>\n<td>Deferido<\/td>\n<\/tr>\n<tr>\n<td><strong>Andressa Manke<\/strong><\/td>\n<td>Qu\u00edmica Anal\u00edtica<\/td>\n<td>Qu\u00edmica Geral A<\/td>\n<td>Indeferido<\/td>\n<\/tr>\n<tr>\n<td><strong>Ana Dyulia Oliveira Prestes<\/strong><\/td>\n<td>Biologia celular<\/td>\n<td>Parasitologia B\u00e1sica, Histologia Geral e de Sistemas<\/td>\n<td>Indeferido<\/td>\n<\/tr>\n<tr>\n<td><strong>J\u00falia Pereira Kickhofel<\/strong><\/td>\n<td>Est\u00e1gio supervisionado I e Est\u00e1gio Supervisionado II<\/td>\n<td>Farmacognosia II, Qu\u00edmica Farmac\u00eautica I e Qu\u00edmica Farmac\u00eautica II<\/td>\n<td>Indeferido<\/td>\n<\/tr>\n<tr>\n<td><strong>Mateus Vargas<\/strong><\/td>\n<td>Qu\u00edmica Anal\u00edtica<\/td>\n<td>Qu\u00edmica Geral A<\/td>\n<td>Indeferido<\/td>\n<\/tr>\n<tr>\n<td><strong>Fl\u00e1via Cardoso<\/strong><\/td>\n<td>Qu\u00edmica Org\u00e2nica<\/td>\n<td>Qu\u00edmica Geral A<\/td>\n<td>Indeferido<\/td>\n<\/tr>\n<tr>\n<td><strong>Fl\u00e1via Cardoso<\/strong><\/td>\n<td>Qu\u00edmica Anal\u00edtica<\/td>\n<td>Qu\u00edmica Geral A<\/td>\n<td>Indeferido<\/td>\n<\/tr>\n<tr>\n<td><strong>Kauan Copello<\/strong><\/td>\n<td>Farmacognosia II<\/td>\n<td>Farmacognosia I<\/td>\n<td>Indeferido<\/td>\n<\/tr>\n<tr>\n<td><strong>Tielen Moraes<\/strong><\/td>\n<td>Farmacot\u00e9cnica e Cosmetologia I<\/td>\n<td>Opera\u00e7\u00f5es unit\u00e1rias<\/td>\n<td>Indeferido<\/td>\n<\/tr>\n<tr>\n<td><strong>Andressa Manke<\/strong><\/td>\n<td>Qu\u00edmica Anal\u00edtica<\/td>\n<td>Qu\u00edmica Geral A<\/td>\n<td>Indeferido<\/td>\n<\/tr>\n<tr>\n<td><strong>Andressa Manke<\/strong><\/td>\n<td>Parasitologia B\u00e1sica<\/td>\n<td>Biologia B\u00e1sica<\/td>\n<td>Indeferido<\/td>\n<\/tr>\n<tr>\n<td><strong>Andressa Manke<\/strong><\/td>\n<td>Histologia Geral e de Sistemas<\/td>\n<td>Biologia Celular<\/td>\n<td>Indeferido<\/td>\n<\/tr>\n<tr>\n<td><strong>Andressa Manke<\/strong><\/td>\n<td>Qu\u00edmica Org\u00e2nica<\/td>\n<td>Qu\u00edmica Geral A<\/td>\n<td>Indeferido<\/td>\n<\/tr>\n<tr>\n<td><strong>Vera Vargas<\/strong><\/td>\n<td>Sa\u00fade P\u00fablica<\/td>\n<td>Parasitologia B\u00e1sica, Microbiologia B\u00e1sica<\/td>\n<td>Indeferido<\/td>\n<\/tr>\n<tr>\n<td><strong>Vera Vargas<\/strong><\/td>\n<td>Imunologia B\u00e1sica<\/td>\n<td>Parasitologia B\u00e1sica, Microbiologia B\u00e1sica<\/td>\n<td>Indeferido<\/td>\n<\/tr>\n<tr>\n<td><strong>Lu\u00edsa Zahn<\/strong><\/td>\n<td>Farmacot\u00e9cnica e Cosmetologia I<\/td>\n<td>Opera\u00e7\u00f5es unit\u00e1rias<\/td>\n<td>Indeferido<\/td>\n<\/tr>\n<tr>\n<td><strong>Andreza Wachholz Igansi<\/strong><\/td>\n<td>Est\u00e1gio Supervisionado I, Est\u00e1gio Supervisionado II<\/td>\n<td>Qu\u00edmica Farmac\u00eautica II<\/td>\n<td>Deferido<\/td>\n<\/tr>\n<tr>\n<td><strong>Jo\u00e3o Henrique Lacerda<\/strong><\/td>\n<td>Est\u00e1gio Supervisionado I, Est\u00e1gio Supervisionado II, Est\u00e1gio Supervisionado III<\/td>\n<td>Qu\u00edmica Farmac\u00eautica II, Tecnologia Farmac\u00eautica II, Proce. Ind. Farm. Bio.,<\/td>\n<td>Deferido<\/td>\n<\/tr>\n<tr>\n<td><strong>Karine Flores Vilke<\/strong><\/td>\n<td>Imunologia B\u00e1sica<\/td>\n<td>Microbiologia B\u00e1sica, Parasitologia B\u00e1sica<\/td>\n<td>Indeferido<\/td>\n<\/tr>\n<tr>\n<td><strong>Jo\u00e3o Victor Pinto<\/strong><\/td>\n<td>Sa\u00fade P\u00fablica<\/td>\n<td>Parasitologia B\u00e1sica<\/td>\n<td>Indeferido<\/td>\n<\/tr>\n<tr>\n<td><strong>Jo\u00e3o Victor Pinto<\/strong><\/td>\n<td>Imunologia B\u00e1sica<\/td>\n<td>Parasitologia B\u00e1sica<\/td>\n<td>Indeferido<\/td>\n<\/tr>\n<tr>\n<td><strong>Karolai Campos<\/strong><\/td>\n<td>Est\u00e1gio Supervisionado I, Est\u00e1gio Supervisionado II, Est\u00e1gio Supervisionado VI<\/td>\n<td>Qu\u00edmica Farmac\u00eautica II<\/td>\n<td>Deferido<\/td>\n<\/tr>\n<tr>\n<td><strong>\u00a0Marina de Sousa Lins<\/strong><\/td>\n<td>Farmacot\u00e9cnica e cosmetologia<\/td>\n<td>Opera\u00e7\u00f5es Unit\u00e1rias<\/td>\n<td>Indeferido<\/td>\n<\/tr>\n<tr>\n<td><strong>Carolina Iribarrem<\/strong><\/td>\n<td>Farmacot\u00e9cnica e Cosmetologia I<\/td>\n<td>Opera\u00e7\u00f5es Unit\u00e1rias<\/td>\n<td>Indeferido<\/td>\n<\/tr>\n<tr>\n<td><strong>Jackson Barcelos<\/strong><\/td>\n<td>Higiene Seguran\u00e7a na Ind\u00fastria de Alimentos<\/td>\n<td>An\u00e1lise F\u00edsico Qu\u00edmica de Alimentos<\/td>\n<td>Deferido<\/td>\n<\/tr>\n<tr>\n<td><strong>\u00c9melem Mathias<\/strong><\/td>\n<td>Est\u00e1gio Supervisionado I, Est\u00e1gio Supervisionado II<\/td>\n<td>Qu\u00edmica Farmac\u00eautica II, Higiene Seguran\u00e7a na Ind\u00fastria de Alimentos, Toxicologia<\/td>\n<td>Deferido<\/td>\n<\/tr>\n<tr>\n<td><strong>Ludmila Feij\u00f3<\/strong><\/td>\n<td>Est\u00e1gio Supervisionado I, Est\u00e1gio Supervisionado II<\/td>\n<td>Qu\u00edmica Farmac\u00eautica II, Higiene Seguran\u00e7a na Ind\u00fastria de Alimentos<\/td>\n<td>Deferido<\/td>\n<\/tr>\n<tr>\n<td><strong>Katarina Folha<\/strong><\/td>\n<td>Higiene Seguran\u00e7a na Ind\u00fastria de Alimentos<\/td>\n<td>An\u00e1lise F\u00edsico Qu\u00edmica de Alimentos<\/td>\n<td>Deferido<\/td>\n<\/tr>\n<\/tbody>\n<\/table>\n<p><\/p>\n","protected":false},"excerpt":{"rendered":"<p>Nome: Solicita a quebra do pr\u00e9-requisito da disciplina de: Que possui como pr\u00e9-requisito a disciplina de: resposta Lu\u00edsa dos Passos Lafuente Est\u00e1gio Supervisionado III Est\u00e1gio Supervisionado I, Est\u00e1gio Supervisionado II e Controle de Qualidade de Medicamentos Indeferido Gleydson de Macedo Sousa Est\u00e1gio Supervisionado I, II e VI Farmacognosia II Deferido Moara Daquino Est\u00e1gio Supervisionado III &hellip; <\/p>\n<p><a class=\"more-link btn\" href=\"https:\/\/wp.ufpel.edu.br\/farmacia\/decisoes-quebra-de-pre-requisito-2025-2\/\">Continue lendo<\/a><\/p>\n","protected":false},"author":222,"featured_media":0,"parent":0,"menu_order":0,"comment_status":"closed","ping_status":"closed","template":"","meta":{"jetpack_post_was_ever_published":false,"footnotes":""},"class_list":["post-3332","page","type-page","status-publish","hentry","nodate","item-wrap"],"jetpack_sharing_enabled":true,"jetpack_shortlink":"https:\/\/wp.me\/P6QO3Z-RK","_links":{"self":[{"href":"https:\/\/wp.ufpel.edu.br\/farmacia\/wp-json\/wp\/v2\/pages\/3332","targetHints":{"allow":["GET"]}}],"collection":[{"href":"https:\/\/wp.ufpel.edu.br\/farmacia\/wp-json\/wp\/v2\/pages"}],"about":[{"href":"https:\/\/wp.ufpel.edu.br\/farmacia\/wp-json\/wp\/v2\/types\/page"}],"author":[{"embeddable":true,"href":"https:\/\/wp.ufpel.edu.br\/farmacia\/wp-json\/wp\/v2\/users\/222"}],"replies":[{"embeddable":true,"href":"https:\/\/wp.ufpel.edu.br\/farmacia\/wp-json\/wp\/v2\/comments?post=3332"}],"version-history":[{"count":1,"href":"https:\/\/wp.ufpel.edu.br\/farmacia\/wp-json\/wp\/v2\/pages\/3332\/revisions"}],"predecessor-version":[{"id":3333,"href":"https:\/\/wp.ufpel.edu.br\/farmacia\/wp-json\/wp\/v2\/pages\/3332\/revisions\/3333"}],"wp:attachment":[{"href":"https:\/\/wp.ufpel.edu.br\/farmacia\/wp-json\/wp\/v2\/media?parent=3332"}],"curies":[{"name":"wp","href":"https:\/\/api.w.org\/{rel}","templated":true}]}}