{"id":2701,"date":"2023-03-09T16:55:58","date_gmt":"2023-03-09T19:55:58","guid":{"rendered":"https:\/\/wp.ufpel.edu.br\/farmacia\/?page_id=2701"},"modified":"2023-03-09T16:55:58","modified_gmt":"2023-03-09T19:55:58","slug":"promocao-de-saude-nas-redes-sociais-uma-acao-de-extensao-da-laitox","status":"publish","type":"page","link":"https:\/\/wp.ufpel.edu.br\/farmacia\/promocao-de-saude-nas-redes-sociais-uma-acao-de-extensao-da-laitox\/","title":{"rendered":"Promo\u00e7\u00e3o de Sa\u00fade nas redes sociais: uma a\u00e7\u00e3o de extens\u00e3o da LAITox."},"content":{"rendered":"<p><img loading=\"lazy\" decoding=\"async\" class=\"size-full wp-image-2680 aligncenter\" src=\"https:\/\/wp.ufpel.edu.br\/farmacia\/files\/2023\/03\/header-alterado.png\" alt=\"\" width=\"1800\" height=\"720\" srcset=\"https:\/\/wp.ufpel.edu.br\/farmacia\/files\/2023\/03\/header-alterado.png 1800w, https:\/\/wp.ufpel.edu.br\/farmacia\/files\/2023\/03\/header-alterado-400x160.png 400w, https:\/\/wp.ufpel.edu.br\/farmacia\/files\/2023\/03\/header-alterado-1024x410.png 1024w, https:\/\/wp.ufpel.edu.br\/farmacia\/files\/2023\/03\/header-alterado-768x307.png 768w, https:\/\/wp.ufpel.edu.br\/farmacia\/files\/2023\/03\/header-alterado-1536x614.png 1536w, https:\/\/wp.ufpel.edu.br\/farmacia\/files\/2023\/03\/header-alterado-850x340.png 850w\" sizes=\"auto, (max-width: 1800px) 100vw, 1800px\" \/><\/p>\n<h4><\/h4>\n<h4 style=\"text-align: center;\"><b>Resumo<\/b><\/h4>\n<p style=\"text-align: justify;\"><span style=\"font-weight: 400;\">A Liga Acad\u00eamica Interdisciplinar de Toxicologia (LAITOX) vem atrav\u00e9s de a\u00e7\u00f5es de extens\u00e3o, educar e conscientizar a popula\u00e7\u00e3o em geral sobre diferentes temas que envolvem promo\u00e7\u00e3o da sa\u00fade no geral, com \u00eanfase na preven\u00e7\u00e3o de intoxica\u00e7\u00f5es e informa\u00e7\u00f5es sobre a atual pandemia da COVID-19. Nesta perspectiva, a extens\u00e3o possibilita que os saberes e conhecimentos sejam aplicados na comunidade e n\u00e3o apenas na academia. Al\u00e9m de atuar junto \u00e0 comunidade como agente promotor de sa\u00fade e transforma\u00e7\u00e3o social, a participa\u00e7\u00e3o nas ligas acad\u00eamicas oportuniza ao estudante se submeter a experi\u00eancias vivenciadas que contribuir\u00e3o para formar profissionais mais maduros, propositivos e socialmente engajados. As a\u00e7\u00f5es que ser\u00e3o desenvolvidas est\u00e3o relacionadas \u00e0 divulga\u00e7\u00e3o de informa\u00e7\u00f5es cient\u00edficas relacionadas \u00e0 promo\u00e7\u00e3o de sa\u00fade de forma f\u00e1cil e \u00e1gil atrav\u00e9s das redes sociais Facebook, Instagram, You Tube e TikTok da LAITox.<\/span><\/p>\n<p style=\"text-align: center;\"><b>Objetivos:\u00a0<\/b><\/p>\n<ul>\n<li style=\"font-weight: 400; text-align: justify;\" aria-level=\"1\"><span style=\"font-weight: 400;\">Produ\u00e7\u00e3o de v\u00eddeos, \u00e1udio e anima\u00e7\u00f5es nas redes sociais da LAITox relacionados \u00e0 promo\u00e7\u00e3o de sa\u00fade no contexto de intoxica\u00e7\u00f5es e pandemia da COVID-19.<\/span><\/li>\n<\/ul>\n<p>&nbsp;<\/p>\n<p><b>Coordenadora:<\/b><span style=\"font-weight: 400;\"> Prof<\/span><span style=\"font-weight: 400;\">a<\/span><span style=\"font-weight: 400;\">. Dr<\/span><span style=\"font-weight: 400;\">a<\/span><span style=\"font-weight: 400;\">. Giana de Paula Cognato<\/span><\/p>\n<p><b>Contato: <\/b><a href=\"mailto:giana.cognato@gmail.com\"><span style=\"font-weight: 400;\">giana.cognato@gmail.com<\/span><\/a><\/p>\n<p>Entre no nosso insta para saber mais sobre o projeto! <a href=\"https:\/\/www.instagram.com\/laitox.ufpel\/\"><img loading=\"lazy\" decoding=\"async\" class=\"wp-image-2706 alignnone\" src=\"https:\/\/wp.ufpel.edu.br\/farmacia\/files\/2023\/03\/Insta-Logo-PNG-Photo-copiar.png\" alt=\"\" width=\"35\" height=\"35\" srcset=\"https:\/\/wp.ufpel.edu.br\/farmacia\/files\/2023\/03\/Insta-Logo-PNG-Photo-copiar.png 334w, https:\/\/wp.ufpel.edu.br\/farmacia\/files\/2023\/03\/Insta-Logo-PNG-Photo-copiar-200x200.png 200w\" sizes=\"auto, (max-width: 35px) 100vw, 35px\" \/><\/a><\/p>\n","protected":false},"excerpt":{"rendered":"<p>Resumo A Liga Acad\u00eamica Interdisciplinar de Toxicologia (LAITOX) vem atrav\u00e9s de a\u00e7\u00f5es de extens\u00e3o, educar e conscientizar a popula\u00e7\u00e3o em geral sobre diferentes temas que envolvem promo\u00e7\u00e3o da sa\u00fade no geral, com \u00eanfase na preven\u00e7\u00e3o de intoxica\u00e7\u00f5es e informa\u00e7\u00f5es sobre a atual pandemia da COVID-19. Nesta perspectiva, a extens\u00e3o possibilita que os saberes e conhecimentos &hellip; <\/p>\n<p><a class=\"more-link btn\" href=\"https:\/\/wp.ufpel.edu.br\/farmacia\/promocao-de-saude-nas-redes-sociais-uma-acao-de-extensao-da-laitox\/\">Continue lendo<\/a><\/p>\n","protected":false},"author":222,"featured_media":0,"parent":0,"menu_order":0,"comment_status":"closed","ping_status":"closed","template":"","meta":{"jetpack_post_was_ever_published":false,"footnotes":""},"class_list":["post-2701","page","type-page","status-publish","hentry","nodate","item-wrap"],"jetpack_sharing_enabled":false,"jetpack_shortlink":"https:\/\/wp.me\/P6QO3Z-Hz","_links":{"self":[{"href":"https:\/\/wp.ufpel.edu.br\/farmacia\/wp-json\/wp\/v2\/pages\/2701","targetHints":{"allow":["GET"]}}],"collection":[{"href":"https:\/\/wp.ufpel.edu.br\/farmacia\/wp-json\/wp\/v2\/pages"}],"about":[{"href":"https:\/\/wp.ufpel.edu.br\/farmacia\/wp-json\/wp\/v2\/types\/page"}],"author":[{"embeddable":true,"href":"https:\/\/wp.ufpel.edu.br\/farmacia\/wp-json\/wp\/v2\/users\/222"}],"replies":[{"embeddable":true,"href":"https:\/\/wp.ufpel.edu.br\/farmacia\/wp-json\/wp\/v2\/comments?post=2701"}],"version-history":[{"count":1,"href":"https:\/\/wp.ufpel.edu.br\/farmacia\/wp-json\/wp\/v2\/pages\/2701\/revisions"}],"predecessor-version":[{"id":2708,"href":"https:\/\/wp.ufpel.edu.br\/farmacia\/wp-json\/wp\/v2\/pages\/2701\/revisions\/2708"}],"wp:attachment":[{"href":"https:\/\/wp.ufpel.edu.br\/farmacia\/wp-json\/wp\/v2\/media?parent=2701"}],"curies":[{"name":"wp","href":"https:\/\/api.w.org\/{rel}","templated":true}]}}