{"id":2696,"date":"2023-03-09T16:43:20","date_gmt":"2023-03-09T19:43:20","guid":{"rendered":"https:\/\/wp.ufpel.edu.br\/farmacia\/?page_id=2696"},"modified":"2023-03-09T17:00:16","modified_gmt":"2023-03-09T20:00:16","slug":"laitox-vai-a-escola-projeto-de-conscientizacao-em-saude","status":"publish","type":"page","link":"https:\/\/wp.ufpel.edu.br\/farmacia\/laitox-vai-a-escola-projeto-de-conscientizacao-em-saude\/","title":{"rendered":"LAITox vai \u00e0 escola: projeto de conscientiza\u00e7\u00e3o em sa\u00fade."},"content":{"rendered":"<h4 style=\"text-align: center;\"><span style=\"color: #ffc933;\"><b><img loading=\"lazy\" decoding=\"async\" class=\" wp-image-2680 aligncenter\" src=\"https:\/\/wp.ufpel.edu.br\/farmacia\/files\/2023\/03\/header-alterado.png\" alt=\"\" width=\"665\" height=\"266\" srcset=\"https:\/\/wp.ufpel.edu.br\/farmacia\/files\/2023\/03\/header-alterado.png 1800w, https:\/\/wp.ufpel.edu.br\/farmacia\/files\/2023\/03\/header-alterado-400x160.png 400w, https:\/\/wp.ufpel.edu.br\/farmacia\/files\/2023\/03\/header-alterado-1024x410.png 1024w, https:\/\/wp.ufpel.edu.br\/farmacia\/files\/2023\/03\/header-alterado-768x307.png 768w, https:\/\/wp.ufpel.edu.br\/farmacia\/files\/2023\/03\/header-alterado-1536x614.png 1536w, https:\/\/wp.ufpel.edu.br\/farmacia\/files\/2023\/03\/header-alterado-850x340.png 850w\" sizes=\"auto, (max-width: 665px) 100vw, 665px\" \/><\/b><\/span><\/h4>\n<h4><\/h4>\n<h4><\/h4>\n<h4 style=\"text-align: center;\"><span style=\"color: #ffc933;\"><b>Resumo<\/b><\/span><\/h4>\n<p style=\"text-align: justify;\"><span style=\"font-weight: 400;\"> A Liga Interdisciplinar de Toxicologia (LAITOX) promove interven\u00e7\u00f5es no \u00e2mbito da educa\u00e7\u00e3o, proporcionando \u00e0 comunidade trocas de saberes e de aprendizados relacionados \u00e0 Toxicologia. O intuito dessas atividades consiste em ampliar o conhecimento e democratizar as informa\u00e7\u00f5es referentes \u00e0s intoxica\u00e7\u00f5es que s\u00e3o negligenciadas e por vezes com informa\u00e7\u00f5es restritas a academia. Dessa maneira, a liga interdisciplinar de toxicologia vem a p\u00fablico, juntamente com a forma\u00e7\u00e3o de um corpo discente e docente, corroborando atrav\u00e9s de um conte\u00fado cient\u00edfico e explanando didaticamente para melhor compreens\u00e3o, por meio de relatos de experi\u00eancias respaldados na literatura. Os membros da LAITOX, estimam atingir um p\u00fablico diverso, independente da faixa et\u00e1ria, colaborando significativamente, com a preven\u00e7\u00e3o de intoxica\u00e7\u00f5es.<\/span><\/p>\n<h4 style=\"text-align: center;\"><span style=\"color: #ffc933;\"><b>Objetivos<\/b><\/span><\/h4>\n<ul>\n<li style=\"font-weight: 400; text-align: justify;\" aria-level=\"1\"><span style=\"font-weight: 400;\">Proporcionar \u00e0 comunidade trocas de saberes e aprendizados sobre toxicologia, visando advertir o p\u00fablico escolar a respeito dos efeitos em casos de exposi\u00e7\u00e3o e ingest\u00e3o de subst\u00e2ncias l\u00edcitas e il\u00edcitas e os sintomas decorrentes das intoxica\u00e7\u00f5es, os riscos e as consequ\u00eancias \u00e0 sa\u00fade, se houver neglig\u00eancia, pode ser iminente.<\/span><\/li>\n<\/ul>\n<p>&nbsp;<\/p>\n<p><b>Coordenadora:<\/b><span style=\"font-weight: 400;\"> Prof<\/span><span style=\"font-weight: 400;\">a<\/span><span style=\"font-weight: 400;\">. Dr<\/span><span style=\"font-weight: 400;\">a<\/span><span style=\"font-weight: 400;\">. Giana de Paula Cognato<\/span><\/p>\n<p><b>Contato: <\/b><a href=\"mailto:giana.cognato@gmail.com\"><span style=\"font-weight: 400;\">giana.cognato@gmail.com<\/span><\/a><\/p>\n<p>Entre no nosso insta para saber mais sobre o projeto!<a href=\"https:\/\/www.instagram.com\/laitox.ufpel\/\" target=\"_blank\" rel=\"noopener\"><img loading=\"lazy\" decoding=\"async\" class=\"wp-image-2706 alignnone\" src=\"https:\/\/wp.ufpel.edu.br\/farmacia\/files\/2023\/03\/Insta-Logo-PNG-Photo-copiar.png\" alt=\"\" width=\"36\" height=\"36\" srcset=\"https:\/\/wp.ufpel.edu.br\/farmacia\/files\/2023\/03\/Insta-Logo-PNG-Photo-copiar.png 334w, https:\/\/wp.ufpel.edu.br\/farmacia\/files\/2023\/03\/Insta-Logo-PNG-Photo-copiar-200x200.png 200w\" sizes=\"auto, (max-width: 36px) 100vw, 36px\" \/><\/a><\/p>\n","protected":false},"excerpt":{"rendered":"<p>Resumo A Liga Interdisciplinar de Toxicologia (LAITOX) promove interven\u00e7\u00f5es no \u00e2mbito da educa\u00e7\u00e3o, proporcionando \u00e0 comunidade trocas de saberes e de aprendizados relacionados \u00e0 Toxicologia. O intuito dessas atividades consiste em ampliar o conhecimento e democratizar as informa\u00e7\u00f5es referentes \u00e0s intoxica\u00e7\u00f5es que s\u00e3o negligenciadas e por vezes com informa\u00e7\u00f5es restritas a academia. Dessa maneira, a &hellip; <\/p>\n<p><a class=\"more-link btn\" href=\"https:\/\/wp.ufpel.edu.br\/farmacia\/laitox-vai-a-escola-projeto-de-conscientizacao-em-saude\/\">Continue lendo<\/a><\/p>\n","protected":false},"author":222,"featured_media":0,"parent":0,"menu_order":0,"comment_status":"closed","ping_status":"closed","template":"","meta":{"jetpack_post_was_ever_published":false,"footnotes":""},"class_list":["post-2696","page","type-page","status-publish","hentry","nodate","item-wrap"],"jetpack_sharing_enabled":false,"jetpack_shortlink":"https:\/\/wp.me\/P6QO3Z-Hu","_links":{"self":[{"href":"https:\/\/wp.ufpel.edu.br\/farmacia\/wp-json\/wp\/v2\/pages\/2696","targetHints":{"allow":["GET"]}}],"collection":[{"href":"https:\/\/wp.ufpel.edu.br\/farmacia\/wp-json\/wp\/v2\/pages"}],"about":[{"href":"https:\/\/wp.ufpel.edu.br\/farmacia\/wp-json\/wp\/v2\/types\/page"}],"author":[{"embeddable":true,"href":"https:\/\/wp.ufpel.edu.br\/farmacia\/wp-json\/wp\/v2\/users\/222"}],"replies":[{"embeddable":true,"href":"https:\/\/wp.ufpel.edu.br\/farmacia\/wp-json\/wp\/v2\/comments?post=2696"}],"version-history":[{"count":9,"href":"https:\/\/wp.ufpel.edu.br\/farmacia\/wp-json\/wp\/v2\/pages\/2696\/revisions"}],"predecessor-version":[{"id":2713,"href":"https:\/\/wp.ufpel.edu.br\/farmacia\/wp-json\/wp\/v2\/pages\/2696\/revisions\/2713"}],"wp:attachment":[{"href":"https:\/\/wp.ufpel.edu.br\/farmacia\/wp-json\/wp\/v2\/media?parent=2696"}],"curies":[{"name":"wp","href":"https:\/\/api.w.org\/{rel}","templated":true}]}}