{"id":2618,"date":"2023-03-05T19:48:49","date_gmt":"2023-03-05T22:48:49","guid":{"rendered":"https:\/\/wp.ufpel.edu.br\/farmacia\/?page_id=2618"},"modified":"2023-03-05T20:24:44","modified_gmt":"2023-03-05T23:24:44","slug":"midias-digitais-do-curso-de-farmacia-ampliando-a-comunicacao-com-as-comunidades-interna-e-externa","status":"publish","type":"page","link":"https:\/\/wp.ufpel.edu.br\/farmacia\/midias-digitais-do-curso-de-farmacia-ampliando-a-comunicacao-com-as-comunidades-interna-e-externa\/","title":{"rendered":"M\u00eddias Digitais do Curso de Farm\u00e1cia: ampliando a comunica\u00e7\u00e3o com as comunidades interna e externa."},"content":{"rendered":"<p><img loading=\"lazy\" decoding=\"async\" class=\" wp-image-2641 aligncenter\" src=\"https:\/\/wp.ufpel.edu.br\/farmacia\/files\/2023\/03\/projetos-midias.png\" alt=\"\" width=\"409\" height=\"409\" srcset=\"https:\/\/wp.ufpel.edu.br\/farmacia\/files\/2023\/03\/projetos-midias.png 1080w, https:\/\/wp.ufpel.edu.br\/farmacia\/files\/2023\/03\/projetos-midias-400x400.png 400w, https:\/\/wp.ufpel.edu.br\/farmacia\/files\/2023\/03\/projetos-midias-1024x1024.png 1024w, https:\/\/wp.ufpel.edu.br\/farmacia\/files\/2023\/03\/projetos-midias-200x200.png 200w, https:\/\/wp.ufpel.edu.br\/farmacia\/files\/2023\/03\/projetos-midias-768x768.png 768w, https:\/\/wp.ufpel.edu.br\/farmacia\/files\/2023\/03\/projetos-midias-850x850.png 850w\" sizes=\"auto, (max-width: 409px) 100vw, 409px\" \/><\/p>\n<h4 style=\"text-align: center;\"><strong><span style=\"font-family: 'trebuchet ms', geneva, sans-serif; color: #ffc933;\">Resumo<\/span><\/strong><\/h4>\n<p style=\"text-align: justify;\"><span style=\"color: #000000;\"><span style=\"font-family: 'trebuchet ms', geneva, sans-serif;\"> A era tecnol\u00f3gica que vivenciamos se reflete no processo de intera\u00e7\u00e3o entre as pessoas e as diferentes institui\u00e7\u00f5es. Neste sentido, as m\u00eddias digitais, incluindo as m\u00eddias sociais, t\u00eam ocupado um importante espa\u00e7o na comunica\u00e7\u00e3o das Universidades com seus estudantes e com o p\u00fablico externo. Assim, \u00e9 imperativo que estas institui\u00e7\u00f5es disponibilizem sites atrativos e elucidativos para a divulga\u00e7\u00e3o de seus Cursos, e que os Cursos, por sua vez, utilizem desta ferramenta, bem como das redes sociais como Facebook, Instagram e YouTube, para a divulga\u00e7\u00e3o de suas a\u00e7\u00f5es, dissemina\u00e7\u00e3o de informa\u00e7\u00f5es relevantes na \u00e1rea de atua\u00e7\u00e3o, e para se aproximar dos alunos e da comunidade como um todo. Por esta raz\u00e3o, o presente <\/span><span style=\"font-family: 'trebuchet ms', geneva, sans-serif;\">projeto tem como prop\u00f3sito a melhoria do site do Curso de Farm\u00e1cia, de modo a vincular mais informa\u00e7\u00f5es e ampliar a qualidade das j\u00e1 existentes, bem como expandir as redes sociais do Curso para permitir maior comunica\u00e7\u00e3o com os p\u00fablicos interno e externo \u00e0 UFPel.<\/span><\/span><\/p>\n<h4 style=\"text-align: center;\"><strong><span style=\"font-family: 'trebuchet ms', geneva, sans-serif; color: #ffc933;\">Objetivos:<\/span><\/strong><\/h4>\n<ul>\n<li style=\"text-align: justify;\"><span style=\"font-family: 'trebuchet ms', geneva, sans-serif; color: #000000;\">Modernizar e ampliar o site do Curso de Farm\u00e1cia, de modo a vincular mais <\/span><span style=\"font-family: 'trebuchet ms', geneva, sans-serif; color: #000000;\">informa\u00e7\u00f5es e melhorar a qualidade das j\u00e1 existentes.<\/span><\/li>\n<li style=\"text-align: justify;\"><span style=\"font-family: 'trebuchet ms', geneva, sans-serif; color: #000000;\">Expandir as redes sociais do Curso, como Instagram e Facebook, para permitir maior <\/span><span style=\"font-family: 'trebuchet ms', geneva, sans-serif; color: #000000;\">comunica\u00e7\u00e3o com os p\u00fablicos interno e externo \u00e0 UFPel.<\/span><\/li>\n<\/ul>\n<h4 style=\"text-align: center;\"><strong><span style=\"font-family: 'trebuchet ms', geneva, sans-serif; color: #ffc933;\">Idealizadores\/Coordenadores:<\/span><\/strong><\/h4>\n<p style=\"text-align: left;\"><span style=\"font-family: 'trebuchet ms', geneva, sans-serif; color: #000000;\">Coordenadora: Prof<sup>a<\/sup>. Dr<sup>a<\/sup>. Juliana Bidone<\/span><br \/>\n<span style=\"font-family: 'trebuchet ms', geneva, sans-serif; color: #000000;\">Coordenadora adjunta: Prof<sup>a<\/sup>. Dr<sup>a<\/sup> Giana de Paula Cognato<\/span><br \/>\n<span style=\"font-family: 'trebuchet ms', geneva, sans-serif; color: #000000;\">Contato: julianabidone@gmail.com<\/span><\/p>\n","protected":false},"excerpt":{"rendered":"<p>Resumo A era tecnol\u00f3gica que vivenciamos se reflete no processo de intera\u00e7\u00e3o entre as pessoas e as diferentes institui\u00e7\u00f5es. Neste sentido, as m\u00eddias digitais, incluindo as m\u00eddias sociais, t\u00eam ocupado um importante espa\u00e7o na comunica\u00e7\u00e3o das Universidades com seus estudantes e com o p\u00fablico externo. Assim, \u00e9 imperativo que estas institui\u00e7\u00f5es disponibilizem sites atrativos e &hellip; <\/p>\n<p><a class=\"more-link btn\" href=\"https:\/\/wp.ufpel.edu.br\/farmacia\/midias-digitais-do-curso-de-farmacia-ampliando-a-comunicacao-com-as-comunidades-interna-e-externa\/\">Continue lendo<\/a><\/p>\n","protected":false},"author":222,"featured_media":0,"parent":0,"menu_order":0,"comment_status":"closed","ping_status":"closed","template":"","meta":{"jetpack_post_was_ever_published":false,"footnotes":""},"class_list":["post-2618","page","type-page","status-publish","hentry","nodate","item-wrap"],"jetpack_sharing_enabled":false,"jetpack_shortlink":"https:\/\/wp.me\/P6QO3Z-Ge","_links":{"self":[{"href":"https:\/\/wp.ufpel.edu.br\/farmacia\/wp-json\/wp\/v2\/pages\/2618","targetHints":{"allow":["GET"]}}],"collection":[{"href":"https:\/\/wp.ufpel.edu.br\/farmacia\/wp-json\/wp\/v2\/pages"}],"about":[{"href":"https:\/\/wp.ufpel.edu.br\/farmacia\/wp-json\/wp\/v2\/types\/page"}],"author":[{"embeddable":true,"href":"https:\/\/wp.ufpel.edu.br\/farmacia\/wp-json\/wp\/v2\/users\/222"}],"replies":[{"embeddable":true,"href":"https:\/\/wp.ufpel.edu.br\/farmacia\/wp-json\/wp\/v2\/comments?post=2618"}],"version-history":[{"count":3,"href":"https:\/\/wp.ufpel.edu.br\/farmacia\/wp-json\/wp\/v2\/pages\/2618\/revisions"}],"predecessor-version":[{"id":2647,"href":"https:\/\/wp.ufpel.edu.br\/farmacia\/wp-json\/wp\/v2\/pages\/2618\/revisions\/2647"}],"wp:attachment":[{"href":"https:\/\/wp.ufpel.edu.br\/farmacia\/wp-json\/wp\/v2\/media?parent=2618"}],"curies":[{"name":"wp","href":"https:\/\/api.w.org\/{rel}","templated":true}]}}