{"id":259,"date":"2014-10-04T20:48:20","date_gmt":"2014-10-04T23:48:20","guid":{"rendered":"https:\/\/wp.ufpel.edu.br\/farmacia\/?page_id=259"},"modified":"2023-03-02T00:09:37","modified_gmt":"2023-03-02T03:09:37","slug":"tecnicos-administrativos","status":"publish","type":"page","link":"https:\/\/wp.ufpel.edu.br\/farmacia\/tecnicos-administrativos\/","title":{"rendered":"T\u00e9cnicos Administrativos"},"content":{"rendered":"<h2 style=\"text-align: center;\"><span style=\"font-family: 'trebuchet ms', geneva, sans-serif; color: #ffc933;\"><strong>ASSISTENTE ADMINISTRATIVO (SECRETARIA ACAD\u00caMICA)<\/strong><\/span><\/h2>\n<p style=\"text-align: center;\"><span style=\"font-family: 'trebuchet ms', geneva, sans-serif; font-size: 18pt; color: #000000;\">Gustavo Cardozo Amaral<\/span><\/p>\n<p style=\"text-align: center;\"><span style=\"font-family: 'trebuchet ms', geneva, sans-serif;\"><strong><img loading=\"lazy\" decoding=\"async\" class=\"wp-image-2511 alignnone\" src=\"https:\/\/wp.ufpel.edu.br\/farmacia\/files\/2023\/03\/email.png\" alt=\"\" width=\"35\" height=\"35\" \/><\/strong> <span style=\"font-size: 14pt; color: #000000;\">farmacia.ufpel@gmail.com\u00a0<\/span><\/span><\/p>\n<p style=\"text-align: center;\"><span style=\"font-family: 'trebuchet ms', geneva, sans-serif; color: #000000;\"><span style=\"font-size: 14pt;\"> (53) 3275-7454<\/span><\/span><\/p>\n<h2 style=\"text-align: center;\"><span style=\"font-family: 'trebuchet ms', geneva, sans-serif; color: #ffc933;\"><strong>T\u00c9CNICAS DE LABORAT\u00d3RIO (LAPAG 5)<\/strong><\/span><\/h2>\n<p style=\"text-align: center;\"><span style=\"font-family: 'trebuchet ms', geneva, sans-serif; font-size: 18pt; color: #000000;\">Edila Maria Kickhofel Ferrer<\/span><\/p>\n<p style=\"text-align: center;\"><span style=\"font-family: 'trebuchet ms', geneva, sans-serif; font-size: 18pt; color: #000000;\">Cristiane Degen Chagas<\/span><\/p>\n<p style=\"text-align: center;\"><span style=\"font-family: 'trebuchet ms', geneva, sans-serif; font-size: 18pt; color: #000000;\">Vanize Mackedanz L\u00fcdtke<\/span><\/p>\n<p style=\"text-align: center;\"><span style=\"font-family: 'trebuchet ms', geneva, sans-serif;\"><strong><img loading=\"lazy\" decoding=\"async\" class=\"wp-image-2511 alignnone\" src=\"https:\/\/wp.ufpel.edu.br\/farmacia\/files\/2023\/03\/email.png\" alt=\"\" width=\"35\" height=\"35\" \/>\u00a0<\/strong><span style=\"font-size: 14pt; color: #000000;\">tec.farmaciaufpel@gmail.com <\/span><\/span><\/p>\n<p style=\"text-align: center;\"><span style=\"font-family: 'trebuchet ms', geneva, sans-serif; font-size: 14pt; color: #000000;\">(53) 32757233<\/span><\/p>\n<p>&nbsp;<\/p>\n","protected":false},"excerpt":{"rendered":"<p>ASSISTENTE ADMINISTRATIVO (SECRETARIA ACAD\u00caMICA) Gustavo Cardozo Amaral farmacia.ufpel@gmail.com\u00a0 (53) 3275-7454 T\u00c9CNICAS DE LABORAT\u00d3RIO (LAPAG 5) Edila Maria Kickhofel Ferrer Cristiane Degen Chagas Vanize Mackedanz L\u00fcdtke \u00a0tec.farmaciaufpel@gmail.com (53) 32757233 &nbsp;<\/p>\n","protected":false},"author":222,"featured_media":0,"parent":0,"menu_order":0,"comment_status":"closed","ping_status":"closed","template":"","meta":{"jetpack_post_was_ever_published":false,"footnotes":""},"class_list":["post-259","page","type-page","status-publish","hentry","nodate","item-wrap"],"jetpack_sharing_enabled":true,"jetpack_shortlink":"https:\/\/wp.me\/P6QO3Z-4b","_links":{"self":[{"href":"https:\/\/wp.ufpel.edu.br\/farmacia\/wp-json\/wp\/v2\/pages\/259","targetHints":{"allow":["GET"]}}],"collection":[{"href":"https:\/\/wp.ufpel.edu.br\/farmacia\/wp-json\/wp\/v2\/pages"}],"about":[{"href":"https:\/\/wp.ufpel.edu.br\/farmacia\/wp-json\/wp\/v2\/types\/page"}],"author":[{"embeddable":true,"href":"https:\/\/wp.ufpel.edu.br\/farmacia\/wp-json\/wp\/v2\/users\/222"}],"replies":[{"embeddable":true,"href":"https:\/\/wp.ufpel.edu.br\/farmacia\/wp-json\/wp\/v2\/comments?post=259"}],"version-history":[{"count":14,"href":"https:\/\/wp.ufpel.edu.br\/farmacia\/wp-json\/wp\/v2\/pages\/259\/revisions"}],"predecessor-version":[{"id":2554,"href":"https:\/\/wp.ufpel.edu.br\/farmacia\/wp-json\/wp\/v2\/pages\/259\/revisions\/2554"}],"wp:attachment":[{"href":"https:\/\/wp.ufpel.edu.br\/farmacia\/wp-json\/wp\/v2\/media?parent=259"}],"curies":[{"name":"wp","href":"https:\/\/api.w.org\/{rel}","templated":true}]}}