{"id":2360,"date":"2023-01-26T19:59:00","date_gmt":"2023-01-26T22:59:00","guid":{"rendered":"https:\/\/wp.ufpel.edu.br\/farmacia\/?page_id=2360"},"modified":"2023-06-09T18:52:41","modified_gmt":"2023-06-09T21:52:41","slug":"perguntas-frequentes-2","status":"publish","type":"page","link":"https:\/\/wp.ufpel.edu.br\/farmacia\/perguntas-frequentes-2\/","title":{"rendered":"Perguntas Frequentes"},"content":{"rendered":"<p><a href=\"https:\/\/wp.ufpel.edu.br\/farmacia\/files\/2023\/01\/acad-copiar6.png\"><img loading=\"lazy\" decoding=\"async\" class=\"aligncenter size-full wp-image-2299\" src=\"https:\/\/wp.ufpel.edu.br\/farmacia\/files\/2023\/01\/acad-copiar6.png\" alt=\"\" width=\"1000\" height=\"300\" srcset=\"https:\/\/wp.ufpel.edu.br\/farmacia\/files\/2023\/01\/acad-copiar6.png 1000w, https:\/\/wp.ufpel.edu.br\/farmacia\/files\/2023\/01\/acad-copiar6-400x120.png 400w, https:\/\/wp.ufpel.edu.br\/farmacia\/files\/2023\/01\/acad-copiar6-768x230.png 768w\" sizes=\"auto, (max-width: 1000px) 100vw, 1000px\" \/><\/a><strong><span style=\"font-family: 'trebuchet ms', geneva, sans-serif; font-size: 14pt;\">Como solicitar matr\u00edcula?<\/span><\/strong><\/p>\n<h2><span style=\"font-size: 14pt; font-family: 'trebuchet ms', geneva, sans-serif;\">Como solicitar corre\u00e7\u00e3o de matr\u00edculas?<\/span><\/h2>\n<h2><span style=\"font-size: 14pt; font-family: 'trebuchet ms', geneva, sans-serif;\">Como realizar matr\u00edcula especial?<\/span><\/h2>\n<h2><span style=\"font-size: 14pt; font-family: 'trebuchet ms', geneva, sans-serif;\">Como solicitar formatura?<\/span><\/h2>\n<h2><span style=\"font-size: 14pt; font-family: 'trebuchet ms', geneva, sans-serif;\">Como e quando devo entregar as horas livres\/complementares?<\/span><\/h2>\n<h2><span style=\"font-size: 14pt; font-family: 'trebuchet ms', geneva, sans-serif;\">Como solicitar a emiss\u00e3o de CRF?<\/span><\/h2>\n","protected":false},"excerpt":{"rendered":"<p>Como solicitar matr\u00edcula? Como solicitar corre\u00e7\u00e3o de matr\u00edculas? Como realizar matr\u00edcula especial? Como solicitar formatura? Como e quando devo entregar as horas livres\/complementares? Como solicitar a emiss\u00e3o de CRF?<\/p>\n","protected":false},"author":222,"featured_media":0,"parent":0,"menu_order":0,"comment_status":"closed","ping_status":"closed","template":"template-onecolumn.php","meta":{"jetpack_post_was_ever_published":false,"footnotes":""},"class_list":["post-2360","page","type-page","status-publish","hentry","nodate","item-wrap"],"jetpack_sharing_enabled":false,"jetpack_shortlink":"https:\/\/wp.me\/P6QO3Z-C4","_links":{"self":[{"href":"https:\/\/wp.ufpel.edu.br\/farmacia\/wp-json\/wp\/v2\/pages\/2360","targetHints":{"allow":["GET"]}}],"collection":[{"href":"https:\/\/wp.ufpel.edu.br\/farmacia\/wp-json\/wp\/v2\/pages"}],"about":[{"href":"https:\/\/wp.ufpel.edu.br\/farmacia\/wp-json\/wp\/v2\/types\/page"}],"author":[{"embeddable":true,"href":"https:\/\/wp.ufpel.edu.br\/farmacia\/wp-json\/wp\/v2\/users\/222"}],"replies":[{"embeddable":true,"href":"https:\/\/wp.ufpel.edu.br\/farmacia\/wp-json\/wp\/v2\/comments?post=2360"}],"version-history":[{"count":4,"href":"https:\/\/wp.ufpel.edu.br\/farmacia\/wp-json\/wp\/v2\/pages\/2360\/revisions"}],"predecessor-version":[{"id":2942,"href":"https:\/\/wp.ufpel.edu.br\/farmacia\/wp-json\/wp\/v2\/pages\/2360\/revisions\/2942"}],"wp:attachment":[{"href":"https:\/\/wp.ufpel.edu.br\/farmacia\/wp-json\/wp\/v2\/media?parent=2360"}],"curies":[{"name":"wp","href":"https:\/\/api.w.org\/{rel}","templated":true}]}}