{"id":230,"date":"2014-10-04T20:34:40","date_gmt":"2014-10-04T23:34:40","guid":{"rendered":"https:\/\/wp.ufpel.edu.br\/farmacia\/?page_id=230"},"modified":"2023-09-18T22:02:54","modified_gmt":"2023-09-19T01:02:54","slug":"portarias","status":"publish","type":"page","link":"https:\/\/wp.ufpel.edu.br\/farmacia\/portarias\/","title":{"rendered":"Portarias"},"content":{"rendered":"<p><a href=\"https:\/\/wp.ufpel.edu.br\/farmacia\/files\/2023\/09\/Portaria_2023_2456_Coordenacao.pdf\">Coordena\u00e7\u00e3o do Curso<\/a><\/p>\n<p><a href=\"https:\/\/wp.ufpel.edu.br\/farmacia\/files\/2023\/09\/portaria-55-2023-Colegiado.pdf\">Colegiado<\/a><\/p>\n<p><a href=\"https:\/\/wp.ufpel.edu.br\/farmacia\/files\/2023\/09\/portaria-56-2023-NDE.pdf\">N\u00facleo Docente Estruturante (NDE)<\/a><\/p>\n<p><a href=\"https:\/\/wp.ufpel.edu.br\/farmacia\/files\/2023\/09\/PORTARIA-58-2023-CEMFA.pdf\">Comiss\u00e3o de Est\u00e1gio e Monografia do Curso de Farm\u00e1cia (CEMFA)<\/a><\/p>\n<p><a href=\"https:\/\/wp.ufpel.edu.br\/farmacia\/files\/2023\/09\/PORTARIA-57-2023-CTOLC.pdf\">Comiss\u00e3o Tutorial de Orienta\u00e7\u00e3o na Forma\u00e7\u00e3o Livre e Complementar (CTOLC)<\/a><\/p>\n<p><a href=\"https:\/\/wp.ufpel.edu.br\/farmacia\/files\/2023\/09\/portaria-1-2023-area-da-farmacia.pdf\">\u00c1rea da Farm\u00e1cia<\/a><\/p>\n<p>&nbsp;<\/p>\n<p>&nbsp;<\/p>\n","protected":false},"excerpt":{"rendered":"<p>Coordena\u00e7\u00e3o do Curso Colegiado N\u00facleo Docente Estruturante (NDE) Comiss\u00e3o de Est\u00e1gio e Monografia do Curso de Farm\u00e1cia (CEMFA) Comiss\u00e3o Tutorial de Orienta\u00e7\u00e3o na Forma\u00e7\u00e3o Livre e Complementar (CTOLC) \u00c1rea da Farm\u00e1cia &nbsp; &nbsp;<\/p>\n","protected":false},"author":222,"featured_media":0,"parent":0,"menu_order":0,"comment_status":"closed","ping_status":"closed","template":"","meta":{"jetpack_post_was_ever_published":false,"footnotes":""},"class_list":["post-230","page","type-page","status-publish","hentry","nodate","item-wrap"],"jetpack_sharing_enabled":true,"jetpack_shortlink":"https:\/\/wp.me\/P6QO3Z-3I","_links":{"self":[{"href":"https:\/\/wp.ufpel.edu.br\/farmacia\/wp-json\/wp\/v2\/pages\/230","targetHints":{"allow":["GET"]}}],"collection":[{"href":"https:\/\/wp.ufpel.edu.br\/farmacia\/wp-json\/wp\/v2\/pages"}],"about":[{"href":"https:\/\/wp.ufpel.edu.br\/farmacia\/wp-json\/wp\/v2\/types\/page"}],"author":[{"embeddable":true,"href":"https:\/\/wp.ufpel.edu.br\/farmacia\/wp-json\/wp\/v2\/users\/222"}],"replies":[{"embeddable":true,"href":"https:\/\/wp.ufpel.edu.br\/farmacia\/wp-json\/wp\/v2\/comments?post=230"}],"version-history":[{"count":11,"href":"https:\/\/wp.ufpel.edu.br\/farmacia\/wp-json\/wp\/v2\/pages\/230\/revisions"}],"predecessor-version":[{"id":2994,"href":"https:\/\/wp.ufpel.edu.br\/farmacia\/wp-json\/wp\/v2\/pages\/230\/revisions\/2994"}],"wp:attachment":[{"href":"https:\/\/wp.ufpel.edu.br\/farmacia\/wp-json\/wp\/v2\/media?parent=230"}],"curies":[{"name":"wp","href":"https:\/\/api.w.org\/{rel}","templated":true}]}}