{"id":2206,"date":"2023-01-19T17:54:40","date_gmt":"2023-01-19T20:54:40","guid":{"rendered":"https:\/\/wp.ufpel.edu.br\/farmacia\/?page_id=2206"},"modified":"2024-03-22T11:22:56","modified_gmt":"2024-03-22T14:22:56","slug":"tcc","status":"publish","type":"page","link":"https:\/\/wp.ufpel.edu.br\/farmacia\/tcc\/","title":{"rendered":"Trabalho de Conclus\u00e3o Curso"},"content":{"rendered":"<p style=\"text-align: justify;\">Quando voc\u00ea estiver apto a realizar o seu Trabalho de Conclus\u00e3o de Curso, procure um orientador e entre em contato com a Comiss\u00e3o de Est\u00e1gio e Monografia (CEMFA). \u00c9 importante que voc\u00ea se organize e procure a comiss\u00e3o com anteced\u00eancia, no m\u00ednimo, ao final do pen\u00faltimo semestre antes da cola\u00e7\u00e3o de grau.<br \/>\n<a href=\"https:\/\/wp.ufpel.edu.br\/farmacia\/cemfa-estagios\/\">Click aqui<\/a> para acessar os contatos e demais informa\u00e7\u00f5es da CEMFA.<\/p>\n<p style=\"text-align: justify;\">Formul\u00e1rios:<br \/>\n<a href=\"https:\/\/wp.ufpel.edu.br\/farmacia\/files\/2023\/05\/Manual-TCC-UFPel.pdf\">T2- Manual Normas UFPel trabalhos acad\u00eamicos<\/a><br \/>\n<a href=\"https:\/\/wp.ufpel.edu.br\/farmacia\/files\/2020\/11\/T3-Concordancia-Orientador.docx\">T3- Carta de Concord\u00e2ncia Orientador <\/a><br \/>\n<a href=\"https:\/\/wp.ufpel.edu.br\/farmacia\/files\/2020\/11\/T4-Concordancia-Co-orientador.docx\">T4- Carta de Concord\u00e2ncia Co-orientador <\/a><br \/>\n<a href=\"https:\/\/wp.ufpel.edu.br\/farmacia\/files\/2024\/03\/T5-Carta-de-encaminhamento-de-TCC-Orientador.doc\">T5- Carta de encaminhamento de TCC Orientador<\/a><\/p>\n","protected":false},"excerpt":{"rendered":"<p>Quando voc\u00ea estiver apto a realizar o seu Trabalho de Conclus\u00e3o de Curso, procure um orientador e entre em contato com a Comiss\u00e3o de Est\u00e1gio e Monografia (CEMFA). \u00c9 importante que voc\u00ea se organize e procure a comiss\u00e3o com anteced\u00eancia, no m\u00ednimo, ao final do pen\u00faltimo semestre antes da cola\u00e7\u00e3o de grau. Click aqui para &hellip; <\/p>\n<p><a class=\"more-link btn\" href=\"https:\/\/wp.ufpel.edu.br\/farmacia\/tcc\/\">Continue lendo<\/a><\/p>\n","protected":false},"author":222,"featured_media":0,"parent":0,"menu_order":0,"comment_status":"closed","ping_status":"closed","template":"","meta":{"jetpack_post_was_ever_published":false,"footnotes":""},"class_list":["post-2206","page","type-page","status-publish","hentry","nodate","item-wrap"],"jetpack_sharing_enabled":false,"jetpack_shortlink":"https:\/\/wp.me\/P6QO3Z-zA","_links":{"self":[{"href":"https:\/\/wp.ufpel.edu.br\/farmacia\/wp-json\/wp\/v2\/pages\/2206","targetHints":{"allow":["GET"]}}],"collection":[{"href":"https:\/\/wp.ufpel.edu.br\/farmacia\/wp-json\/wp\/v2\/pages"}],"about":[{"href":"https:\/\/wp.ufpel.edu.br\/farmacia\/wp-json\/wp\/v2\/types\/page"}],"author":[{"embeddable":true,"href":"https:\/\/wp.ufpel.edu.br\/farmacia\/wp-json\/wp\/v2\/users\/222"}],"replies":[{"embeddable":true,"href":"https:\/\/wp.ufpel.edu.br\/farmacia\/wp-json\/wp\/v2\/comments?post=2206"}],"version-history":[{"count":4,"href":"https:\/\/wp.ufpel.edu.br\/farmacia\/wp-json\/wp\/v2\/pages\/2206\/revisions"}],"predecessor-version":[{"id":3128,"href":"https:\/\/wp.ufpel.edu.br\/farmacia\/wp-json\/wp\/v2\/pages\/2206\/revisions\/3128"}],"wp:attachment":[{"href":"https:\/\/wp.ufpel.edu.br\/farmacia\/wp-json\/wp\/v2\/media?parent=2206"}],"curies":[{"name":"wp","href":"https:\/\/api.w.org\/{rel}","templated":true}]}}