{"id":2203,"date":"2023-01-19T17:54:20","date_gmt":"2023-01-19T20:54:20","guid":{"rendered":"https:\/\/wp.ufpel.edu.br\/farmacia\/?page_id=2203"},"modified":"2023-03-09T16:28:59","modified_gmt":"2023-03-09T19:28:59","slug":"rus","status":"publish","type":"page","link":"https:\/\/wp.ufpel.edu.br\/farmacia\/rus\/","title":{"rendered":"RUs"},"content":{"rendered":"<h3 style=\"text-align: center;\"><span style=\"color: #ffc933; font-family: 'trebuchet ms', geneva, sans-serif;\">Como utilizar os Restaurantes Universit\u00e1rios da UFPel?<\/span><\/h3>\n<ul>\n<li><span style=\"font-family: 'trebuchet ms', geneva, sans-serif;\">\u00a0Para utilizar os Restaurantes Universit\u00e1rios (RUs) da UFPel, basta ser um estudante com a matr\u00edcula ativa ou um servidor da institui\u00e7\u00e3o. Para ter acesso, os estudantes devem informar o n\u00famero de matr\u00edcula e os servidores devem informar o n\u00famero SIAPE.<\/span><\/li>\n<li style=\"text-align: justify;\"><span style=\"font-family: 'trebuchet ms', geneva, sans-serif;\">\u00a0Estudantes e servidores da UFPel t\u00eam direito a acessar todos os Restaurantes Universit\u00e1rios da institui\u00e7\u00e3o.<\/span><\/li>\n<li style=\"text-align: justify;\"><span style=\"font-family: 'trebuchet ms', geneva, sans-serif;\">\u00a0Em qualquer RU, o valor para alunos \u00e9 fixo, sendo de R$2,00. Para servidores, o valor varia, sendo de R$ 9,09 a R$ 10,30. O \u00fanico m\u00e9todo de pagamento aceito \u00e9 em dinheiro.<\/span><\/li>\n<li style=\"text-align: justify;\"><span style=\"font-family: 'trebuchet ms', geneva, sans-serif;\">\u00a0Alunos com aux\u00edlio da PRAE (Pr\u00f3-Reitoria de Assuntos Estudantis), referente ao Programa Aux\u00edlio Alimenta\u00e7\u00e3o, possuem acesso gratuito aos RUs.<\/span><\/li>\n<li style=\"text-align: justify;\">Para ser contemplado no Programa de Aux\u00edlio Alimenta\u00e7\u00e3o, o estudante deve se candidatar atrav\u00e9s dos Editais de Sele\u00e7\u00e3o para os Programas de Benef\u00edcio da PRAE. Para mais informa\u00e7\u00f5es <span style=\"color: #ffc933;\"><a style=\"color: #ffc933;\" href=\"https:\/\/wp.ufpel.edu.br\/prae\/coordenacao_de_ingresso_e_beneficios\/programas_de_assistencia\/\"><strong>clique aqui<\/strong><\/a><\/span><\/li>\n<\/ul>\n<p><img loading=\"lazy\" decoding=\"async\" class=\"size-full wp-image-2612 aligncenter\" src=\"https:\/\/wp.ufpel.edu.br\/farmacia\/files\/2023\/03\/capao-copiar-2.png\" alt=\"\" width=\"1000\" height=\"750\" srcset=\"https:\/\/wp.ufpel.edu.br\/farmacia\/files\/2023\/03\/capao-copiar-2.png 1000w, https:\/\/wp.ufpel.edu.br\/farmacia\/files\/2023\/03\/capao-copiar-2-400x300.png 400w, https:\/\/wp.ufpel.edu.br\/farmacia\/files\/2023\/03\/capao-copiar-2-768x576.png 768w, https:\/\/wp.ufpel.edu.br\/farmacia\/files\/2023\/03\/capao-copiar-2-850x638.png 850w\" sizes=\"auto, (max-width: 1000px) 100vw, 1000px\" \/><\/p>\n<h3><img loading=\"lazy\" decoding=\"async\" class=\"size-full wp-image-2676 aligncenter\" src=\"https:\/\/wp.ufpel.edu.br\/farmacia\/files\/2023\/03\/anglo-copiar-3.png\" alt=\"\" width=\"1000\" height=\"750\" srcset=\"https:\/\/wp.ufpel.edu.br\/farmacia\/files\/2023\/03\/anglo-copiar-3.png 1000w, https:\/\/wp.ufpel.edu.br\/farmacia\/files\/2023\/03\/anglo-copiar-3-400x300.png 400w, https:\/\/wp.ufpel.edu.br\/farmacia\/files\/2023\/03\/anglo-copiar-3-768x576.png 768w, https:\/\/wp.ufpel.edu.br\/farmacia\/files\/2023\/03\/anglo-copiar-3-850x638.png 850w\" sizes=\"auto, (max-width: 1000px) 100vw, 1000px\" \/><\/h3>\n<p><img loading=\"lazy\" decoding=\"async\" class=\"size-full wp-image-2684 aligncenter\" src=\"https:\/\/wp.ufpel.edu.br\/farmacia\/files\/2023\/03\/SC-4.png\" alt=\"\" width=\"1000\" height=\"750\" srcset=\"https:\/\/wp.ufpel.edu.br\/farmacia\/files\/2023\/03\/SC-4.png 1000w, https:\/\/wp.ufpel.edu.br\/farmacia\/files\/2023\/03\/SC-4-400x300.png 400w, https:\/\/wp.ufpel.edu.br\/farmacia\/files\/2023\/03\/SC-4-768x576.png 768w, https:\/\/wp.ufpel.edu.br\/farmacia\/files\/2023\/03\/SC-4-850x638.png 850w\" sizes=\"auto, (max-width: 1000px) 100vw, 1000px\" \/><\/p>\n<h3 style=\"text-align: center;\"><span style=\"color: #ffc933;\">Card\u00e1pio<\/span><\/h3>\n<p style=\"text-align: center;\">Os card\u00e1pios dos RUs s\u00e3o organizados por nutricionistas e cont\u00eam op\u00e7\u00e3o vegetariana. Para informa\u00e7\u00f5es sobre o card\u00e1pio do dia, clique no bot\u00e3o abaixo ou acesse a op\u00e7\u00e3o \u201cCard\u00e1pios RUs\u201d atrav\u00e9s do Cobalto.<a href=\"https:\/\/cobalto.ufpel.edu.br\/portal\/cardapios\/cardapioPublico\"><img loading=\"lazy\" decoding=\"async\" class=\"aligncenter wp-image-2602 \" src=\"https:\/\/wp.ufpel.edu.br\/farmacia\/files\/2023\/03\/botao-1-200x200.png\" alt=\"\" width=\"153\" height=\"153\" srcset=\"https:\/\/wp.ufpel.edu.br\/farmacia\/files\/2023\/03\/botao-1-200x200.png 200w, https:\/\/wp.ufpel.edu.br\/farmacia\/files\/2023\/03\/botao-1.png 300w\" sizes=\"auto, (max-width: 153px) 100vw, 153px\" \/><\/a><\/p>\n","protected":false},"excerpt":{"rendered":"<p>Como utilizar os Restaurantes Universit\u00e1rios da UFPel? \u00a0Para utilizar os Restaurantes Universit\u00e1rios (RUs) da UFPel, basta ser um estudante com a matr\u00edcula ativa ou um servidor da institui\u00e7\u00e3o. Para ter acesso, os estudantes devem informar o n\u00famero de matr\u00edcula e os servidores devem informar o n\u00famero SIAPE. \u00a0Estudantes e servidores da UFPel t\u00eam direito a &hellip; <\/p>\n<p><a class=\"more-link btn\" href=\"https:\/\/wp.ufpel.edu.br\/farmacia\/rus\/\">Continue lendo<\/a><\/p>\n","protected":false},"author":222,"featured_media":0,"parent":0,"menu_order":0,"comment_status":"closed","ping_status":"closed","template":"","meta":{"jetpack_post_was_ever_published":false,"footnotes":""},"class_list":["post-2203","page","type-page","status-publish","hentry","nodate","item-wrap"],"jetpack_sharing_enabled":false,"jetpack_shortlink":"https:\/\/wp.me\/P6QO3Z-zx","_links":{"self":[{"href":"https:\/\/wp.ufpel.edu.br\/farmacia\/wp-json\/wp\/v2\/pages\/2203","targetHints":{"allow":["GET"]}}],"collection":[{"href":"https:\/\/wp.ufpel.edu.br\/farmacia\/wp-json\/wp\/v2\/pages"}],"about":[{"href":"https:\/\/wp.ufpel.edu.br\/farmacia\/wp-json\/wp\/v2\/types\/page"}],"author":[{"embeddable":true,"href":"https:\/\/wp.ufpel.edu.br\/farmacia\/wp-json\/wp\/v2\/users\/222"}],"replies":[{"embeddable":true,"href":"https:\/\/wp.ufpel.edu.br\/farmacia\/wp-json\/wp\/v2\/comments?post=2203"}],"version-history":[{"count":8,"href":"https:\/\/wp.ufpel.edu.br\/farmacia\/wp-json\/wp\/v2\/pages\/2203\/revisions"}],"predecessor-version":[{"id":2685,"href":"https:\/\/wp.ufpel.edu.br\/farmacia\/wp-json\/wp\/v2\/pages\/2203\/revisions\/2685"}],"wp:attachment":[{"href":"https:\/\/wp.ufpel.edu.br\/farmacia\/wp-json\/wp\/v2\/media?parent=2203"}],"curies":[{"name":"wp","href":"https:\/\/api.w.org\/{rel}","templated":true}]}}