{"id":2174,"date":"2023-01-19T17:29:17","date_gmt":"2023-01-19T20:29:17","guid":{"rendered":"https:\/\/wp.ufpel.edu.br\/farmacia\/?page_id=2174"},"modified":"2023-05-25T16:58:42","modified_gmt":"2023-05-25T19:58:42","slug":"conselho-do-centro","status":"publish","type":"page","link":"https:\/\/wp.ufpel.edu.br\/farmacia\/conselho-do-centro\/","title":{"rendered":"Conselho do Centro"},"content":{"rendered":"<p style=\"text-align: justify;\"><span style=\"font-family: 'trebuchet ms', geneva, sans-serif;\">O Conselho \u00e9 o \u00f3rg\u00e3o m\u00e1ximo do Centro de Ci\u00eancias Qu\u00edmicas, Farmac\u00eauticas e de Alimentos (CCQFA), sendo o respons\u00e1vel por discutir e deliberar a respeito de assuntos que impactam os diversos cursos de Gradua\u00e7\u00e3o e P\u00f3s-Gradua\u00e7\u00e3o vinculados a ele, incluindo o Curso de Farm\u00e1cia. \u00c9 constitu\u00eddo pelo Diretor do Centro, Diretor-Adjunto, Coordenadores dos Cursos de Gradua\u00e7\u00e3o, Coordenadores dos Cursos de P\u00f3s-Gradua\u00e7\u00e3o, Coordenadores das \u00c1reas Acad\u00eamicas, Chefe do N\u00facleo Administrativo, Servidores T\u00e9cnico-Administrativos, e dois representantes discentes, sendo um representante dos Cursos de Gradua\u00e7\u00e3o e um representante dos Cursos de P\u00f3s-Gradua\u00e7\u00e3o.<\/span><br \/>\n<span style=\"font-family: 'trebuchet ms', geneva, sans-serif;\">Algumas das atribui\u00e7\u00f5es do Conselho do Centro s\u00e3o:<\/span><br \/>\n<span style=\"font-family: 'trebuchet ms', geneva, sans-serif;\">&#8211; Elaborar e revisar o Regimento Interno do Centro e submet\u00ea-lo \u00e0 aprova\u00e7\u00e3o do Conselho Universit\u00e1rio;<\/span><br \/>\n<span style=\"font-family: 'trebuchet ms', geneva, sans-serif;\">-Garantir o funcionamento acad\u00eamico e administrativo da Unidade, em conson\u00e2ncia com as Normas da UFPel;<\/span><br \/>\n<span style=\"font-family: 'trebuchet ms', geneva, sans-serif;\">&#8211; Apoiar as atividades dos Cursos de Gradua\u00e7\u00e3o e de Cursos de P\u00f3s-Gradua\u00e7\u00e3o;<\/span><br \/>\n<span style=\"font-family: 'trebuchet ms', geneva, sans-serif;\">-Aprovar o plano de aplica\u00e7\u00e3o or\u00e7ament\u00e1ria e o relat\u00f3rio de aplica\u00e7\u00e3o anual do Centro;<\/span><br \/>\n<span style=\"font-family: 'trebuchet ms', geneva, sans-serif;\">&#8211; Deliberar sobre a ocupa\u00e7\u00e3o, distribui\u00e7\u00e3o, redistribui\u00e7\u00e3o do espa\u00e7o f\u00edsico do Centro, ouvido o N\u00facleo de Gest\u00e3o de Espa\u00e7o F\u00edsico (NuGEF);<\/span><br \/>\n<span style=\"font-family: 'trebuchet ms', geneva, sans-serif;\">&#8211; Deliberar sobre a contrata\u00e7\u00e3o de docentes de solicita\u00e7\u00f5es encaminhadas pelas Coordena\u00e7\u00f5es de Cursos e\/ou pelas \u00c1reas Acad\u00eamicas;<\/span><br \/>\n<span style=\"font-family: 'trebuchet ms', geneva, sans-serif;\">&#8211; Aprovar a distribui\u00e7\u00e3o da carga hor\u00e1ria docente em disciplinas nos Cursos de Gradua\u00e7\u00e3o e de P\u00f3s-Gradua\u00e7\u00e3o;<\/span><br \/>\n<span style=\"font-family: 'trebuchet ms', geneva, sans-serif;\">&#8211; Deliberar sobre a cria\u00e7\u00e3o de novos Cursos e a altera\u00e7\u00e3o de Cursos j\u00e1 existentes, inclusive de P\u00f3s-Gradua\u00e7\u00e3o lato e stricto sensu; <\/span><br \/>\n<span style=\"font-family: 'trebuchet ms', geneva, sans-serif;\">&#8211; Deliberar sobre contratos e conv\u00eanios.<\/span><\/p>\n<p style=\"text-align: justify;\"><span style=\"font-family: 'trebuchet ms', geneva, sans-serif;\">COMPOSI\u00c7\u00c3O DO CONSELHO DO CCQFA:<\/span><br \/>\n<a href=\"https:\/\/wp.ufpel.edu.br\/farmacia\/files\/2023\/05\/Portaria-No-2092-de-04-de-Outubro-de-2022-.pdf\">Portaria N\u00ba 2092, de 04 de Outubro de 2022\u00a0<\/a><\/p>\n","protected":false},"excerpt":{"rendered":"<p>O Conselho \u00e9 o \u00f3rg\u00e3o m\u00e1ximo do Centro de Ci\u00eancias Qu\u00edmicas, Farmac\u00eauticas e de Alimentos (CCQFA), sendo o respons\u00e1vel por discutir e deliberar a respeito de assuntos que impactam os diversos cursos de Gradua\u00e7\u00e3o e P\u00f3s-Gradua\u00e7\u00e3o vinculados a ele, incluindo o Curso de Farm\u00e1cia. \u00c9 constitu\u00eddo pelo Diretor do Centro, Diretor-Adjunto, Coordenadores dos Cursos de &hellip; <\/p>\n<p><a class=\"more-link btn\" href=\"https:\/\/wp.ufpel.edu.br\/farmacia\/conselho-do-centro\/\">Continue lendo<\/a><\/p>\n","protected":false},"author":222,"featured_media":0,"parent":0,"menu_order":0,"comment_status":"closed","ping_status":"closed","template":"","meta":{"jetpack_post_was_ever_published":false,"footnotes":""},"class_list":["post-2174","page","type-page","status-publish","hentry","nodate","item-wrap"],"jetpack_sharing_enabled":false,"jetpack_shortlink":"https:\/\/wp.me\/P6QO3Z-z4","_links":{"self":[{"href":"https:\/\/wp.ufpel.edu.br\/farmacia\/wp-json\/wp\/v2\/pages\/2174","targetHints":{"allow":["GET"]}}],"collection":[{"href":"https:\/\/wp.ufpel.edu.br\/farmacia\/wp-json\/wp\/v2\/pages"}],"about":[{"href":"https:\/\/wp.ufpel.edu.br\/farmacia\/wp-json\/wp\/v2\/types\/page"}],"author":[{"embeddable":true,"href":"https:\/\/wp.ufpel.edu.br\/farmacia\/wp-json\/wp\/v2\/users\/222"}],"replies":[{"embeddable":true,"href":"https:\/\/wp.ufpel.edu.br\/farmacia\/wp-json\/wp\/v2\/comments?post=2174"}],"version-history":[{"count":3,"href":"https:\/\/wp.ufpel.edu.br\/farmacia\/wp-json\/wp\/v2\/pages\/2174\/revisions"}],"predecessor-version":[{"id":2830,"href":"https:\/\/wp.ufpel.edu.br\/farmacia\/wp-json\/wp\/v2\/pages\/2174\/revisions\/2830"}],"wp:attachment":[{"href":"https:\/\/wp.ufpel.edu.br\/farmacia\/wp-json\/wp\/v2\/media?parent=2174"}],"curies":[{"name":"wp","href":"https:\/\/api.w.org\/{rel}","templated":true}]}}