{"id":2171,"date":"2023-01-19T17:28:54","date_gmt":"2023-01-19T20:28:54","guid":{"rendered":"https:\/\/wp.ufpel.edu.br\/farmacia\/?page_id=2171"},"modified":"2026-03-28T11:56:36","modified_gmt":"2026-03-28T14:56:36","slug":"ctolc","status":"publish","type":"page","link":"https:\/\/wp.ufpel.edu.br\/farmacia\/ctolc\/","title":{"rendered":"Comiss\u00e3o Tutorial de Orienta\u00e7\u00e3o na Forma\u00e7\u00e3o Livre e Complementar"},"content":{"rendered":"<p style=\"text-align: justify;\"><span style=\"font-family: 'trebuchet ms', geneva, sans-serif;\">A CTOLC \u00e9 a comiss\u00e3o respons\u00e1vel por orientar os alunos na organiza\u00e7\u00e3o e no registro das atividades que comp\u00f5em a parte flex\u00edvel do curr\u00edculo do Curso de Farm\u00e1cia.<\/span><br \/>\n<span style=\"font-family: 'trebuchet ms', geneva, sans-serif;\">O Curr\u00edculo do Curso \u00e9 formado por uma parte fixa, que engloba as disciplinas obrigat\u00f3rias e os est\u00e1gios obrigat\u00f3rios, e por uma parte flex\u00edvel, que deve ser conclu\u00edda at\u00e9 o final da gradua\u00e7\u00e3o com atividades de escolha do pr\u00f3prio aluno.<\/span><br \/>\n<span style=\"font-family: 'trebuchet ms', geneva, sans-serif;\">Como descrito no plano pedag\u00f3gico, a parte flex\u00edvel do curr\u00edculo \u00e9 composta por dois grupos de atividades, as Atividades Complementares e as Atividades de Forma\u00e7\u00e3o Livre. As Atividades Complementares s\u00e3o atividades claramente relacionadas \u00e0 forma\u00e7\u00e3o do profissional farmac\u00eautico, devem ser divididas nos eixos de ensino, pesquisa e extens\u00e3o, e podem ser realizadas em todos os tipos de institui\u00e7\u00f5es. Por outro aluno, as Atividades de Forma\u00e7\u00e3o Livre englobam qualquer tipo de atividade realizada em uma Institui\u00e7\u00e3o de Ensino Superior.<\/span><br \/>\n<span style=\"font-family: 'trebuchet ms', geneva, sans-serif;\">A comiss\u00e3o organiza reuni\u00f5es regulares para orientar os alunos que se encontram nos est\u00e1gios obrigat\u00f3rios, ou seja, no final do curso. Nestes encontros, a comiss\u00e3o explica todo o processo de classifica\u00e7\u00e3o das atividades, de preenchimento dos formul\u00e1rios, de solicita\u00e7\u00e3o de averba\u00e7\u00e3o, bem como do registro das atividades no hist\u00f3rico.<\/span><\/p>\n<p style=\"text-align: justify;\"><span style=\"font-family: 'trebuchet ms', geneva, sans-serif;\">COMPOSI\u00c7\u00c3O DA CTOLC:<br \/>\n<span style=\"color: #ffcc00;\"><a style=\"color: #ffcc00;\" href=\"https:\/\/wp.ufpel.edu.br\/farmacia\/files\/2026\/03\/SEI_3174387_Portaria_Interna_72.pdf\">PORTARIA N\u00ba 72, DE 31 DE JULHO DE 2025<\/a><\/span><\/span><\/p>\n<p style=\"text-align: justify;\"><span style=\"font-family: 'trebuchet ms', geneva, sans-serif;\">CONTATOS: <\/span><br \/>\n<span style=\"font-family: 'trebuchet ms', geneva, sans-serif;\">farmacia.comissaofc@gmail.com<\/span><\/p>\n<p style=\"text-align: justify;\"><span style=\"font-family: 'trebuchet ms', geneva, sans-serif;\">DOCUMENTOS IMPORTANTES: <\/span><br \/>\n<a href=\"https:\/\/wp.ufpel.edu.br\/farmacia\/files\/2023\/05\/ANEXO-1_Solicitacao-de-averbacao-de-atividades-complementares-1.docx\" target=\"_blank\" rel=\"noopener\"><span style=\"color: #ffcc00;\">Formul\u00e1rio para Averba\u00e7\u00e3o de Atividades Complementares (Anexo 1)<\/span><\/a><br \/>\n<span style=\"color: #ffcc00;\"><a style=\"color: #ffcc00;\" href=\"https:\/\/wp.ufpel.edu.br\/farmacia\/files\/2023\/05\/ANEXO-2_Solicitacao-de-averbacao-de-atividades-livres-ou-opcionais.docx\" target=\"_blank\" rel=\"noopener\">Formul\u00e1rio para Averba\u00e7\u00e3o de Atividades Livres (Anexo 2)<\/a><\/span><br \/>\n<span style=\"color: #ffcc00;\"><a style=\"color: #ffcc00;\" href=\"https:\/\/wp.ufpel.edu.br\/farmacia\/files\/2023\/05\/ANEXO-3_Atividades-de-formacao-livre.docx\">Formul\u00e1rio de Atividades Livres (Anexo 3)<\/a><\/span><br \/>\n<span style=\"color: #ffcc00;\"><a style=\"color: #ffcc00;\" href=\"https:\/\/wp.ufpel.edu.br\/farmacia\/files\/2023\/05\/GUIA-PREENCHIMENTO.pdf\" target=\"_blank\" rel=\"noopener\">Guia de Preenchimento de Atividades Livres e Complementares<\/a><\/span><\/p>\n","protected":false},"excerpt":{"rendered":"<p>A CTOLC \u00e9 a comiss\u00e3o respons\u00e1vel por orientar os alunos na organiza\u00e7\u00e3o e no registro das atividades que comp\u00f5em a parte flex\u00edvel do curr\u00edculo do Curso de Farm\u00e1cia. O Curr\u00edculo do Curso \u00e9 formado por uma parte fixa, que engloba as disciplinas obrigat\u00f3rias e os est\u00e1gios obrigat\u00f3rios, e por uma parte flex\u00edvel, que deve ser &hellip; <\/p>\n<p><a class=\"more-link btn\" href=\"https:\/\/wp.ufpel.edu.br\/farmacia\/ctolc\/\">Continue lendo<\/a><\/p>\n","protected":false},"author":222,"featured_media":0,"parent":0,"menu_order":0,"comment_status":"closed","ping_status":"closed","template":"","meta":{"jetpack_post_was_ever_published":false,"footnotes":""},"class_list":["post-2171","page","type-page","status-publish","hentry","nodate","item-wrap"],"jetpack_sharing_enabled":false,"jetpack_shortlink":"https:\/\/wp.me\/P6QO3Z-z1","_links":{"self":[{"href":"https:\/\/wp.ufpel.edu.br\/farmacia\/wp-json\/wp\/v2\/pages\/2171","targetHints":{"allow":["GET"]}}],"collection":[{"href":"https:\/\/wp.ufpel.edu.br\/farmacia\/wp-json\/wp\/v2\/pages"}],"about":[{"href":"https:\/\/wp.ufpel.edu.br\/farmacia\/wp-json\/wp\/v2\/types\/page"}],"author":[{"embeddable":true,"href":"https:\/\/wp.ufpel.edu.br\/farmacia\/wp-json\/wp\/v2\/users\/222"}],"replies":[{"embeddable":true,"href":"https:\/\/wp.ufpel.edu.br\/farmacia\/wp-json\/wp\/v2\/comments?post=2171"}],"version-history":[{"count":4,"href":"https:\/\/wp.ufpel.edu.br\/farmacia\/wp-json\/wp\/v2\/pages\/2171\/revisions"}],"predecessor-version":[{"id":3386,"href":"https:\/\/wp.ufpel.edu.br\/farmacia\/wp-json\/wp\/v2\/pages\/2171\/revisions\/3386"}],"wp:attachment":[{"href":"https:\/\/wp.ufpel.edu.br\/farmacia\/wp-json\/wp\/v2\/media?parent=2171"}],"curies":[{"name":"wp","href":"https:\/\/api.w.org\/{rel}","templated":true}]}}