{"id":2168,"date":"2023-01-19T17:28:19","date_gmt":"2023-01-19T20:28:19","guid":{"rendered":"https:\/\/wp.ufpel.edu.br\/farmacia\/?page_id=2168"},"modified":"2026-03-28T11:32:49","modified_gmt":"2026-03-28T14:32:49","slug":"cemfa-estagios","status":"publish","type":"page","link":"https:\/\/wp.ufpel.edu.br\/farmacia\/cemfa-estagios\/","title":{"rendered":"Comiss\u00e3o de Est\u00e1gio e Monografia Farmac\u00eautica\u00a0"},"content":{"rendered":"<p style=\"text-align: justify;\"><span style=\"font-family: 'trebuchet ms', geneva, sans-serif;\">CEMFA \u00e9 a comiss\u00e3o respons\u00e1vel pelos est\u00e1gios, n\u00e3o obrigat\u00f3rios e obrigat\u00f3rios, e pelo Trabalho de Conclus\u00e3o de Curso dos alunos do Curso de Farm\u00e1cia da UFPel. <\/span><span style=\"font-family: 'trebuchet ms', geneva, sans-serif;\">\u00c9 constitu\u00edda pelo Coordenador do Curso, por seis a oito professores do Curso de Farm\u00e1cia e\/ou de seu Colegiado, e um representante discente.<\/span><\/p>\n<p style=\"text-align: justify;\"><span style=\"font-family: 'trebuchet ms', geneva, sans-serif;\">Os membros da comiss\u00e3o s\u00e3o respons\u00e1veis por contactar os locais de est\u00e1gio, realizar o planejamento e cronograma, auxiliar o aluno na elabora\u00e7\u00e3o das documenta\u00e7\u00f5es e monitorar o andamento das atividades. Al\u00e9m disso, coordena a libera\u00e7\u00e3o dos trabalhos de conclus\u00e3o de curso e executa o planejamento do cronograma das defesas. Por fim, recebe e discute as reivindica\u00e7\u00f5es dos alunos, com rela\u00e7\u00e3o a est\u00e1gios e TCC. As decis\u00f5es proferidas pela CEMFA, referentes a quest\u00f5es n\u00e3o previstas no plano pedag\u00f3gico, necessitam de aprova\u00e7\u00e3o do Colegiado do Curso para serem validadas.<\/span><\/p>\n<p style=\"text-align: justify;\">COMPOSI\u00c7\u00c3O DA CEMFA:<br \/>\n<span style=\"color: #ffcc00;\"><a style=\"color: #ffcc00;\" href=\"https:\/\/wp.ufpel.edu.br\/farmacia\/files\/2026\/03\/SEI_3750260_Portaria_Interna_9.pdf\">PORTARIA N\u00ba 9, DE 25 DE MAR\u00c7O DE 2026<\/a><\/span><\/p>\n<p>CONTATOS:<br \/>\nfarmacia.cemfa@gmail.com<\/p>\n<p style=\"text-align: justify;\"><span style=\"font-family: 'trebuchet ms', geneva, sans-serif;\">DOCUMENTOS IMPORTANTES:<\/span><br \/>\n<span style=\"color: #ffc933;\"><a style=\"color: #ffc933;\" href=\"https:\/\/wp.ufpel.edu.br\/farmacia\/estagios-nao-obrigatorios\/\"><span style=\"font-family: 'trebuchet ms', geneva, sans-serif;\">Documentos para Est\u00e1gios N\u00e3o-Obrigat\u00f3rios<\/span><\/a><\/span><br \/>\n<span style=\"color: #ffc933;\"><a style=\"color: #ffc933;\" href=\"https:\/\/wp.ufpel.edu.br\/farmacia\/estagios-obrigatorios\/\"><span style=\"font-family: 'trebuchet ms', geneva, sans-serif;\">Documentos para Est\u00e1gios Obrigat\u00f3rios<\/span><\/a><\/span><br \/>\n<span style=\"color: #ffc933;\"><a style=\"color: #ffc933;\" href=\"https:\/\/wp.ufpel.edu.br\/farmacia\/tcc\/\"><span style=\"font-family: 'trebuchet ms', geneva, sans-serif;\">Documentos para TCC<\/span><\/a><\/span><\/p>\n","protected":false},"excerpt":{"rendered":"<p>CEMFA \u00e9 a comiss\u00e3o respons\u00e1vel pelos est\u00e1gios, n\u00e3o obrigat\u00f3rios e obrigat\u00f3rios, e pelo Trabalho de Conclus\u00e3o de Curso dos alunos do Curso de Farm\u00e1cia da UFPel. \u00c9 constitu\u00edda pelo Coordenador do Curso, por seis a oito professores do Curso de Farm\u00e1cia e\/ou de seu Colegiado, e um representante discente. Os membros da comiss\u00e3o s\u00e3o respons\u00e1veis &hellip; <\/p>\n<p><a class=\"more-link btn\" href=\"https:\/\/wp.ufpel.edu.br\/farmacia\/cemfa-estagios\/\">Continue lendo<\/a><\/p>\n","protected":false},"author":222,"featured_media":0,"parent":0,"menu_order":0,"comment_status":"closed","ping_status":"closed","template":"","meta":{"jetpack_post_was_ever_published":false,"footnotes":""},"class_list":["post-2168","page","type-page","status-publish","hentry","nodate","item-wrap"],"jetpack_sharing_enabled":false,"jetpack_shortlink":"https:\/\/wp.me\/P6QO3Z-yY","_links":{"self":[{"href":"https:\/\/wp.ufpel.edu.br\/farmacia\/wp-json\/wp\/v2\/pages\/2168","targetHints":{"allow":["GET"]}}],"collection":[{"href":"https:\/\/wp.ufpel.edu.br\/farmacia\/wp-json\/wp\/v2\/pages"}],"about":[{"href":"https:\/\/wp.ufpel.edu.br\/farmacia\/wp-json\/wp\/v2\/types\/page"}],"author":[{"embeddable":true,"href":"https:\/\/wp.ufpel.edu.br\/farmacia\/wp-json\/wp\/v2\/users\/222"}],"replies":[{"embeddable":true,"href":"https:\/\/wp.ufpel.edu.br\/farmacia\/wp-json\/wp\/v2\/comments?post=2168"}],"version-history":[{"count":4,"href":"https:\/\/wp.ufpel.edu.br\/farmacia\/wp-json\/wp\/v2\/pages\/2168\/revisions"}],"predecessor-version":[{"id":3383,"href":"https:\/\/wp.ufpel.edu.br\/farmacia\/wp-json\/wp\/v2\/pages\/2168\/revisions\/3383"}],"wp:attachment":[{"href":"https:\/\/wp.ufpel.edu.br\/farmacia\/wp-json\/wp\/v2\/media?parent=2168"}],"curies":[{"name":"wp","href":"https:\/\/api.w.org\/{rel}","templated":true}]}}