{"id":2141,"date":"2023-01-19T17:11:53","date_gmt":"2023-01-19T20:11:53","guid":{"rendered":"https:\/\/wp.ufpel.edu.br\/farmacia\/?page_id=2141"},"modified":"2023-05-24T20:33:12","modified_gmt":"2023-05-24T23:33:12","slug":"historia","status":"publish","type":"page","link":"https:\/\/wp.ufpel.edu.br\/farmacia\/historia\/","title":{"rendered":"Apresenta\u00e7\u00e3o"},"content":{"rendered":"<h3 style=\"text-align: center;\"><span style=\"color: #000000;\"><img loading=\"lazy\" decoding=\"async\" class=\"alignleft size-full wp-image-2763\" src=\"https:\/\/wp.ufpel.edu.br\/farmacia\/files\/2023\/05\/IMG_20220523_074834444_HDR-scaled.jpg\" alt=\"\" width=\"2560\" height=\"1337\" srcset=\"https:\/\/wp.ufpel.edu.br\/farmacia\/files\/2023\/05\/IMG_20220523_074834444_HDR-scaled.jpg 2560w, https:\/\/wp.ufpel.edu.br\/farmacia\/files\/2023\/05\/IMG_20220523_074834444_HDR-400x209.jpg 400w, https:\/\/wp.ufpel.edu.br\/farmacia\/files\/2023\/05\/IMG_20220523_074834444_HDR-1024x535.jpg 1024w, https:\/\/wp.ufpel.edu.br\/farmacia\/files\/2023\/05\/IMG_20220523_074834444_HDR-768x401.jpg 768w, https:\/\/wp.ufpel.edu.br\/farmacia\/files\/2023\/05\/IMG_20220523_074834444_HDR-1536x802.jpg 1536w, https:\/\/wp.ufpel.edu.br\/farmacia\/files\/2023\/05\/IMG_20220523_074834444_HDR-2048x1069.jpg 2048w, https:\/\/wp.ufpel.edu.br\/farmacia\/files\/2023\/05\/IMG_20220523_074834444_HDR-850x444.jpg 850w\" sizes=\"auto, (max-width: 2560px) 100vw, 2560px\" \/>Um curso, muitas oportunidades<\/span><\/h3>\n<p style=\"text-align: justify;\"><span style=\"color: #000000;\">O Curso de Farm\u00e1cia da Universidade Federal de Pelotas foi criado em 06 de Outubro de 2010, sob Portaria n\u00ba 1571, expedida pelo Gabinete do Reitor da Universidade, e reconhecido pelo Minist\u00e9rio da Educa\u00e7\u00e3o atrav\u00e9s da Portaria n\u00ba 653 em 10 de dezembro de 2013. A viabiliza\u00e7\u00e3o de sua cria\u00e7\u00e3o se deu atrav\u00e9s de uma parceria com o Programa de Apoio a Planos de Reestrutura\u00e7\u00e3o e Expans\u00e3o das Universidades Federais Brasileiras (REUNI) e o Governo Federal, com o objetivo de atender \u00e0 crescente demanda por farmac\u00eauticos nas mais diversas \u00e1reas. <\/span><br \/>\n<span style=\"color: #000000;\">O Curso de Farm\u00e1cia da UFPel oportuniza a forma\u00e7\u00e3o de profissionais que est\u00e3o aptos a atuarem nos distintos \u00e2mbitos de compet\u00eancia definidos pelas Diretrizes Curriculares Nacionais para os Cursos de Farm\u00e1cia (DNCF), o que inclui todos os n\u00edveis de aten\u00e7\u00e3o \u00e0 sa\u00fade para a forma\u00e7\u00e3o de um farmac\u00eautico generalista. A estrutura curricular do Curso est\u00e1 organizada em de 10 semestres, em turno integral, e comporta atividades que se distribuem em diferentes dimens\u00f5es formativas, como disciplinas do N\u00facleo das Ci\u00eancias B\u00e1sicas, disciplinas do N\u00facleo das Ci\u00eancias Farmac\u00eauticas, est\u00e1gios, forma\u00e7\u00e3o complementar e forma\u00e7\u00e3o livre. <\/span><br \/>\n<span style=\"color: #000000;\">A sede do Curso de Farm\u00e1cia se encontra localizada no Campus Cap\u00e3o do Le\u00e3o, no munic\u00edpio do Cap\u00e3o do Le\u00e3o, vizinho \u00e0 Pelotas. No entanto, muitas atividades s\u00e3o realizadas tamb\u00e9m em outros Campi, bem como nos estabelecimentos de sa\u00fade, situados em Pelotas.<\/span><\/p>\n<ul>\n<li style=\"text-align: justify;\"><strong><span style=\"color: #000000;\">Poss\u00edveis \u00e1reas de atua\u00e7\u00e3o do farmac\u00eautico:<\/span><\/strong><br \/>\n<span style=\"color: #000000;\">O profissional Farmac\u00eautico possui in\u00fameras \u00e1reas de atua\u00e7\u00e3o com amparo legal em solo nacional atrav\u00e9s do Conselho Federal de Farm\u00e1cia Tal amplitude proporciona um excelente campo de trabalho, tornando o farmac\u00eautico um profissional da sa\u00fade de grande versatilidade. Dentre as suas poss\u00edveis \u00e1reas de atua\u00e7\u00e3o est\u00e3o: An\u00e1lises cl\u00ednicas e toxicol\u00f3gicas; Aten\u00e7\u00e3o farmac\u00eautica; \u00c1rea ambiental; Biologia molecular; Cosmetologia; Farm\u00e1cia cl\u00ednica; Farmacovigil\u00e2ncia; Produ\u00e7\u00e3o de medicamentos e cosm\u00e9ticos de uso humano ou veterin\u00e1rio; Ind\u00fastria Farmac\u00eautica, Ind\u00fastria de alimentos; Controle e garantia da qualidade; Pesquisa Cl\u00ednica; \u00c1rea comercial e Vigil\u00e2ncia Sanit\u00e1ria.<\/span><\/li>\n<\/ul>\n","protected":false},"excerpt":{"rendered":"<p>Um curso, muitas oportunidades O Curso de Farm\u00e1cia da Universidade Federal de Pelotas foi criado em 06 de Outubro de 2010, sob Portaria n\u00ba 1571, expedida pelo Gabinete do Reitor da Universidade, e reconhecido pelo Minist\u00e9rio da Educa\u00e7\u00e3o atrav\u00e9s da Portaria n\u00ba 653 em 10 de dezembro de 2013. A viabiliza\u00e7\u00e3o de sua cria\u00e7\u00e3o se &hellip; <\/p>\n<p><a class=\"more-link btn\" href=\"https:\/\/wp.ufpel.edu.br\/farmacia\/historia\/\">Continue lendo<\/a><\/p>\n","protected":false},"author":222,"featured_media":2005,"parent":0,"menu_order":0,"comment_status":"closed","ping_status":"closed","template":"","meta":{"jetpack_post_was_ever_published":false,"footnotes":""},"class_list":["post-2141","page","type-page","status-publish","has-post-thumbnail","hentry","nodate","item-wrap"],"jetpack_sharing_enabled":false,"jetpack_shortlink":"https:\/\/wp.me\/P6QO3Z-yx","_links":{"self":[{"href":"https:\/\/wp.ufpel.edu.br\/farmacia\/wp-json\/wp\/v2\/pages\/2141","targetHints":{"allow":["GET"]}}],"collection":[{"href":"https:\/\/wp.ufpel.edu.br\/farmacia\/wp-json\/wp\/v2\/pages"}],"about":[{"href":"https:\/\/wp.ufpel.edu.br\/farmacia\/wp-json\/wp\/v2\/types\/page"}],"author":[{"embeddable":true,"href":"https:\/\/wp.ufpel.edu.br\/farmacia\/wp-json\/wp\/v2\/users\/222"}],"replies":[{"embeddable":true,"href":"https:\/\/wp.ufpel.edu.br\/farmacia\/wp-json\/wp\/v2\/comments?post=2141"}],"version-history":[{"count":6,"href":"https:\/\/wp.ufpel.edu.br\/farmacia\/wp-json\/wp\/v2\/pages\/2141\/revisions"}],"predecessor-version":[{"id":2764,"href":"https:\/\/wp.ufpel.edu.br\/farmacia\/wp-json\/wp\/v2\/pages\/2141\/revisions\/2764"}],"wp:featuredmedia":[{"embeddable":true,"href":"https:\/\/wp.ufpel.edu.br\/farmacia\/wp-json\/wp\/v2\/media\/2005"}],"wp:attachment":[{"href":"https:\/\/wp.ufpel.edu.br\/farmacia\/wp-json\/wp\/v2\/media?parent=2141"}],"curies":[{"name":"wp","href":"https:\/\/api.w.org\/{rel}","templated":true}]}}